{"id":2020,"date":"2024-12-17T09:14:47","date_gmt":"2024-12-17T09:14:47","guid":{"rendered":"https:\/\/mj-clothing.com\/?post_type=product&#038;p=2020"},"modified":"2024-12-19T03:40:02","modified_gmt":"2024-12-19T03:40:02","slug":"long-shearling-coat-womens","status":"publish","type":"product","link":"https:\/\/mj-clothing.com\/pt\/manufacturer\/long-shearling-coat-womens\/","title":{"rendered":"Casaco comprido de pele de carneiro para mulher"},"content":{"rendered":"<p data-sourcepos=\"1:1-1:209\">Um casaco comprido de pele de carneiro para mulher \u00e9 uma op\u00e7\u00e3o de vestu\u00e1rio exterior luxuoso e incrivelmente quente para mulher. \u00c9 uma pe\u00e7a de afirma\u00e7\u00e3o que combina o car\u00e1cter pr\u00e1tico com um estilo ineg\u00e1vel. Aqui est\u00e1 um resumo do que os torna t\u00e3o desej\u00e1veis:<\/p>\n<h3 data-sourcepos=\"3:1-3:22\"><strong>O que \u00e9 o Long Shearling Coat Women's?<\/strong><\/h3>\n<p data-sourcepos=\"5:1-5:190\">A pele de carneiro \u00e9 feita de pele de ovelha ou de cordeiro que foi curtida e processada com a l\u00e3 ainda agarrada. Isto cria um interior macio e felpudo e um exterior distinto de camur\u00e7a ou couro.<\/p>\n<h3 data-sourcepos=\"5:1-5:190\"><strong>Porqu\u00ea escolher um casaco comprido de pele de carneiro para mulher?<\/strong><\/h3>\n<ul data-sourcepos=\"9:1-13:0\">\n<li data-sourcepos=\"9:1-9:190\"><strong>Calor excecional:<\/strong> A pele de carneiro \u00e9 um dos materiais naturais mais quentes que existem. As fibras densas de l\u00e3 ret\u00eam o ar, proporcionando um excelente isolamento mesmo contra as temperaturas mais frias.<\/li>\n<li data-sourcepos=\"9:1-9:190\"><strong>Conforto:<\/strong> O interior macio e felpudo de um casaco de pele de carneiro \u00e9 incrivelmente confort\u00e1vel contra a pele.<\/li>\n<li data-sourcepos=\"11:1-11:98\"><strong>Durabilidade:<\/strong> A pele de carneiro \u00e9 um material dur\u00e1vel que pode durar muitos anos com os cuidados adequados.<\/li>\n<li data-sourcepos=\"12:1-13:0\"><strong>Estilo:<\/strong> Um casaco comprido de pele de carneiro \u00e9 uma pe\u00e7a marcante que acrescenta um toque de luxo e sofistica\u00e7\u00e3o a qualquer roupa.<\/li>\n<\/ul>\n<h3 data-sourcepos=\"14:1-14:42\"><strong>Carater\u00edsticas principais de um casaco comprido de pele de carneiro para mulher:<\/strong><\/h3>\n<ul data-sourcepos=\"16:1-21:0\">\n<li data-sourcepos=\"16:1-16:86\"><strong>Comprimento:<\/strong> Normalmente cai abaixo do joelho, proporcionando o m\u00e1ximo de cobertura e calor.<\/li>\n<li data-sourcepos=\"17:1-17:66\"><strong>Exterior:<\/strong> Pode ser de camur\u00e7a, couro ou uma combina\u00e7\u00e3o de ambos.<\/li>\n<li data-sourcepos=\"18:1-18:46\"><strong>Interior:<\/strong> O forro de l\u00e3 macia e felpuda.<\/li>\n<li data-sourcepos=\"19:1-19:100\"><strong>Colarinho:<\/strong> Pode ter v\u00e1rios estilos de gola, como uma gola xaile, uma gola entalhada ou um capuz.<\/li>\n<li data-sourcepos=\"20:1-21:0\"><strong>Fecho:<\/strong> Pode ter bot\u00f5es, fechos de correr ou bot\u00f5es de press\u00e3o.<\/li>\n<\/ul>\n<h3 data-sourcepos=\"22:1-22:57\"><strong>Coisas a ter em conta na compra de um casaco comprido de pele de carneiro:<\/strong><\/h3>\n<ul data-sourcepos=\"24:1-28:0\">\n<li data-sourcepos=\"24:1-24:87\"><strong>Qualidade:<\/strong> Procure casacos feitos de pele de carneiro de alta qualidade com l\u00e3 densa e uniforme.<\/li>\n<li data-sourcepos=\"25:1-25:129\"><strong>Peso:<\/strong> Os casacos de pele de carneiro podem ser pesados, pelo que deve ter-se em conta o peso e o conforto que ter\u00e1 durante longos per\u00edodos de tempo.<\/li>\n<li data-sourcepos=\"26:1-26:99\"><strong>Em forma:<\/strong> Certifique-se de que o casaco se ajusta bem aos ombros e permite uma sobreposi\u00e7\u00e3o confort\u00e1vel.<\/li>\n<li data-sourcepos=\"27:1-28:0\"><strong>Pre\u00e7o:<\/strong> Os casacos de pele de carneiro s\u00e3o um investimento, por isso prepare-se para gastar uma quantia significativa.<\/li>\n<\/ul>\n<h3 data-sourcepos=\"29:1-29:39\"><strong>Como usar um casaco comprido de pele de carneiro:<\/strong><\/h3>\n<ul data-sourcepos=\"31:1-33:0\">\n<li data-sourcepos=\"31:1-31:94\"><strong>Casual:<\/strong> Combine-o com cal\u00e7as de ganga, uma camisola e botas para um look quotidiano quente e elegante.<\/li>\n<li data-sourcepos=\"32:1-33:0\"><strong>Vestido:<\/strong> Coloque-o por cima de um vestido ou de uma roupa de noite para um look luxuoso e sofisticado.<\/li>\n<\/ul>\n<h3 data-sourcepos=\"34:1-34:35\"><strong>Cuidados a ter com um casaco comprido de pele de carneiro:<\/strong><\/h3>\n<ul data-sourcepos=\"36:1-39:0\">\n<li data-sourcepos=\"36:1-36:115\"><strong>Limpeza profissional:<\/strong> Recomenda-se que o seu casaco de pele de carneiro seja limpo profissionalmente por um especialista.<\/li>\n<li data-sourcepos=\"36:1-36:115\"><strong>Limpeza de manchas:<\/strong> \u00c9 poss\u00edvel limpar pequenas manchas com um pano h\u00famido e detergente suave.<\/li>\n<li data-sourcepos=\"38:1-39:0\"><strong>Armazenamento:<\/strong> Guarde o seu casaco de pele de carneiro num local fresco e seco, longe da luz solar direta.<\/li>\n<\/ul>\n<p data-sourcepos=\"40:1-40:121\">Um casaco comprido de pele de carneiro \u00e9 um investimento luxuoso e pr\u00e1tico que o manter\u00e1 quente e com estilo durante muitos anos.<\/p>","protected":false},"excerpt":{"rendered":"<table style=\"height: 560px;\" width=\"542\">\n<tbody>\n<tr>\n<td width=\"146\"><strong><b>Produto<\/b><\/strong>\u00a0<strong><b>Nome:<\/b><\/strong><\/td>\n<td width=\"601\"><strong>Casaco comprido de pele de carneiro para mulher<\/strong><\/td>\n<\/tr>\n<tr>\n<td width=\"146\"><strong><b>Materlal:<\/b><\/strong><\/td>\n<td width=\"601\">Tricotar<\/td>\n<\/tr>\n<tr>\n<td width=\"146\"><strong><b>T\u00e9cnica:<\/b><\/strong><\/td>\n<td width=\"601\">Bordado<\/td>\n<\/tr>\n<tr>\n<td width=\"146\"><strong><b>Estilo:<\/b><\/strong><\/td>\n<td width=\"601\">Casual<\/td>\n<\/tr>\n<tr>\n<td width=\"146\"><strong><b>Cor<\/b><\/strong><strong><b>:<\/b><\/strong><\/td>\n<td width=\"601\">\u00a0Cores personalizadas<\/td>\n<\/tr>\n<tr>\n<td width=\"146\"><strong><b>Tamanho:<\/b><\/strong><\/td>\n<td width=\"601\">S \/M \/L \/XL \/2XL<\/td>\n<\/tr>\n<tr>\n<td width=\"146\"><strong><b>OEM\/ODM:<\/b><\/strong><\/td>\n<td width=\"601\">Aceit\u00e1vel<\/td>\n<\/tr>\n<tr>\n<td width=\"146\"><strong><b>Qualidade:<\/b><\/strong><\/td>\n<td width=\"601\">100% Alta qualidade<\/td>\n<\/tr>\n<tr>\n<td width=\"146\"><strong><b>M<\/b><\/strong><strong><b>OQ:<\/b><\/strong><\/td>\n<td width=\"601\">200 unidades<\/td>\n<\/tr>\n<\/tbody>\n<\/table>","protected":false},"featured_media":2026,"template":"","meta":[],"product_brand":[],"product_cat":[39],"product_tag":[],"class_list":{"0":"post-2020","1":"product","2":"type-product","3":"status-publish","4":"has-post-thumbnail","6":"product_cat-womens-clothing","8":"first","9":"instock","10":"shipping-taxable","11":"product-type-simple"},"_links":{"self":[{"href":"https:\/\/mj-clothing.com\/pt\/wp-json\/wp\/v2\/product\/2020","targetHints":{"allow":["GET"]}}],"collection":[{"href":"https:\/\/mj-clothing.com\/pt\/wp-json\/wp\/v2\/product"}],"about":[{"href":"https:\/\/mj-clothing.com\/pt\/wp-json\/wp\/v2\/types\/product"}],"wp:featuredmedia":[{"embeddable":true,"href":"https:\/\/mj-clothing.com\/pt\/wp-json\/wp\/v2\/media\/2026"}],"wp:attachment":[{"href":"https:\/\/mj-clothing.com\/pt\/wp-json\/wp\/v2\/media?parent=2020"}],"wp:term":[{"taxonomy":"product_brand","embeddable":true,"href":"https:\/\/mj-clothing.com\/pt\/wp-json\/wp\/v2\/product_brand?post=2020"},{"taxonomy":"product_cat","embeddable":true,"href":"https:\/\/mj-clothing.com\/pt\/wp-json\/wp\/v2\/product_cat?post=2020"},{"taxonomy":"product_tag","embeddable":true,"href":"https:\/\/mj-clothing.com\/pt\/wp-json\/wp\/v2\/product_tag?post=2020"}],"curies":[{"name":"wp","href":"https:\/\/api.w.org\/{rel}","templated":true}]}}