{"id":2037,"date":"2024-12-18T02:59:21","date_gmt":"2024-12-18T02:59:21","guid":{"rendered":"https:\/\/mj-clothing.com\/?post_type=product&#038;p=2037"},"modified":"2024-12-18T03:22:38","modified_gmt":"2024-12-18T03:22:38","slug":"womens-heated-long-coat","status":"publish","type":"product","link":"https:\/\/mj-clothing.com\/pt\/manufacturer\/womens-heated-long-coat\/","title":{"rendered":"Casaco comprido aquecido para mulher"},"content":{"rendered":"<p data-sourcepos=\"1:1-1:216\">Um casaco comprido aquecido para mulher \u00e9 um tipo de vestu\u00e1rio exterior concebido para proporcionar um calor excecional no tempo frio. Inclui elementos de aquecimento integrados alimentados por uma bateria, normalmente colocada num bolso discreto.<\/p>\n<h3 data-sourcepos=\"3:1-3:35\"><strong>Eis o que os torna especiais:<\/strong><\/h3>\n<ul data-sourcepos=\"5:1-8:0\">\n<li data-sourcepos=\"5:1-5:222\"><strong>Calor superior:<\/strong> Os elementos de aquecimento incorporados geram calor, aumentando significativamente as propriedades de isolamento do casaco. Por isso, s\u00e3o ideais para climas extremamente frios ou actividades ao ar livre com temperaturas negativas.<\/li>\n<li data-sourcepos=\"6:1-6:159\"><strong>Conforto:<\/strong> Muitos modelos oferecem defini\u00e7\u00f5es de calor ajust\u00e1veis, permitindo-lhe personalizar o n\u00edvel de calor com base na sua prefer\u00eancia e na gravidade do frio.<\/li>\n<li data-sourcepos=\"7:1-8:0\"><strong>Versatilidade:<\/strong> Podem ser usados em v\u00e1rias ocasi\u00f5es, desde passeios casuais a eventos mais formais, consoante o design e os materiais do casaco.<\/li>\n<\/ul>\n<h3 data-sourcepos=\"9:1-9:56\"><strong>Coisas a considerar ao escolher um casaco comprido aquecido para mulher:<\/strong><\/h3>\n<ul data-sourcepos=\"11:1-15:0\">\n<li data-sourcepos=\"11:1-11:198\"><strong>Tecnologia de aquecimento:<\/strong> As diferentes marcas utilizam diferentes tecnologias de aquecimento. Pesquise a tecnologia espec\u00edfica utilizada no casaco em que est\u00e1 interessado para compreender o seu desempenho e carater\u00edsticas de seguran\u00e7a.<\/li>\n<li data-sourcepos=\"12:1-12:182\"><strong>Dura\u00e7\u00e3o da bateria:<\/strong> A dura\u00e7\u00e3o da bateria \u00e9 crucial. Considere a dura\u00e7\u00e3o da bateria em diferentes n\u00edveis de aquecimento para garantir que satisfaz as suas necessidades durante as suas actividades.<\/li>\n<li data-sourcepos=\"13:1-13:174\"><strong>Conforto e ajuste:<\/strong> Escolha um casaco que se ajuste bem e seja confort\u00e1vel de usar. Procure carater\u00edsticas como punhos ajust\u00e1veis, capuzes e cord\u00f5es para melhorar o ajuste e o calor.<\/li>\n<li data-sourcepos=\"14:1-15:0\"><strong>Estilo e design:<\/strong> Escolha um casaco que complemente o seu estilo pessoal e as ocasi\u00f5es em que o vai usar.<\/li>\n<\/ul>\n<p data-sourcepos=\"16:1-16:186\">Se vive num clima muito frio ou pratica frequentemente actividades ao ar livre durante o inverno, um casaco comprido aquecido para mulher pode ser um investimento valioso para se manter quente e confort\u00e1vel.<\/p>","protected":false},"excerpt":{"rendered":"<table style=\"height: 602px;\" width=\"581\">\n<tbody>\n<tr>\n<td width=\"146\"><strong><b>Produto<\/b><\/strong>\u00a0<strong><b>Nome:<\/b><\/strong><\/td>\n<td width=\"601\"><strong>Casaco comprido aquecido para mulher<\/strong><\/td>\n<\/tr>\n<tr>\n<td width=\"146\"><strong><b>Materlal:<\/b><\/strong><\/td>\n<td width=\"601\">Tricotar<\/td>\n<\/tr>\n<tr>\n<td width=\"146\"><strong><b>T\u00e9cnica:<\/b><\/strong><\/td>\n<td width=\"601\">Bordado<\/td>\n<\/tr>\n<tr>\n<td width=\"146\"><strong><b>Estilo:<\/b><\/strong><\/td>\n<td width=\"601\">Casual<\/td>\n<\/tr>\n<tr>\n<td width=\"146\"><strong><b>Cor<\/b><\/strong><strong><b>:<\/b><\/strong><\/td>\n<td width=\"601\">\u00a0Cores personalizadas<\/td>\n<\/tr>\n<tr>\n<td width=\"146\"><strong><b>Tamanho:<\/b><\/strong><\/td>\n<td width=\"601\">S \/M \/L \/XL \/2XL<\/td>\n<\/tr>\n<tr>\n<td width=\"146\"><strong><b>OEM\/ODM:<\/b><\/strong><\/td>\n<td width=\"601\">Aceit\u00e1vel<\/td>\n<\/tr>\n<tr>\n<td width=\"146\"><strong><b>Qualidade:<\/b><\/strong><\/td>\n<td width=\"601\">100% Alta qualidade<\/td>\n<\/tr>\n<tr>\n<td width=\"146\"><strong><b>M<\/b><\/strong><strong><b>OQ:<\/b><\/strong><\/td>\n<td width=\"601\">200 unidades<\/td>\n<\/tr>\n<\/tbody>\n<\/table>","protected":false},"featured_media":2040,"template":"","meta":[],"product_brand":[],"product_cat":[39],"product_tag":[],"class_list":{"0":"post-2037","1":"product","2":"type-product","3":"status-publish","4":"has-post-thumbnail","6":"product_cat-womens-clothing","8":"first","9":"instock","10":"shipping-taxable","11":"product-type-simple"},"_links":{"self":[{"href":"https:\/\/mj-clothing.com\/pt\/wp-json\/wp\/v2\/product\/2037","targetHints":{"allow":["GET"]}}],"collection":[{"href":"https:\/\/mj-clothing.com\/pt\/wp-json\/wp\/v2\/product"}],"about":[{"href":"https:\/\/mj-clothing.com\/pt\/wp-json\/wp\/v2\/types\/product"}],"wp:featuredmedia":[{"embeddable":true,"href":"https:\/\/mj-clothing.com\/pt\/wp-json\/wp\/v2\/media\/2040"}],"wp:attachment":[{"href":"https:\/\/mj-clothing.com\/pt\/wp-json\/wp\/v2\/media?parent=2037"}],"wp:term":[{"taxonomy":"product_brand","embeddable":true,"href":"https:\/\/mj-clothing.com\/pt\/wp-json\/wp\/v2\/product_brand?post=2037"},{"taxonomy":"product_cat","embeddable":true,"href":"https:\/\/mj-clothing.com\/pt\/wp-json\/wp\/v2\/product_cat?post=2037"},{"taxonomy":"product_tag","embeddable":true,"href":"https:\/\/mj-clothing.com\/pt\/wp-json\/wp\/v2\/product_tag?post=2037"}],"curies":[{"name":"wp","href":"https:\/\/api.w.org\/{rel}","templated":true}]}}