{"id":2041,"date":"2024-12-18T03:08:39","date_gmt":"2024-12-18T03:08:39","guid":{"rendered":"https:\/\/mj-clothing.com\/?post_type=product&#038;p=2041"},"modified":"2024-12-18T03:23:38","modified_gmt":"2024-12-18T03:23:38","slug":"womens-long-wrap-coat","status":"publish","type":"product","link":"https:\/\/mj-clothing.com\/pt\/manufacturer\/womens-long-wrap-coat\/","title":{"rendered":"Casaco comprido para mulher"},"content":{"rendered":"<p data-sourcepos=\"1:1-1:121\">Um casaco comprido para mulher \u00e9 uma op\u00e7\u00e3o de vestu\u00e1rio exterior elegante e vers\u00e1til que oferece um toque de eleg\u00e2ncia e sofistica\u00e7\u00e3o.<\/p>\n<h3 data-sourcepos=\"3:1-3:17\"><strong>Casaco comprido para mulher Carater\u00edsticas principais:<\/strong><\/h3>\n<ul data-sourcepos=\"5:1-9:0\">\n<li data-sourcepos=\"5:1-5:132\"><strong>Design do inv\u00f3lucro:<\/strong> A carater\u00edstica que o define \u00e9 o estilo \"wrap\", em que o casaco se sobrep\u00f5e e, normalmente, tem atilhos ou cintos na cintura.<\/li>\n<li data-sourcepos=\"6:1-6:83\"><strong>Comprimento:<\/strong> Estende-se abaixo das ancas, atingindo frequentemente os joelhos ou mesmo o meio da barriga da perna.<\/li>\n<li data-sourcepos=\"7:1-7:126\"><strong>Variedade de materiais:<\/strong> Podem ser fabricados com v\u00e1rios tecidos, incluindo l\u00e3, caxemira, misturas de algod\u00e3o e at\u00e9 peles artificiais.<\/li>\n<li data-sourcepos=\"8:1-9:0\"><strong><span class=\"citation-0 interactive-span-selected-v2\">Versatilidade:<\/span><\/strong><span class=\"citation-0 citation-end-0 interactive-span-selected-v2\"> Podem ser vestidos para cima ou para baixo, o que os torna adequados para uma s\u00e9rie de ocasi\u00f5es, desde passeios casuais a eventos formais. <\/span>\n<div class=\"container ng-tns-c3353360079-34\">\n<div class=\"carousel-container ng-tns-c3353360079-34\">\n<div class=\"carousel-content ng-tns-c3353360079-34\">\n<div class=\"sources-carousel-source ng-tns-c3353360079-34 ng-star-inserted\" data-test-id=\"sources-carousel-source\">\n<div class=\"source-card-container\">\n<div class=\"source-card-content\">\n<div class=\"source-card-body\">\n<div class=\"source-card-header\"><\/div>\n<\/div>\n<div class=\"source-card-footer\">\n<div class=\"source-card-attribution\"><\/div>\n<\/div>\n<\/div>\n<\/div>\n<\/div>\n<\/div>\n<\/div>\n<\/div>\n<\/li>\n<\/ul>\n<h3 data-sourcepos=\"10:1-10:24\"><strong>Porque \u00e9 que as mulheres os adoram:<\/strong><\/h3>\n<ul data-sourcepos=\"12:1-15:0\">\n<li data-sourcepos=\"12:1-12:108\"><strong>Silhueta lisonjeira:<\/strong> O design envolvente acentua a cintura e cria uma forma de ampulheta lisonjeira.<\/li>\n<li data-sourcepos=\"13:1-13:64\"><strong>Conforto:<\/strong> Muitas vezes, proporcionam um ajuste confort\u00e1vel e descontra\u00eddo.<\/li>\n<li data-sourcepos=\"14:1-15:0\"><strong>Estilo:<\/strong> D\u00e3o um toque de feminilidade e eleg\u00e2ncia a qualquer conjunto.<\/li>\n<\/ul>\n<h3 data-sourcepos=\"16:1-16:17\"><strong>Dicas de estilo:<\/strong><\/h3>\n<ul data-sourcepos=\"18:1-20:0\">\n<li data-sourcepos=\"18:1-18:101\"><strong>Emparelhar com:<\/strong> Cal\u00e7as de ganga e botas para um look casual, ou um vestido e saltos altos para um conjunto mais elegante.<\/li>\n<li data-sourcepos=\"19:1-20:0\"><strong>Acess\u00f3rios:<\/strong> Acrescente um cachecol, luvas e um chap\u00e9u elegante para completar o look.<\/li>\n<\/ul>\n<p data-sourcepos=\"21:1-21:140\">Se procura um casaco elegante e vers\u00e1til para acrescentar ao seu guarda-roupa de inverno, vale a pena considerar um casaco comprido para mulher.<\/p>","protected":false},"excerpt":{"rendered":"<table style=\"height: 617px;\" width=\"599\">\n<tbody>\n<tr>\n<td width=\"146\"><strong><b>Produto<\/b><\/strong>\u00a0<strong><b>Nome:<\/b><\/strong><\/td>\n<td width=\"601\"><strong>Casaco comprido para mulher<\/strong><\/td>\n<\/tr>\n<tr>\n<td width=\"146\"><strong><b>Materlal:<\/b><\/strong><\/td>\n<td width=\"601\">Tricotar<\/td>\n<\/tr>\n<tr>\n<td width=\"146\"><strong><b>T\u00e9cnica:<\/b><\/strong><\/td>\n<td width=\"601\">Bordado<\/td>\n<\/tr>\n<tr>\n<td width=\"146\"><strong><b>Estilo:<\/b><\/strong><\/td>\n<td width=\"601\">Casual<\/td>\n<\/tr>\n<tr>\n<td width=\"146\"><strong><b>Cor<\/b><\/strong><strong><b>:<\/b><\/strong><\/td>\n<td width=\"601\">\u00a0Cores personalizadas<\/td>\n<\/tr>\n<tr>\n<td width=\"146\"><strong><b>Tamanho:<\/b><\/strong><\/td>\n<td width=\"601\">S \/M \/L \/XL \/2XL<\/td>\n<\/tr>\n<tr>\n<td width=\"146\"><strong><b>OEM\/ODM:<\/b><\/strong><\/td>\n<td width=\"601\">Aceit\u00e1vel<\/td>\n<\/tr>\n<tr>\n<td width=\"146\"><strong><b>Qualidade:<\/b><\/strong><\/td>\n<td width=\"601\">100% Alta qualidade<\/td>\n<\/tr>\n<tr>\n<td width=\"146\"><strong><b>M<\/b><\/strong><strong><b>OQ:<\/b><\/strong><\/td>\n<td width=\"601\">200 unidades<\/td>\n<\/tr>\n<\/tbody>\n<\/table>","protected":false},"featured_media":2042,"template":"","meta":[],"product_brand":[],"product_cat":[39],"product_tag":[],"class_list":{"0":"post-2041","1":"product","2":"type-product","3":"status-publish","4":"has-post-thumbnail","6":"product_cat-womens-clothing","8":"first","9":"instock","10":"shipping-taxable","11":"product-type-simple"},"_links":{"self":[{"href":"https:\/\/mj-clothing.com\/pt\/wp-json\/wp\/v2\/product\/2041","targetHints":{"allow":["GET"]}}],"collection":[{"href":"https:\/\/mj-clothing.com\/pt\/wp-json\/wp\/v2\/product"}],"about":[{"href":"https:\/\/mj-clothing.com\/pt\/wp-json\/wp\/v2\/types\/product"}],"wp:featuredmedia":[{"embeddable":true,"href":"https:\/\/mj-clothing.com\/pt\/wp-json\/wp\/v2\/media\/2042"}],"wp:attachment":[{"href":"https:\/\/mj-clothing.com\/pt\/wp-json\/wp\/v2\/media?parent=2041"}],"wp:term":[{"taxonomy":"product_brand","embeddable":true,"href":"https:\/\/mj-clothing.com\/pt\/wp-json\/wp\/v2\/product_brand?post=2041"},{"taxonomy":"product_cat","embeddable":true,"href":"https:\/\/mj-clothing.com\/pt\/wp-json\/wp\/v2\/product_cat?post=2041"},{"taxonomy":"product_tag","embeddable":true,"href":"https:\/\/mj-clothing.com\/pt\/wp-json\/wp\/v2\/product_tag?post=2041"}],"curies":[{"name":"wp","href":"https:\/\/api.w.org\/{rel}","templated":true}]}}