{"id":2044,"date":"2024-12-18T03:15:03","date_gmt":"2024-12-18T03:15:03","guid":{"rendered":"https:\/\/mj-clothing.com\/?post_type=product&#038;p=2044"},"modified":"2024-12-18T03:23:05","modified_gmt":"2024-12-18T03:23:05","slug":"womens-petite-long-winter-coats","status":"publish","type":"product","link":"https:\/\/mj-clothing.com\/pt\/manufacturer\/womens-petite-long-winter-coats\/","title":{"rendered":"Casacos compridos de inverno para senhora Petite"},"content":{"rendered":"<p data-sourcepos=\"1:1-1:158\">Os casacos de inverno compridos para senhora petite s\u00e3o especificamente concebidos para mulheres mais baixas, para garantir um ajuste adequado e uma silhueta lisonjeira. Eis o que os torna especiais:<\/p>\n<ul data-sourcepos=\"3:1-6:0\">\n<li data-sourcepos=\"3:1-3:155\"><strong>Proporcionado para quadros mais curtos:<\/strong> Estes casacos s\u00e3o concebidos a pensar em torsos e cinturas mais curtos, evitando que sobrecarreguem as figuras mais pequenas.<\/li>\n<li data-sourcepos=\"4:1-4:144\"><strong>Comprimento ideal:<\/strong> Embora continue a ser considerado \"comprido\", o comprimento \u00e9 ajustado para evitar arrastar no ch\u00e3o ou criar um aspeto demasiado volumoso.<\/li>\n<li data-sourcepos=\"5:1-6:0\"><strong>Ajuste melhorado:<\/strong> Carater\u00edsticas como mangas mais curtas e cinturas ajustadas garantem que o casaco se ajusta de forma confort\u00e1vel e proporcional.<\/li>\n<\/ul>\n<h3 data-sourcepos=\"7:1-7:19\"><strong>Estilos populares:<\/strong><\/h3>\n<ul data-sourcepos=\"9:1-12:0\">\n<li data-sourcepos=\"9:1-9:102\"><strong>Casacos de l\u00e3 para pequenas dimens\u00f5es:<\/strong> Cl\u00e1ssico e intemporal, muitas vezes em estilos como os casacos ou os casacos com duplo peito.<\/li>\n<li data-sourcepos=\"10:1-10:118\"><strong>Casacos de malha curta:<\/strong> Proporcionam um excelente aquecimento e existem em v\u00e1rios comprimentos e estilos, desde o elegante ao mais casual.<\/li>\n<li data-sourcepos=\"11:1-12:0\"><strong>Petite Parkas:<\/strong> Ideais para climas mais frios, muitas vezes com capuzes, acabamentos em pele e v\u00e1rios bolsos.<\/li>\n<\/ul>\n<h3 data-sourcepos=\"13:1-13:23\"><strong>Onde encontrar casacos compridos de inverno para senhora Petite:<\/strong><\/h3>\n<p data-sourcepos=\"15:1-15:54\">Muitos retalhistas oferecem op\u00e7\u00f5es de tamanhos petite, incluindo:<\/p>\n<ul data-sourcepos=\"17:1-20:0\">\n<li data-sourcepos=\"17:1-17:58\"><strong>Lojas de departamentos:<\/strong> Nordstrom, Macy's, Bloomingdale's<\/li>\n<li data-sourcepos=\"18:1-18:52\"><strong>Retalhistas especializados:<\/strong> Ann Taylor, Loft, Talbots<\/li>\n<li data-sourcepos=\"19:1-20:0\"><strong>Retalhistas online:<\/strong> ASOS, Nordstrom Rack, Amazon<\/li>\n<\/ul>\n<h3 data-sourcepos=\"21:1-21:22\"><strong>Dicas para escolher:<\/strong><\/h3>\n<ul data-sourcepos=\"23:1-26:0\">\n<li data-sourcepos=\"23:1-23:102\"><strong>Considerar o tecido:<\/strong> Procure tecidos quentes e dur\u00e1veis como l\u00e3, penugem ou isolamento sint\u00e9tico.<\/li>\n<li data-sourcepos=\"24:1-24:106\"><strong>Verificar o comprimento:<\/strong> Certifique-se de que o casaco fica no ponto certo das suas pernas, evitando um efeito de \"afogamento\".<\/li>\n<li data-sourcepos=\"25:1-26:0\"><strong>Experimentar:<\/strong> Experimente sempre um casaco para petite para garantir que lhe assenta bem e favorece a sua figura.<\/li>\n<\/ul>\n<p data-sourcepos=\"27:1-27:121\">Ao escolherem um casaco de inverno comprido Petite feminino bem ajustado, as mulheres mais baixas podem manter-se quentes e com estilo durante os meses mais frios.<\/p>","protected":false},"excerpt":{"rendered":"<table style=\"height: 572px;\" width=\"534\">\n<tbody>\n<tr>\n<td width=\"146\"><strong><b>Produto<\/b><\/strong>\u00a0<strong><b>Nome:<\/b><\/strong><\/td>\n<td width=\"601\"><strong>Casacos compridos de inverno para senhora Petite<\/strong><\/td>\n<\/tr>\n<tr>\n<td width=\"146\"><strong><b>Materlal:<\/b><\/strong><\/td>\n<td width=\"601\">Tricotar<\/td>\n<\/tr>\n<tr>\n<td width=\"146\"><strong><b>T\u00e9cnica:<\/b><\/strong><\/td>\n<td width=\"601\">Bordado<\/td>\n<\/tr>\n<tr>\n<td width=\"146\"><strong><b>Estilo:<\/b><\/strong><\/td>\n<td width=\"601\">Casual<\/td>\n<\/tr>\n<tr>\n<td width=\"146\"><strong><b>Cor<\/b><\/strong><strong><b>:<\/b><\/strong><\/td>\n<td width=\"601\">\u00a0Cores personalizadas<\/td>\n<\/tr>\n<tr>\n<td width=\"146\"><strong><b>Tamanho:<\/b><\/strong><\/td>\n<td width=\"601\">S \/M \/L \/XL \/2XL<\/td>\n<\/tr>\n<tr>\n<td width=\"146\"><strong><b>OEM\/ODM:<\/b><\/strong><\/td>\n<td width=\"601\">Aceit\u00e1vel<\/td>\n<\/tr>\n<tr>\n<td width=\"146\"><strong><b>Qualidade:<\/b><\/strong><\/td>\n<td width=\"601\">100% Alta qualidade<\/td>\n<\/tr>\n<tr>\n<td width=\"146\"><strong><b>M<\/b><\/strong><strong><b>OQ:<\/b><\/strong><\/td>\n<td width=\"601\">200 unidades<\/td>\n<\/tr>\n<\/tbody>\n<\/table>","protected":false},"featured_media":2045,"template":"","meta":[],"product_brand":[],"product_cat":[39],"product_tag":[],"class_list":{"0":"post-2044","1":"product","2":"type-product","3":"status-publish","4":"has-post-thumbnail","6":"product_cat-womens-clothing","8":"first","9":"instock","10":"shipping-taxable","11":"product-type-simple"},"_links":{"self":[{"href":"https:\/\/mj-clothing.com\/pt\/wp-json\/wp\/v2\/product\/2044","targetHints":{"allow":["GET"]}}],"collection":[{"href":"https:\/\/mj-clothing.com\/pt\/wp-json\/wp\/v2\/product"}],"about":[{"href":"https:\/\/mj-clothing.com\/pt\/wp-json\/wp\/v2\/types\/product"}],"wp:featuredmedia":[{"embeddable":true,"href":"https:\/\/mj-clothing.com\/pt\/wp-json\/wp\/v2\/media\/2045"}],"wp:attachment":[{"href":"https:\/\/mj-clothing.com\/pt\/wp-json\/wp\/v2\/media?parent=2044"}],"wp:term":[{"taxonomy":"product_brand","embeddable":true,"href":"https:\/\/mj-clothing.com\/pt\/wp-json\/wp\/v2\/product_brand?post=2044"},{"taxonomy":"product_cat","embeddable":true,"href":"https:\/\/mj-clothing.com\/pt\/wp-json\/wp\/v2\/product_cat?post=2044"},{"taxonomy":"product_tag","embeddable":true,"href":"https:\/\/mj-clothing.com\/pt\/wp-json\/wp\/v2\/product_tag?post=2044"}],"curies":[{"name":"wp","href":"https:\/\/api.w.org\/{rel}","templated":true}]}}