{"id":2066,"date":"2024-12-19T03:05:05","date_gmt":"2024-12-19T03:05:05","guid":{"rendered":"https:\/\/mj-clothing.com\/?post_type=product&#038;p=2066"},"modified":"2024-12-19T03:05:05","modified_gmt":"2024-12-19T03:05:05","slug":"spring-coats-for-ladies","status":"publish","type":"product","link":"https:\/\/mj-clothing.com\/pt\/manufacturer\/spring-coats-for-ladies\/","title":{"rendered":"Casacos de primavera para senhora"},"content":{"rendered":"<p data-sourcepos=\"1:1-1:154\">Os casacos de primavera para senhora s\u00e3o uma esta\u00e7\u00e3o bonita, e \u00e9 a altura perfeita para atualizar o seu guarda-roupa com alguns casacos de primavera com estilo. Aqui est\u00e3o algumas op\u00e7\u00f5es populares para senhoras:<\/p>\n<h3 data-sourcepos=\"3:1-3:19\"><strong>1. Casacos de primavera para senhora:<\/strong><\/h3>\n<ul data-sourcepos=\"5:1-8:0\">\n<li style=\"list-style-type: none;\">\n<ul data-sourcepos=\"5:1-8:0\">\n<li data-sourcepos=\"5:1-5:94\"><strong>Cl\u00e1ssico e intemporal:<\/strong> Uma gabardine \u00e9 um elemento b\u00e1sico do guarda-roupa que pode ser usado para cima ou para baixo.<\/li>\n<li data-sourcepos=\"6:1-6:60\"><strong>Vers\u00e1til:<\/strong> \u00c9 perfeito tanto para dias de chuva como de sol.<\/li>\n<li data-sourcepos=\"7:1-8:0\"><strong>Elegante:<\/strong> Escolha entre uma variedade de cores e estilos para se adaptar ao seu gosto pessoal.<\/li>\n<\/ul>\n<\/li>\n<\/ul>\n<div class=\"attachment-container search-images\">\n<div class=\"image-container hide-from-message-actions ng-star-inserted\"><strong style=\"color: #555555; font-size: 14.4px;\">2. Casaco de ganga:<\/strong><\/div>\n<\/div>\n<ul data-sourcepos=\"13:1-16:0\">\n<li style=\"list-style-type: none;\">\n<ul data-sourcepos=\"13:1-16:0\">\n<li data-sourcepos=\"13:1-13:91\"><strong>Casual e fresco:<\/strong> Um blus\u00e3o de ganga \u00e9 uma excelente forma de dar um toque de ousadia \u00e0 sua roupa.<\/li>\n<li data-sourcepos=\"14:1-14:65\"><strong>Vers\u00e1til:<\/strong> Pode ser combinada com cal\u00e7as de ganga, vestidos ou saias.<\/li>\n<li data-sourcepos=\"15:1-16:0\"><strong>Confort\u00e1vel:<\/strong> A ganga \u00e9 um tecido dur\u00e1vel e confort\u00e1vel.<\/li>\n<\/ul>\n<\/li>\n<\/ul>\n<div class=\"attachment-container search-images\">\n<div class=\"image-container hide-from-message-actions ng-star-inserted\">\n<div class=\"caption ellipsis gds-label-m-alt ng-star-inserted\" aria-hidden=\"true\"><strong style=\"color: #555555; font-size: 14.4px;\">3.Spring Coats For Ladies Blazer:<\/strong><\/div>\n<\/div>\n<\/div>\n<ul data-sourcepos=\"21:1-24:0\">\n<li style=\"list-style-type: none;\">\n<ul data-sourcepos=\"21:1-24:0\">\n<li data-sourcepos=\"21:1-21:75\"><strong>Chique e sofisticado:<\/strong> Um blazer \u00e9 uma \u00f3ptima forma de elevar o seu visual.<\/li>\n<li data-sourcepos=\"22:1-22:80\"><strong>Vers\u00e1til:<\/strong> Pode ser usado no trabalho, num jantar fora ou num fim de semana informal.<\/li>\n<li data-sourcepos=\"23:1-24:0\"><strong>Elegante:<\/strong> Escolha entre uma variedade de cores, padr\u00f5es e estilos.<\/li>\n<\/ul>\n<\/li>\n<\/ul>\n<div class=\"attachment-container search-images\">\n<div class=\"image-container hide-from-message-actions ng-star-inserted\">\n<div class=\"caption ellipsis gds-label-m-alt ng-star-inserted\" aria-hidden=\"true\"><strong style=\"color: #555555; font-size: 14.4px;\">4. Casacos de primavera para Senhoras Casaco de Couro:<\/strong><\/div>\n<\/div>\n<\/div>\n<ul data-sourcepos=\"29:1-32:0\">\n<li style=\"list-style-type: none;\">\n<ul data-sourcepos=\"29:1-32:0\">\n<li data-sourcepos=\"29:1-29:89\"><strong>Ardiloso e fixe:<\/strong> Um blus\u00e3o de cabedal \u00e9 uma excelente forma de dar um toque de atitude \u00e0 sua roupa.<\/li>\n<li data-sourcepos=\"30:1-30:46\"><strong>Vers\u00e1til:<\/strong> Pode ser vestida para cima ou para baixo.<\/li>\n<li data-sourcepos=\"31:1-32:0\"><strong>Elegante:<\/strong> Escolha entre uma variedade de cores e estilos.<\/li>\n<\/ul>\n<\/li>\n<\/ul>\n<div class=\"attachment-container search-images\">\n<div class=\"image-container hide-from-message-actions ng-star-inserted\">\n<div class=\"caption ellipsis gds-label-m-alt ng-star-inserted\" aria-hidden=\"true\"><strong style=\"color: #555555; font-size: 14.4px;\">5. Casaco de malha:<\/strong><\/div>\n<\/div>\n<\/div>\n<ul data-sourcepos=\"37:1-40:0\">\n<li style=\"list-style-type: none;\">\n<ul data-sourcepos=\"37:1-40:0\">\n<li data-sourcepos=\"37:1-37:87\"><strong>Quente e acolhedor:<\/strong> Um blus\u00e3o \u00e9 uma \u00f3ptima forma de se manter quente nos dias frios de primavera.<\/li>\n<li data-sourcepos=\"38:1-38:66\"><strong>Vers\u00e1til:<\/strong> Pode ser combinada com cal\u00e7as de ganga, leggings ou saias.<\/li>\n<li data-sourcepos=\"39:1-40:0\"><strong>Elegante:<\/strong> Escolha entre uma variedade de cores e estilos.<\/li>\n<\/ul>\n<\/li>\n<\/ul>\n<div class=\"attachment-container search-images\"><\/div>\n<p data-sourcepos=\"43:1-43:46\"><strong>Dicas para escolher o casaco de primavera perfeito:<\/strong><\/p>\n<ul data-sourcepos=\"45:1-49:0\">\n<li data-sourcepos=\"45:1-45:184\"><strong>Considere o seu clima:<\/strong> Se vive num clima quente, pode optar por um casaco mais leve. Se vive num clima mais frio, talvez seja melhor escolher um casaco mais pesado.<\/li>\n<li data-sourcepos=\"46:1-46:188\"><strong>Pense no seu estilo de vida:<\/strong> Se \u00e9 ativo, pode querer escolher um casaco que seja f\u00e1cil de vestir. Se trabalha num ambiente profissional, pode querer escolher um casaco mais formal.<\/li>\n<li data-sourcepos=\"47:1-47:87\"><strong>Escolha uma cor que lhe agrade:<\/strong> \u00c9 mais prov\u00e1vel que use um casaco de que goste.<\/li>\n<li data-sourcepos=\"48:1-49:0\"><strong>Considerar o ajuste:<\/strong> Um casaco bem ajustado ter\u00e1 um aspeto e um toque fant\u00e1sticos.<\/li>\n<\/ul>\n<p data-sourcepos=\"50:1-50:202\">Independentemente do seu estilo, existe um casaco de primavera perfeito para si. Com tantas op\u00e7\u00f5es fant\u00e1sticas por onde escolher, ir\u00e1 certamente encontrar o casaco perfeito para o manter quente e com estilo durante toda a esta\u00e7\u00e3o.<\/p>","protected":false},"excerpt":{"rendered":"<table style=\"height: 611px;\" width=\"429\">\n<tbody>\n<tr>\n<td width=\"146\"><strong><b>Produto<\/b><\/strong>\u00a0<strong><b>Nome:<\/b><\/strong><\/td>\n<td width=\"601\"><strong>Casacos de primavera para senhora<\/strong><\/td>\n<\/tr>\n<tr>\n<td width=\"146\"><strong><b>Materlal:<\/b><\/strong><\/td>\n<td width=\"601\">Tricotar<\/td>\n<\/tr>\n<tr>\n<td width=\"146\"><strong><b>T\u00e9cnica:<\/b><\/strong><\/td>\n<td width=\"601\">Bordado<\/td>\n<\/tr>\n<tr>\n<td width=\"146\"><strong><b>Estilo:<\/b><\/strong><\/td>\n<td width=\"601\">Casual<\/td>\n<\/tr>\n<tr>\n<td width=\"146\"><strong><b>Cor<\/b><\/strong><strong><b>:<\/b><\/strong><\/td>\n<td width=\"601\">\u00a0Cores personalizadas<\/td>\n<\/tr>\n<tr>\n<td width=\"146\"><strong><b>Tamanho:<\/b><\/strong><\/td>\n<td width=\"601\">S \/M \/L \/XL \/2XL<\/td>\n<\/tr>\n<tr>\n<td width=\"146\"><strong><b>OEM\/ODM:<\/b><\/strong><\/td>\n<td width=\"601\">Aceit\u00e1vel<\/td>\n<\/tr>\n<tr>\n<td width=\"146\"><strong><b>Qualidade:<\/b><\/strong><\/td>\n<td width=\"601\">100% Alta qualidade<\/td>\n<\/tr>\n<tr>\n<td width=\"146\"><strong><b>M<\/b><\/strong><strong><b>OQ:<\/b><\/strong><\/td>\n<td width=\"601\">200 unidades<\/td>\n<\/tr>\n<\/tbody>\n<\/table>","protected":false},"featured_media":2075,"template":"","meta":[],"product_brand":[],"product_cat":[39],"product_tag":[],"class_list":{"0":"post-2066","1":"product","2":"type-product","3":"status-publish","4":"has-post-thumbnail","6":"product_cat-womens-clothing","8":"first","9":"instock","10":"shipping-taxable","11":"product-type-simple"},"_links":{"self":[{"href":"https:\/\/mj-clothing.com\/pt\/wp-json\/wp\/v2\/product\/2066","targetHints":{"allow":["GET"]}}],"collection":[{"href":"https:\/\/mj-clothing.com\/pt\/wp-json\/wp\/v2\/product"}],"about":[{"href":"https:\/\/mj-clothing.com\/pt\/wp-json\/wp\/v2\/types\/product"}],"wp:featuredmedia":[{"embeddable":true,"href":"https:\/\/mj-clothing.com\/pt\/wp-json\/wp\/v2\/media\/2075"}],"wp:attachment":[{"href":"https:\/\/mj-clothing.com\/pt\/wp-json\/wp\/v2\/media?parent=2066"}],"wp:term":[{"taxonomy":"product_brand","embeddable":true,"href":"https:\/\/mj-clothing.com\/pt\/wp-json\/wp\/v2\/product_brand?post=2066"},{"taxonomy":"product_cat","embeddable":true,"href":"https:\/\/mj-clothing.com\/pt\/wp-json\/wp\/v2\/product_cat?post=2066"},{"taxonomy":"product_tag","embeddable":true,"href":"https:\/\/mj-clothing.com\/pt\/wp-json\/wp\/v2\/product_tag?post=2066"}],"curies":[{"name":"wp","href":"https:\/\/api.w.org\/{rel}","templated":true}]}}