{"id":2076,"date":"2024-12-19T03:26:08","date_gmt":"2024-12-19T03:26:08","guid":{"rendered":"https:\/\/mj-clothing.com\/?post_type=product&#038;p=2076"},"modified":"2024-12-19T03:33:03","modified_gmt":"2024-12-19T03:33:03","slug":"spring-trench-coats-for-ladies","status":"publish","type":"product","link":"https:\/\/mj-clothing.com\/pt\/manufacturer\/spring-trench-coats-for-ladies\/","title":{"rendered":"Gabardinas de primavera para senhora"},"content":{"rendered":"<p data-sourcepos=\"1:1-1:134\">As gabardinas de primavera para senhora s\u00e3o um cl\u00e1ssico do guarda-roupa que pode ser vestido para cima ou para baixo. Eis alguns estilos populares a considerar:<\/p>\n<h3 data-sourcepos=\"3:1-3:27\"><strong>1. Trench Coat cl\u00e1ssico:<\/strong><\/h3>\n<ul data-sourcepos=\"5:1-8:0\">\n<li style=\"list-style-type: none;\">\n<ul data-sourcepos=\"5:1-8:0\">\n<li data-sourcepos=\"5:1-5:116\"><strong>Intemporal e elegante:<\/strong> A gabardina cl\u00e1ssica \u00e9 uma pe\u00e7a vers\u00e1til que pode ser usada com uma variedade de conjuntos.<\/li>\n<li data-sourcepos=\"6:1-6:101\"><strong>Vers\u00e1til:<\/strong> Pode ser vestida com uma saia e saltos altos ou com cal\u00e7as de ganga e t\u00e9nis.<\/li>\n<li data-sourcepos=\"7:1-8:0\"><strong>Funcional:<\/strong> \u00c9 perfeito para os dias de chuva ou de vento, gra\u00e7as ao seu tecido resistente \u00e0 \u00e1gua e ao cinto que impede a entrada do vento.<\/li>\n<\/ul>\n<\/li>\n<\/ul>\n<div class=\"attachment-container search-images\"><strong style=\"color: #555555; font-size: 14.4px;\">2. Gabardine com cinto:<\/strong><\/div>\n<ul data-sourcepos=\"13:1-16:0\">\n<li style=\"list-style-type: none;\">\n<ul data-sourcepos=\"13:1-16:0\">\n<li data-sourcepos=\"13:1-13:86\"><strong>Favorece a silhueta:<\/strong> O cinto cinge a cintura, criando uma silhueta lisonjeira.<\/li>\n<li data-sourcepos=\"14:1-14:79\"><strong>Elegante:<\/strong> \u00c9 uma \u00f3ptima maneira de dar um toque de sofistica\u00e7\u00e3o a qualquer roupa.<\/li>\n<li data-sourcepos=\"15:1-16:0\"><strong>Pr\u00e1tico:<\/strong> O cinto pode ser apertado ou desapertado para ajustar o ajuste.<\/li>\n<\/ul>\n<\/li>\n<\/ul>\n<div class=\"attachment-container search-images\">\n<div class=\"image-container hide-from-message-actions ng-star-inserted\">\n<h3 class=\"caption ellipsis gds-label-m-alt ng-star-inserted\" aria-hidden=\"true\"><strong style=\"color: #555555; font-size: 14.4px;\">3. Trench Coat leve:<\/strong><\/h3>\n<\/div>\n<\/div>\n<ul data-sourcepos=\"21:1-24:0\">\n<li style=\"list-style-type: none;\">\n<ul data-sourcepos=\"21:1-24:0\">\n<li data-sourcepos=\"21:1-21:108\"><strong>Perfeito para o tempo mais quente:<\/strong> Uma gabardina leve \u00e9 ideal para os dias de primavera, quando n\u00e3o est\u00e1 demasiado frio.<\/li>\n<li data-sourcepos=\"22:1-22:73\"><strong>Vers\u00e1til:<\/strong> Pode ser usado com ou sem roupa, consoante a ocasi\u00e3o.<\/li>\n<li data-sourcepos=\"23:1-24:0\"><strong>Confort\u00e1vel:<\/strong> O tecido leve facilita a desloca\u00e7\u00e3o.<\/li>\n<\/ul>\n<\/li>\n<\/ul>\n<div class=\"attachment-container search-images\">\n<div class=\"image-container hide-from-message-actions ng-star-inserted\">\n<h3 class=\"caption ellipsis gds-label-m-alt ng-star-inserted\" aria-hidden=\"true\"><strong style=\"color: #555555; font-size: 14.4px;\">4. Gabardine colorida:<\/strong><\/h3>\n<\/div>\n<\/div>\n<ul data-sourcepos=\"29:1-32:0\">\n<li style=\"list-style-type: none;\">\n<ul data-sourcepos=\"29:1-32:0\">\n<li data-sourcepos=\"29:1-29:102\"><strong>Na moda e com estilo:<\/strong> Uma gabardine colorida \u00e9 uma \u00f3ptima forma de adicionar um toque de cor ao seu guarda-roupa.<\/li>\n<li data-sourcepos=\"30:1-30:77\"><strong>Vers\u00e1til:<\/strong> Pode ser combinado com cores neutras ou outras cores vivas.<\/li>\n<li data-sourcepos=\"31:1-32:0\"><strong>Atraente:<\/strong> N\u00e3o vai deixar ningu\u00e9m indiferente.<\/li>\n<\/ul>\n<\/li>\n<\/ul>\n<div class=\"attachment-container search-images\">\n<div class=\"image-container hide-from-message-actions ng-star-inserted\">\n<h3 class=\"caption ellipsis gds-label-m-alt ng-star-inserted\" aria-hidden=\"true\"><strong style=\"color: #555555; font-size: 14.4px;\">Dicas para escolher as gabardinas de primavera perfeitas para senhora:<\/strong><\/h3>\n<\/div>\n<\/div>\n<ul data-sourcepos=\"37:1-41:0\">\n<li data-sourcepos=\"37:1-37:102\"><strong>Considerar o tecido:<\/strong> Procure um tecido leve e resistente \u00e0 \u00e1gua que seja confort\u00e1vel de usar.<\/li>\n<li data-sourcepos=\"38:1-38:87\"><strong>Escolher o ajuste correto:<\/strong> O casaco deve servir bem e n\u00e3o deve ser demasiado apertado ou demasiado largo.<\/li>\n<li data-sourcepos=\"39:1-39:109\"><strong>Selecionar o comprimento certo:<\/strong> O comprimento do casaco deve ser adequado \u00e0 sua altura e \u00e0 ocasi\u00e3o.<\/li>\n<li data-sourcepos=\"40:1-41:0\"><strong>Acess\u00f3rios:<\/strong> Acrescente um cachecol, um cinto ou um chap\u00e9u para personalizar o seu look.<\/li>\n<\/ul>\n<p data-sourcepos=\"42:1-42:134\">Com tantos estilos e cores diferentes por onde escolher, a Spring Trench Coats For Ladies vai certamente encontrar a gabardine de primavera perfeita para completar o seu guarda-roupa.<\/p>","protected":false},"excerpt":{"rendered":"<table style=\"height: 631px;\" width=\"523\">\n<tbody>\n<tr>\n<td width=\"146\"><strong><b>Produto<\/b><\/strong>\u00a0<strong><b>Nome:<\/b><\/strong><\/td>\n<td width=\"601\"><strong>Gabardinas de primavera para senhora<\/strong><\/td>\n<\/tr>\n<tr>\n<td width=\"146\"><strong><b>Materlal:<\/b><\/strong><\/td>\n<td width=\"601\">Tricotar<\/td>\n<\/tr>\n<tr>\n<td width=\"146\"><strong><b>T\u00e9cnica:<\/b><\/strong><\/td>\n<td width=\"601\">Bordado<\/td>\n<\/tr>\n<tr>\n<td width=\"146\"><strong><b>Estilo:<\/b><\/strong><\/td>\n<td width=\"601\">Casual<\/td>\n<\/tr>\n<tr>\n<td width=\"146\"><strong><b>Cor<\/b><\/strong><strong><b>:<\/b><\/strong><\/td>\n<td width=\"601\">\u00a0Cores personalizadas<\/td>\n<\/tr>\n<tr>\n<td width=\"146\"><strong><b>Tamanho:<\/b><\/strong><\/td>\n<td width=\"601\">S \/M \/L \/XL \/2XL<\/td>\n<\/tr>\n<tr>\n<td width=\"146\"><strong><b>OEM\/ODM:<\/b><\/strong><\/td>\n<td width=\"601\">Aceit\u00e1vel<\/td>\n<\/tr>\n<tr>\n<td width=\"146\"><strong><b>Qualidade:<\/b><\/strong><\/td>\n<td width=\"601\">100% Alta qualidade<\/td>\n<\/tr>\n<tr>\n<td width=\"146\"><strong><b>M<\/b><\/strong><strong><b>OQ:<\/b><\/strong><\/td>\n<td width=\"601\">200 unidades<\/td>\n<\/tr>\n<\/tbody>\n<\/table>","protected":false},"featured_media":2077,"template":"","meta":[],"product_brand":[],"product_cat":[39],"product_tag":[],"class_list":{"0":"post-2076","1":"product","2":"type-product","3":"status-publish","4":"has-post-thumbnail","6":"product_cat-womens-clothing","8":"first","9":"instock","10":"shipping-taxable","11":"product-type-simple"},"_links":{"self":[{"href":"https:\/\/mj-clothing.com\/pt\/wp-json\/wp\/v2\/product\/2076","targetHints":{"allow":["GET"]}}],"collection":[{"href":"https:\/\/mj-clothing.com\/pt\/wp-json\/wp\/v2\/product"}],"about":[{"href":"https:\/\/mj-clothing.com\/pt\/wp-json\/wp\/v2\/types\/product"}],"wp:featuredmedia":[{"embeddable":true,"href":"https:\/\/mj-clothing.com\/pt\/wp-json\/wp\/v2\/media\/2077"}],"wp:attachment":[{"href":"https:\/\/mj-clothing.com\/pt\/wp-json\/wp\/v2\/media?parent=2076"}],"wp:term":[{"taxonomy":"product_brand","embeddable":true,"href":"https:\/\/mj-clothing.com\/pt\/wp-json\/wp\/v2\/product_brand?post=2076"},{"taxonomy":"product_cat","embeddable":true,"href":"https:\/\/mj-clothing.com\/pt\/wp-json\/wp\/v2\/product_cat?post=2076"},{"taxonomy":"product_tag","embeddable":true,"href":"https:\/\/mj-clothing.com\/pt\/wp-json\/wp\/v2\/product_tag?post=2076"}],"curies":[{"name":"wp","href":"https:\/\/api.w.org\/{rel}","templated":true}]}}