{"id":2080,"date":"2024-12-19T03:37:13","date_gmt":"2024-12-19T03:37:13","guid":{"rendered":"https:\/\/mj-clothing.com\/?post_type=product&#038;p=2080"},"modified":"2024-12-19T03:37:13","modified_gmt":"2024-12-19T03:37:13","slug":"womens-winter-coat","status":"publish","type":"product","link":"https:\/\/mj-clothing.com\/pt\/manufacturer\/womens-winter-coat\/","title":{"rendered":"Casaco de inverno para mulher"},"content":{"rendered":"<p data-sourcepos=\"1:1-1:109\">Aqui est\u00e3o alguns dos casacos de inverno para mulher mais populares para a manter quente e com estilo durante os meses mais frios:<\/p>\n<h3 data-sourcepos=\"3:1-3:19\"><strong>1. Casaco de inverno Puffer para mulher:<\/strong><\/h3>\n<ul data-sourcepos=\"5:1-8:0\">\n<li style=\"list-style-type: none;\">\n<ul data-sourcepos=\"5:1-8:0\">\n<li data-sourcepos=\"5:1-5:113\"><strong>Quente e acolhedor:<\/strong> Os casacos acolchoados s\u00e3o conhecidos pelo seu excelente isolamento, o que os torna perfeitos para o tempo frio.<\/li>\n<li data-sourcepos=\"6:1-6:96\"><strong>Vers\u00e1til:<\/strong> Existem em v\u00e1rios comprimentos, estilos e cores para se adaptarem a diferentes prefer\u00eancias.<\/li>\n<li data-sourcepos=\"7:1-8:0\"><strong>Funcional:<\/strong> Muitos casacos com capuz, bolsos e outros pormenores pr\u00e1ticos.<\/li>\n<\/ul>\n<\/li>\n<\/ul>\n<div class=\"attachment-container search-images\"><\/div>\n<h3 data-sourcepos=\"11:1-11:17\"><strong>2. Casaco de inverno de l\u00e3 para mulher:<\/strong><\/h3>\n<ul data-sourcepos=\"13:1-16:0\">\n<li style=\"list-style-type: none;\">\n<ul data-sourcepos=\"13:1-16:0\">\n<li data-sourcepos=\"13:1-13:85\"><strong>Elegante e intemporal:<\/strong> Os casacos de l\u00e3 s\u00e3o uma escolha cl\u00e1ssica para um look sofisticado.<\/li>\n<li data-sourcepos=\"14:1-14:95\"><strong>Quente e resistente:<\/strong> A l\u00e3 \u00e9 um isolante natural capaz de resistir \u00e0s condi\u00e7\u00f5es rigorosas do inverno.<\/li>\n<li data-sourcepos=\"15:1-16:0\"><strong>Vers\u00e1til:<\/strong> Os casacos de l\u00e3 podem ser vestidos de forma mais ou menos elegante, consoante a ocasi\u00e3o.<\/li>\n<\/ul>\n<\/li>\n<\/ul>\n<div class=\"attachment-container search-images\"><\/div>\n<h3 data-sourcepos=\"19:1-19:18\"><strong>3. Parka Casaco de inverno para mulher:<\/strong><\/h3>\n<ul data-sourcepos=\"21:1-24:0\">\n<li style=\"list-style-type: none;\">\n<ul data-sourcepos=\"21:1-24:0\">\n<li data-sourcepos=\"21:1-21:88\"><strong>Quente e protetor:<\/strong> As parkas s\u00e3o concebidas para o manter quente em condi\u00e7\u00f5es de frio extremo.<\/li>\n<li data-sourcepos=\"22:1-22:75\"><strong>Funcional:<\/strong> Apresentam frequentemente capuzes, acabamentos em pele e v\u00e1rios bolsos.<\/li>\n<li data-sourcepos=\"23:1-24:0\"><strong>Elegante:<\/strong> As parkas podem ser elegantes e estar na moda, especialmente com designs e cores modernos.<\/li>\n<\/ul>\n<\/li>\n<\/ul>\n<div class=\"attachment-container search-images\"><\/div>\n<h3 data-sourcepos=\"27:1-27:15\"><strong>4. Casaco:<\/strong><\/h3>\n<ul data-sourcepos=\"29:1-32:0\">\n<li style=\"list-style-type: none;\">\n<ul data-sourcepos=\"29:1-32:0\">\n<li data-sourcepos=\"29:1-29:83\"><strong>Cl\u00e1ssico e n\u00e1utico:<\/strong> Os casacos s\u00e3o um estilo intemporal com uma heran\u00e7a n\u00e1utica.<\/li>\n<li data-sourcepos=\"30:1-30:102\"><strong>Quente e com estilo:<\/strong> S\u00e3o confeccionados em l\u00e3 grossa e quente e apresentam frequentemente uma frente com duplo peito.<\/li>\n<li data-sourcepos=\"31:1-32:0\"><strong>Vers\u00e1til:<\/strong> Os casacos podem ser vestidos para cima ou para baixo, consoante a ocasi\u00e3o.<\/li>\n<\/ul>\n<\/li>\n<\/ul>\n<div class=\"attachment-container search-images\"><\/div>\n<h3 data-sourcepos=\"35:1-35:20\"><strong>5. Casaco de couro:<\/strong><\/h3>\n<ul data-sourcepos=\"37:1-40:0\">\n<li style=\"list-style-type: none;\">\n<ul data-sourcepos=\"37:1-40:0\">\n<li data-sourcepos=\"37:1-37:72\"><strong>Elegante e cheio de estilo:<\/strong> Os casacos de cabedal d\u00e3o um toque de ousadia a qualquer roupa.<\/li>\n<li data-sourcepos=\"38:1-38:87\"><strong>Duradouro e intemporal:<\/strong> O couro \u00e9 um material duradouro que pode durar muitos anos.<\/li>\n<li data-sourcepos=\"39:1-40:0\"><strong>Vers\u00e1til:<\/strong> Os casacos de cabedal podem ser usados para cima ou para baixo, consoante o estilo e a ocasi\u00e3o.<\/li>\n<\/ul>\n<\/li>\n<\/ul>\n<div class=\"attachment-container search-images\"><\/div>\n<h3 data-sourcepos=\"43:1-43:46\"><strong>Conselhos para escolher o casaco de inverno para mulher:<\/strong><\/h3>\n<ul data-sourcepos=\"45:1-50:0\">\n<li data-sourcepos=\"45:1-45:91\"><strong>Considere o seu clima:<\/strong> Escolha um casaco adequado ao clima em que vive.<\/li>\n<li data-sourcepos=\"46:1-46:117\"><strong>Pense no seu estilo de vida:<\/strong> Considere as suas actividades di\u00e1rias e escolha um casaco que seja pr\u00e1tico e confort\u00e1vel.<\/li>\n<li data-sourcepos=\"47:1-47:91\"><strong>Preste aten\u00e7\u00e3o ao ajuste:<\/strong> O casaco deve servir bem e n\u00e3o deve ser demasiado apertado ou demasiado largo.<\/li>\n<li data-sourcepos=\"48:1-48:98\"><strong>Escolha um estilo que se adeq\u00fae \u00e0 sua personalidade:<\/strong> Escolha um casaco que reflicta o seu estilo pessoal.<\/li>\n<li data-sourcepos=\"49:1-50:0\"><strong>Considerar os materiais:<\/strong> Procure materiais de alta qualidade que o mantenham quente e seco.<\/li>\n<\/ul>\n<p data-sourcepos=\"51:1-51:149\">Com tantos estilos e materiais diferentes por onde escolher, encontrar\u00e1 certamente o casaco de inverno perfeito para o manter quente e com estilo durante toda a esta\u00e7\u00e3o.<\/p>","protected":false},"excerpt":{"rendered":"<table style=\"height: 602px;\" width=\"458\">\n<tbody>\n<tr>\n<td width=\"146\"><strong><b>Produto<\/b><\/strong>\u00a0<strong><b>Nome:<\/b><\/strong><\/td>\n<td width=\"601\"><strong>Casaco de inverno para mulher<\/strong><\/td>\n<\/tr>\n<tr>\n<td width=\"146\"><strong><b>Materlal:<\/b><\/strong><\/td>\n<td width=\"601\">Tricotar<\/td>\n<\/tr>\n<tr>\n<td width=\"146\"><strong><b>T\u00e9cnica:<\/b><\/strong><\/td>\n<td width=\"601\">Bordado<\/td>\n<\/tr>\n<tr>\n<td width=\"146\"><strong><b>Estilo:<\/b><\/strong><\/td>\n<td width=\"601\">Casual<\/td>\n<\/tr>\n<tr>\n<td width=\"146\"><strong><b>Cor<\/b><\/strong><strong><b>:<\/b><\/strong><\/td>\n<td width=\"601\">\u00a0Cores personalizadas<\/td>\n<\/tr>\n<tr>\n<td width=\"146\"><strong><b>Tamanho:<\/b><\/strong><\/td>\n<td width=\"601\">S \/M \/L \/XL \/2XL<\/td>\n<\/tr>\n<tr>\n<td width=\"146\"><strong><b>OEM\/ODM:<\/b><\/strong><\/td>\n<td width=\"601\">Aceit\u00e1vel<\/td>\n<\/tr>\n<tr>\n<td width=\"146\"><strong><b>Qualidade:<\/b><\/strong><\/td>\n<td width=\"601\">100% Alta qualidade<\/td>\n<\/tr>\n<tr>\n<td width=\"146\"><strong><b>M<\/b><\/strong><strong><b>OQ:<\/b><\/strong><\/td>\n<td width=\"601\">200 unidades<\/td>\n<\/tr>\n<\/tbody>\n<\/table>","protected":false},"featured_media":2081,"template":"","meta":[],"product_brand":[],"product_cat":[39],"product_tag":[],"class_list":{"0":"post-2080","1":"product","2":"type-product","3":"status-publish","4":"has-post-thumbnail","6":"product_cat-womens-clothing","8":"first","9":"instock","10":"shipping-taxable","11":"product-type-simple"},"_links":{"self":[{"href":"https:\/\/mj-clothing.com\/pt\/wp-json\/wp\/v2\/product\/2080","targetHints":{"allow":["GET"]}}],"collection":[{"href":"https:\/\/mj-clothing.com\/pt\/wp-json\/wp\/v2\/product"}],"about":[{"href":"https:\/\/mj-clothing.com\/pt\/wp-json\/wp\/v2\/types\/product"}],"wp:featuredmedia":[{"embeddable":true,"href":"https:\/\/mj-clothing.com\/pt\/wp-json\/wp\/v2\/media\/2081"}],"wp:attachment":[{"href":"https:\/\/mj-clothing.com\/pt\/wp-json\/wp\/v2\/media?parent=2080"}],"wp:term":[{"taxonomy":"product_brand","embeddable":true,"href":"https:\/\/mj-clothing.com\/pt\/wp-json\/wp\/v2\/product_brand?post=2080"},{"taxonomy":"product_cat","embeddable":true,"href":"https:\/\/mj-clothing.com\/pt\/wp-json\/wp\/v2\/product_cat?post=2080"},{"taxonomy":"product_tag","embeddable":true,"href":"https:\/\/mj-clothing.com\/pt\/wp-json\/wp\/v2\/product_tag?post=2080"}],"curies":[{"name":"wp","href":"https:\/\/api.w.org\/{rel}","templated":true}]}}