{"id":1744,"date":"2024-12-13T02:59:23","date_gmt":"2024-12-13T02:59:23","guid":{"rendered":"https:\/\/mj-clothing.com\/?post_type=product&#038;p=1744"},"modified":"2024-12-17T07:18:06","modified_gmt":"2024-12-17T07:18:06","slug":"mens-pocket-t-shirts","status":"publish","type":"product","link":"https:\/\/mj-clothing.com\/ro\/manufacturer\/mens-pocket-t-shirts\/","title":{"rendered":"C\u0103m\u0103\u0219i T cu buzunar pentru b\u0103rba\u021bi"},"content":{"rendered":"<div id=\"chat-history\" class=\"chat-history-scroll-container\">\n<div id=\"e1f51b489f031adc\" class=\"conversation-container ng-tns-c2150043242-1 message-actions-hover-boundary response-optimization ng-star-inserted\">\n<div class=\"response-container ng-tns-c1933435332-46 response-optimization response-container-with-gpi ng-star-inserted response-container-has-multiple-responses\">\n<div class=\"presented-response-container ng-tns-c1933435332-46\">\n<div class=\"response-container-content ng-tns-c1933435332-46 tunable-selection-with-avatar\">\n<div class=\"response-content ng-tns-c1933435332-46\">\n<div id=\"model-response-message-contentr_e1f51b489f031adc\" class=\"markdown markdown-main-panel response-optimization\" dir=\"ltr\">\n<h3 data-sourcepos=\"1:1-1:78\">C\u0103m\u0103\u0219i T cu buzunar pentru b\u0103rba\u021bi<\/h3>\n<p data-sourcepos=\"1:1-1:78\">Aici sunt unele Mens Pocket T Shirts care sunt disponibile \u00een prezent \u00een Singapore:<\/p>\n<p data-sourcepos=\"3:1-3:19\"><strong>Op\u021biuni casual:<\/strong><\/p>\n<ul data-sourcepos=\"5:1-10:0\">\n<li data-sourcepos=\"5:1-7:0\">\n<p data-sourcepos=\"5:3-6:64\"><strong>Uniqlo Oversized Pocket Crew Neck Half Sleeve T-Shirt:<\/strong> <span class=\"citation-0 recitation citation-end-0\">Aceasta este o op\u021biune confortabil\u0103 \u0219i elegant\u0103 care vine \u00eentr-o varietate de culori.<\/span> Este perfect pentru uzura de zi cu zi.<span class=\"button-container hide-from-message-actions ng-star-inserted\">\u00a0 \u00a0<\/span><\/p>\n<div class=\"container ng-tns-c2946245707-59 hide\">\n<div class=\"carousel-container ng-tns-c2946245707-59\"><\/div>\n<\/div>\n<div class=\"attachment-container search-images\"><\/div>\n<\/li>\n<li data-sourcepos=\"8:1-10:0\">\n<p data-sourcepos=\"8:3-9:47\"><strong>Carhartt WIP S\/S Work Pocket T-Shirt:<\/strong> Aceasta este o op\u021biune mai durabil\u0103 \u0219i mai robust\u0103, care este perfect\u0103 pentru munc\u0103 sau activit\u0103\u021bi \u00een aer liber. <span class=\"citation-1 recitation citation-end-1\">Are un buzunar pe piept \u0219i o croial\u0103 relaxat\u0103.<\/span><span class=\"button-container hide-from-message-actions ng-star-inserted\">\u00a0 \u00a0<\/span><\/p>\n<div class=\"container ng-tns-c2946245707-60 hide\">\n<div class=\"carousel-container ng-tns-c2946245707-60\"><\/div>\n<\/div>\n<div class=\"attachment-container search-images\"><\/div>\n<\/li>\n<\/ul>\n<p data-sourcepos=\"11:1-11:20\"><strong>Op\u021biuni premium:<\/strong><\/p>\n<ul data-sourcepos=\"13:1-18:0\">\n<li data-sourcepos=\"13:1-15:0\">\n<p data-sourcepos=\"13:3-14:45\"><strong>Tricou Ralph Lauren Jersey Pocket:<\/strong> <span class=\"citation-2 recitation citation-end-2\">Acesta este un tricou de \u00eenalt\u0103 calitate fabricat din bumbac premium.<\/span> Are un design clasic \u0219i un buzunar mic pe piept.<\/p>\n<\/li>\n<li data-sourcepos=\"13:1-15:0\">\n<p data-sourcepos=\"13:3-14:45\"><strong style=\"font-size: 14.4px;\">Tricou Timberland Oxford cu buzunar la piept pentru b\u0103rba\u021bi:<\/strong> <span class=\"citation-3 recitation citation-end-3\" style=\"font-size: 14.4px;\">Aceasta este o op\u021biune unic\u0103 \u0219i elegant\u0103 realizat\u0103 din bumbac 100%.<\/span> <span class=\"citation-4 recitation citation-end-4\" style=\"font-size: 14.4px;\">Are un guler cu nasturi \u0219i un buzunar pe piept.<\/span><span class=\"button-container hide-from-message-actions ng-star-inserted\" style=\"font-size: 14.4px;\">\u00a0 \u00a0<\/span><\/p>\n<div class=\"container ng-tns-c2946245707-62 hide\">\n<div class=\"carousel-container ng-tns-c2946245707-62\">\n<div class=\"carousel-content ng-tns-c2946245707-62\">\n<div class=\"sources-carousel-source ng-tns-c2946245707-62 hide ng-star-inserted\" data-test-id=\"sources-carousel-source\"><\/div>\n<\/div>\n<\/div>\n<\/div>\n<div class=\"attachment-container search-images\"><\/div>\n<\/li>\n<\/ul>\n<p data-sourcepos=\"19:1-19:24\"><strong>Op\u021biuni de performan\u021b\u0103:<\/strong><\/p>\n<ul data-sourcepos=\"21:1-23:0\">\n<li data-sourcepos=\"21:1-23:0\"><strong>Tricou Under Armour UA Pocket pentru b\u0103rba\u021bi:<\/strong> Acesta este un tricou performant, perfect pentru antrenament sau alte activit\u0103\u021bi active. <span class=\"citation-5 recitation citation-end-5\">Are tehnologie de absorb\u021bie a umezelii \u0219i un buzunar pe piept.<\/span><span class=\"button-container hide-from-message-actions ng-star-inserted\"> \u00a0<\/span>\n<div class=\"container ng-tns-c2946245707-63 hide\">\n<div class=\"carousel-container ng-tns-c2946245707-63\"><\/div>\n<\/div>\n<div class=\"attachment-container search-images\">\n<div class=\"image-container hide-from-message-actions ng-star-inserted\">\n<div class=\"caption ellipsis gmat-caption ng-star-inserted\" aria-hidden=\"true\"><\/div>\n<\/div>\n<\/div>\n<\/li>\n<\/ul>\n<p data-sourcepos=\"24:1-24:171\">Acestea sunt doar c\u00e2teva dintre numeroasele tricouri de buzunar pentru b\u0103rba\u021bi disponibile \u00een Singapore. Pute\u021bi g\u0103si o selec\u021bie mai larg\u0103 de op\u021biuni la magazinul dvs. local sau la retailerul online.<\/p>\n<p data-sourcepos=\"26:1-26:56\"><strong>Sfaturi suplimentare pentru alegerea unui Mens Pocket T Shirts:<\/strong><\/p>\n<ul data-sourcepos=\"28:1-32:0\">\n<li data-sourcepos=\"28:1-28:273\">Lua\u021bi \u00een considerare materialul: Bumbacul este o alegere popular\u0103 pentru tricourile cu buzunare, deoarece este confortabil \u0219i respirabil. Cu toate acestea,Mens Pocket T Shirts s-ar putea s\u0103 dori\u021bi, de asemenea, s\u0103 lua\u021bi \u00een considerare \u021bes\u0103turi performante, cum ar fi poliesterul sau nailonul, dac\u0103 sunte\u021bi \u00een c\u0103utarea unui tricou care va evacua umezeala \u0219i v\u0103 va men\u021bine rece.<\/li>\n<li data-sourcepos=\"29:1-29:174\">Alege\u021bi croiala potrivit\u0103: Tricourile cu buzunare vin \u00eentr-o varietate de croieli, de la croial\u0103 sub\u021bire la croial\u0103 relaxat\u0103. Alege\u021bi o potrivire care s\u0103 v\u0103 flateze tipul de corp \u0219i care s\u0103 v\u0103 fie confortabil\u0103.<\/li>\n<li data-sourcepos=\"30:1-30:209\">Lua\u021bi \u00een considerare stilul buzunarului: Unele tricouri cu buzunar au un buzunar mic pe piept, \u00een timp ce altele au un buzunar mai mare pe lateral. Alege un stil de buzunar care \u00ee\u021bi place \u0219i care va fi practic pentru nevoile tale.<\/li>\n<li data-sourcepos=\"31:1-32:0\">G\u00e2ndi\u021bi-v\u0103 la ocazie: Dac\u0103 sunte\u021bi \u00een c\u0103utarea unui tricou de buzunar pe care s\u0103 \u00eel purta\u021bi la serviciu, poate dori\u021bi s\u0103 alege\u021bi un stil mai formal. Dac\u0103 sunte\u021bi \u00een c\u0103utarea unui tricou pe care s\u0103 \u00eel purta\u021bi \u00een weekend, poate dori\u021bi s\u0103 alege\u021bi un stil mai casual.<\/li>\n<\/ul>\n<p data-sourcepos=\"33:1-33:86\">Urm\u00e2nd aceste sfaturi, pute\u021bi g\u0103si tricoul de buzunar pentru b\u0103rba\u021bi perfect pentru nevoile dvs.<\/p>\n<\/div>\n<\/div>\n<\/div>\n<\/div>\n<\/div>\n<\/div>\n<\/div>\n<div class=\"input-area-container\">\n<div class=\"input-area\" data-node-type=\"input-area\">\n<div class=\"text-input-field\">\n<div class=\"text-input-field_textarea-wrapper\">\n<div class=\"text-input-field-main-area\">\n<div class=\"text-input-field_textarea-inner\">\n<div class=\"ql-editor textarea new-input-ui ql-blank\" role=\"textbox\" contenteditable=\"true\" data-gramm=\"false\" aria-multiline=\"true\" aria-label=\"Introduce\u021bi o solicitare aici\" data-placeholder=\"Ask Gemini\"><\/div>\n<\/div>\n<\/div>\n<\/div>\n<\/div>\n<\/div>\n<\/div>","protected":false},"excerpt":{"rendered":"<table style=\"height: 530px;\" width=\"498\">\n<tbody>\n<tr>\n<td width=\"146\"><strong><b>Produs<\/b><\/strong>\u00a0<strong><b>Nume:<\/b><\/strong><\/td>\n<td width=\"601\"><strong>C\u0103m\u0103\u0219i T cu buzunar pentru b\u0103rba\u021bi<\/strong><\/td>\n<\/tr>\n<tr>\n<td width=\"146\"><strong><b>Materlal:<\/b><\/strong><\/td>\n<td width=\"601\">Poliester\/Cotton<\/td>\n<\/tr>\n<tr>\n<td width=\"146\"><strong><b>Tehnic\u0103:<\/b><\/strong><\/td>\n<td width=\"601\">Imprimare \u0219i vopsire<\/td>\n<\/tr>\n<tr>\n<td width=\"146\"><strong><b>Stil:<\/b><\/strong><\/td>\n<td width=\"601\">Casual<\/td>\n<\/tr>\n<tr>\n<td width=\"146\"><strong><b>Culoare<\/b><\/strong><strong><b>:<\/b><\/strong><\/td>\n<td width=\"601\">\u00a0Culori personalizate<\/td>\n<\/tr>\n<tr>\n<td width=\"146\"><strong><b>Dimensiune:<\/b><\/strong><\/td>\n<td width=\"601\">S \/M \/L \/XL \/2XL<\/td>\n<\/tr>\n<tr>\n<td width=\"146\"><strong><b>OEM\/ODM:<\/b><\/strong><\/td>\n<td width=\"601\">Acceptabil<\/td>\n<\/tr>\n<tr>\n<td width=\"146\"><strong><b>Calitate:<\/b><\/strong><\/td>\n<td width=\"601\">100% De \u00eenalt\u0103 calitate<\/td>\n<\/tr>\n<tr>\n<td width=\"146\"><strong><b>M<\/b><\/strong><strong><b>OQ:<\/b><\/strong><\/td>\n<td width=\"601\">200 buc<\/td>\n<\/tr>\n<\/tbody>\n<\/table>","protected":false},"featured_media":1751,"template":"","meta":[],"product_brand":[],"product_cat":[38],"product_tag":[],"class_list":{"0":"post-1744","1":"product","2":"type-product","3":"status-publish","4":"has-post-thumbnail","6":"product_cat-mens-clothing","8":"first","9":"instock","10":"shipping-taxable","11":"product-type-simple"},"_links":{"self":[{"href":"https:\/\/mj-clothing.com\/ro\/wp-json\/wp\/v2\/product\/1744","targetHints":{"allow":["GET"]}}],"collection":[{"href":"https:\/\/mj-clothing.com\/ro\/wp-json\/wp\/v2\/product"}],"about":[{"href":"https:\/\/mj-clothing.com\/ro\/wp-json\/wp\/v2\/types\/product"}],"wp:featuredmedia":[{"embeddable":true,"href":"https:\/\/mj-clothing.com\/ro\/wp-json\/wp\/v2\/media\/1751"}],"wp:attachment":[{"href":"https:\/\/mj-clothing.com\/ro\/wp-json\/wp\/v2\/media?parent=1744"}],"wp:term":[{"taxonomy":"product_brand","embeddable":true,"href":"https:\/\/mj-clothing.com\/ro\/wp-json\/wp\/v2\/product_brand?post=1744"},{"taxonomy":"product_cat","embeddable":true,"href":"https:\/\/mj-clothing.com\/ro\/wp-json\/wp\/v2\/product_cat?post=1744"},{"taxonomy":"product_tag","embeddable":true,"href":"https:\/\/mj-clothing.com\/ro\/wp-json\/wp\/v2\/product_tag?post=1744"}],"curies":[{"name":"wp","href":"https:\/\/api.w.org\/{rel}","templated":true}]}}