{"id":1759,"date":"2024-12-14T02:59:47","date_gmt":"2024-12-14T02:59:47","guid":{"rendered":"https:\/\/mj-clothing.com\/?post_type=product&#038;p=1759"},"modified":"2024-12-17T07:16:49","modified_gmt":"2024-12-17T07:16:49","slug":"black-denim-jacket","status":"publish","type":"product","link":"https:\/\/mj-clothing.com\/ro\/manufacturer\/black-denim-jacket\/","title":{"rendered":"Jachet\u0103 din denim negru"},"content":{"rendered":"<h2 data-sourcepos=\"1:1-1:173\">Jachet\u0103 din denim negru<\/h2>\n<p data-sourcepos=\"1:1-1:173\">O jachet\u0103 neagr\u0103 din denim este o pies\u0103 versatil\u0103 care poate ridica orice \u021binut\u0103. Este o pies\u0103 clasic\u0103, atemporal\u0103, care poate fi \u00eembr\u0103cat\u0103 \u00een sus sau \u00een jos, ceea ce o face un must-have pentru orice garderob\u0103.<\/p>\n<p data-sourcepos=\"3:1-3:54\"><strong>Iat\u0103 de ce o jachet\u0103 neagr\u0103 din denim este o alegere excelent\u0103:<\/strong><\/p>\n<ul data-sourcepos=\"5:1-9:0\">\n<li data-sourcepos=\"5:1-5:94\"><strong>Versatilitate:<\/strong> Acesta poate fi asortat cu blugi, pantaloni chinos sau chiar cu un costum pentru un look mai formal.<\/li>\n<li data-sourcepos=\"6:1-6:70\"><strong>Atemporal:<\/strong> Denimul negru este un clasic care nu se demodeaz\u0103 niciodat\u0103.<\/li>\n<li data-sourcepos=\"7:1-7:76\"><strong>Durabilitate:<\/strong> Denimul este o \u021bes\u0103tur\u0103 robust\u0103 care poate rezista la uzur\u0103.<\/li>\n<li data-sourcepos=\"8:1-9:0\"><strong>Edgy:<\/strong> Denimul negru adaug\u0103 o not\u0103 de elegan\u021b\u0103 oric\u0103rei \u021binute.<\/li>\n<\/ul>\n<p data-sourcepos=\"10:1-10:38\"><strong>Cum s\u0103 purta\u021bi o jachet\u0103 neagr\u0103 din denim:<\/strong><\/p>\n<ul data-sourcepos=\"12:1-16:0\">\n<li data-sourcepos=\"12:1-12:84\"><strong>Look casual:<\/strong> Asocia\u021bi-l cu blugi, un tricou \u0219i adida\u0219i pentru un look relaxat.<\/li>\n<li data-sourcepos=\"13:1-13:99\"><strong>Smart Casual:<\/strong> Poart-o cu pantaloni chinos, o c\u0103ma\u0219\u0103 cu nasturi \u0219i mocasini pentru un look mai \u00eengrijit.<\/li>\n<li data-sourcepos=\"14:1-14:95\"><strong>Uit\u0103-te Edgy:<\/strong> \u00cemperecheaz-o cu pantaloni de piele, un tricou grafic \u0219i cizme pentru o atmosfer\u0103 rock-and-roll.<\/li>\n<li data-sourcepos=\"15:1-16:0\"><strong>Look formal:<\/strong> Pune\u021bi-l peste un sacou de costum pentru o schimbare unic\u0103 a \u021binutei formale.<\/li>\n<\/ul>\n<p data-sourcepos=\"17:1-17:43\"><strong>Sfaturi pentru alegerea unei jachete negre din denim:<\/strong><\/p>\n<ul data-sourcepos=\"19:1-22:0\">\n<li data-sourcepos=\"19:1-19:71\"><strong>Se potrive\u0219te:<\/strong> Alege\u021bi o jachet\u0103 care s\u0103 vi se potriveasc\u0103 bine \u0219i s\u0103 v\u0103 flateze forma corpului.<\/li>\n<li data-sourcepos=\"20:1-20:78\"><strong>Material:<\/strong> C\u0103uta\u021bi un denim de \u00eenalt\u0103 calitate, care este durabil \u0219i confortabil.<\/li>\n<li data-sourcepos=\"21:1-22:0\"><strong>Stil:<\/strong> Lua\u021bi \u00een considerare stilul dvs. personal \u0219i alege\u021bi o jachet\u0103 care s\u0103 v\u0103 reflecte gusturile.<\/li>\n<\/ul>","protected":false},"excerpt":{"rendered":"<table style=\"height: 491px;\" width=\"498\">\n<tbody>\n<tr>\n<td width=\"146\"><strong><b>Produs<\/b><\/strong>\u00a0<strong><b>Nume:<\/b><\/strong><\/td>\n<td width=\"601\"><strong>Jachet\u0103 din denim negru<\/strong><\/td>\n<\/tr>\n<tr>\n<td width=\"146\"><strong><b>Materlal:<\/b><\/strong><\/td>\n<td width=\"601\">Poliester\/Cotton<\/td>\n<\/tr>\n<tr>\n<td width=\"146\"><strong><b>Tehnic\u0103:<\/b><\/strong><\/td>\n<td width=\"601\">Imprimare \u0219i vopsire<\/td>\n<\/tr>\n<tr>\n<td width=\"146\"><strong><b>Stil:<\/b><\/strong><\/td>\n<td width=\"601\">Casual<\/td>\n<\/tr>\n<tr>\n<td width=\"146\"><strong><b>Culoare<\/b><\/strong><strong><b>:<\/b><\/strong><\/td>\n<td width=\"601\">\u00a0Culori personalizate<\/td>\n<\/tr>\n<tr>\n<td width=\"146\"><strong><b>Dimensiune:<\/b><\/strong><\/td>\n<td width=\"601\">S \/M \/L \/XL \/2XL<\/td>\n<\/tr>\n<tr>\n<td width=\"146\"><strong><b>OEM\/ODM:<\/b><\/strong><\/td>\n<td width=\"601\">Acceptabil<\/td>\n<\/tr>\n<tr>\n<td width=\"146\"><strong><b>Calitate:<\/b><\/strong><\/td>\n<td width=\"601\">100% De \u00eenalt\u0103 calitate<\/td>\n<\/tr>\n<tr>\n<td width=\"146\"><strong><b>M<\/b><\/strong><strong><b>OQ:<\/b><\/strong><\/td>\n<td width=\"601\">200 buc<\/td>\n<\/tr>\n<\/tbody>\n<\/table>","protected":false},"featured_media":1760,"template":"","meta":[],"product_brand":[],"product_cat":[38],"product_tag":[],"class_list":{"0":"post-1759","1":"product","2":"type-product","3":"status-publish","4":"has-post-thumbnail","6":"product_cat-mens-clothing","8":"first","9":"instock","10":"shipping-taxable","11":"product-type-simple"},"_links":{"self":[{"href":"https:\/\/mj-clothing.com\/ro\/wp-json\/wp\/v2\/product\/1759","targetHints":{"allow":["GET"]}}],"collection":[{"href":"https:\/\/mj-clothing.com\/ro\/wp-json\/wp\/v2\/product"}],"about":[{"href":"https:\/\/mj-clothing.com\/ro\/wp-json\/wp\/v2\/types\/product"}],"wp:featuredmedia":[{"embeddable":true,"href":"https:\/\/mj-clothing.com\/ro\/wp-json\/wp\/v2\/media\/1760"}],"wp:attachment":[{"href":"https:\/\/mj-clothing.com\/ro\/wp-json\/wp\/v2\/media?parent=1759"}],"wp:term":[{"taxonomy":"product_brand","embeddable":true,"href":"https:\/\/mj-clothing.com\/ro\/wp-json\/wp\/v2\/product_brand?post=1759"},{"taxonomy":"product_cat","embeddable":true,"href":"https:\/\/mj-clothing.com\/ro\/wp-json\/wp\/v2\/product_cat?post=1759"},{"taxonomy":"product_tag","embeddable":true,"href":"https:\/\/mj-clothing.com\/ro\/wp-json\/wp\/v2\/product_tag?post=1759"}],"curies":[{"name":"wp","href":"https:\/\/api.w.org\/{rel}","templated":true}]}}