{"id":1774,"date":"2024-12-14T03:23:26","date_gmt":"2024-12-14T03:23:26","guid":{"rendered":"https:\/\/mj-clothing.com\/?post_type=product&#038;p=1774"},"modified":"2024-12-17T07:06:57","modified_gmt":"2024-12-17T07:06:57","slug":"shell-jacket","status":"publish","type":"product","link":"https:\/\/mj-clothing.com\/ro\/manufacturer\/shell-jacket\/","title":{"rendered":"Jachet\u0103 Shell"},"content":{"rendered":"<p data-sourcepos=\"1:1-1:266\">O jachet\u0103 shell este un strat exterior u\u0219or, impermeabil \u0219i rezistent la v\u00e2nt, conceput pentru a v\u0103 proteja de elemente. Este o pies\u0103 de \u00eembr\u0103c\u0103minte exterioar\u0103 versatil\u0103, care poate fi purtat\u0103 \u00een diverse condi\u021bii meteorologice, ceea ce o face o alegere popular\u0103 pentru activit\u0103\u021bile \u00een aer liber \u0219i pentru uzura de zi cu zi.<\/p>\n<h3 data-sourcepos=\"3:1-3:35\"><strong>Caracteristicile cheie ale unei jachete Shell:<\/strong><\/h3>\n<ul data-sourcepos=\"5:1-9:0\">\n<li data-sourcepos=\"5:1-5:218\"><strong>Impermeabil \u0219i rezistent la v\u00e2nt:<\/strong> Func\u021bia principal\u0103 a unei jachete este de a v\u0103 men\u021bine uscat \u0219i protejat de v\u00e2nt. De obicei, este fabricat\u0103 din materiale impermeabile \u0219i respirabile, precum Gore-Tex sau tehnologii similare.<\/li>\n<li data-sourcepos=\"6:1-6:155\"><strong>Respirabilitate:<\/strong> \u00cen timp ce v\u0103 men\u021bine uscat, o jachet\u0103 bun\u0103 permite, de asemenea, vaporilor de umiditate s\u0103 ias\u0103, \u00eempiedic\u00e2ndu-v\u0103 s\u0103 v\u0103 sim\u021bi\u021bi umed \u0219i inconfortabil.<\/li>\n<li data-sourcepos=\"7:1-7:97\"><strong>Durabilitate:<\/strong> Jachetele Shell sunt concepute pentru a rezista condi\u021biilor meteorologice dificile \u0219i utiliz\u0103rii intense.<\/li>\n<li data-sourcepos=\"8:1-9:0\"><strong>Capacitatea de ambalare:<\/strong> Multe jachete sunt u\u0219oare \u0219i u\u0219or de \u00eempachetat, ceea ce le face u\u0219or de transportat atunci c\u00e2nd nu sunt folosite.<\/li>\n<\/ul>\n<h3 data-sourcepos=\"10:1-10:32\"><strong>Cum s\u0103 aranjezi o jachet\u0103 Shell:<\/strong><\/h3>\n<ul data-sourcepos=\"12:1-15:0\">\n<li data-sourcepos=\"12:1-12:96\"><strong>Casual:<\/strong> Asocia\u021bi-l cu blugi, tricou \u0219i adida\u0219i pentru un look confortabil \u0219i func\u021bional.<\/li>\n<li data-sourcepos=\"13:1-13:112\"><strong>Smart Casual:<\/strong> Pune-l peste un pulover, pantaloni chinos \u0219i o c\u0103ma\u0219\u0103 cu nasturi pentru o \u021binut\u0103 elegant\u0103 \u0219i practic\u0103.<\/li>\n<li data-sourcepos=\"14:1-15:0\"><strong>Activit\u0103\u021bi \u00een aer liber:<\/strong> Purta\u021bi-l cu pantaloni de drume\u021bie, un fleece \u0219i cizme rezistente pentru protec\u021bie \u00eempotriva elementelor.<\/li>\n<\/ul>\n<h3 data-sourcepos=\"16:1-16:37\"><strong>Branduri populare pentru jachete Shell:<\/strong><\/h3>\n<ul data-sourcepos=\"18:1-21:0\">\n<li data-sourcepos=\"18:1-18:58\"><strong>M\u0103rci \u00een aer liber:<\/strong> Patagonia, The North Face, Arc'teryx<\/li>\n<li data-sourcepos=\"19:1-19:46\"><strong>M\u0103rci tehnice:<\/strong> Gore-Tex, Helly Hansen<\/li>\n<li data-sourcepos=\"20:1-21:0\"><strong>M\u0103rci de stil de via\u021b\u0103:<\/strong> Columbia, Timberland, Jack Wolfskin<\/li>\n<\/ul>","protected":false},"excerpt":{"rendered":"<table style=\"height: 515px;\" width=\"509\">\n<tbody>\n<tr>\n<td width=\"146\"><strong><b>Produs<\/b><\/strong>\u00a0<strong><b>Nume:<\/b><\/strong><\/td>\n<td width=\"601\"><strong>Jachet\u0103 Shell<\/strong><\/td>\n<\/tr>\n<tr>\n<td width=\"146\"><strong><b>Materlal:<\/b><\/strong><\/td>\n<td width=\"601\">Poliester\/Cotton<\/td>\n<\/tr>\n<tr>\n<td width=\"146\"><strong><b>Tehnic\u0103:<\/b><\/strong><\/td>\n<td width=\"601\">Imprimare \u0219i vopsire<\/td>\n<\/tr>\n<tr>\n<td width=\"146\"><strong><b>Stil:<\/b><\/strong><\/td>\n<td width=\"601\">Casual<\/td>\n<\/tr>\n<tr>\n<td width=\"146\"><strong><b>Culoare<\/b><\/strong><strong><b>:<\/b><\/strong><\/td>\n<td width=\"601\">\u00a0Culori personalizate<\/td>\n<\/tr>\n<tr>\n<td width=\"146\"><strong><b>Dimensiune:<\/b><\/strong><\/td>\n<td width=\"601\">S \/M \/L \/XL \/2XL<\/td>\n<\/tr>\n<tr>\n<td width=\"146\"><strong><b>OEM\/ODM:<\/b><\/strong><\/td>\n<td width=\"601\">Acceptabil<\/td>\n<\/tr>\n<tr>\n<td width=\"146\"><strong><b>Calitate:<\/b><\/strong><\/td>\n<td width=\"601\">100% De \u00eenalt\u0103 calitate<\/td>\n<\/tr>\n<tr>\n<td width=\"146\"><strong><b>M<\/b><\/strong><strong><b>OQ:<\/b><\/strong><\/td>\n<td width=\"601\">200 buc<\/td>\n<\/tr>\n<\/tbody>\n<\/table>","protected":false},"featured_media":1776,"template":"","meta":[],"product_brand":[],"product_cat":[38],"product_tag":[],"class_list":{"0":"post-1774","1":"product","2":"type-product","3":"status-publish","4":"has-post-thumbnail","6":"product_cat-mens-clothing","8":"first","9":"instock","10":"shipping-taxable","11":"product-type-simple"},"_links":{"self":[{"href":"https:\/\/mj-clothing.com\/ro\/wp-json\/wp\/v2\/product\/1774","targetHints":{"allow":["GET"]}}],"collection":[{"href":"https:\/\/mj-clothing.com\/ro\/wp-json\/wp\/v2\/product"}],"about":[{"href":"https:\/\/mj-clothing.com\/ro\/wp-json\/wp\/v2\/types\/product"}],"wp:featuredmedia":[{"embeddable":true,"href":"https:\/\/mj-clothing.com\/ro\/wp-json\/wp\/v2\/media\/1776"}],"wp:attachment":[{"href":"https:\/\/mj-clothing.com\/ro\/wp-json\/wp\/v2\/media?parent=1774"}],"wp:term":[{"taxonomy":"product_brand","embeddable":true,"href":"https:\/\/mj-clothing.com\/ro\/wp-json\/wp\/v2\/product_brand?post=1774"},{"taxonomy":"product_cat","embeddable":true,"href":"https:\/\/mj-clothing.com\/ro\/wp-json\/wp\/v2\/product_cat?post=1774"},{"taxonomy":"product_tag","embeddable":true,"href":"https:\/\/mj-clothing.com\/ro\/wp-json\/wp\/v2\/product_tag?post=1774"}],"curies":[{"name":"wp","href":"https:\/\/api.w.org\/{rel}","templated":true}]}}