{"id":1777,"date":"2024-12-14T03:30:07","date_gmt":"2024-12-14T03:30:07","guid":{"rendered":"https:\/\/mj-clothing.com\/?post_type=product&#038;p=1777"},"modified":"2024-12-17T07:04:15","modified_gmt":"2024-12-17T07:04:15","slug":"cropped-leather-jacket","status":"publish","type":"product","link":"https:\/\/mj-clothing.com\/ro\/manufacturer\/cropped-leather-jacket\/","title":{"rendered":"Jachet\u0103 din piele cropped"},"content":{"rendered":"<p data-sourcepos=\"1:1-1:117\">O jachet\u0103 de piele cropped este o pies\u0103 elegant\u0103 \u0219i versatil\u0103 care poate ridica orice \u021binut\u0103. Iat\u0103 de ce \u021bi-ar putea pl\u0103cea una:<\/p>\n<h3 data-sourcepos=\"3:1-3:40\"><strong>De ce s\u0103 alege\u021bi o jachet\u0103 de piele cu croial\u0103?<\/strong><\/h3>\n<ul data-sourcepos=\"5:1-9:0\">\n<li data-sourcepos=\"5:1-5:120\"><strong><span class=\"citation-0 recitation\">Trendy \u0219i modern:<\/span><\/strong><span class=\"citation-0 recitation citation-end-0\"> Jachetele cropped sunt o tendin\u021b\u0103 popular\u0103 care poate ad\u0103uga o not\u0103 contemporan\u0103 look-ului t\u0103u.<\/span><\/li>\n<li data-sourcepos=\"5:1-5:120\"><strong style=\"font-size: 14.4px;\">Styling versatil:<\/strong><span style=\"font-size: 14.4px;\"> Poate fi \u00eembr\u0103cat\u0103 \u00een sus sau \u00een jos, ceea ce o face perfect\u0103 pentru diferite ocazii.<\/span><\/li>\n<li data-sourcepos=\"7:1-7:113\"><strong><span class=\"citation-1 recitation\">Potrivire flatant\u0103:<\/span><\/strong><span class=\"citation-1 recitation citation-end-1\"> O jachet\u0103 croit\u0103 \u00ee\u021bi poate accentua talia \u0219i poate crea o siluet\u0103 m\u0103gulitoare.<\/span><\/li>\n<li data-sourcepos=\"7:1-7:113\"><strong style=\"font-size: 14.4px;\">Edgy \u0219i Chic:<\/strong><span style=\"font-size: 14.4px;\"> Pielea adaug\u0103 o not\u0103 de duritate \u0219i sofisticare.<\/span><\/li>\n<\/ul>\n<h3 data-sourcepos=\"10:1-10:42\"><strong>Cum s\u0103 purta\u021bi o jachet\u0103 de piele cu croial\u0103:<\/strong><\/h3>\n<ul data-sourcepos=\"12:1-15:0\">\n<li data-sourcepos=\"12:1-12:82\"><strong>Casual Chic:<\/strong> Asocia\u021bi-l cu blugi, tricou \u0219i adida\u0219i pentru un look relaxat.<\/li>\n<li data-sourcepos=\"13:1-13:102\"><strong>Smart Casual:<\/strong> Poart\u0103-l cu o fust\u0103, o bluz\u0103 \u0219i botine pentru o \u021binut\u0103 feminin\u0103 \u0219i elegant\u0103.<\/li>\n<li data-sourcepos=\"14:1-15:0\"><strong>Uit\u0103-te Edgy:<\/strong> Combin\u0103-l cu pantaloni de piele, un tricou grafic \u0219i cizme pentru o atmosfer\u0103 rock-and-roll.<\/li>\n<\/ul>\n<h3 data-sourcepos=\"16:1-16:47\"><strong>Sfaturi pentru alegerea unei jachete de piele cropped:<\/strong><\/h3>\n<ul data-sourcepos=\"18:1-22:0\">\n<li data-sourcepos=\"18:1-18:71\"><strong>Se potrive\u0219te:<\/strong> Alege\u021bi o jachet\u0103 care s\u0103 vi se potriveasc\u0103 bine \u0219i s\u0103 v\u0103 flateze forma corpului.<\/li>\n<li data-sourcepos=\"19:1-19:60\"><strong>Material:<\/strong> Opta\u021bi pentru piele de \u00eenalt\u0103 calitate, care va rezista.<\/li>\n<li data-sourcepos=\"20:1-20:87\"><strong>Stil:<\/strong> Lua\u021bi \u00een considerare stilul dvs. personal \u0219i alege\u021bi o jachet\u0103 care s\u0103 v\u0103 reflecte gusturile.<\/li>\n<li data-sourcepos=\"21:1-22:0\"><strong>Culoare:<\/strong> Negrul este o alegere clasic\u0103, dar pute\u021bi lua \u00een considerare \u0219i alte culori precum maro sau burgundy.<\/li>\n<\/ul>","protected":false},"excerpt":{"rendered":"<table style=\"height: 523px;\" width=\"508\">\n<tbody>\n<tr>\n<td width=\"146\"><strong><b>Produs<\/b><\/strong>\u00a0<strong><b>Nume:<\/b><\/strong><\/td>\n<td width=\"601\"><strong>Jachet\u0103 din piele cropped<\/strong><\/td>\n<\/tr>\n<tr>\n<td width=\"146\"><strong><b>Materlal:<\/b><\/strong><\/td>\n<td width=\"601\">Poliester\/Cotton<\/td>\n<\/tr>\n<tr>\n<td width=\"146\"><strong><b>Tehnic\u0103:<\/b><\/strong><\/td>\n<td width=\"601\">Piele<\/td>\n<\/tr>\n<tr>\n<td width=\"146\"><strong><b>Stil:<\/b><\/strong><\/td>\n<td width=\"601\">Casual<\/td>\n<\/tr>\n<tr>\n<td width=\"146\"><strong><b>Culoare<\/b><\/strong><strong><b>:<\/b><\/strong><\/td>\n<td width=\"601\">\u00a0Culori personalizate<\/td>\n<\/tr>\n<tr>\n<td width=\"146\"><strong><b>Dimensiune:<\/b><\/strong><\/td>\n<td width=\"601\">S \/M \/L \/XL \/2XL<\/td>\n<\/tr>\n<tr>\n<td width=\"146\"><strong><b>OEM\/ODM:<\/b><\/strong><\/td>\n<td width=\"601\">Acceptabil<\/td>\n<\/tr>\n<tr>\n<td width=\"146\"><strong><b>Calitate:<\/b><\/strong><\/td>\n<td width=\"601\">100% De \u00eenalt\u0103 calitate<\/td>\n<\/tr>\n<tr>\n<td width=\"146\"><strong><b>M<\/b><\/strong><strong><b>OQ:<\/b><\/strong><\/td>\n<td width=\"601\">200 buc<\/td>\n<\/tr>\n<\/tbody>\n<\/table>","protected":false},"featured_media":1781,"template":"","meta":[],"product_brand":[],"product_cat":[38],"product_tag":[],"class_list":{"0":"post-1777","1":"product","2":"type-product","3":"status-publish","4":"has-post-thumbnail","6":"product_cat-mens-clothing","8":"first","9":"instock","10":"shipping-taxable","11":"product-type-simple"},"_links":{"self":[{"href":"https:\/\/mj-clothing.com\/ro\/wp-json\/wp\/v2\/product\/1777","targetHints":{"allow":["GET"]}}],"collection":[{"href":"https:\/\/mj-clothing.com\/ro\/wp-json\/wp\/v2\/product"}],"about":[{"href":"https:\/\/mj-clothing.com\/ro\/wp-json\/wp\/v2\/types\/product"}],"wp:featuredmedia":[{"embeddable":true,"href":"https:\/\/mj-clothing.com\/ro\/wp-json\/wp\/v2\/media\/1781"}],"wp:attachment":[{"href":"https:\/\/mj-clothing.com\/ro\/wp-json\/wp\/v2\/media?parent=1777"}],"wp:term":[{"taxonomy":"product_brand","embeddable":true,"href":"https:\/\/mj-clothing.com\/ro\/wp-json\/wp\/v2\/product_brand?post=1777"},{"taxonomy":"product_cat","embeddable":true,"href":"https:\/\/mj-clothing.com\/ro\/wp-json\/wp\/v2\/product_cat?post=1777"},{"taxonomy":"product_tag","embeddable":true,"href":"https:\/\/mj-clothing.com\/ro\/wp-json\/wp\/v2\/product_tag?post=1777"}],"curies":[{"name":"wp","href":"https:\/\/api.w.org\/{rel}","templated":true}]}}