{"id":1785,"date":"2024-12-14T03:42:50","date_gmt":"2024-12-14T03:42:50","guid":{"rendered":"https:\/\/mj-clothing.com\/?post_type=product&#038;p=1785"},"modified":"2024-12-17T07:02:12","modified_gmt":"2024-12-17T07:02:12","slug":"mens-full-zip-sweater","status":"publish","type":"product","link":"https:\/\/mj-clothing.com\/ro\/manufacturer\/mens-full-zip-sweater\/","title":{"rendered":"Mens Full Zip pulover"},"content":{"rendered":"<p data-sourcepos=\"1:1-1:236\"><span class=\"citation-0 recitation citation-end-0\">Un pulover Full Zip pentru b\u0103rba\u021bi este o pies\u0103 de \u00eembr\u0103c\u0103minte versatil\u0103, care poate fi purtat\u0103 \u00een diferite condi\u021bii meteorologice \u0219i stilizat\u0103 pentru diferite ocazii.<\/span> Acesta ofer\u0103 o alternativ\u0103 confortabil\u0103 \u0219i elegant\u0103 la un pulover tradi\u021bional.<span class=\"button-container hide-from-message-actions ng-star-inserted\"> \u00a0<\/span><\/p>\n<h3><strong style=\"font-size: 14.4px;\">Caracteristici cheie ale unui pulover Full Zip pentru b\u0103rba\u021bi:<\/strong><\/h3>\n<ul data-sourcepos=\"5:1-9:0\">\n<li data-sourcepos=\"5:1-5:116\"><strong>\u00cenchidere full-zip:<\/strong> Designul cu fermoar complet permite \u00eembr\u0103carea \u0219i scoaterea u\u0219oar\u0103 \u0219i poate fi ajustat pentru a regla temperatura.<\/li>\n<li data-sourcepos=\"6:1-6:127\"><strong>C\u0103ldur\u0103 \u0219i confort:<\/strong> <span class=\"citation-1 recitation citation-end-1\">Puloverele cu fermoar complet sunt adesea fabricate din materiale c\u0103lduroase, cum ar fi l\u00e2na, fleece sau un amestec de l\u00e2n\u0103.<\/span><span class=\"button-container hide-from-message-actions ng-star-inserted\">\u00a0 \u00a0<\/span>\n<div class=\"container ng-tns-c2946245707-175 hide\">\n<div class=\"carousel-container ng-tns-c2946245707-175\"><\/div>\n<\/div>\n<\/li>\n<li data-sourcepos=\"7:1-7:134\"><strong>Styling versatil:<\/strong> <span class=\"citation-2 recitation citation-end-2\">Acestea pot fi suprapuse peste c\u0103m\u0103\u0219i sau purtate singure, \u00een func\u021bie de vreme \u0219i de aspectul dorit.<\/span><\/li>\n<li data-sourcepos=\"7:1-7:134\"><strong><span class=\"citation-3 recitation\">Buzunare func\u021bionale:<\/span><\/strong><span class=\"citation-3 recitation citation-end-3\"> Multe pulovere cu fermoar complet sunt prev\u0103zute cu buzunare pentru a v\u0103 \u021bine m\u00e2inile calde sau pentru a depozita obiecte mici.<\/span><span class=\"button-container hide-from-message-actions ng-star-inserted\">\u00a0<\/span>\n<div class=\"container ng-tns-c2946245707-177 hide\">\n<div class=\"carousel-container ng-tns-c2946245707-177\"><\/div>\n<\/div>\n<\/li>\n<\/ul>\n<h2 data-sourcepos=\"10:1-10:42\"><strong>Cum s\u0103 stiliza\u021bi un pulover Full Zip pentru b\u0103rba\u021bi:<\/strong><\/h2>\n<ul data-sourcepos=\"12:1-15:0\">\n<li data-sourcepos=\"12:1-12:77\"><strong>Casual:<\/strong> Asocia\u021bi-l cu blugi, tricou \u0219i adida\u0219i pentru un look relaxat.<\/li>\n<li data-sourcepos=\"13:1-13:96\"><strong>Smart Casual:<\/strong> Purta\u021bi-l cu pantaloni chino, o c\u0103ma\u0219\u0103 cu nasturi \u0219i mocasini pentru o \u021binut\u0103 \u00eengrijit\u0103.<\/li>\n<li data-sourcepos=\"14:1-15:0\"><strong>Activit\u0103\u021bi \u00een aer liber:<\/strong> Pune\u021bi-l peste un hanorac sau un hanorac cu glug\u0103 pentru mai mult\u0103 c\u0103ldur\u0103 \u00een timpul aventurilor \u00een aer liber.<\/li>\n<\/ul>\n<h3 data-sourcepos=\"16:1-16:47\"><strong>Branduri populare pentru Mens Full Zip Sweater:<\/strong><\/h3>\n<ul data-sourcepos=\"18:1-21:0\">\n<li data-sourcepos=\"18:1-18:71\"><strong><span class=\"citation-4 recitation\">M\u0103rci \u00een aer liber:<\/span><\/strong><span class=\"citation-4 recitation citation-end-4\"> The North Face, Patagonia, Arc'teryx<\/span><span class=\"button-container hide-from-message-actions ng-star-inserted\"> \u00a0<\/span><\/li>\n<li data-sourcepos=\"18:1-18:71\"><strong style=\"font-size: 14.4px;\">M\u0103rci de stil de via\u021b\u0103:<\/strong><span style=\"font-size: 14.4px;\"> Ralph Lauren, Tommy Hilfiger, J.Crew<\/span><\/li>\n<li data-sourcepos=\"20:1-21:0\"><strong>M\u0103rci tehnice:<\/strong> Under Armour, Nike, Adidas<\/li>\n<\/ul>\n<p data-sourcepos=\"22:1-22:111\"><strong>Nu uita\u021bi, cheia alegerii unui pulover cu fermoar complet este s\u0103 lua\u021bi \u00een considerare materialul, potrivirea \u0219i stilul dvs. personal.<\/strong><\/p>","protected":false},"excerpt":{"rendered":"<table style=\"height: 424px;\" width=\"509\">\n<tbody>\n<tr>\n<td width=\"146\"><strong><b>Produs<\/b><\/strong>\u00a0<strong><b>Nume:<\/b><\/strong><\/td>\n<td width=\"601\"><strong>Mens Full Zip pulover<\/strong><\/td>\n<\/tr>\n<tr>\n<td width=\"146\"><strong><b>Materlal:<\/b><\/strong><\/td>\n<td width=\"601\">Poliester\/Cotton<\/td>\n<\/tr>\n<tr>\n<td width=\"146\"><strong><b>Tehnic\u0103:<\/b><\/strong><\/td>\n<td width=\"601\">\u021aes\u0103tur\u0103<\/td>\n<\/tr>\n<tr>\n<td width=\"146\"><strong><b>Stil:<\/b><\/strong><\/td>\n<td width=\"601\">Casual<\/td>\n<\/tr>\n<tr>\n<td width=\"146\"><strong><b>Culoare<\/b><\/strong><strong><b>:<\/b><\/strong><\/td>\n<td width=\"601\">\u00a0Culori personalizate<\/td>\n<\/tr>\n<tr>\n<td width=\"146\"><strong><b>Dimensiune:<\/b><\/strong><\/td>\n<td width=\"601\">S \/M \/L \/XL \/2XL<\/td>\n<\/tr>\n<tr>\n<td width=\"146\"><strong><b>OEM\/ODM:<\/b><\/strong><\/td>\n<td width=\"601\">Acceptabil<\/td>\n<\/tr>\n<tr>\n<td width=\"146\"><strong><b>Calitate:<\/b><\/strong><\/td>\n<td width=\"601\">100% De \u00eenalt\u0103 calitate<\/td>\n<\/tr>\n<tr>\n<td width=\"146\"><strong><b>M<\/b><\/strong><strong><b>OQ:<\/b><\/strong><\/td>\n<td width=\"601\">200 buc<\/td>\n<\/tr>\n<\/tbody>\n<\/table>","protected":false},"featured_media":1790,"template":"","meta":[],"product_brand":[],"product_cat":[38],"product_tag":[],"class_list":{"0":"post-1785","1":"product","2":"type-product","3":"status-publish","4":"has-post-thumbnail","6":"product_cat-mens-clothing","8":"first","9":"instock","10":"shipping-taxable","11":"product-type-simple"},"_links":{"self":[{"href":"https:\/\/mj-clothing.com\/ro\/wp-json\/wp\/v2\/product\/1785","targetHints":{"allow":["GET"]}}],"collection":[{"href":"https:\/\/mj-clothing.com\/ro\/wp-json\/wp\/v2\/product"}],"about":[{"href":"https:\/\/mj-clothing.com\/ro\/wp-json\/wp\/v2\/types\/product"}],"wp:featuredmedia":[{"embeddable":true,"href":"https:\/\/mj-clothing.com\/ro\/wp-json\/wp\/v2\/media\/1790"}],"wp:attachment":[{"href":"https:\/\/mj-clothing.com\/ro\/wp-json\/wp\/v2\/media?parent=1785"}],"wp:term":[{"taxonomy":"product_brand","embeddable":true,"href":"https:\/\/mj-clothing.com\/ro\/wp-json\/wp\/v2\/product_brand?post=1785"},{"taxonomy":"product_cat","embeddable":true,"href":"https:\/\/mj-clothing.com\/ro\/wp-json\/wp\/v2\/product_cat?post=1785"},{"taxonomy":"product_tag","embeddable":true,"href":"https:\/\/mj-clothing.com\/ro\/wp-json\/wp\/v2\/product_tag?post=1785"}],"curies":[{"name":"wp","href":"https:\/\/api.w.org\/{rel}","templated":true}]}}