{"id":1802,"date":"2024-12-14T06:48:03","date_gmt":"2024-12-14T06:48:03","guid":{"rendered":"https:\/\/mj-clothing.com\/?post_type=product&#038;p=1802"},"modified":"2024-12-17T06:59:40","modified_gmt":"2024-12-17T06:59:40","slug":"mens-mohair-sweater","status":"publish","type":"product","link":"https:\/\/mj-clothing.com\/ro\/manufacturer\/mens-mohair-sweater\/","title":{"rendered":"Pulover Mohair pentru b\u0103rba\u021bi"},"content":{"rendered":"<h2 data-sourcepos=\"1:1-1:44\">Pulovere din mohair pentru b\u0103rba\u021bi: O alegere luxoas\u0103<\/h2>\n<p data-sourcepos=\"3:1-3:167\"><span class=\"citation-0 recitation citation-end-0\">Un pulover de mohair pentru b\u0103rba\u021bi este un articol de \u00eembr\u0103c\u0103minte luxos, realizat din fibra fin\u0103 \u0219i moale a caprei Angora.<\/span> Mohair este cunoscut pentru calit\u0103\u021bile sale excep\u021bionale, inclusiv:<span class=\"button-container hide-from-message-actions ng-star-inserted\">\u00a0<\/span><\/p>\n<div class=\"container ng-tns-c2946245707-308 hide\">\n<div class=\"carousel-container ng-tns-c2946245707-308\">\n<div class=\"carousel-content ng-tns-c2946245707-308\">\n<div class=\"sources-carousel-source ng-tns-c2946245707-308 hide ng-star-inserted\" data-test-id=\"sources-carousel-source\"><\/div>\n<\/div>\n<\/div>\n<\/div>\n<ul data-sourcepos=\"5:1-9:0\">\n<li data-sourcepos=\"5:1-5:70\"><strong>Softness:<\/strong> Mohairul este incredibil de moale, adesea mai moale dec\u00e2t ca\u0219mirul.<\/li>\n<li data-sourcepos=\"6:1-6:94\"><strong>C\u0103ldura:<\/strong> <span class=\"citation-1 recitation citation-end-1\">Ofer\u0103 o izola\u021bie excelent\u0103, men\u021bin\u00e2ndu-v\u0103 cald pe vreme rece.<\/span><span class=\"button-container hide-from-message-actions ng-star-inserted\"> \u00a0<\/span><\/li>\n<li data-sourcepos=\"6:1-6:94\"><span class=\"button-container hide-from-message-actions ng-star-inserted\"><strong style=\"font-size: 14.4px;\"><span class=\"citation-2 recitation\">Durabilitate:<\/span><\/strong><span class=\"citation-2 recitation citation-end-2\" style=\"font-size: 14.4px;\"> Mohairul este durabil \u0219i rezistent la pilling.<\/span><\/span>\n<div class=\"container ng-tns-c2946245707-310 hide\">\n<div class=\"carousel-container ng-tns-c2946245707-310\"><\/div>\n<\/div>\n<\/li>\n<li data-sourcepos=\"8:1-9:0\"><strong><span class=\"citation-3 recitation\">Lustru:<\/span><\/strong><span class=\"citation-3 recitation citation-end-3\"> Mohair are un luciu natural care \u00eei confer\u0103 o str\u0103lucire unic\u0103.<\/span>\n<div class=\"container ng-tns-c2946245707-311 hide\">\n<div class=\"carousel-container ng-tns-c2946245707-311\"><\/div>\n<\/div>\n<\/li>\n<\/ul>\n<h3 data-sourcepos=\"10:1-10:32\"><strong>De ce s\u0103 alege\u021bi un pulover Mohair pentru b\u0103rba\u021bi?<\/strong><\/h3>\n<ul data-sourcepos=\"12:1-16:0\">\n<li data-sourcepos=\"12:1-12:93\"><strong>Senza\u021bie de lux:<\/strong> Textura moale \u0219i m\u0103t\u0103soas\u0103 a fibrei de mohair se simte minunat pe piele.<\/li>\n<li data-sourcepos=\"13:1-13:118\"><strong><span class=\"citation-4 recitation\">C\u0103ldur\u0103 excep\u021bional\u0103:<\/span><\/strong><span class=\"citation-4 recitation citation-end-4\"> Puloverele din mohair sunt perfecte pentru vremea rece, men\u021bin\u00e2ndu-v\u0103 confortabil \u0219i confortabil.<\/span><span class=\"button-container hide-from-message-actions ng-star-inserted\">\u00a0<\/span>\n<div class=\"container ng-tns-c2946245707-312 hide\">\n<div class=\"carousel-container ng-tns-c2946245707-312\"><\/div>\n<\/div>\n<\/li>\n<li data-sourcepos=\"14:1-14:99\"><strong>Stil \u0219i elegan\u021b\u0103:<\/strong> Puloverele din mohair pot ridica orice \u021binut\u0103, ad\u0103ug\u00e2nd o not\u0103 de rafinament.<\/li>\n<li data-sourcepos=\"15:1-16:0\"><strong>Textura unic\u0103:<\/strong> Textura unic\u0103 a mohairului adaug\u0103 interes vizual garderobei tale.<\/li>\n<\/ul>\n<h3 data-sourcepos=\"17:1-17:34\"><strong>Cum s\u0103 purta\u021bi un pulover din mohair:<\/strong><\/h3>\n<ul data-sourcepos=\"19:1-22:0\">\n<li data-sourcepos=\"19:1-19:77\"><strong>Casual:<\/strong> Asocia\u021bi-l cu blugi, tricou \u0219i adida\u0219i pentru un look relaxat.<\/li>\n<li data-sourcepos=\"20:1-20:96\"><strong>Smart Casual:<\/strong> Purta\u021bi-l cu pantaloni chino, o c\u0103ma\u0219\u0103 cu nasturi \u0219i mocasini pentru o \u021binut\u0103 \u00eengrijit\u0103.<\/li>\n<li data-sourcepos=\"21:1-22:0\"><strong>Formal:<\/strong> Pune-l peste o c\u0103ma\u0219\u0103 \u0219i o cravat\u0103 pentru un look sofisticat.<\/li>\n<\/ul>\n<h3 data-sourcepos=\"23:1-23:40\"><strong>Unde s\u0103 g\u0103si\u021bi pulovere din mohair pentru b\u0103rba\u021bi:<\/strong><\/h3>\n<ul data-sourcepos=\"25:1-28:0\">\n<li data-sourcepos=\"25:1-25:90\"><strong>Magazine de lux:<\/strong> C\u0103uta\u021bi m\u0103rci de lux specializate \u00een tricotaje fine.<\/li>\n<li data-sourcepos=\"26:1-26:130\"><strong><span class=\"citation-5 recitation\">Retaileri online:<\/span><\/strong><span class=\"citation-5 recitation citation-end-5\"> Site-uri precum Amazon, Etsy \u0219i al\u021bi comercian\u021bi cu am\u0103nuntul online ofer\u0103 o gam\u0103 larg\u0103 de pulovere din mohair.<\/span>\n<div class=\"container ng-tns-c2946245707-313 hide\">\n<div class=\"carousel-container ng-tns-c2946245707-313\"><\/div>\n<\/div>\n<\/li>\n<li data-sourcepos=\"27:1-28:0\"><strong>Magazine de specialitate:<\/strong> Magazinele specializate \u00een fibre de lux \u0219i mod\u0103 durabil\u0103 pot comercializa pulovere din mohair.<\/li>\n<\/ul>\n<p data-sourcepos=\"29:1-29:222\"><strong>Aminti\u021bi-v\u0103:<\/strong> Atunci c\u00e2nd cump\u0103ra\u021bi un pulover din mohair, c\u0103uta\u021bi o fibr\u0103 de \u00eenalt\u0103 calitate, provenit\u0103 din surse etice. De asemenea, lua\u021bi \u00een considerare greutatea \u0219i grosimea puloverului, deoarece acestea \u00eei vor afecta c\u0103ldura \u0219i adaptabilitatea la diferite clime.<\/p>","protected":false},"excerpt":{"rendered":"<table style=\"height: 484px;\" width=\"506\">\n<tbody>\n<tr>\n<td width=\"146\"><strong><b>Produs<\/b><\/strong>\u00a0<strong><b>Nume:<\/b><\/strong><\/td>\n<td width=\"601\"><strong>Pulover Mohair pentru b\u0103rba\u021bi<\/strong><\/td>\n<\/tr>\n<tr>\n<td width=\"146\"><strong><b>Materlal:<\/b><\/strong><\/td>\n<td width=\"601\">Poliester\/Cotton<\/td>\n<\/tr>\n<tr>\n<td width=\"146\"><strong><b>Tehnic\u0103:<\/b><\/strong><\/td>\n<td width=\"601\">\u021aes\u0103tur\u0103<\/td>\n<\/tr>\n<tr>\n<td width=\"146\"><strong><b>Stil:<\/b><\/strong><\/td>\n<td width=\"601\">Casual<\/td>\n<\/tr>\n<tr>\n<td width=\"146\"><strong><b>Culoare<\/b><\/strong><strong><b>:<\/b><\/strong><\/td>\n<td width=\"601\">\u00a0Culori personalizate<\/td>\n<\/tr>\n<tr>\n<td width=\"146\"><strong><b>Dimensiune:<\/b><\/strong><\/td>\n<td width=\"601\">S \/M \/L \/XL \/2XL<\/td>\n<\/tr>\n<tr>\n<td width=\"146\"><strong><b>OEM\/ODM:<\/b><\/strong><\/td>\n<td width=\"601\">Acceptabil<\/td>\n<\/tr>\n<tr>\n<td width=\"146\"><strong><b>Calitate:<\/b><\/strong><\/td>\n<td width=\"601\">100% De \u00eenalt\u0103 calitate<\/td>\n<\/tr>\n<tr>\n<td width=\"146\"><strong><b>M<\/b><\/strong><strong><b>OQ:<\/b><\/strong><\/td>\n<td width=\"601\">200 buc<\/td>\n<\/tr>\n<\/tbody>\n<\/table>","protected":false},"featured_media":1803,"template":"","meta":[],"product_brand":[],"product_cat":[38],"product_tag":[],"class_list":{"0":"post-1802","1":"product","2":"type-product","3":"status-publish","4":"has-post-thumbnail","6":"product_cat-mens-clothing","8":"first","9":"instock","10":"shipping-taxable","11":"product-type-simple"},"_links":{"self":[{"href":"https:\/\/mj-clothing.com\/ro\/wp-json\/wp\/v2\/product\/1802","targetHints":{"allow":["GET"]}}],"collection":[{"href":"https:\/\/mj-clothing.com\/ro\/wp-json\/wp\/v2\/product"}],"about":[{"href":"https:\/\/mj-clothing.com\/ro\/wp-json\/wp\/v2\/types\/product"}],"wp:featuredmedia":[{"embeddable":true,"href":"https:\/\/mj-clothing.com\/ro\/wp-json\/wp\/v2\/media\/1803"}],"wp:attachment":[{"href":"https:\/\/mj-clothing.com\/ro\/wp-json\/wp\/v2\/media?parent=1802"}],"wp:term":[{"taxonomy":"product_brand","embeddable":true,"href":"https:\/\/mj-clothing.com\/ro\/wp-json\/wp\/v2\/product_brand?post=1802"},{"taxonomy":"product_cat","embeddable":true,"href":"https:\/\/mj-clothing.com\/ro\/wp-json\/wp\/v2\/product_cat?post=1802"},{"taxonomy":"product_tag","embeddable":true,"href":"https:\/\/mj-clothing.com\/ro\/wp-json\/wp\/v2\/product_tag?post=1802"}],"curies":[{"name":"wp","href":"https:\/\/api.w.org\/{rel}","templated":true}]}}