{"id":1804,"date":"2024-12-14T06:55:24","date_gmt":"2024-12-14T06:55:24","guid":{"rendered":"https:\/\/mj-clothing.com\/?post_type=product&#038;p=1804"},"modified":"2024-12-17T06:56:31","modified_gmt":"2024-12-17T06:56:31","slug":"mens-cashmere-sweater","status":"publish","type":"product","link":"https:\/\/mj-clothing.com\/ro\/manufacturer\/mens-cashmere-sweater\/","title":{"rendered":"Pulover de ca\u0219mir pentru b\u0103rba\u021bi"},"content":{"rendered":"<p data-sourcepos=\"1:1-1:177\"><span class=\"citation-0 recitation citation-end-0\">Un pulover de ca\u0219mir pentru b\u0103rba\u021bi este o pies\u0103 de \u00eembr\u0103c\u0103minte luxoas\u0103 \u0219i atemporal\u0103, care ofer\u0103 confort \u0219i c\u0103ldur\u0103 de neegalat.<\/span> Iat\u0103 de ce ar trebui s\u0103 v\u0103 g\u00e2ndi\u021bi s\u0103 investi\u021bi \u00eentr-unul:<span class=\"button-container hide-from-message-actions ng-star-inserted\"> \u00a0<\/span><\/p>\n<div class=\"container ng-tns-c2946245707-329 hide\">\n<div class=\"carousel-container ng-tns-c2946245707-329\">\n<div class=\"carousel-content ng-tns-c2946245707-329\">\n<div class=\"sources-carousel-source ng-tns-c2946245707-329 hide ng-star-inserted\" data-test-id=\"sources-carousel-source\"><\/div>\n<\/div>\n<\/div>\n<\/div>\n<h3 data-sourcepos=\"3:1-3:34\"><strong>De ce s\u0103 alege\u021bi un pulover de ca\u0219mir pentru b\u0103rba\u021bi?<\/strong><\/h3>\n<ul data-sourcepos=\"5:1-9:0\">\n<li data-sourcepos=\"5:1-5:124\"><strong><span class=\"citation-1 recitation\">Softness excep\u021bional:<\/span><\/strong><span class=\"citation-1 recitation citation-end-1\"> Ca\u0219mirul este renumit pentru textura sa incredibil de moale, ceea ce \u00eel face o pl\u0103cere s\u0103 fie purtat.<\/span><\/li>\n<li data-sourcepos=\"5:1-5:124\"><span class=\"button-container hide-from-message-actions ng-star-inserted\"><strong style=\"font-size: 14.4px;\"><span class=\"citation-2 recitation\">C\u0103ldura superioar\u0103:<\/span><\/strong><span class=\"citation-2 recitation citation-end-2\" style=\"font-size: 14.4px;\"> \u00cen ciuda naturii sale u\u0219oare, ca\u0219mirul asigur\u0103 o izolare excelent\u0103, men\u021bin\u00e2ndu-v\u0103 cald \u00een vreme rece.<\/span><\/span>\n<div class=\"container ng-tns-c2946245707-331 hide\">\n<div class=\"carousel-container ng-tns-c2946245707-331\"><\/div>\n<\/div>\n<\/li>\n<li data-sourcepos=\"7:1-7:122\"><strong>Durabilitate:<\/strong> <span class=\"citation-3 recitation citation-end-3\">Ca\u0219mirul de \u00eenalt\u0103 calitate este surprinz\u0103tor de durabil \u0219i poate rezista mul\u021bi ani cu o \u00eengrijire corespunz\u0103toare.<\/span><span class=\"button-container hide-from-message-actions ng-star-inserted\">\u00a0<\/span>\n<div class=\"container ng-tns-c2946245707-332 hide\">\n<div class=\"carousel-container ng-tns-c2946245707-332\"><\/div>\n<\/div>\n<\/li>\n<li data-sourcepos=\"8:1-9:0\"><strong><span class=\"citation-4 recitation\">Hipoalergenic:<\/span><\/strong><span class=\"citation-4 recitation citation-end-4\"> Ca\u0219mirul este hipoalergenic, ceea ce \u00eel face potrivit pentru cei cu pielea sensibil\u0103.<\/span><span class=\"button-container hide-from-message-actions ng-star-inserted\">\u00a0<\/span>\n<div class=\"container ng-tns-c2946245707-333 hide\">\n<div class=\"carousel-container ng-tns-c2946245707-333\">\n<div class=\"carousel-content ng-tns-c2946245707-333\">\n<div class=\"sources-carousel-source ng-tns-c2946245707-333 hide ng-star-inserted\" data-test-id=\"sources-carousel-source\"><\/div>\n<\/div>\n<\/div>\n<\/div>\n<\/li>\n<\/ul>\n<h3 data-sourcepos=\"10:1-10:36\"><strong>Cum s\u0103 stiliza\u021bi un pulover de ca\u0219mir pentru b\u0103rba\u021bi:<\/strong><\/h3>\n<ul data-sourcepos=\"12:1-15:0\">\n<li data-sourcepos=\"12:1-12:77\">\n<h3><strong>Casual:<\/strong> Asocia\u021bi-l cu blugi, tricou \u0219i adida\u0219i pentru un look relaxat.<\/h3>\n<\/li>\n<li data-sourcepos=\"13:1-13:96\"><strong>Smart Casual:<\/strong> Purta\u021bi-l cu pantaloni chino, o c\u0103ma\u0219\u0103 cu nasturi \u0219i mocasini pentru o \u021binut\u0103 \u00eengrijit\u0103.<\/li>\n<li data-sourcepos=\"14:1-15:0\"><strong>Formal:<\/strong> Pune-l peste o c\u0103ma\u0219\u0103 \u0219i o cravat\u0103 pentru un look sofisticat.<\/li>\n<\/ul>\n<h3 data-sourcepos=\"16:1-16:42\"><strong>Unde s\u0103 g\u0103si\u021bi pulovere de ca\u0219mir pentru b\u0103rba\u021bi:<\/strong><\/h3>\n<ul data-sourcepos=\"18:1-21:0\">\n<li data-sourcepos=\"18:1-18:90\"><strong>Magazine de lux:<\/strong> C\u0103uta\u021bi m\u0103rci de lux specializate \u00een tricotaje fine.<\/li>\n<li data-sourcepos=\"19:1-19:132\"><strong><span class=\"citation-5 recitation\">Retaileri online:<\/span><\/strong><span class=\"citation-5 recitation citation-end-5\"> Site-uri precum Amazon, Etsy \u0219i al\u021bi comercian\u021bi cu am\u0103nuntul online ofer\u0103 o gam\u0103 larg\u0103 de pulovere din ca\u0219mir.<\/span><\/li>\n<li data-sourcepos=\"19:1-19:132\"><strong style=\"font-size: 14.4px;\">Magazine de specialitate:<\/strong><span style=\"font-size: 14.4px;\"> Magazinele specializate \u00een fibre de lux \u0219i mod\u0103 durabil\u0103 pot avea pulovere din ca\u0219mir.<\/span><\/li>\n<\/ul>\n<h3 data-sourcepos=\"22:1-22:41\"><strong>Sfaturi pentru alegerea unui pulover de ca\u0219mir pentru b\u0103rba\u021bi:<\/strong><\/h3>\n<ul data-sourcepos=\"24:1-28:0\">\n<li data-sourcepos=\"24:1-24:94\"><strong>Calitate:<\/strong> C\u0103uta\u021bi ca\u0219mir de \u00eenalt\u0103 calitate, moale, neted \u0219i f\u0103r\u0103 imperfec\u021biuni.<\/li>\n<li data-sourcepos=\"25:1-25:95\"><strong>Greutate:<\/strong> Lua\u021bi \u00een considerare greutatea puloverului, deoarece puloverele mai grele vor oferi mai mult\u0103 c\u0103ldur\u0103.<\/li>\n<li data-sourcepos=\"26:1-26:72\"><strong>Se potrive\u0219te:<\/strong> Alege\u021bi un pulover care se potrive\u0219te bine \u0219i v\u0103 flateaz\u0103 forma corpului.<\/li>\n<li data-sourcepos=\"27:1-28:0\"><strong>Stil:<\/strong> Selecta\u021bi un stil care se potrive\u0219te gustului dvs. personal, fie c\u0103 este vorba de un g\u00e2t rotund, g\u00e2t \u00een V sau g\u00e2t \u00eenalt.<\/li>\n<\/ul>\n<h4 data-sourcepos=\"29:1-29:37\"><strong>\u00cengrijirea puloverului de ca\u0219mir:<\/strong><\/h4>\n<ul data-sourcepos=\"31:1-34:0\">\n<li data-sourcepos=\"31:1-31:50\">Sp\u0103la\u021bi manual \u00een ap\u0103 rece cu un detergent delicat.<\/li>\n<li data-sourcepos=\"32:1-32:31\">Usca\u021bi plat pentru a evita \u00eentinderea.<\/li>\n<li data-sourcepos=\"33:1-34:0\">A se p\u0103stra \u00eentr-un loc r\u0103coros, uscat, ferit de lumina direct\u0103 a soarelui.<\/li>\n<\/ul>\n<p data-sourcepos=\"35:1-35:144\">Investind \u00eentr-un pulover din ca\u0219mir de \u00eenalt\u0103 calitate, nu ob\u021bine\u021bi doar un articol de \u00eembr\u0103c\u0103minte elegant \u0219i confortabil, ci \u0219i o pies\u0103 de lux atemporal.<\/p>\n<div class=\"attachment-container search-images\">\n<div class=\"image-container hide-from-message-actions ng-star-inserted\">\n<div class=\"overlay-container ng-star-inserted\"><\/div>\n<\/div>\n<\/div>","protected":false},"excerpt":{"rendered":"<table style=\"height: 529px;\" width=\"500\">\n<tbody>\n<tr>\n<td width=\"146\"><strong><b>Produs<\/b><\/strong>\u00a0<strong><b>Nume:<\/b><\/strong><\/td>\n<td width=\"601\"><strong>Pulover de ca\u0219mir pentru b\u0103rba\u021bi<\/strong><\/td>\n<\/tr>\n<tr>\n<td width=\"146\"><strong><b>Materlal:<\/b><\/strong><\/td>\n<td width=\"601\">Poliester\/Cotton<\/td>\n<\/tr>\n<tr>\n<td width=\"146\"><strong><b>Tehnic\u0103:<\/b><\/strong><\/td>\n<td width=\"601\">\u021aes\u0103tur\u0103<\/td>\n<\/tr>\n<tr>\n<td width=\"146\"><strong><b>Stil:<\/b><\/strong><\/td>\n<td width=\"601\">Casual<\/td>\n<\/tr>\n<tr>\n<td width=\"146\"><strong><b>Culoare<\/b><\/strong><strong><b>:<\/b><\/strong><\/td>\n<td width=\"601\">\u00a0Culori personalizate<\/td>\n<\/tr>\n<tr>\n<td width=\"146\"><strong><b>Dimensiune:<\/b><\/strong><\/td>\n<td width=\"601\">S \/M \/L \/XL \/2XL<\/td>\n<\/tr>\n<tr>\n<td width=\"146\"><strong><b>OEM\/ODM:<\/b><\/strong><\/td>\n<td width=\"601\">Acceptabil<\/td>\n<\/tr>\n<tr>\n<td width=\"146\"><strong><b>Calitate:<\/b><\/strong><\/td>\n<td width=\"601\">100% De \u00eenalt\u0103 calitate<\/td>\n<\/tr>\n<tr>\n<td width=\"146\"><strong><b>M<\/b><\/strong><strong><b>OQ:<\/b><\/strong><\/td>\n<td width=\"601\">200 buc<\/td>\n<\/tr>\n<\/tbody>\n<\/table>","protected":false},"featured_media":1805,"template":"","meta":[],"product_brand":[],"product_cat":[38],"product_tag":[],"class_list":{"0":"post-1804","1":"product","2":"type-product","3":"status-publish","4":"has-post-thumbnail","6":"product_cat-mens-clothing","8":"first","9":"instock","10":"shipping-taxable","11":"product-type-simple"},"_links":{"self":[{"href":"https:\/\/mj-clothing.com\/ro\/wp-json\/wp\/v2\/product\/1804","targetHints":{"allow":["GET"]}}],"collection":[{"href":"https:\/\/mj-clothing.com\/ro\/wp-json\/wp\/v2\/product"}],"about":[{"href":"https:\/\/mj-clothing.com\/ro\/wp-json\/wp\/v2\/types\/product"}],"wp:featuredmedia":[{"embeddable":true,"href":"https:\/\/mj-clothing.com\/ro\/wp-json\/wp\/v2\/media\/1805"}],"wp:attachment":[{"href":"https:\/\/mj-clothing.com\/ro\/wp-json\/wp\/v2\/media?parent=1804"}],"wp:term":[{"taxonomy":"product_brand","embeddable":true,"href":"https:\/\/mj-clothing.com\/ro\/wp-json\/wp\/v2\/product_brand?post=1804"},{"taxonomy":"product_cat","embeddable":true,"href":"https:\/\/mj-clothing.com\/ro\/wp-json\/wp\/v2\/product_cat?post=1804"},{"taxonomy":"product_tag","embeddable":true,"href":"https:\/\/mj-clothing.com\/ro\/wp-json\/wp\/v2\/product_tag?post=1804"}],"curies":[{"name":"wp","href":"https:\/\/api.w.org\/{rel}","templated":true}]}}