{"id":1809,"date":"2024-12-14T07:05:10","date_gmt":"2024-12-14T07:05:10","guid":{"rendered":"https:\/\/mj-clothing.com\/?post_type=product&#038;p=1809"},"modified":"2024-12-17T06:53:15","modified_gmt":"2024-12-17T06:53:15","slug":"mens-quilted-sweater","status":"publish","type":"product","link":"https:\/\/mj-clothing.com\/ro\/manufacturer\/mens-quilted-sweater\/","title":{"rendered":"Pulover matlasat pentru b\u0103rba\u021bi"},"content":{"rendered":"<p data-sourcepos=\"1:1-1:189\"><span class=\"citation-0 recitation citation-end-0\">Un pulover matlasat pentru b\u0103rba\u021bi este o pies\u0103 de \u00eembr\u0103c\u0103minte elegant\u0103 \u0219i func\u021bional\u0103 care ofer\u0103 at\u00e2t c\u0103ldur\u0103, c\u00e2t \u0219i o estetic\u0103 unic\u0103.<\/span> Iat\u0103 de ce ai putea lua \u00een considerare ad\u0103ugarea unuia la garderoba ta:<span class=\"button-container hide-from-message-actions ng-star-inserted\"> \u00a0<\/span><\/p>\n<h3 data-sourcepos=\"3:1-3:33\"><strong>\u00a0 De ce s\u0103 alege\u021bi un pulover matlasat pentru b\u0103rba\u021bi?<\/strong><\/h3>\n<ul data-sourcepos=\"5:1-9:0\">\n<li data-sourcepos=\"5:1-5:139\"><strong>C\u0103ldur\u0103 \u0219i confort:<\/strong> <span class=\"citation-1 recitation citation-end-1\">Designul matlasat capteaz\u0103 aerul, oferind o izolare excelent\u0103 \u0219i men\u021bin\u00e2ndu-v\u0103 cald \u00een vreme rece.<\/span><span class=\"button-container hide-from-message-actions ng-star-inserted\"> \u00a0<\/span>\n<div class=\"container ng-tns-c2946245707-367 hide\">\n<div class=\"carousel-container ng-tns-c2946245707-367\"><\/div>\n<\/div>\n<\/li>\n<li data-sourcepos=\"6:1-6:129\"><strong>Stil \u0219i versatilitate:<\/strong> <span class=\"citation-2 recitation citation-end-2\">Puloverele matlasate pot fi \u00eembr\u0103cate \u00een sus sau \u00een jos, ceea ce le face potrivite pentru diverse ocazii.<\/span><\/li>\n<li data-sourcepos=\"6:1-6:129\"><strong style=\"font-size: 14.4px;\">Estetic\u0103 unic\u0103:<\/strong><span style=\"font-size: 14.4px;\"> Modelul matlasat adaug\u0103 interes vizual \u0219i textur\u0103 \u021binutei tale.<\/span><\/li>\n<li data-sourcepos=\"8:1-9:0\"><strong>Durabilitate:<\/strong> <span class=\"citation-3 recitation citation-end-3\">Puloverele matlasate sunt adesea confec\u021bionate din materiale durabile, ceea ce le asigur\u0103 rezisten\u021ba la uzur\u0103.<\/span><span class=\"button-container hide-from-message-actions ng-star-inserted\">\u00a0<\/span>\n<div class=\"container ng-tns-c2946245707-369 hide\">\n<div class=\"carousel-container ng-tns-c2946245707-369\">\n<div class=\"carousel-content ng-tns-c2946245707-369\">\n<div class=\"sources-carousel-source ng-tns-c2946245707-369 hide ng-star-inserted\" data-test-id=\"sources-carousel-source\"><\/div>\n<\/div>\n<\/div>\n<\/div>\n<\/li>\n<\/ul>\n<h3 data-sourcepos=\"10:1-10:35\"><strong>Cum s\u0103 stiliza\u021bi un pulover matlasat pentru b\u0103rba\u021bi:<\/strong><\/h3>\n<ul data-sourcepos=\"12:1-15:0\">\n<li data-sourcepos=\"12:1-12:77\"><strong>Casual:<\/strong> Asocia\u021bi-l cu blugi, tricou \u0219i adida\u0219i pentru un look relaxat.<\/li>\n<li data-sourcepos=\"13:1-13:96\"><strong>Smart Casual:<\/strong> Purta\u021bi-l cu pantaloni chino, o c\u0103ma\u0219\u0103 cu nasturi \u0219i mocasini pentru o \u021binut\u0103 \u00eengrijit\u0103.<\/li>\n<li data-sourcepos=\"14:1-15:0\"><strong>Activit\u0103\u021bi \u00een aer liber:<\/strong> Pune\u021bi-l peste un hanorac sau un hanorac cu glug\u0103 pentru mai mult\u0103 c\u0103ldur\u0103 \u00een timpul aventurilor \u00een aer liber.<\/li>\n<\/ul>\n<h3 data-sourcepos=\"16:1-16:41\"><strong>Unde s\u0103 g\u0103si\u021bi pulovere matlasate pentru b\u0103rba\u021bi:<\/strong><\/h3>\n<ul data-sourcepos=\"18:1-21:0\">\n<li data-sourcepos=\"18:1-18:86\"><strong>Mari magazine:<\/strong> C\u0103uta\u021bi m\u0103rci care ofer\u0103 o varietate de stiluri \u0219i materiale.<\/li>\n<li data-sourcepos=\"19:1-19:131\"><strong><span class=\"citation-4 recitation\">Retaileri online:<\/span><\/strong><span class=\"citation-4 recitation citation-end-4\"> Site-uri precum Amazon, eBay \u0219i al\u021bi comercian\u021bi cu am\u0103nuntul online ofer\u0103 o gam\u0103 larg\u0103 de pulovere matlasate.<\/span><span class=\"button-container hide-from-message-actions ng-star-inserted\">\u00a0<\/span>\n<div class=\"container ng-tns-c2946245707-370 hide\">\n<div class=\"carousel-container ng-tns-c2946245707-370\">\n<div class=\"carousel-content ng-tns-c2946245707-370\">\n<div class=\"sources-carousel-source ng-tns-c2946245707-370 hide ng-star-inserted\" data-test-id=\"sources-carousel-source\"><\/div>\n<\/div>\n<\/div>\n<\/div>\n<\/li>\n<li data-sourcepos=\"20:1-21:0\"><strong>Magazine de \u00eembr\u0103c\u0103minte pentru exterior:<\/strong> Magazinele specializate \u00een echipamente de exterior au adesea pulovere matlasate concepute pentru activit\u0103\u021bi specifice.<\/li>\n<\/ul>\n<h3 data-sourcepos=\"22:1-22:40\"><strong>Sfaturi pentru alegerea unui pulover matlasat:<\/strong><\/h3>\n<ul data-sourcepos=\"24:1-28:0\">\n<li data-sourcepos=\"24:1-24:169\"><strong>Material:<\/strong> Lua\u021bi \u00een considerare materialul cuverturii, deoarece acesta va afecta c\u0103ldura \u0219i durabilitatea puloverului. L\u00e2na, fleece-ul \u0219i materialele sintetice sunt alegeri comune.<\/li>\n<li data-sourcepos=\"25:1-25:70\"><strong>Se potrive\u0219te:<\/strong> Alege\u021bi un pulover care se potrive\u0219te bine \u0219i este confortabil de purtat.<\/li>\n<li data-sourcepos=\"26:1-26:102\"><strong>Stil:<\/strong> Selecta\u021bi un stil care se potrive\u0219te gustului dvs. personal, cum ar fi un fermoar complet, jum\u0103tate de fermoar sau pulover.<\/li>\n<li data-sourcepos=\"27:1-28:0\"><strong>Culoare \u0219i model:<\/strong> Lua\u021bi \u00een considerare culoarea \u0219i modelul cuverturii pentru a v\u0103 completa garderoba.<\/li>\n<\/ul>\n<p data-sourcepos=\"29:1-29:193\">Investind \u00eentr-un pulover matlasat de \u00eenalt\u0103 calitate, nu ob\u021bine\u021bi doar un articol de \u00eembr\u0103c\u0103minte elegant \u0219i func\u021bional, ci \u0219i o pies\u0103 de \u00eembr\u0103c\u0103minte care v\u0103 va \u021bine de cald \u0219i confortabil pentru anii urm\u0103tori.<\/p>","protected":false},"excerpt":{"rendered":"<table style=\"height: 486px;\" width=\"466\">\n<tbody>\n<tr>\n<td width=\"146\"><strong><b>Produs<\/b><\/strong>\u00a0<strong><b>Nume:<\/b><\/strong><\/td>\n<td width=\"601\"><strong>Pulover matlasat pentru b\u0103rba\u021bi<\/strong><\/td>\n<\/tr>\n<tr>\n<td width=\"146\"><strong><b>Materlal:<\/b><\/strong><\/td>\n<td width=\"601\">Poliester\/Cotton<\/td>\n<\/tr>\n<tr>\n<td width=\"146\"><strong><b>Tehnic\u0103:<\/b><\/strong><\/td>\n<td width=\"601\">\u021aes\u0103tur\u0103<\/td>\n<\/tr>\n<tr>\n<td width=\"146\"><strong><b>Stil:<\/b><\/strong><\/td>\n<td width=\"601\">Casual<\/td>\n<\/tr>\n<tr>\n<td width=\"146\"><strong><b>Culoare<\/b><\/strong><strong><b>:<\/b><\/strong><\/td>\n<td width=\"601\">\u00a0Culori personalizate<\/td>\n<\/tr>\n<tr>\n<td width=\"146\"><strong><b>Dimensiune:<\/b><\/strong><\/td>\n<td width=\"601\">S \/M \/L \/XL \/2XL<\/td>\n<\/tr>\n<tr>\n<td width=\"146\"><strong><b>OEM\/ODM:<\/b><\/strong><\/td>\n<td width=\"601\">Acceptabil<\/td>\n<\/tr>\n<tr>\n<td width=\"146\"><strong><b>Calitate:<\/b><\/strong><\/td>\n<td width=\"601\">100% De \u00eenalt\u0103 calitate<\/td>\n<\/tr>\n<tr>\n<td width=\"146\"><strong><b>M<\/b><\/strong><strong><b>OQ:<\/b><\/strong><\/td>\n<td width=\"601\">200 buc<\/td>\n<\/tr>\n<\/tbody>\n<\/table>","protected":false},"featured_media":1810,"template":"","meta":[],"product_brand":[],"product_cat":[38],"product_tag":[],"class_list":{"0":"post-1809","1":"product","2":"type-product","3":"status-publish","4":"has-post-thumbnail","6":"product_cat-mens-clothing","8":"first","9":"instock","10":"shipping-taxable","11":"product-type-simple"},"_links":{"self":[{"href":"https:\/\/mj-clothing.com\/ro\/wp-json\/wp\/v2\/product\/1809","targetHints":{"allow":["GET"]}}],"collection":[{"href":"https:\/\/mj-clothing.com\/ro\/wp-json\/wp\/v2\/product"}],"about":[{"href":"https:\/\/mj-clothing.com\/ro\/wp-json\/wp\/v2\/types\/product"}],"wp:featuredmedia":[{"embeddable":true,"href":"https:\/\/mj-clothing.com\/ro\/wp-json\/wp\/v2\/media\/1810"}],"wp:attachment":[{"href":"https:\/\/mj-clothing.com\/ro\/wp-json\/wp\/v2\/media?parent=1809"}],"wp:term":[{"taxonomy":"product_brand","embeddable":true,"href":"https:\/\/mj-clothing.com\/ro\/wp-json\/wp\/v2\/product_brand?post=1809"},{"taxonomy":"product_cat","embeddable":true,"href":"https:\/\/mj-clothing.com\/ro\/wp-json\/wp\/v2\/product_cat?post=1809"},{"taxonomy":"product_tag","embeddable":true,"href":"https:\/\/mj-clothing.com\/ro\/wp-json\/wp\/v2\/product_tag?post=1809"}],"curies":[{"name":"wp","href":"https:\/\/api.w.org\/{rel}","templated":true}]}}