{"id":1811,"date":"2024-12-14T07:29:45","date_gmt":"2024-12-14T07:29:45","guid":{"rendered":"https:\/\/mj-clothing.com\/?post_type=product&#038;p=1811"},"modified":"2024-12-17T06:51:19","modified_gmt":"2024-12-17T06:51:19","slug":"mens-hooded-cotton-jacket","status":"publish","type":"product","link":"https:\/\/mj-clothing.com\/ro\/manufacturer\/mens-hooded-cotton-jacket\/","title":{"rendered":"Jachet\u0103 de bumbac cu glug\u0103 pentru b\u0103rba\u021bi"},"content":{"rendered":"<p data-sourcepos=\"1:1-1:194\"><span class=\"citation-0 recitation citation-end-0\">O jachet\u0103 de bumbac cu glug\u0103 pentru b\u0103rba\u021bi este o pies\u0103 de \u00eembr\u0103c\u0103minte exterioar\u0103 versatil\u0103 \u0219i elegant\u0103, care poate fi purtat\u0103 \u00een diverse condi\u021bii meteorologice.<\/span> Iat\u0103 de ce ai putea lua \u00een considerare ad\u0103ugarea unuia la garderoba ta:<span class=\"button-container hide-from-message-actions ng-star-inserted\">\u00a0<\/span><\/p>\n<div class=\"container ng-tns-c2946245707-384 hide\">\n<div class=\"carousel-container ng-tns-c2946245707-384\">\n<div class=\"carousel-content ng-tns-c2946245707-384\">\n<div class=\"sources-carousel-source ng-tns-c2946245707-384 hide ng-star-inserted\" data-test-id=\"sources-carousel-source\"><\/div>\n<\/div>\n<\/div>\n<\/div>\n<h3 data-sourcepos=\"3:1-3:38\"><strong>De ce s\u0103 alege\u021bi o jachet\u0103 de bumbac cu glug\u0103 pentru b\u0103rba\u021bi?<\/strong><\/h3>\n<ul data-sourcepos=\"5:1-9:0\">\n<li data-sourcepos=\"5:1-5:128\"><strong><span class=\"citation-1 recitation\">Confort \u0219i c\u0103ldur\u0103:<\/span><\/strong><span class=\"citation-1 recitation citation-end-1\"> Bumbacul este un material respirabil \u0219i confortabil, care v\u0103 poate \u021bine de cald pe vreme r\u0103coroas\u0103.<\/span><\/li>\n<li data-sourcepos=\"5:1-5:128\"><strong style=\"font-size: 14.4px;\">Versatilitate:<\/strong><span style=\"font-size: 14.4px;\"> O jachet\u0103 de bumbac cu glug\u0103 poate fi \u00eembr\u0103cat\u0103 cu sau f\u0103r\u0103 glug\u0103, fiind perfect\u0103 at\u00e2t pentru ocaziile casual, c\u00e2t \u0219i pentru cele semi-formale.<\/span><\/li>\n<li data-sourcepos=\"7:1-7:97\"><strong>Protec\u021bie \u00eempotriva elementelor:<\/strong> Capota ofer\u0103 protec\u021bie suplimentar\u0103 \u00eempotriva ploii, v\u00e2ntului \u0219i frigului.<\/li>\n<li data-sourcepos=\"8:1-9:0\"><strong>Stil:<\/strong> Jachetele cu glug\u0103 pot ad\u0103uga o not\u0103 de stil oric\u0103rei \u021binute.<\/li>\n<\/ul>\n<h3 data-sourcepos=\"10:1-10:40\"><strong>Cum s\u0103 stiliza\u021bi o jachet\u0103 de bumbac cu glug\u0103 pentru b\u0103rba\u021bi:<\/strong><\/h3>\n<ul data-sourcepos=\"12:1-15:0\">\n<li data-sourcepos=\"12:1-12:77\"><strong>Casual:<\/strong> Asocia\u021bi-l cu blugi, tricou \u0219i adida\u0219i pentru un look relaxat.<\/li>\n<li data-sourcepos=\"13:1-13:96\"><strong>Smart Casual:<\/strong> Purta\u021bi-l cu pantaloni chino, o c\u0103ma\u0219\u0103 cu nasturi \u0219i mocasini pentru o \u021binut\u0103 \u00eengrijit\u0103.<\/li>\n<li data-sourcepos=\"14:1-15:0\"><strong>Activit\u0103\u021bi \u00een aer liber:<\/strong> Pune\u021bi-l peste un hanorac sau un hanorac cu glug\u0103 pentru mai mult\u0103 c\u0103ldur\u0103 \u00een timpul aventurilor \u00een aer liber.<\/li>\n<\/ul>\n<h3 data-sourcepos=\"16:1-16:46\"><strong>Unde s\u0103 g\u0103si\u021bi jachete de bumbac cu glug\u0103 pentru b\u0103rba\u021bi:<\/strong><\/h3>\n<ul data-sourcepos=\"18:1-21:0\">\n<li data-sourcepos=\"18:1-18:86\"><strong>Mari magazine:<\/strong> C\u0103uta\u021bi m\u0103rci care ofer\u0103 o varietate de stiluri \u0219i materiale.<\/li>\n<li data-sourcepos=\"19:1-19:136\"><strong><span class=\"citation-2 recitation\">Retaileri online:<\/span><\/strong><span class=\"citation-2 recitation citation-end-2\"> Site-uri precum Amazon, eBay \u0219i al\u021bi comercian\u021bi cu am\u0103nuntul online ofer\u0103 o gam\u0103 larg\u0103 de jachete de bumbac cu glug\u0103.<\/span><span class=\"button-container hide-from-message-actions ng-star-inserted\"> \u00a0<\/span>\n<div class=\"container ng-tns-c2946245707-386 hide\">\n<div class=\"carousel-container ng-tns-c2946245707-386\"><\/div>\n<\/div>\n<\/li>\n<li data-sourcepos=\"20:1-21:0\"><strong>Magazine de \u00eembr\u0103c\u0103minte pentru exterior:<\/strong> Magazinele specializate \u00een echipamente de exterior ofer\u0103 adesea jachete de bumbac cu glug\u0103 concepute pentru activit\u0103\u021bi specifice.<\/li>\n<\/ul>\n<h3 data-sourcepos=\"22:1-22:45\"><strong>Sfaturi pentru alegerea unei jachete de bumbac cu glug\u0103 pentru b\u0103rba\u021bi:<\/strong><\/h3>\n<ul data-sourcepos=\"24:1-28:0\">\n<li data-sourcepos=\"24:1-24:123\"><strong>Material:<\/strong> Lua\u021bi \u00een considerare greutatea \u0219i grosimea bumbacului, deoarece acestea vor afecta c\u0103ldura \u0219i durabilitatea jachetei.<\/li>\n<li data-sourcepos=\"25:1-25:69\"><strong>Se potrive\u0219te:<\/strong> Alege\u021bi o jachet\u0103 care se potrive\u0219te bine \u0219i care este confortabil de purtat.<\/li>\n<li data-sourcepos=\"26:1-26:108\"><strong>Stil:<\/strong> Selecta\u021bi un stil care se potrive\u0219te gustului dvs. personal, cum ar fi o jachet\u0103 bomber, o jachet\u0103 de teren sau o parka.<\/li>\n<li data-sourcepos=\"27:1-28:0\"><strong>Caracteristici:<\/strong> Lua\u021bi \u00een considerare caracteristicile suplimentare, cum ar fi buzunarele, o glug\u0103 cu cordon \u0219i o man\u0219et\u0103 \u0219i un tiv cu nervuri.<\/li>\n<\/ul>\n<p data-sourcepos=\"29:1-29:198\">Investind \u00eentr-o jachet\u0103 de bumbac cu glug\u0103 de \u00eenalt\u0103 calitate, nu ob\u021bine\u021bi doar un articol de \u00eembr\u0103c\u0103minte elegant \u0219i func\u021bional, ci \u0219i o pies\u0103 de \u00eembr\u0103c\u0103minte care v\u0103 va \u021bine de cald \u0219i confortabil pentru anii urm\u0103tori.<\/p>\n<div class=\"attachment-container search-images\">\n<div class=\"image-container hide-from-message-actions ng-star-inserted\">\n<div class=\"overlay-container ng-star-inserted\"><\/div>\n<\/div>\n<\/div>","protected":false},"excerpt":{"rendered":"<table style=\"height: 509px;\" width=\"553\">\n<tbody>\n<tr>\n<td width=\"146\"><strong><b>Produs<\/b><\/strong>\u00a0<strong><b>Nume:<\/b><\/strong><\/td>\n<td width=\"601\"><strong>Jachet\u0103 de bumbac cu glug\u0103 pentru b\u0103rba\u021bi<\/strong><\/td>\n<\/tr>\n<tr>\n<td width=\"146\"><strong><b>Materlal:<\/b><\/strong><\/td>\n<td width=\"601\">Poliester\/Cotton<\/td>\n<\/tr>\n<tr>\n<td width=\"146\"><strong><b>Tehnic\u0103:<\/b><\/strong><\/td>\n<td width=\"601\">Bumbac simplu<\/td>\n<\/tr>\n<tr>\n<td width=\"146\"><strong><b>Stil:<\/b><\/strong><\/td>\n<td width=\"601\">Casual<\/td>\n<\/tr>\n<tr>\n<td width=\"146\"><strong><b>Culoare<\/b><\/strong><strong><b>:<\/b><\/strong><\/td>\n<td width=\"601\">\u00a0Culori personalizate<\/td>\n<\/tr>\n<tr>\n<td width=\"146\"><strong><b>Dimensiune:<\/b><\/strong><\/td>\n<td width=\"601\">S \/M \/L \/XL \/2XL<\/td>\n<\/tr>\n<tr>\n<td width=\"146\"><strong><b>OEM\/ODM:<\/b><\/strong><\/td>\n<td width=\"601\">Acceptabil<\/td>\n<\/tr>\n<tr>\n<td width=\"146\"><strong><b>Calitate:<\/b><\/strong><\/td>\n<td width=\"601\">100% De \u00eenalt\u0103 calitate<\/td>\n<\/tr>\n<tr>\n<td width=\"146\"><strong><b>M<\/b><\/strong><strong><b>OQ:<\/b><\/strong><\/td>\n<td width=\"601\">200 buc<\/td>\n<\/tr>\n<\/tbody>\n<\/table>","protected":false},"featured_media":1812,"template":"","meta":[],"product_brand":[],"product_cat":[38],"product_tag":[],"class_list":{"0":"post-1811","1":"product","2":"type-product","3":"status-publish","4":"has-post-thumbnail","6":"product_cat-mens-clothing","8":"first","9":"instock","10":"shipping-taxable","11":"product-type-simple"},"_links":{"self":[{"href":"https:\/\/mj-clothing.com\/ro\/wp-json\/wp\/v2\/product\/1811","targetHints":{"allow":["GET"]}}],"collection":[{"href":"https:\/\/mj-clothing.com\/ro\/wp-json\/wp\/v2\/product"}],"about":[{"href":"https:\/\/mj-clothing.com\/ro\/wp-json\/wp\/v2\/types\/product"}],"wp:featuredmedia":[{"embeddable":true,"href":"https:\/\/mj-clothing.com\/ro\/wp-json\/wp\/v2\/media\/1812"}],"wp:attachment":[{"href":"https:\/\/mj-clothing.com\/ro\/wp-json\/wp\/v2\/media?parent=1811"}],"wp:term":[{"taxonomy":"product_brand","embeddable":true,"href":"https:\/\/mj-clothing.com\/ro\/wp-json\/wp\/v2\/product_brand?post=1811"},{"taxonomy":"product_cat","embeddable":true,"href":"https:\/\/mj-clothing.com\/ro\/wp-json\/wp\/v2\/product_cat?post=1811"},{"taxonomy":"product_tag","embeddable":true,"href":"https:\/\/mj-clothing.com\/ro\/wp-json\/wp\/v2\/product_tag?post=1811"}],"curies":[{"name":"wp","href":"https:\/\/api.w.org\/{rel}","templated":true}]}}