{"id":1825,"date":"2024-12-16T02:30:24","date_gmt":"2024-12-16T02:30:24","guid":{"rendered":"https:\/\/mj-clothing.com\/?post_type=product&#038;p=1825"},"modified":"2024-12-17T06:30:13","modified_gmt":"2024-12-17T06:30:13","slug":"alchemai-hoodie","status":"publish","type":"product","link":"https:\/\/mj-clothing.com\/ro\/manufacturer\/alchemai-hoodie\/","title":{"rendered":"Hanorac Alchemai"},"content":{"rendered":"<h3 data-sourcepos=\"1:1-1:266\">Hanorac Alchemai<\/h3>\n<p data-sourcepos=\"1:1-1:266\">Hanoracul cu glug\u0103 Alchemai este o pies\u0103 vestimentar\u0103 elegant\u0103 \u0219i confortabil\u0103, perfect\u0103 pentru purtarea zilnic\u0103. Este fabricat din materiale de \u00eenalt\u0103 calitate \u0219i este disponibil \u00eentr-o varietate de culori. Hanoracul este, de asemenea, foarte accesibil, ceea ce \u00eel face o op\u021biune excelent\u0103 pentru persoanele cu un buget redus.<\/p>\n<p data-sourcepos=\"3:1-3:57\">Iat\u0103 c\u00e2teva dintre principalele caracteristici ale hanoracului Alchemai Hoodie:<\/p>\n<ul data-sourcepos=\"5:1-10:0\">\n<li data-sourcepos=\"5:1-5:153\"><strong>Fabricat din materiale de \u00eenalt\u0103 calitate:<\/strong> Hanoracul este fabricat dintr-un material fleece moale \u0219i confortabil, care este perfect pentru a v\u0103 men\u021bine cald \u00een zilele reci.<\/li>\n<li data-sourcepos=\"6:1-6:122\"><strong>Disponibil \u00eentr-o varietate de culori:<\/strong> Pute\u021bi alege dintr-o varietate de culori pentru a g\u0103si hanoracul perfect pentru stilul dvs.<\/li>\n<li data-sourcepos=\"7:1-7:97\"><strong>Accesibil\u0103:<\/strong> Hanoracul este foarte accesibil, ceea ce \u00eel face o op\u021biune excelent\u0103 pentru persoanele cu un buget redus.<\/li>\n<li data-sourcepos=\"8:1-8:103\"><strong>Confortabil:<\/strong> Hanoracul este foarte confortabil de purtat, datorit\u0103 designului s\u0103u moale \u0219i lejer.<\/li>\n<li data-sourcepos=\"9:1-10:0\"><strong>Elegant:<\/strong> Hanoracul cu glug\u0103 este, de asemenea, foarte elegant \u0219i poate fi \u00eembr\u0103cat cu u\u0219urin\u021b\u0103 \u00een sus sau \u00een jos.<\/li>\n<\/ul>\n<p data-sourcepos=\"11:1-11:174\">Dac\u0103 sunte\u021bi \u00een c\u0103utarea unui hanorac elegant \u0219i confortabil care este, de asemenea, accesibil, atunci hanoracul Alchemai este o op\u021biune excelent\u0103. \u00cel pute\u021bi g\u0103si online sau la magazinul dvs. local.<\/p>","protected":false},"excerpt":{"rendered":"<table style=\"height: 538px;\" width=\"470\">\n<tbody>\n<tr>\n<td width=\"146\"><strong><b>Produs<\/b><\/strong>\u00a0<strong><b>Nume:<\/b><\/strong><\/td>\n<td width=\"601\"><strong>Hanorac Alchemai<\/strong><\/td>\n<\/tr>\n<tr>\n<td width=\"146\"><strong><b>Materlal:<\/b><\/strong><\/td>\n<td width=\"601\">Poliester\/Cotton<\/td>\n<\/tr>\n<tr>\n<td width=\"146\"><strong><b>Tehnic\u0103:<\/b><\/strong><\/td>\n<td width=\"601\">Imprimare \u0219i vopsire<\/td>\n<\/tr>\n<tr>\n<td width=\"146\"><strong><b>Stil:<\/b><\/strong><\/td>\n<td width=\"601\">Casual<\/td>\n<\/tr>\n<tr>\n<td width=\"146\"><strong><b>Culoare<\/b><\/strong><strong><b>:<\/b><\/strong><\/td>\n<td width=\"601\">\u00a0Culori personalizate<\/td>\n<\/tr>\n<tr>\n<td width=\"146\"><strong><b>Dimensiune:<\/b><\/strong><\/td>\n<td width=\"601\">S \/M \/L \/XL \/2XL<\/td>\n<\/tr>\n<tr>\n<td width=\"146\"><strong><b>OEM\/ODM:<\/b><\/strong><\/td>\n<td width=\"601\">Acceptabil<\/td>\n<\/tr>\n<tr>\n<td width=\"146\"><strong><b>Calitate:<\/b><\/strong><\/td>\n<td width=\"601\">100% De \u00eenalt\u0103 calitate<\/td>\n<\/tr>\n<tr>\n<td width=\"146\"><strong><b>M<\/b><\/strong><strong><b>OQ:<\/b><\/strong><\/td>\n<td width=\"601\">200 buc<\/td>\n<\/tr>\n<\/tbody>\n<\/table>","protected":false},"featured_media":1826,"template":"","meta":[],"product_brand":[],"product_cat":[38],"product_tag":[],"class_list":{"0":"post-1825","1":"product","2":"type-product","3":"status-publish","4":"has-post-thumbnail","6":"product_cat-mens-clothing","8":"first","9":"instock","10":"shipping-taxable","11":"product-type-simple"},"_links":{"self":[{"href":"https:\/\/mj-clothing.com\/ro\/wp-json\/wp\/v2\/product\/1825","targetHints":{"allow":["GET"]}}],"collection":[{"href":"https:\/\/mj-clothing.com\/ro\/wp-json\/wp\/v2\/product"}],"about":[{"href":"https:\/\/mj-clothing.com\/ro\/wp-json\/wp\/v2\/types\/product"}],"wp:featuredmedia":[{"embeddable":true,"href":"https:\/\/mj-clothing.com\/ro\/wp-json\/wp\/v2\/media\/1826"}],"wp:attachment":[{"href":"https:\/\/mj-clothing.com\/ro\/wp-json\/wp\/v2\/media?parent=1825"}],"wp:term":[{"taxonomy":"product_brand","embeddable":true,"href":"https:\/\/mj-clothing.com\/ro\/wp-json\/wp\/v2\/product_brand?post=1825"},{"taxonomy":"product_cat","embeddable":true,"href":"https:\/\/mj-clothing.com\/ro\/wp-json\/wp\/v2\/product_cat?post=1825"},{"taxonomy":"product_tag","embeddable":true,"href":"https:\/\/mj-clothing.com\/ro\/wp-json\/wp\/v2\/product_tag?post=1825"}],"curies":[{"name":"wp","href":"https:\/\/api.w.org\/{rel}","templated":true}]}}