{"id":1834,"date":"2024-12-16T03:01:13","date_gmt":"2024-12-16T03:01:13","guid":{"rendered":"https:\/\/mj-clothing.com\/?post_type=product&#038;p=1834"},"modified":"2024-12-17T06:27:12","modified_gmt":"2024-12-17T06:27:12","slug":"pullover-hoodie","status":"publish","type":"product","link":"https:\/\/mj-clothing.com\/ro\/manufacturer\/pullover-hoodie\/","title":{"rendered":"Pulover cu glug\u0103"},"content":{"rendered":"<p data-sourcepos=\"1:1-1:345\"><span class=\"citation-0 recitation citation-end-0\">Un hanorac cu pulover este o pies\u0103 de \u00eembr\u0103c\u0103minte casual \u0219i confortabil\u0103, perfect\u0103 pentru uzura zilnic\u0103.<\/span> <span class=\"citation-1 recitation citation-end-1\">De obicei, are glug\u0103, buzunar cangur, man\u0219ete \u0219i talie elastice.<\/span> <span class=\"citation-2 recitation citation-end-2\">Puloverele cu glug\u0103 sunt adesea confec\u021bionate din materiale moi \u0219i c\u0103lduroase, cum ar fi fleece sau bumbac, ceea ce le face ideale pentru vremea rece.<\/span><\/p>\n<h3 data-sourcepos=\"3:1-3:38\"><strong>Caracteristicile principale ale unui pulover-c\u0103l\u0103rie:<\/strong><\/h3>\n<ul data-sourcepos=\"5:1-9:0\">\n<li data-sourcepos=\"5:1-5:61\"><strong>Capot\u0103:<\/strong> Ofer\u0103 c\u0103ldur\u0103 \u0219i protec\u021bie \u00eempotriva elementelor.<\/li>\n<li data-sourcepos=\"6:1-6:125\"><strong><span class=\"citation-3 recitation\">Buzunar Kangaroo:<\/span><\/strong><span class=\"citation-3 recitation citation-end-3\"> Un buzunar frontal mare care este perfect pentru a v\u0103 men\u021bine m\u00e2inile calde sau pentru a transporta obiecte mici.<\/span><span class=\"button-container hide-from-message-actions ng-star-inserted\"> \u00a0<\/span>\n<div class=\"container ng-tns-c2946245707-75 hide\">\n<div class=\"carousel-container ng-tns-c2946245707-75\"><\/div>\n<\/div>\n<\/li>\n<li data-sourcepos=\"7:1-7:74\"><strong>Man\u0219ete \u0219i talie elastice:<\/strong> Asigur\u0103 o potrivire confortabil\u0103 \u0219i str\u00e2ns\u0103.<\/li>\n<li data-sourcepos=\"8:1-9:0\"><strong><span class=\"citation-4 recitation\">Material moale \u0219i cald:<\/span><\/strong><span class=\"citation-4 recitation citation-end-4\"> Adesea fabricate din fleece sau bumbac pentru confort optim.<\/span>\n<div class=\"container ng-tns-c2946245707-76 hide\">\n<div class=\"carousel-container ng-tns-c2946245707-76\">\n<div class=\"carousel-content ng-tns-c2946245707-76\">\n<div class=\"sources-carousel-source ng-tns-c2946245707-76 hide ng-star-inserted\" data-test-id=\"sources-carousel-source\"><\/div>\n<\/div>\n<\/div>\n<\/div>\n<\/li>\n<\/ul>\n<h3 data-sourcepos=\"10:1-10:35\"><strong>Cum s\u0103 aranjezi un pulover - hanorac:<\/strong><\/h3>\n<p data-sourcepos=\"12:1-12:118\"><span class=\"citation-5 recitation citation-end-5\">Puloverele cu glug\u0103 sunt incredibil de versatile \u0219i pot fi aranjate \u00een multe moduri diferite.<\/span> Iat\u0103 c\u00e2teva idei:<\/p>\n<p data-sourcepos=\"12:1-12:118\"><strong>Casual:<\/strong> Asocia\u021bi un pulover cu glug\u0103 cu blugi \u0219i adida\u0219i pentru un look relaxat \u0219i confortabil.<\/p>\n<ul data-sourcepos=\"14:1-18:0\">\n<li data-sourcepos=\"15:1-15:93\"><strong>Sportiv:<\/strong> Purta\u021bi un pulover-hoodies cu pantaloni de trening sau joggers pentru un look sportiv \u0219i activ.<\/li>\n<li data-sourcepos=\"16:1-16:92\"><strong>\u00cen straturi:<\/strong> Pune\u021bi un pulover-hoodies peste un tricou sau o c\u0103ma\u0219\u0103 cu m\u00e2nec\u0103 lung\u0103 pentru un plus de c\u0103ldur\u0103.<\/li>\n<li data-sourcepos=\"17:1-18:0\"><strong>Vestimenta\u021bie casual:<\/strong> \u00cembrac\u0103 un pulover cu glug\u0103 asortat cu o jachet\u0103 de piele, blugi de culoare \u00eenchis\u0103 \u0219i cizme.<\/li>\n<\/ul>\n<h3 data-sourcepos=\"19:1-19:39\"><strong>M\u0103rci populare de pulovere-Hoodies:<\/strong><\/h3>\n<ul data-sourcepos=\"21:1-26:0\">\n<li data-sourcepos=\"21:1-21:77\"><strong><span class=\"citation-6 recitation\">Campion:<\/span><\/strong><span class=\"citation-6 recitation citation-end-6\"> Cunoscute pentru stilul lor clasic \u0219i de \u00eenalt\u0103 calitate.<\/span><span class=\"button-container hide-from-message-actions ng-star-inserted\"> \u00a0<\/span>\n<div class=\"container ng-tns-c2946245707-78 hide\">\n<div class=\"carousel-container ng-tns-c2946245707-78\"><\/div>\n<\/div>\n<\/li>\n<li data-sourcepos=\"22:1-22:81\"><strong>Nike:<\/strong> Ofer\u0103 o gam\u0103 larg\u0103 de pulovere cu glug\u0103 \u00een diferite stiluri \u0219i culori.<\/li>\n<li data-sourcepos=\"23:1-23:58\"><strong>Adidas:<\/strong> Cunoscute pentru modelele lor atletice \u0219i sportive.<\/li>\n<li data-sourcepos=\"24:1-24:63\"><strong>H&amp;M:<\/strong> Ofer\u0103 pullover-hoodies accesibile \u0219i la mod\u0103.<\/li>\n<li data-sourcepos=\"25:1-26:0\"><strong>Zara:<\/strong> Ofer\u0103 pullover-hoodies elegante \u0219i la mod\u0103.<\/li>\n<\/ul>","protected":false},"excerpt":{"rendered":"<table style=\"height: 508px;\" width=\"446\">\n<tbody>\n<tr>\n<td width=\"146\"><strong><b>Produs<\/b><\/strong>\u00a0<strong><b>Nume:<\/b><\/strong><\/td>\n<td width=\"601\"><strong>Pulover cu glug\u0103<\/strong><\/td>\n<\/tr>\n<tr>\n<td width=\"146\"><strong><b>Materlal:<\/b><\/strong><\/td>\n<td width=\"601\">Poliester\/Cotton<\/td>\n<\/tr>\n<tr>\n<td width=\"146\"><strong><b>Tehnic\u0103:<\/b><\/strong><\/td>\n<td width=\"601\">Imprimare \u0219i vopsire<\/td>\n<\/tr>\n<tr>\n<td width=\"146\"><strong><b>Stil:<\/b><\/strong><\/td>\n<td width=\"601\">Casual<\/td>\n<\/tr>\n<tr>\n<td width=\"146\"><strong><b>Culoare<\/b><\/strong><strong><b>:<\/b><\/strong><\/td>\n<td width=\"601\">\u00a0Culori personalizate<\/td>\n<\/tr>\n<tr>\n<td width=\"146\"><strong><b>Dimensiune:<\/b><\/strong><\/td>\n<td width=\"601\">S \/M \/L \/XL \/2XL<\/td>\n<\/tr>\n<tr>\n<td width=\"146\"><strong><b>OEM\/ODM:<\/b><\/strong><\/td>\n<td width=\"601\">Acceptabil<\/td>\n<\/tr>\n<tr>\n<td width=\"146\"><strong><b>Calitate:<\/b><\/strong><\/td>\n<td width=\"601\">100% De \u00eenalt\u0103 calitate<\/td>\n<\/tr>\n<tr>\n<td width=\"146\"><strong><b>M<\/b><\/strong><strong><b>OQ:<\/b><\/strong><\/td>\n<td width=\"601\">200 buc<\/td>\n<\/tr>\n<\/tbody>\n<\/table>","protected":false},"featured_media":1836,"template":"","meta":[],"product_brand":[],"product_cat":[38],"product_tag":[],"class_list":{"0":"post-1834","1":"product","2":"type-product","3":"status-publish","4":"has-post-thumbnail","6":"product_cat-mens-clothing","8":"first","9":"instock","10":"shipping-taxable","11":"product-type-simple"},"_links":{"self":[{"href":"https:\/\/mj-clothing.com\/ro\/wp-json\/wp\/v2\/product\/1834","targetHints":{"allow":["GET"]}}],"collection":[{"href":"https:\/\/mj-clothing.com\/ro\/wp-json\/wp\/v2\/product"}],"about":[{"href":"https:\/\/mj-clothing.com\/ro\/wp-json\/wp\/v2\/types\/product"}],"wp:featuredmedia":[{"embeddable":true,"href":"https:\/\/mj-clothing.com\/ro\/wp-json\/wp\/v2\/media\/1836"}],"wp:attachment":[{"href":"https:\/\/mj-clothing.com\/ro\/wp-json\/wp\/v2\/media?parent=1834"}],"wp:term":[{"taxonomy":"product_brand","embeddable":true,"href":"https:\/\/mj-clothing.com\/ro\/wp-json\/wp\/v2\/product_brand?post=1834"},{"taxonomy":"product_cat","embeddable":true,"href":"https:\/\/mj-clothing.com\/ro\/wp-json\/wp\/v2\/product_cat?post=1834"},{"taxonomy":"product_tag","embeddable":true,"href":"https:\/\/mj-clothing.com\/ro\/wp-json\/wp\/v2\/product_tag?post=1834"}],"curies":[{"name":"wp","href":"https:\/\/api.w.org\/{rel}","templated":true}]}}