{"id":1837,"date":"2024-12-16T03:05:25","date_gmt":"2024-12-16T03:05:25","guid":{"rendered":"https:\/\/mj-clothing.com\/?post_type=product&#038;p=1837"},"modified":"2024-12-17T06:26:09","modified_gmt":"2024-12-17T06:26:09","slug":"akimbo-hoodie","status":"publish","type":"product","link":"https:\/\/mj-clothing.com\/ro\/manufacturer\/akimbo-hoodie\/","title":{"rendered":"Hanorac Akimbo"},"content":{"rendered":"<p data-sourcepos=\"1:1-1:237\">Hanoracul cu glug\u0103 Akimbo este un stil popular cunoscut pentru croiala sa relaxat\u0103, supradimensionat\u0103 \u0219i materialul moale \u0219i confortabil. Este adesea confec\u021bionat din fleece sau bumbac de \u00eenalt\u0103 calitate \u0219i are glug\u0103 cu cordon, buzunar cangur, man\u0219ete \u0219i talie cu nervuri.<\/p>\n<h3 data-sourcepos=\"3:1-3:38\"><strong>Principalele caracteristici ale hanoracului Akimbo:<\/strong><\/h3>\n<ul data-sourcepos=\"5:1-10:0\">\n<li data-sourcepos=\"5:1-5:77\"><strong>Oversized Fit:<\/strong> O croial\u0103 lejer\u0103 \u0219i confortabil\u0103, perfect\u0103 pentru suprapunere.<\/li>\n<li data-sourcepos=\"6:1-6:91\"><strong>Material moale:<\/strong> De obicei, sunt fabricate din fleece sau bumbac de \u00eenalt\u0103 calitate pentru confort maxim.<\/li>\n<li data-sourcepos=\"7:1-7:89\"><strong>Glug\u0103 cu cordon:<\/strong> Glug\u0103 reglabil\u0103 pentru un plus de c\u0103ldur\u0103 \u0219i protec\u021bie \u00eempotriva elementelor.<\/li>\n<li data-sourcepos=\"8:1-8:111\"><strong><span class=\"citation-0 recitation\">Buzunar Kangaroo:<\/span><\/strong><span class=\"citation-0 recitation citation-end-0\"> Un buzunar frontal spa\u021bios pentru a v\u0103 men\u021bine m\u00e2inile calde sau pentru a depozita obiecte mici.<\/span><span class=\"button-container hide-from-message-actions ng-star-inserted\"> \u00a0<\/span>\n<div class=\"container ng-tns-c2946245707-91 hide\">\n<div class=\"carousel-container ng-tns-c2946245707-91\"><\/div>\n<\/div>\n<\/li>\n<li data-sourcepos=\"9:1-10:0\"><strong>Man\u0219ete \u0219i talie cu nervuri:<\/strong> Asigur\u0103 o potrivire str\u00e2ns\u0103 \u0219i confortabil\u0103.<\/li>\n<\/ul>\n<h3 data-sourcepos=\"11:1-11:35\"><strong>Cum s\u0103 purta\u021bi hanoracul cu glug\u0103 Akimbo:<\/strong><\/h3>\n<p data-sourcepos=\"13:1-13:103\">Hanoracul cu glug\u0103 Akimbo este o pies\u0103 versatil\u0103 care poate fi purtat\u0103 \u00een multe moduri diferite. Iat\u0103 c\u00e2teva idei:<\/p>\n<ul data-sourcepos=\"15:1-18:0\">\n<li data-sourcepos=\"15:1-15:105\"><strong>Casual:<\/strong> \u00cemperecheaz\u0103-l cu blugi, pantaloni de trening sau joggers \u0219i adida\u0219i pentru un look relaxat \u0219i confortabil.<\/li>\n<li data-sourcepos=\"16:1-16:77\"><strong>\u00cen straturi:<\/strong> Pune\u021bi-l peste un tricou sau o c\u0103ma\u0219\u0103 cu m\u00e2nec\u0103 lung\u0103 pentru un plus de c\u0103ldur\u0103.<\/li>\n<li data-sourcepos=\"17:1-18:0\"><strong>Vestimenta\u021bie casual:<\/strong> \u00cembrac\u0103-l cu o jachet\u0103 de piele, blugi de culoare \u00eenchis\u0103 \u0219i cizme.<\/li>\n<\/ul>","protected":false},"excerpt":{"rendered":"<table style=\"height: 490px;\" width=\"435\">\n<tbody>\n<tr>\n<td width=\"146\"><strong><b>Produs<\/b><\/strong>\u00a0<strong><b>Nume:<\/b><\/strong><\/td>\n<td width=\"601\"><strong>Hanorac Akimbo<\/strong><\/td>\n<\/tr>\n<tr>\n<td width=\"146\"><strong><b>Materlal:<\/b><\/strong><\/td>\n<td width=\"601\">Poliester\/Cotton<\/td>\n<\/tr>\n<tr>\n<td width=\"146\"><strong><b>Tehnic\u0103:<\/b><\/strong><\/td>\n<td width=\"601\">Imprimare \u0219i vopsire<\/td>\n<\/tr>\n<tr>\n<td width=\"146\"><strong><b>Stil:<\/b><\/strong><\/td>\n<td width=\"601\">Casual<\/td>\n<\/tr>\n<tr>\n<td width=\"146\"><strong><b>Culoare<\/b><\/strong><strong><b>:<\/b><\/strong><\/td>\n<td width=\"601\">\u00a0Culori personalizate<\/td>\n<\/tr>\n<tr>\n<td width=\"146\"><strong><b>Dimensiune:<\/b><\/strong><\/td>\n<td width=\"601\">S \/M \/L \/XL \/2XL<\/td>\n<\/tr>\n<tr>\n<td width=\"146\"><strong><b>OEM\/ODM:<\/b><\/strong><\/td>\n<td width=\"601\">Acceptabil<\/td>\n<\/tr>\n<tr>\n<td width=\"146\"><strong><b>Calitate:<\/b><\/strong><\/td>\n<td width=\"601\">100% De \u00eenalt\u0103 calitate<\/td>\n<\/tr>\n<tr>\n<td width=\"146\"><strong><b>M<\/b><\/strong><strong><b>OQ:<\/b><\/strong><\/td>\n<td width=\"601\">200 buc<\/td>\n<\/tr>\n<\/tbody>\n<\/table>","protected":false},"featured_media":1839,"template":"","meta":[],"product_brand":[],"product_cat":[38],"product_tag":[],"class_list":{"0":"post-1837","1":"product","2":"type-product","3":"status-publish","4":"has-post-thumbnail","6":"product_cat-mens-clothing","8":"first","9":"instock","10":"shipping-taxable","11":"product-type-simple"},"_links":{"self":[{"href":"https:\/\/mj-clothing.com\/ro\/wp-json\/wp\/v2\/product\/1837","targetHints":{"allow":["GET"]}}],"collection":[{"href":"https:\/\/mj-clothing.com\/ro\/wp-json\/wp\/v2\/product"}],"about":[{"href":"https:\/\/mj-clothing.com\/ro\/wp-json\/wp\/v2\/types\/product"}],"wp:featuredmedia":[{"embeddable":true,"href":"https:\/\/mj-clothing.com\/ro\/wp-json\/wp\/v2\/media\/1839"}],"wp:attachment":[{"href":"https:\/\/mj-clothing.com\/ro\/wp-json\/wp\/v2\/media?parent=1837"}],"wp:term":[{"taxonomy":"product_brand","embeddable":true,"href":"https:\/\/mj-clothing.com\/ro\/wp-json\/wp\/v2\/product_brand?post=1837"},{"taxonomy":"product_cat","embeddable":true,"href":"https:\/\/mj-clothing.com\/ro\/wp-json\/wp\/v2\/product_cat?post=1837"},{"taxonomy":"product_tag","embeddable":true,"href":"https:\/\/mj-clothing.com\/ro\/wp-json\/wp\/v2\/product_tag?post=1837"}],"curies":[{"name":"wp","href":"https:\/\/api.w.org\/{rel}","templated":true}]}}