{"id":1843,"date":"2024-12-16T03:21:20","date_gmt":"2024-12-16T03:21:20","guid":{"rendered":"https:\/\/mj-clothing.com\/?post_type=product&#038;p=1843"},"modified":"2024-12-17T06:40:16","modified_gmt":"2024-12-17T06:40:16","slug":"golf-hoodie","status":"publish","type":"product","link":"https:\/\/mj-clothing.com\/ro\/manufacturer\/golf-hoodie\/","title":{"rendered":"Hanorac de golf"},"content":{"rendered":"<p data-sourcepos=\"1:1-1:192\">Un hanorac de golf este un tip de \u00eembr\u0103c\u0103minte atletic\u0103 special conceput\u0103 pentru juc\u0103torii de golf, care combin\u0103 confortul \u0219i c\u0103ldura unui hanorac tradi\u021bional cu caracteristici de performan\u021b\u0103 potrivite pentru terenul de golf.<\/p>\n<h3 data-sourcepos=\"3:1-3:34\"><strong>Caracteristicile cheie ale unui hanorac de golf:<\/strong><\/h3>\n<ul data-sourcepos=\"5:1-10:0\">\n<li data-sourcepos=\"5:1-5:283\"><strong>\u021aes\u0103turi performante:<\/strong> Hanoracele de golf sunt adesea fabricate din \u021bes\u0103turi de \u00eenalt\u0103 performan\u021b\u0103, cum ar fi poliesterul sau un amestec de poliester \u0219i bumbac. Aceste \u021bes\u0103turi sunt concepute pentru a absorbi umezeala, a fi respirabile \u0219i elastice, men\u021bin\u00e2ndu-i pe juc\u0103torii de golf usca\u021bi, confortabili \u0219i f\u0103r\u0103 restric\u021bii \u00een timpul leag\u0103nului.<\/li>\n<li data-sourcepos=\"6:1-6:207\"><strong>Rezisten\u021b\u0103 la intemperii:<\/strong> Multe hanorace de golf sunt rezistente la ap\u0103 sau hidrofobe, protej\u00e2ndu-i pe juc\u0103tori de ploaie u\u0219oar\u0103 sau burni\u021b\u0103. Unele sunt, de asemenea, izolate termic pentru a men\u021bine c\u0103ldura juc\u0103torilor de golf pe vreme rece.<\/li>\n<li data-sourcepos=\"7:1-7:100\"><strong>Protec\u021bie solar\u0103:<\/strong> Unele hanorace de golf ofer\u0103 protec\u021bie UV pentru a proteja juc\u0103torii de golf de razele nocive ale soarelui.<\/li>\n<li data-sourcepos=\"8:1-8:162\"><strong>Proiectare func\u021bional\u0103:<\/strong> Hanoracele de golf includ adesea caracteristici precum buzunare cu fermoar pentru a securiza obiectele de valoare, glugi reglabile \u0219i g\u0103uri pentru degetul mare pentru a men\u021bine m\u00e2necile la locul lor.<\/li>\n<li data-sourcepos=\"9:1-10:0\"><strong>Design elegant:<\/strong> Hanoracele de golf sunt disponibile \u00eentr-o varietate de stiluri, culori \u0219i modele, permi\u021b\u00e2nd juc\u0103torilor de golf s\u0103 \u00ee\u0219i exprime stilul personal \u00een timp ce r\u0103m\u00e2n func\u021bionali.<\/li>\n<\/ul>\n<h3 data-sourcepos=\"11:1-11:31\"><strong>C\u00e2nd s\u0103 purta\u021bi un hanorac de golf:<\/strong><\/h3>\n<p data-sourcepos=\"13:1-13:112\">Hanoracele de golf sunt versatile \u0219i pot fi purtate \u00eentr-o varietate de condi\u021bii meteorologice. Ele sunt utile \u00een special pentru:<\/p>\n<ul data-sourcepos=\"15:1-18:0\">\n<li data-sourcepos=\"15:1-15:87\"><strong>Vreme mai rece:<\/strong> Hanoracele pentru golf pot oferi c\u0103ldur\u0103 \u0219i confort \u00een timpul rundei mai reci.<\/li>\n<li data-sourcepos=\"16:1-16:101\"><strong>Vreme ploioas\u0103:<\/strong> Hanoracele de golf rezistente la ap\u0103 pot men\u021bine juc\u0103torii de golf usca\u021bi \u0219i confortabili \u00een ploaie u\u0219oar\u0103.<\/li>\n<li data-sourcepos=\"17:1-18:0\"><strong>Stratificare:<\/strong> Hanoracele de golf pot fi suprapuse cu alte articole de \u00eembr\u0103c\u0103minte de golf pentru a crea o \u021binut\u0103 personalizat\u0103 pentru diferite condi\u021bii meteorologice.<\/li>\n<\/ul>\n<p data-sourcepos=\"19:1-19:138\">Prin alegerea unui hanorac de golf care s\u0103 v\u0103 satisfac\u0103 nevoile \u0219i preferin\u021bele specifice, v\u0103 pute\u021bi \u00eembun\u0103t\u0103\u021bi confortul \u0219i performan\u021ba pe terenul de golf.<\/p>","protected":false},"excerpt":{"rendered":"<table style=\"height: 543px;\" width=\"471\">\n<tbody>\n<tr>\n<td width=\"146\"><strong><b>Produs<\/b><\/strong>\u00a0<strong><b>Nume:<\/b><\/strong><\/td>\n<td width=\"601\">\n<p data-sourcepos=\"3:1-3:34\"><strong>Hanorac de golf<\/strong><\/p>\n<\/td>\n<\/tr>\n<tr>\n<td width=\"146\"><strong><b>Materlal:<\/b><\/strong><\/td>\n<td width=\"601\">Poliester\/Cotton<\/td>\n<\/tr>\n<tr>\n<td width=\"146\"><strong><b>Tehnic\u0103: <\/b><\/strong><\/td>\n<td width=\"601\">Imprimare \u0219i vopsire<\/td>\n<\/tr>\n<tr>\n<td width=\"146\"><strong><b>Stil: <\/b><\/strong><\/td>\n<td width=\"601\">Casual<\/td>\n<\/tr>\n<tr>\n<td width=\"146\"><strong><b>Culoare<\/b><\/strong><strong><b>:<\/b><\/strong><\/td>\n<td width=\"601\">Alb \u0219i culori personalizate<\/td>\n<\/tr>\n<tr>\n<td width=\"146\"><strong><b>Dimensiune:<\/b><\/strong><\/td>\n<td width=\"601\">S \/M \/L \/XL \/2XL<\/td>\n<\/tr>\n<tr>\n<td width=\"146\"><strong><b>OEM\/ODM:<\/b><\/strong><\/td>\n<td width=\"601\">Acceptabil<\/td>\n<\/tr>\n<tr>\n<td width=\"146\"><strong><b>Calitate:<\/b><\/strong><\/td>\n<td width=\"601\">100% De \u00eenalt\u0103 calitate<\/td>\n<\/tr>\n<tr>\n<td width=\"146\"><strong><b>M<\/b><\/strong><strong><b>OQ:<\/b><\/strong><\/td>\n<td width=\"601\">200 buc<\/td>\n<\/tr>\n<\/tbody>\n<\/table>","protected":false},"featured_media":1844,"template":"","meta":[],"product_brand":[],"product_cat":[38],"product_tag":[],"class_list":{"0":"post-1843","1":"product","2":"type-product","3":"status-publish","4":"has-post-thumbnail","6":"product_cat-mens-clothing","8":"first","9":"instock","10":"shipping-taxable","11":"product-type-simple"},"_links":{"self":[{"href":"https:\/\/mj-clothing.com\/ro\/wp-json\/wp\/v2\/product\/1843","targetHints":{"allow":["GET"]}}],"collection":[{"href":"https:\/\/mj-clothing.com\/ro\/wp-json\/wp\/v2\/product"}],"about":[{"href":"https:\/\/mj-clothing.com\/ro\/wp-json\/wp\/v2\/types\/product"}],"wp:featuredmedia":[{"embeddable":true,"href":"https:\/\/mj-clothing.com\/ro\/wp-json\/wp\/v2\/media\/1844"}],"wp:attachment":[{"href":"https:\/\/mj-clothing.com\/ro\/wp-json\/wp\/v2\/media?parent=1843"}],"wp:term":[{"taxonomy":"product_brand","embeddable":true,"href":"https:\/\/mj-clothing.com\/ro\/wp-json\/wp\/v2\/product_brand?post=1843"},{"taxonomy":"product_cat","embeddable":true,"href":"https:\/\/mj-clothing.com\/ro\/wp-json\/wp\/v2\/product_cat?post=1843"},{"taxonomy":"product_tag","embeddable":true,"href":"https:\/\/mj-clothing.com\/ro\/wp-json\/wp\/v2\/product_tag?post=1843"}],"curies":[{"name":"wp","href":"https:\/\/api.w.org\/{rel}","templated":true}]}}