{"id":1846,"date":"2024-12-16T03:37:19","date_gmt":"2024-12-16T03:37:19","guid":{"rendered":"https:\/\/mj-clothing.com\/?post_type=product&#038;p=1846"},"modified":"2024-12-17T06:24:41","modified_gmt":"2024-12-17T06:24:41","slug":"weighted-hoodie","status":"publish","type":"product","link":"https:\/\/mj-clothing.com\/ro\/manufacturer\/weighted-hoodie\/","title":{"rendered":"Hanorac ponderat"},"content":{"rendered":"<p data-sourcepos=\"1:1-1:292\"><span class=\"citation-0 recitation citation-end-0\">Un hanorac ponderat este un tip de \u00eembr\u0103c\u0103minte care \u00eencorporeaz\u0103 materiale ponderate, de obicei m\u0103rgele de sticl\u0103 sau granule de plastic, \u00een \u021bes\u0103tur\u0103 pentru a oferi un efect calmant \u0219i de \u00eemp\u0103m\u00e2ntare.<\/span> <span class=\"citation-1 recitation citation-end-1\">Aceast\u0103 presiune u\u0219oar\u0103 poate ajuta la reducerea anxiet\u0103\u021bii, la \u00eembun\u0103t\u0103\u021birea concentr\u0103rii \u0219i la promovarea unui somn mai bun.<\/span><span class=\"button-container hide-from-message-actions ng-star-inserted\"> \u00a0<\/span><\/p>\n<h3 data-sourcepos=\"3:1-3:38\"><strong>Caracteristicile cheie ale unui hanorac ponderat:<\/strong><\/h3>\n<ul data-sourcepos=\"5:1-10:0\">\n<li data-sourcepos=\"5:1-5:145\"><strong>Materiale ponderate:<\/strong> <span class=\"citation-2 recitation citation-end-2\">Mici m\u0103rgele sau granule sunt distribuite uniform \u00een hanorac, oferind o presiune bl\u00e2nd\u0103, calmant\u0103.<\/span><span class=\"button-container hide-from-message-actions ng-star-inserted\"> \u00a0<\/span>\n<div class=\"container ng-tns-c2946245707-171 hide\">\n<div class=\"carousel-container ng-tns-c2946245707-171\"><\/div>\n<\/div>\n<\/li>\n<li data-sourcepos=\"6:1-6:93\"><strong>Confort:<\/strong> <span class=\"citation-3 recitation citation-end-3\">Hanoracul este conceput pentru a fi moale, confortabil \u0219i u\u0219or de purtat.<\/span><span class=\"button-container hide-from-message-actions ng-star-inserted\"> \u00a0<\/span>\n<div class=\"container ng-tns-c2946245707-172 hide\">\n<div class=\"carousel-container ng-tns-c2946245707-172\"><\/div>\n<\/div>\n<\/li>\n<li data-sourcepos=\"7:1-7:108\"><strong>Versatilitate:<\/strong> <span class=\"citation-4 recitation citation-end-4\">Poate fi purtat \u00een timpul zilei pentru relaxare sau noaptea pentru \u00eembun\u0103t\u0103\u021birea somnului.<\/span><span class=\"button-container hide-from-message-actions ng-star-inserted\"> \u00a0<\/span>\n<div class=\"container ng-tns-c2946245707-173 hide\">\n<div class=\"carousel-container ng-tns-c2946245707-173\"><\/div>\n<\/div>\n<\/li>\n<li data-sourcepos=\"8:1-8:127\"><strong>Efect calmant:<\/strong> <span class=\"citation-5 recitation citation-end-5\">Greutatea poate ajuta la reducerea stresului \u0219i a anxiet\u0103\u021bii, promov\u00e2nd un sentiment de pace \u0219i bun\u0103stare.<\/span><span class=\"button-container hide-from-message-actions ng-star-inserted\">\u00a0<\/span>\n<div class=\"container ng-tns-c2946245707-174 hide\">\n<div class=\"carousel-container ng-tns-c2946245707-174\"><\/div>\n<\/div>\n<\/li>\n<li data-sourcepos=\"9:1-10:0\"><strong><span class=\"citation-6 recitation\">Focus \u00eembun\u0103t\u0103\u021bit:<\/span><\/strong><span class=\"citation-6 recitation citation-end-6\"> Presiunea u\u0219oar\u0103 poate ajuta la \u00eembun\u0103t\u0103\u021birea focaliz\u0103rii \u0219i concentr\u0103rii.<\/span><span class=\"button-container hide-from-message-actions ng-star-inserted\"> \u00a0<\/span>\n<div class=\"container ng-tns-c2946245707-175 hide\">\n<div class=\"carousel-container ng-tns-c2946245707-175\"><\/div>\n<\/div>\n<\/li>\n<\/ul>\n<h3 data-sourcepos=\"11:1-11:36\"><strong>Cum s\u0103 alege\u021bi un hanorac ponderat:<\/strong><\/h3>\n<ul data-sourcepos=\"13:1-17:0\">\n<li data-sourcepos=\"13:1-13:82\"><strong>Greutate:<\/strong> Greutatea hanoracului trebuie s\u0103 fie de aproximativ 5-10% din greutatea corporal\u0103.<\/li>\n<li data-sourcepos=\"14:1-14:75\"><strong>Material:<\/strong> C\u0103uta\u021bi un material moale, respirabil, cum ar fi bumbacul sau fleece.<\/li>\n<li data-sourcepos=\"15:1-15:92\"><strong>Distribu\u021bia greut\u0103\u021bii:<\/strong> Asigura\u021bi-v\u0103 c\u0103 greutatea este distribuit\u0103 uniform pe toat\u0103 lungimea hanoracului.<\/li>\n<li data-sourcepos=\"16:1-17:0\"><strong>Confort:<\/strong> Hanoracul trebuie s\u0103 se potriveasc\u0103 confortabil \u0219i s\u0103 nu fie prea str\u00e2mt sau prea larg.<\/li>\n<\/ul>\n<h3 data-sourcepos=\"18:1-18:33\"><strong>Cum s\u0103 folosi\u021bi un hanorac ponderat:<\/strong><\/h3>\n<ul data-sourcepos=\"20:1-23:0\">\n<li data-sourcepos=\"20:1-20:72\"><strong>Relaxare:<\/strong> Purta\u021bi hanoracul \u00een timp ce v\u0103 relaxa\u021bi pe canapea sau \u00een pat.<\/li>\n<li data-sourcepos=\"21:1-21:81\"><strong><span class=\"citation-7 recitation\">Somn:<\/span><\/strong><span class=\"citation-7 recitation citation-end-7\"> Folosi\u021bi hanoracul ca ajutor de somn pentru a \u00eembun\u0103t\u0103\u021bi calitatea somnului.<\/span><span class=\"button-container hide-from-message-actions ng-star-inserted\"> \u00a0<\/span>\n<div class=\"container ng-tns-c2946245707-176 hide\">\n<div class=\"carousel-container ng-tns-c2946245707-176\"><\/div>\n<\/div>\n<\/li>\n<li data-sourcepos=\"22:1-23:0\"><strong><span class=\"citation-8 recitation\">Focus:<\/span><\/strong><span class=\"citation-8 recitation citation-end-8\"> Purta\u021bi hanoracul \u00een timp ce studia\u021bi, lucra\u021bi sau v\u0103 angaja\u021bi \u00een alte activit\u0103\u021bi care necesit\u0103 concentrare.<\/span><span class=\"button-container hide-from-message-actions ng-star-inserted\">\u00a0 \u00a0<\/span>\n<div class=\"container ng-tns-c2946245707-177 hide\">\n<div class=\"carousel-container ng-tns-c2946245707-177\"><\/div>\n<\/div>\n<\/li>\n<\/ul>\n<h3 data-sourcepos=\"24:1-24:40\"><strong>Beneficiile utiliz\u0103rii unui hanorac ponderat:<\/strong><\/h3>\n<ul data-sourcepos=\"26:1-30:0\">\n<li data-sourcepos=\"26:1-26:92\"><strong>Reducerea anxiet\u0103\u021bii:<\/strong> <span class=\"citation-9 recitation citation-end-9\">Presiunea u\u0219oar\u0103 poate ajuta la calmarea sistemului nervos.<\/span><span class=\"button-container hide-from-message-actions ng-star-inserted\"> \u00a0<\/span>\n<div class=\"container ng-tns-c2946245707-178 hide\">\n<div class=\"carousel-container ng-tns-c2946245707-178\"><\/div>\n<\/div>\n<\/li>\n<li data-sourcepos=\"27:1-27:87\"><strong><span class=\"citation-10 recitation\">Somn \u00eembun\u0103t\u0103\u021bit:<\/span><\/strong><span class=\"citation-10 recitation citation-end-10\"> Greutatea poate promova un somn mai profund \u0219i mai odihnitor.<\/span><span class=\"button-container hide-from-message-actions ng-star-inserted\">\u00a0<\/span>\n<div class=\"container ng-tns-c2946245707-179 hide\">\n<div class=\"carousel-container ng-tns-c2946245707-179\"><\/div>\n<\/div>\n<\/li>\n<li data-sourcepos=\"28:1-28:101\"><strong><span class=\"citation-11 recitation\">Focalizare mai bun\u0103:<\/span><\/strong><span class=\"citation-11 recitation citation-end-11\"> Presiunea poate ajuta la \u00eembun\u0103t\u0103\u021birea concentr\u0103rii \u0219i a capacit\u0103\u021bii de concentrare.<\/span><span class=\"button-container hide-from-message-actions ng-star-inserted\">\u00a0 \u00a0<\/span>\n<div class=\"container ng-tns-c2946245707-180 hide\">\n<div class=\"carousel-container ng-tns-c2946245707-180\"><\/div>\n<\/div>\n<\/li>\n<li data-sourcepos=\"29:1-30:0\"><strong><span class=\"citation-12 recitation\">Reducerea stresului:<\/span><\/strong><span class=\"citation-12 recitation citation-end-12\"> Efectul calmant al greut\u0103\u021bii poate ajuta la reducerea nivelului de stres.<\/span><span class=\"button-container hide-from-message-actions ng-star-inserted\">\u00a0<\/span>\n<div class=\"container ng-tns-c2946245707-181 hide\">\n<div class=\"carousel-container ng-tns-c2946245707-181\"><\/div>\n<\/div>\n<\/li>\n<\/ul>\n<p data-sourcepos=\"31:1-31:269\">Dac\u0103 sunte\u021bi \u00een c\u0103utarea unei modalit\u0103\u021bi naturale de a reduce stresul \u0219i anxietatea, un hanorac ponderat poate fi o op\u021biune bun\u0103 pentru dvs. Cu toate acestea, este important s\u0103 consulta\u021bi un profesionist din domeniul s\u0103n\u0103t\u0103\u021bii \u00eenainte de a utiliza un produs ponderat, \u00een special dac\u0103 ave\u021bi orice afec\u021biuni de s\u0103n\u0103tate subiacente.<\/p>","protected":false},"excerpt":{"rendered":"<table style=\"height: 478px;\" width=\"402\">\n<tbody>\n<tr>\n<td width=\"146\"><strong><b>Produs<\/b><\/strong>\u00a0<strong><b>Nume:<\/b><\/strong><\/td>\n<td width=\"601\"><strong>Hanorac ponderat<\/strong><\/td>\n<\/tr>\n<tr>\n<td width=\"146\"><strong><b>Materlal:<\/b><\/strong><\/td>\n<td width=\"601\">Poliester\/Cotton<\/td>\n<\/tr>\n<tr>\n<td width=\"146\"><strong><b>Tehnic\u0103:<\/b><\/strong><\/td>\n<td width=\"601\">Imprimare \u0219i vopsire<\/td>\n<\/tr>\n<tr>\n<td width=\"146\"><strong><b>Stil:<\/b><\/strong><\/td>\n<td width=\"601\">Casual<\/td>\n<\/tr>\n<tr>\n<td width=\"146\"><strong><b>Culoare<\/b><\/strong><strong><b>:<\/b><\/strong><\/td>\n<td width=\"601\">\u00a0Culori personalizate<\/td>\n<\/tr>\n<tr>\n<td width=\"146\"><strong><b>Dimensiune:<\/b><\/strong><\/td>\n<td width=\"601\">S \/M \/L \/XL \/2XL<\/td>\n<\/tr>\n<tr>\n<td width=\"146\"><strong><b>OEM\/ODM:<\/b><\/strong><\/td>\n<td width=\"601\">Acceptabil<\/td>\n<\/tr>\n<tr>\n<td width=\"146\"><strong><b>Calitate:<\/b><\/strong><\/td>\n<td width=\"601\">100% De \u00eenalt\u0103 calitate<\/td>\n<\/tr>\n<tr>\n<td width=\"146\"><strong><b>M<\/b><\/strong><strong><b>OQ:<\/b><\/strong><\/td>\n<td width=\"601\">200 buc<\/td>\n<\/tr>\n<\/tbody>\n<\/table>","protected":false},"featured_media":1848,"template":"","meta":[],"product_brand":[],"product_cat":[38],"product_tag":[],"class_list":{"0":"post-1846","1":"product","2":"type-product","3":"status-publish","4":"has-post-thumbnail","6":"product_cat-mens-clothing","8":"first","9":"instock","10":"shipping-taxable","11":"product-type-simple"},"_links":{"self":[{"href":"https:\/\/mj-clothing.com\/ro\/wp-json\/wp\/v2\/product\/1846","targetHints":{"allow":["GET"]}}],"collection":[{"href":"https:\/\/mj-clothing.com\/ro\/wp-json\/wp\/v2\/product"}],"about":[{"href":"https:\/\/mj-clothing.com\/ro\/wp-json\/wp\/v2\/types\/product"}],"wp:featuredmedia":[{"embeddable":true,"href":"https:\/\/mj-clothing.com\/ro\/wp-json\/wp\/v2\/media\/1848"}],"wp:attachment":[{"href":"https:\/\/mj-clothing.com\/ro\/wp-json\/wp\/v2\/media?parent=1846"}],"wp:term":[{"taxonomy":"product_brand","embeddable":true,"href":"https:\/\/mj-clothing.com\/ro\/wp-json\/wp\/v2\/product_brand?post=1846"},{"taxonomy":"product_cat","embeddable":true,"href":"https:\/\/mj-clothing.com\/ro\/wp-json\/wp\/v2\/product_cat?post=1846"},{"taxonomy":"product_tag","embeddable":true,"href":"https:\/\/mj-clothing.com\/ro\/wp-json\/wp\/v2\/product_tag?post=1846"}],"curies":[{"name":"wp","href":"https:\/\/api.w.org\/{rel}","templated":true}]}}