{"id":1859,"date":"2024-12-16T06:23:43","date_gmt":"2024-12-16T06:23:43","guid":{"rendered":"https:\/\/mj-clothing.com\/?post_type=product&#038;p=1859"},"modified":"2024-12-17T06:20:37","modified_gmt":"2024-12-17T06:20:37","slug":"white-crew-neck-sweatshirt","status":"publish","type":"product","link":"https:\/\/mj-clothing.com\/ro\/manufacturer\/white-crew-neck-sweatshirt\/","title":{"rendered":"Hanorac alb cu g\u00e2t rotund"},"content":{"rendered":"<p data-sourcepos=\"1:1-1:170\"><span class=\"citation-0 recitation citation-end-0\">Un hanorac alb cu g\u00e2t rotund este o pies\u0103 de \u00eembr\u0103c\u0103minte clasic\u0103 \u0219i versatil\u0103, care poate fi \u00eembr\u0103cat\u0103 \u00een sus sau \u00een jos.<\/span> Este un element de baz\u0103 al garderobei care poate fi purtat pe tot parcursul anului.<span class=\"button-container hide-from-message-actions ng-star-inserted\"> \u00a0<\/span><\/p>\n<h3 data-sourcepos=\"3:1-3:49\"><strong>Caracteristicile principale ale unui tricou alb cu g\u00e2t rotund:<\/strong><\/h3>\n<ul data-sourcepos=\"5:1-9:0\">\n<li data-sourcepos=\"5:1-5:89\"><strong>Design simplu:<\/strong> Un design clasic, minimalist, cu decolteu rotund \u0219i m\u00e2neci lungi.<\/li>\n<li data-sourcepos=\"6:1-6:97\"><strong>Confort:<\/strong> <span class=\"citation-1 recitation citation-end-1\">De obicei, sunt fabricate din materiale moi, respirabile, cum ar fi bumbacul sau fleece.<\/span><span class=\"button-container hide-from-message-actions ng-star-inserted\"> \u00a0<\/span>\n<div class=\"container ng-tns-c2946245707-216 hide\">\n<div class=\"carousel-container ng-tns-c2946245707-216\"><\/div>\n<\/div>\n<\/li>\n<li data-sourcepos=\"7:1-7:91\"><strong><span class=\"citation-2 recitation\">Versatilitate:<\/span><\/strong><span class=\"citation-2 recitation citation-end-2\"> Poate fi asortat cu blugi, jambiere, fuste sau pantaloni de rochie.<\/span>\n<div class=\"container ng-tns-c2946245707-217 hide\">\n<div class=\"carousel-container ng-tns-c2946245707-217\"><\/div>\n<\/div>\n<\/li>\n<li data-sourcepos=\"8:1-9:0\"><strong>Atemporal:<\/strong> O pies\u0103 atemporal\u0103 care nu se demodeaz\u0103 niciodat\u0103.<\/li>\n<\/ul>\n<h3 data-sourcepos=\"10:1-10:46\"><strong>Cum s\u0103 purta\u021bi un tricou alb cu g\u00e2t rotund:<\/strong><\/h3>\n<p data-sourcepos=\"12:1-12:66\">Iat\u0103 c\u00e2teva idei despre cum s\u0103 purta\u021bi un hanorac alb cu g\u00e2t rotund:<\/p>\n<ul data-sourcepos=\"14:1-18:0\">\n<li data-sourcepos=\"14:1-14:67\"><strong>Casual:<\/strong> Asocia\u021bi-l cu blugi \u0219i adida\u0219i pentru un look relaxat.<\/li>\n<li data-sourcepos=\"15:1-15:69\"><strong>Sportiv:<\/strong> Purta\u021bi-l cu pantaloni de trening sau jambiere \u0219i pantofi sport.<\/li>\n<li data-sourcepos=\"16:1-16:73\"><strong>Vestimenta\u021bie casual:<\/strong> \u00cembrac\u0103-l cu un blazer, pantaloni elegan\u021bi \u0219i mocasini.<\/li>\n<li data-sourcepos=\"17:1-18:0\"><strong>\u00cen straturi:<\/strong> Pune-l sub o jachet\u0103 din denim sau din piele pentru un look elegant.<\/li>\n<\/ul>\n<h3 data-sourcepos=\"19:1-19:51\"><strong>Sfaturi pentru alegerea unui tricou alb cu g\u00e2t rotund:<\/strong><\/h3>\n<ul data-sourcepos=\"21:1-24:0\">\n<li data-sourcepos=\"21:1-21:88\"><strong>Material:<\/strong> C\u0103uta\u021bi un material moale, de \u00eenalt\u0103 calitate, care va fi confortabil de purtat.<\/li>\n<li data-sourcepos=\"22:1-22:109\"><strong>Se potrive\u0219te:<\/strong> Alege o croial\u0103 care se potrive\u0219te stilului t\u0103u personal. Pute\u021bi opta pentru o croial\u0103 relaxat\u0103 sau pentru un stil mai mulat.<\/li>\n<li data-sourcepos=\"23:1-24:0\"><strong>\u00cengrijire:<\/strong> Urma\u021bi instruc\u021biunile de \u00eengrijire de pe etichet\u0103 pentru ca hanoracul dvs. s\u0103 arate c\u00e2t mai bine.<\/li>\n<\/ul>\n<p data-sourcepos=\"25:1-25:101\">Urm\u00e2nd aceste sfaturi, pute\u021bi g\u0103si tricoul alb perfect cu g\u00e2t rotund pe care s\u0103 \u00eel ad\u0103uga\u021bi garderobei dvs.<\/p>","protected":false},"excerpt":{"rendered":"<table style=\"height: 481px;\" width=\"465\">\n<tbody>\n<tr>\n<td width=\"146\"><strong><b>Produs<\/b><\/strong>\u00a0<strong><b>Nume:<\/b><\/strong><\/td>\n<td width=\"601\"><strong>Hanorac alb cu g\u00e2t rotund<\/strong><\/td>\n<\/tr>\n<tr>\n<td width=\"146\"><strong><b>Materlal:<\/b><\/strong><\/td>\n<td width=\"601\">Poliester\/Cotton<\/td>\n<\/tr>\n<tr>\n<td width=\"146\"><strong><b>Tehnic\u0103:<\/b><\/strong><\/td>\n<td width=\"601\">Imprimare \u0219i vopsire<\/td>\n<\/tr>\n<tr>\n<td width=\"146\"><strong><b>Stil:<\/b><\/strong><\/td>\n<td width=\"601\">Casual<\/td>\n<\/tr>\n<tr>\n<td width=\"146\"><strong><b>Culoare<\/b><\/strong><strong><b>:<\/b><\/strong><\/td>\n<td width=\"601\">\u00a0Culori personalizate<\/td>\n<\/tr>\n<tr>\n<td width=\"146\"><strong><b>Dimensiune:<\/b><\/strong><\/td>\n<td width=\"601\">S \/M \/L \/XL \/2XL<\/td>\n<\/tr>\n<tr>\n<td width=\"146\"><strong><b>OEM\/ODM:<\/b><\/strong><\/td>\n<td width=\"601\">Acceptabil<\/td>\n<\/tr>\n<tr>\n<td width=\"146\"><strong><b>Calitate:<\/b><\/strong><\/td>\n<td width=\"601\">100% De \u00eenalt\u0103 calitate<\/td>\n<\/tr>\n<tr>\n<td width=\"146\"><strong><b>M<\/b><\/strong><strong><b>OQ:<\/b><\/strong><\/td>\n<td width=\"601\">200 buc<\/td>\n<\/tr>\n<\/tbody>\n<\/table>","protected":false},"featured_media":1860,"template":"","meta":[],"product_brand":[],"product_cat":[38],"product_tag":[],"class_list":{"0":"post-1859","1":"product","2":"type-product","3":"status-publish","4":"has-post-thumbnail","6":"product_cat-mens-clothing","8":"first","9":"instock","10":"shipping-taxable","11":"product-type-simple"},"_links":{"self":[{"href":"https:\/\/mj-clothing.com\/ro\/wp-json\/wp\/v2\/product\/1859","targetHints":{"allow":["GET"]}}],"collection":[{"href":"https:\/\/mj-clothing.com\/ro\/wp-json\/wp\/v2\/product"}],"about":[{"href":"https:\/\/mj-clothing.com\/ro\/wp-json\/wp\/v2\/types\/product"}],"wp:featuredmedia":[{"embeddable":true,"href":"https:\/\/mj-clothing.com\/ro\/wp-json\/wp\/v2\/media\/1860"}],"wp:attachment":[{"href":"https:\/\/mj-clothing.com\/ro\/wp-json\/wp\/v2\/media?parent=1859"}],"wp:term":[{"taxonomy":"product_brand","embeddable":true,"href":"https:\/\/mj-clothing.com\/ro\/wp-json\/wp\/v2\/product_brand?post=1859"},{"taxonomy":"product_cat","embeddable":true,"href":"https:\/\/mj-clothing.com\/ro\/wp-json\/wp\/v2\/product_cat?post=1859"},{"taxonomy":"product_tag","embeddable":true,"href":"https:\/\/mj-clothing.com\/ro\/wp-json\/wp\/v2\/product_tag?post=1859"}],"curies":[{"name":"wp","href":"https:\/\/api.w.org\/{rel}","templated":true}]}}