{"id":1861,"date":"2024-12-16T06:40:02","date_gmt":"2024-12-16T06:40:02","guid":{"rendered":"https:\/\/mj-clothing.com\/?post_type=product&#038;p=1861"},"modified":"2024-12-17T06:17:43","modified_gmt":"2024-12-17T06:17:43","slug":"couple-sweatshirt","status":"publish","type":"product","link":"https:\/\/mj-clothing.com\/ro\/manufacturer\/couple-sweatshirt\/","title":{"rendered":"Cuplu Sweatshirt"},"content":{"rendered":"<p data-sourcepos=\"1:1-1:238\">Puloverele pentru cupluri sunt o tendin\u021b\u0103 popular\u0103 care permite cuplurilor s\u0103 \u00ee\u0219i exprime dragostea \u0219i leg\u0103tura prin haine asortate sau complementare. Acestea sunt disponibile \u00een diferite stiluri, culori \u0219i modele, pentru a satisface diferite preferin\u021be \u0219i ocazii.<\/p>\n<h3 data-sourcepos=\"3:1-3:39\"><strong>Caracteristici cheie ale cuplului Sweatshirts:<\/strong><\/h3>\n<ul data-sourcepos=\"5:1-10:0\">\n<li data-sourcepos=\"5:1-5:109\"><strong>Modele asortate:<\/strong> Adesea prezint\u0103 modele, culori sau fraze potrivite care simbolizeaz\u0103 leg\u0103tura cuplului.<\/li>\n<li data-sourcepos=\"6:1-6:134\"><strong>Proiecte complementare:<\/strong> Pot avea desene diferite, dar legate \u00eentre ele, cum ar fi \"Rege\" \u0219i \"Regin\u0103\", \"Yin\" \u0219i \"Yang\" sau \"Ea\" \u0219i \"El\".<\/li>\n<li data-sourcepos=\"7:1-7:105\"><strong>Mesaje personalizate:<\/strong> Poate fi personalizat cu nume, ini\u021biale, date speciale sau mesaje personale.<\/li>\n<li data-sourcepos=\"8:1-8:95\"><strong>Materiale confortabile:<\/strong> De obicei, sunt fabricate din materiale moi \u0219i confortabile, cum ar fi bumbacul sau fleece.<\/li>\n<li data-sourcepos=\"9:1-10:0\"><strong>Stiluri versatile:<\/strong> Disponibil \u00een diferite stiluri, inclusiv hanorace, bluze crewnecks \u0219i pulovere.<\/li>\n<\/ul>\n<h3 data-sourcepos=\"11:1-11:36\"><strong>De unde s\u0103 cump\u0103ra\u021bi tricouri de cuplu:<\/strong><\/h3>\n<ul data-sourcepos=\"13:1-16:0\">\n<li data-sourcepos=\"13:1-13:121\"><strong>Retaileri online:<\/strong> Site-urile web precum Etsy, Amazon \u0219i magazinele specializate \u00een haine de cuplu ofer\u0103 o gam\u0103 larg\u0103 de op\u021biuni.<\/li>\n<li data-sourcepos=\"14:1-14:94\"><strong>Magazine fizice:<\/strong> Vizita\u021bi buticurile \u0219i magazinele locale pentru cump\u0103r\u0103turi \u00een persoan\u0103.<\/li>\n<li data-sourcepos=\"15:1-16:0\"><strong>Servicii personalizate de imprimare:<\/strong> Crea\u021bi propriile tricouri de cuplu personalizate cu modele \u0219i mesaje personalizate.<\/li>\n<\/ul>\n<h3 data-sourcepos=\"17:1-17:41\"><strong>Sfaturi pentru alegerea puloverelor de cuplu:<\/strong><\/h3>\n<ul data-sourcepos=\"19:1-24:0\">\n<li data-sourcepos=\"19:1-19:99\"><strong>Lua\u021bi \u00een considerare stilul dvs:<\/strong> Alege\u021bi un stil care s\u0103 v\u0103 reflecte preferin\u021bele personale \u0219i ocazia.<\/li>\n<li data-sourcepos=\"20:1-20:97\"><strong>Alege\u021bi materialul potrivit:<\/strong> Opta\u021bi pentru materiale confortabile \u0219i durabile, cum ar fi bumbacul sau fleece.<\/li>\n<li data-sourcepos=\"21:1-21:65\"><strong>Verifica\u021bi dimensiunile:<\/strong> Asigura\u021bi o dimensionare corect\u0103 pentru ambii parteneri.<\/li>\n<li data-sourcepos=\"22:1-22:89\"><strong>Personaliza\u021bi-v\u0103 puloverele:<\/strong> Ad\u0103uga\u021bi o not\u0103 personal\u0103 cu mesaje sau modele personalizate.<\/li>\n<li data-sourcepos=\"23:1-24:0\"><strong>Coordona\u021bi-v\u0103 cu partenerul dumneavoastr\u0103:<\/strong> Discuta\u021bi despre preferin\u021bele dvs. \u0219i coordona\u021bi-v\u0103 \u021binutele.<\/li>\n<\/ul>\n<p data-sourcepos=\"25:1-25:123\">Aleg\u00e2nd hanoracele potrivite pentru cuplu, pute\u021bi crea un aspect unic \u0219i elegant care s\u0103 reflecte dragostea \u0219i leg\u0103tura voastr\u0103.<\/p>","protected":false},"excerpt":{"rendered":"<table style=\"height: 499px;\" width=\"433\">\n<tbody>\n<tr>\n<td width=\"146\"><strong><b>Produs<\/b><\/strong>\u00a0<strong><b>Nume:<\/b><\/strong><\/td>\n<td width=\"601\"><strong>Cuplu Sweatshirt<\/strong><\/td>\n<\/tr>\n<tr>\n<td width=\"146\"><strong><b>Materlal:<\/b><\/strong><\/td>\n<td width=\"601\">Poliester\/Cotton<\/td>\n<\/tr>\n<tr>\n<td width=\"146\"><strong><b>Tehnic\u0103:<\/b><\/strong><\/td>\n<td width=\"601\">Imprimare \u0219i vopsire<\/td>\n<\/tr>\n<tr>\n<td width=\"146\"><strong><b>Stil:<\/b><\/strong><\/td>\n<td width=\"601\">Casual<\/td>\n<\/tr>\n<tr>\n<td width=\"146\"><strong><b>Culoare<\/b><\/strong><strong><b>:<\/b><\/strong><\/td>\n<td width=\"601\">\u00a0Culori personalizate<\/td>\n<\/tr>\n<tr>\n<td width=\"146\"><strong><b>Dimensiune:<\/b><\/strong><\/td>\n<td width=\"601\">S \/M \/L \/XL \/2XL<\/td>\n<\/tr>\n<tr>\n<td width=\"146\"><strong><b>OEM\/ODM:<\/b><\/strong><\/td>\n<td width=\"601\">Acceptabil<\/td>\n<\/tr>\n<tr>\n<td width=\"146\"><strong><b>Calitate:<\/b><\/strong><\/td>\n<td width=\"601\">100% De \u00eenalt\u0103 calitate<\/td>\n<\/tr>\n<tr>\n<td width=\"146\"><strong><b>M<\/b><\/strong><strong><b>OQ:<\/b><\/strong><\/td>\n<td width=\"601\">200 buc<\/td>\n<\/tr>\n<\/tbody>\n<\/table>","protected":false},"featured_media":1862,"template":"","meta":[],"product_brand":[],"product_cat":[38],"product_tag":[],"class_list":{"0":"post-1861","1":"product","2":"type-product","3":"status-publish","4":"has-post-thumbnail","6":"product_cat-mens-clothing","8":"first","9":"instock","10":"shipping-taxable","11":"product-type-simple"},"_links":{"self":[{"href":"https:\/\/mj-clothing.com\/ro\/wp-json\/wp\/v2\/product\/1861","targetHints":{"allow":["GET"]}}],"collection":[{"href":"https:\/\/mj-clothing.com\/ro\/wp-json\/wp\/v2\/product"}],"about":[{"href":"https:\/\/mj-clothing.com\/ro\/wp-json\/wp\/v2\/types\/product"}],"wp:featuredmedia":[{"embeddable":true,"href":"https:\/\/mj-clothing.com\/ro\/wp-json\/wp\/v2\/media\/1862"}],"wp:attachment":[{"href":"https:\/\/mj-clothing.com\/ro\/wp-json\/wp\/v2\/media?parent=1861"}],"wp:term":[{"taxonomy":"product_brand","embeddable":true,"href":"https:\/\/mj-clothing.com\/ro\/wp-json\/wp\/v2\/product_brand?post=1861"},{"taxonomy":"product_cat","embeddable":true,"href":"https:\/\/mj-clothing.com\/ro\/wp-json\/wp\/v2\/product_cat?post=1861"},{"taxonomy":"product_tag","embeddable":true,"href":"https:\/\/mj-clothing.com\/ro\/wp-json\/wp\/v2\/product_tag?post=1861"}],"curies":[{"name":"wp","href":"https:\/\/api.w.org\/{rel}","templated":true}]}}