{"id":1891,"date":"2024-12-16T07:27:51","date_gmt":"2024-12-16T07:27:51","guid":{"rendered":"https:\/\/mj-clothing.com\/?post_type=product&#038;p=1891"},"modified":"2024-12-17T03:45:11","modified_gmt":"2024-12-17T03:45:11","slug":"african-print-womens-tops","status":"publish","type":"product","link":"https:\/\/mj-clothing.com\/ro\/manufacturer\/african-print-womens-tops\/","title":{"rendered":"Topuri pentru femei cu imprimeu african"},"content":{"rendered":"<div id=\"model-response-message-contentr_ec3773cab81b3474\" class=\"markdown markdown-main-panel response-optimization\" dir=\"ltr\">\n<p data-sourcepos=\"1:1-1:255\"><span class=\"citation-0 recitation citation-end-0\">Topurile pentru femei cu imprimeuri africane sunt articole de \u00eembr\u0103c\u0103minte vibrante \u0219i elegante care celebreaz\u0103 patrimoniul cultural bogat al Africii.<\/span> <span class=\"citation-1 recitation citation-end-1\">Aceste bluze sunt adesea confec\u021bionate din \u021bes\u0103tur\u0103 Ankara, o \u021bes\u0103tur\u0103 de bumbac colorat\u0103 \u0219i cu modele, popular\u0103 \u00een Africa de Vest.<\/span><span class=\"button-container hide-from-message-actions ng-star-inserted\">\u00a0 \u00a0<\/span><\/p>\n<h3 data-sourcepos=\"5:1-5:58\">African Print Womens Tops vin \u00eentr-o varietate de stiluri, inclusiv:<\/h3>\n<ul data-sourcepos=\"7:1-11:0\">\n<li data-sourcepos=\"7:1-7:88\"><strong>Bluze:<\/strong> Aceste topuri sunt adesea mulate \u0219i pot fi purtate cu fuste, pantaloni sau blugi.<\/li>\n<li data-sourcepos=\"8:1-8:80\"><strong>Rochii:<\/strong> Rochiile cu imprimeuri africane sunt o alegere popular\u0103 pentru ocazii speciale.<\/li>\n<li data-sourcepos=\"9:1-9:77\"><strong><span class=\"citation-2 recitation\">Tricouri:<\/span><\/strong><span class=\"citation-2 recitation citation-end-2\"> Aceste topuri casual sunt perfecte pentru uzura de zi cu zi.<\/span><span class=\"button-container hide-from-message-actions ng-star-inserted\"> \u00a0<\/span><\/li>\n<li data-sourcepos=\"9:1-9:77\"><strong style=\"font-size: 14.4px;\"><span class=\"citation-3 recitation\">Costume de salt:<\/span><\/strong><span class=\"citation-3 recitation citation-end-3\" style=\"font-size: 14.4px;\"> Aceste salopete elegante sunt perfecte pentru o sear\u0103 \u00een ora\u0219.<\/span><span class=\"button-container hide-from-message-actions ng-star-inserted\" style=\"font-size: 14.4px;\">\u00a0\u00a0<\/span>\n<div class=\"container ng-tns-c2946245707-271 hide\">\n<div class=\"carousel-container ng-tns-c2946245707-271\">\n<div class=\"carousel-content ng-tns-c2946245707-271\">\n<div class=\"sources-carousel-source ng-tns-c2946245707-271 hide ng-star-inserted\" data-test-id=\"sources-carousel-source\"><\/div>\n<\/div>\n<\/div>\n<\/div>\n<\/li>\n<\/ul>\n<p data-sourcepos=\"12:1-12:147\">Topurile cu imprimeuri africane nu sunt doar frumoase, ci \u0219i confortabile \u0219i versatile. Ele pot fi \u00eembr\u0103cate \u00een sus sau \u00een jos, ceea ce le face perfecte pentru orice ocazie.<\/p>\n<h3 data-sourcepos=\"14:1-14:50\">Iat\u0103 c\u00e2teva sfaturi pentru styling African Print Womens Tops:<\/h3>\n<ul data-sourcepos=\"16:1-20:0\">\n<li data-sourcepos=\"16:1-16:100\"><strong>Amesteca\u021bi \u0219i potrivi\u021bi:<\/strong> Nu v\u0103 fie team\u0103 s\u0103 combina\u021bi imprimeurile africane cu alte modele \u0219i culori.<\/li>\n<li data-sourcepos=\"17:1-17:102\"><strong><span class=\"citation-4 recitation\">Accesoriza\u021bi:<\/span><\/strong><span class=\"citation-4 recitation citation-end-4\"> Adaug\u0103 accesorii precum bijuterii, e\u0219arfe \u0219i p\u0103l\u0103rii pentru a-\u021bi completa look-ul.<\/span><span class=\"button-container hide-from-message-actions ng-star-inserted\"> \u00a0<\/span><\/li>\n<li data-sourcepos=\"17:1-17:102\"><strong style=\"font-size: 14.4px;\">P\u0103stra\u021bi simplitatea:<\/strong><span style=\"font-size: 14.4px;\"> Dac\u0103 por\u021bi un top cu imprimeu african \u00eendr\u0103zne\u021b, p\u0103streaz\u0103 restul \u021binutei simple.<\/span><\/li>\n<li data-sourcepos=\"19:1-20:0\"><strong>Accept\u0103-\u021bi individualitatea:<\/strong> <span class=\"citation-5 recitation citation-end-5\">Topurile cu imprimeuri africane sunt o modalitate excelent\u0103 de a-\u021bi exprima stilul personal.<\/span><span class=\"button-container hide-from-message-actions ng-star-inserted\"> \u00a0<\/span>\n<div class=\"container ng-tns-c2946245707-273 hide\">\n<div class=\"carousel-container ng-tns-c2946245707-273\"><\/div>\n<\/div>\n<\/li>\n<\/ul>\n<p data-sourcepos=\"21:1-21:147\">Indiferent dac\u0103 sunte\u021bi \u00een c\u0103utarea unui top casual pe care s\u0103 \u00eel purta\u021bi prin cas\u0103 sau a unei \u021binute elegante pentru o ocazie special\u0103, topurile cu imprimeu african sunt o op\u021biune excelent\u0103.<\/p>\n<\/div>","protected":false},"excerpt":{"rendered":"<table style=\"height: 455px;\" width=\"420\">\n<tbody>\n<tr>\n<td width=\"146\"><strong><b>Produs<\/b><\/strong>\u00a0<strong><b>Nume:<\/b><\/strong><\/td>\n<td width=\"601\"><strong>Topuri pentru femei cu imprimeu african<\/strong><\/td>\n<\/tr>\n<tr>\n<td width=\"146\"><strong><b>Materlal:<\/b><\/strong><\/td>\n<td width=\"601\">Tricotat<\/td>\n<\/tr>\n<tr>\n<td width=\"146\"><strong><b>Tehnic\u0103:<\/b><\/strong><\/td>\n<td width=\"601\">Brodat<\/td>\n<\/tr>\n<tr>\n<td width=\"146\"><strong><b>Stil:<\/b><\/strong><\/td>\n<td width=\"601\">Casual<\/td>\n<\/tr>\n<tr>\n<td width=\"146\"><strong><b>Culoare<\/b><\/strong><strong><b>:<\/b><\/strong><\/td>\n<td width=\"601\">\u00a0Culori personalizate<\/td>\n<\/tr>\n<tr>\n<td width=\"146\"><strong><b>Dimensiune:<\/b><\/strong><\/td>\n<td width=\"601\">S \/M \/L \/XL \/2XL<\/td>\n<\/tr>\n<tr>\n<td width=\"146\"><strong><b>OEM\/ODM:<\/b><\/strong><\/td>\n<td width=\"601\">Acceptabil<\/td>\n<\/tr>\n<tr>\n<td width=\"146\"><strong><b>Calitate:<\/b><\/strong><\/td>\n<td width=\"601\">100% De \u00eenalt\u0103 calitate<\/td>\n<\/tr>\n<tr>\n<td width=\"146\"><strong><b>M<\/b><\/strong><strong><b>OQ:<\/b><\/strong><\/td>\n<td width=\"601\">200 buc<\/td>\n<\/tr>\n<\/tbody>\n<\/table>","protected":false},"featured_media":1892,"template":"","meta":[],"product_brand":[],"product_cat":[39],"product_tag":[],"class_list":{"0":"post-1891","1":"product","2":"type-product","3":"status-publish","4":"has-post-thumbnail","6":"product_cat-womens-clothing","8":"first","9":"instock","10":"shipping-taxable","11":"product-type-simple"},"_links":{"self":[{"href":"https:\/\/mj-clothing.com\/ro\/wp-json\/wp\/v2\/product\/1891","targetHints":{"allow":["GET"]}}],"collection":[{"href":"https:\/\/mj-clothing.com\/ro\/wp-json\/wp\/v2\/product"}],"about":[{"href":"https:\/\/mj-clothing.com\/ro\/wp-json\/wp\/v2\/types\/product"}],"wp:featuredmedia":[{"embeddable":true,"href":"https:\/\/mj-clothing.com\/ro\/wp-json\/wp\/v2\/media\/1892"}],"wp:attachment":[{"href":"https:\/\/mj-clothing.com\/ro\/wp-json\/wp\/v2\/media?parent=1891"}],"wp:term":[{"taxonomy":"product_brand","embeddable":true,"href":"https:\/\/mj-clothing.com\/ro\/wp-json\/wp\/v2\/product_brand?post=1891"},{"taxonomy":"product_cat","embeddable":true,"href":"https:\/\/mj-clothing.com\/ro\/wp-json\/wp\/v2\/product_cat?post=1891"},{"taxonomy":"product_tag","embeddable":true,"href":"https:\/\/mj-clothing.com\/ro\/wp-json\/wp\/v2\/product_tag?post=1891"}],"curies":[{"name":"wp","href":"https:\/\/api.w.org\/{rel}","templated":true}]}}