{"id":1901,"date":"2024-12-16T07:56:53","date_gmt":"2024-12-16T07:56:53","guid":{"rendered":"https:\/\/mj-clothing.com\/?post_type=product&#038;p=1901"},"modified":"2024-12-17T03:44:39","modified_gmt":"2024-12-17T03:44:39","slug":"ivory-colored-womens-tops","status":"publish","type":"product","link":"https:\/\/mj-clothing.com\/ro\/manufacturer\/ivory-colored-womens-tops\/","title":{"rendered":"Topuri pentru femei de culoarea filde\u0219ului"},"content":{"rendered":"<div id=\"model-response-message-contentr_512563ff2fe7e496\" class=\"markdown markdown-main-panel response-optimization\" dir=\"ltr\">\n<p data-sourcepos=\"1:1-1:189\">Topurile pentru femei de culoare filde\u0219 sunt un clasic atemporal care poate fi \u00eembr\u0103cat \u00een sus sau \u00een jos. Aceast\u0103 culoare versatil\u0103 se potrive\u0219te bine cu diverse alte culori \u0219i modele, devenind un element de baz\u0103 \u00een orice garderob\u0103.<\/p>\n<h3 data-sourcepos=\"5:1-5:51\">Aici sunt c\u00e2teva stiluri populare de Topuri pentru femei de culoare filde\u0219:<\/h3>\n<div class=\"attachment-container search-images\">\n<div class=\"image-container hide-from-message-actions ng-star-inserted\"><\/div>\n<\/div>\n<ul data-sourcepos=\"7:1-18:0\">\n<li data-sourcepos=\"7:1-9:0\">\n<p data-sourcepos=\"7:3-8:23\"><strong><span class=\"citation-0 recitation\">Bluze:<\/span><\/strong><span class=\"citation-0 recitation citation-end-0\"> Bluzele de filde\u0219 pot fi confec\u021bionate din diverse materiale, cum ar fi m\u0103tase, bumbac sau in.<\/span> Acestea pot fi asortate cu fuste, pantaloni sau blugi pentru un look \u0219ic \u0219i sofisticat.<\/p>\n<\/li>\n<li data-sourcepos=\"7:1-9:0\">\n<p data-sourcepos=\"7:3-8:23\"><strong style=\"font-size: 14.4px;\"><span class=\"citation-1 recitation\">Tricouri:<\/span><\/strong><span class=\"citation-1 recitation citation-end-1\" style=\"font-size: 14.4px;\"> Tricourile de filde\u0219 sunt o op\u021biune casual \u0219i confortabil\u0103 care poate fi asociat\u0103 cu blugi, pantaloni scur\u021bi sau fuste.<\/span><\/p>\n<\/li>\n<li data-sourcepos=\"7:1-9:0\">\n<p data-sourcepos=\"7:3-8:23\"><strong style=\"font-size: 14.4px;\">Pulovere:<\/strong><span style=\"font-size: 14.4px;\"> Puloverele de filde\u0219 sunt perfecte pentru vremea r\u0103coroas\u0103. Ele pot fi purtate cu blugi, jambiere sau fuste.<\/span><\/p>\n<\/li>\n<li data-sourcepos=\"7:1-9:0\">\n<p data-sourcepos=\"7:3-8:23\"><strong><span class=\"citation-2 recitation\">Tricouri:<\/span><\/strong><span class=\"citation-2 recitation citation-end-2\"> Tricourile f\u0103r\u0103 m\u0103tase sunt o pies\u0103 versatil\u0103 care poate fi suprapus\u0103 sub alte tricouri sau purtat\u0103 singur\u0103.<\/span><span class=\"button-container hide-from-message-actions ng-star-inserted\"> \u00a0<\/span><\/p>\n<div class=\"container ng-tns-c2946245707-289 hide\">\n<div class=\"carousel-container ng-tns-c2946245707-289\"><\/div>\n<\/div>\n<div class=\"attachment-container search-images\">\n<div class=\"image-container hide-from-message-actions ng-star-inserted\">\n<div class=\"caption ellipsis gmat-caption ng-star-inserted\" aria-hidden=\"true\"><span style=\"font-size: 20.16px;\">Atunci c\u00e2nd crea\u021bi stilul Ivory Colored Womens Tops, lua\u021bi \u00een considerare urm\u0103toarele sfaturi:<\/span><\/div>\n<\/div>\n<\/div>\n<\/li>\n<\/ul>\n<ul data-sourcepos=\"21:1-25:0\">\n<li data-sourcepos=\"21:1-21:94\"><strong>Accesoriza\u021bi:<\/strong> Adaug\u0103 accesorii precum coliere, cercei \u0219i e\u0219arfe pentru a-\u021bi \u00eembun\u0103t\u0103\u021bi look-ul.<\/li>\n<li data-sourcepos=\"22:1-22:121\"><strong>Joac\u0103-te cu texturile:<\/strong> Amesteca\u021bi \u0219i combina\u021bi texturi diferite, cum ar fi dantela, catifeaua sau tricoul, pentru a crea \u021binute interesante.<\/li>\n<li data-sourcepos=\"23:1-23:110\"><strong>Experimenta\u021bi cu culorile:<\/strong> Asorteaz\u0103-\u021bi bluza de filde\u0219 cu culori vii, precum ro\u0219u, albastru sau verde, pentru un look \u00eendr\u0103zne\u021b.<\/li>\n<li data-sourcepos=\"24:1-25:0\"><strong>P\u0103stra\u021bi simplitatea:<\/strong> Dac\u0103 por\u021bi un top ivoire mai complicat, p\u0103streaz\u0103 restul \u021binutei simple.<\/li>\n<\/ul>\n<p data-sourcepos=\"26:1-26:197\">Topurile pentru femei de culoarea filde\u0219ului sunt o alegere versatil\u0103 \u0219i elegant\u0103 care poate fi purtat\u0103 cu orice ocazie. Urm\u00e2nd aceste sfaturi, pute\u021bi crea \u021binute uimitoare care v\u0103 vor face s\u0103 ar\u0103ta\u021bi \u0219i s\u0103 v\u0103 sim\u021bi\u021bi cel mai bine.<\/p>\n<\/div>\n<div class=\"response-footer gap complete\">\n<div class=\"show-sources-container ng-star-inserted\"><\/div>\n<div class=\"container ng-tns-c2946245707-283\">\n<div class=\"carousel-container ng-tns-c2946245707-283\">\n<div class=\"carousel-content ng-tns-c2946245707-283\">\n<div class=\"sources-carousel-source ng-tns-c2946245707-283 ng-star-inserted\" data-test-id=\"sources-carousel-source\">\n<div class=\"source-card-container\">\n<div class=\"source-card-content\">\n<div class=\"source-card-body\">\n<div class=\"source-card-header\">\n<div class=\"source-card-title\"><\/div>\n<\/div>\n<\/div>\n<\/div>\n<\/div>\n<\/div>\n<\/div>\n<\/div>\n<\/div>\n<\/div>","protected":false},"excerpt":{"rendered":"<table style=\"height: 539px;\" width=\"411\">\n<tbody>\n<tr>\n<td width=\"146\"><strong><b>Produs<\/b><\/strong>\u00a0<strong><b>Nume:<\/b><\/strong><\/td>\n<td width=\"601\"><strong>Topuri pentru femei de culoarea filde\u0219ului<\/strong><\/td>\n<\/tr>\n<tr>\n<td width=\"146\"><strong><b>Materlal:<\/b><\/strong><\/td>\n<td width=\"601\">Tricotat<\/td>\n<\/tr>\n<tr>\n<td width=\"146\"><strong><b>Tehnic\u0103:<\/b><\/strong><\/td>\n<td width=\"601\">Brodat<\/td>\n<\/tr>\n<tr>\n<td width=\"146\"><strong><b>Stil:<\/b><\/strong><\/td>\n<td width=\"601\">Casual<\/td>\n<\/tr>\n<tr>\n<td width=\"146\"><strong><b>Culoare<\/b><\/strong><strong><b>:<\/b><\/strong><\/td>\n<td width=\"601\">\u00a0Culori personalizate<\/td>\n<\/tr>\n<tr>\n<td width=\"146\"><strong><b>Dimensiune:<\/b><\/strong><\/td>\n<td width=\"601\">S \/M \/L \/XL \/2XL<\/td>\n<\/tr>\n<tr>\n<td width=\"146\"><strong><b>OEM\/ODM:<\/b><\/strong><\/td>\n<td width=\"601\">Acceptabil<\/td>\n<\/tr>\n<tr>\n<td width=\"146\"><strong><b>Calitate:<\/b><\/strong><\/td>\n<td width=\"601\">100% De \u00eenalt\u0103 calitate<\/td>\n<\/tr>\n<tr>\n<td width=\"146\"><strong><b>M<\/b><\/strong><strong><b>OQ:<\/b><\/strong><\/td>\n<td width=\"601\">200 buc<\/td>\n<\/tr>\n<\/tbody>\n<\/table>","protected":false},"featured_media":1911,"template":"","meta":[],"product_brand":[],"product_cat":[39],"product_tag":[],"class_list":{"0":"post-1901","1":"product","2":"type-product","3":"status-publish","4":"has-post-thumbnail","6":"product_cat-womens-clothing","8":"first","9":"instock","10":"shipping-taxable","11":"product-type-simple"},"_links":{"self":[{"href":"https:\/\/mj-clothing.com\/ro\/wp-json\/wp\/v2\/product\/1901","targetHints":{"allow":["GET"]}}],"collection":[{"href":"https:\/\/mj-clothing.com\/ro\/wp-json\/wp\/v2\/product"}],"about":[{"href":"https:\/\/mj-clothing.com\/ro\/wp-json\/wp\/v2\/types\/product"}],"wp:featuredmedia":[{"embeddable":true,"href":"https:\/\/mj-clothing.com\/ro\/wp-json\/wp\/v2\/media\/1911"}],"wp:attachment":[{"href":"https:\/\/mj-clothing.com\/ro\/wp-json\/wp\/v2\/media?parent=1901"}],"wp:term":[{"taxonomy":"product_brand","embeddable":true,"href":"https:\/\/mj-clothing.com\/ro\/wp-json\/wp\/v2\/product_brand?post=1901"},{"taxonomy":"product_cat","embeddable":true,"href":"https:\/\/mj-clothing.com\/ro\/wp-json\/wp\/v2\/product_cat?post=1901"},{"taxonomy":"product_tag","embeddable":true,"href":"https:\/\/mj-clothing.com\/ro\/wp-json\/wp\/v2\/product_tag?post=1901"}],"curies":[{"name":"wp","href":"https:\/\/api.w.org\/{rel}","templated":true}]}}