{"id":1919,"date":"2024-12-16T08:23:18","date_gmt":"2024-12-16T08:23:18","guid":{"rendered":"https:\/\/mj-clothing.com\/?post_type=product&#038;p=1919"},"modified":"2024-12-17T03:44:00","modified_gmt":"2024-12-17T03:44:00","slug":"womens-pink-long-sleeve-tops","status":"publish","type":"product","link":"https:\/\/mj-clothing.com\/ro\/manufacturer\/womens-pink-long-sleeve-tops\/","title":{"rendered":"Topuri cu m\u00e2nec\u0103 lung\u0103 roz pentru femei"},"content":{"rendered":"<p data-sourcepos=\"1:1-1:189\">Topurile cu m\u00e2nec\u0103 lung\u0103 roz pentru femei sunt o alegere versatil\u0103 \u0219i elegant\u0103 pentru femei. <span class=\"citation-0 recitation citation-end-0\">Acestea sunt disponibile \u00een diferite nuan\u021be, de la blush moale la roz aprins vibrant, \u0219i pot fi aranjate pentru diferite ocazii.<\/span><span class=\"button-container hide-from-message-actions ng-star-inserted\"> \u00a0<\/span><\/p>\n<h3 data-sourcepos=\"5:1-5:54\">\u00a0 \u00a0 \u00a0 Iat\u0103 c\u00e2teva stiluri populare de topuri cu m\u00e2nec\u0103 lung\u0103 roz pentru femei:<\/h3>\n<ul data-sourcepos=\"7:1-18:0\">\n<li data-sourcepos=\"7:1-9:0\">\n<p data-sourcepos=\"7:3-8:22\"><strong><span class=\"citation-1 recitation\">Bluze:<\/span><\/strong><span class=\"citation-1 recitation citation-end-1\"> Bluzele roz pot fi confec\u021bionate din diverse materiale, cum ar fi m\u0103tase, bumbac sau in.<\/span> Acestea pot fi asortate cu fuste, pantaloni sau blugi pentru un look \u0219ic \u0219i sofisticat.<span class=\"button-container hide-from-message-actions ng-star-inserted\">\u00a0 \u00a0<\/span><\/p>\n<\/li>\n<li data-sourcepos=\"7:1-9:0\">\n<p data-sourcepos=\"7:3-8:22\"><strong style=\"font-size: 14.4px;\"><span class=\"citation-2 recitation\">Tricouri:<\/span><\/strong><span class=\"citation-2 recitation citation-end-2\" style=\"font-size: 14.4px;\"> Tricourile roz sunt o op\u021biune casual \u0219i confortabil\u0103 care poate fi asociat\u0103 cu blugi, pantaloni scur\u021bi sau fuste.<\/span><span class=\"button-container hide-from-message-actions ng-star-inserted\" style=\"font-size: 14.4px;\">\u00a0 \u00a0<\/span><\/p>\n<\/li>\n<li data-sourcepos=\"7:1-9:0\">\n<p data-sourcepos=\"7:3-8:22\"><strong style=\"font-size: 14.4px;\"><span class=\"citation-3 recitation\">Pulovere:<\/span><\/strong><span class=\"citation-3 recitation citation-end-3\" style=\"font-size: 14.4px;\"> Puloverele roz sunt perfecte pentru vremea r\u0103coroas\u0103.<\/span><span style=\"font-size: 14.4px;\"> Acestea pot fi purtate cu blugi, jambiere sau fuste.<\/span><\/p>\n<\/li>\n<li data-sourcepos=\"7:1-9:0\">\n<p data-sourcepos=\"7:3-8:22\"><strong style=\"font-size: 14.4px;\"><span class=\"citation-4 recitation\">Tricouri:<\/span><\/strong><span class=\"citation-4 recitation citation-end-4\" style=\"font-size: 14.4px;\"> Tricourile roz sunt o pies\u0103 versatil\u0103 care poate fi suprapus\u0103 sub alte tricouri sau purtat\u0103 singur\u0103.<\/span><span class=\"button-container hide-from-message-actions ng-star-inserted\" style=\"font-size: 14.4px;\">\u00a0 \u00a0<\/span><\/p>\n<div class=\"container ng-tns-c2946245707-318 hide\">\n<div class=\"carousel-container ng-tns-c2946245707-318\"><\/div>\n<\/div>\n<div class=\"attachment-container search-images\">\n<div class=\"image-container hide-from-message-actions ng-star-inserted\">\n<div class=\"caption ellipsis gmat-caption ng-star-inserted\" aria-hidden=\"true\"><span style=\"font-size: 20.16px;\">Atunci c\u00e2nd womens pink long sleeve tops, lua\u021bi \u00een considerare urm\u0103toarele sfaturi:<\/span><\/div>\n<\/div>\n<\/div>\n<\/li>\n<\/ul>\n<ul data-sourcepos=\"21:1-25:0\">\n<li data-sourcepos=\"21:1-21:94\"><strong>Accesoriza\u021bi:<\/strong> Adaug\u0103 accesorii precum coliere, cercei \u0219i e\u0219arfe pentru a-\u021bi \u00eembun\u0103t\u0103\u021bi look-ul.<\/li>\n<li data-sourcepos=\"22:1-22:121\"><strong>Joac\u0103-te cu texturile:<\/strong> Amesteca\u021bi \u0219i combina\u021bi texturi diferite, cum ar fi dantela, catifeaua sau tricoul, pentru a crea \u021binute interesante.<\/li>\n<li data-sourcepos=\"23:1-23:114\"><strong>Experimenta\u021bi cu culorile:<\/strong> Asorteaz\u0103-\u021bi bluza roz cu alte culori, precum negru, alb sau denim, pentru un look clasic.<\/li>\n<li data-sourcepos=\"24:1-25:0\"><strong>P\u0103stra\u021bi simplitatea:<\/strong> Dac\u0103 por\u021bi un top roz \u00eendr\u0103zne\u021b, p\u0103streaz\u0103 restul \u021binutei simple.<\/li>\n<\/ul>\n<p data-sourcepos=\"26:1-26:192\">Topurile roz cu m\u00e2nec\u0103 lung\u0103 sunt o alegere versatil\u0103 \u0219i elegant\u0103 care poate fi purtat\u0103 pentru orice ocazie. Urm\u00e2nd aceste sfaturi, v\u0103 pute\u021bi crea \u021binute uimitoare care v\u0103 vor face s\u0103 ar\u0103ta\u021bi \u0219i s\u0103 v\u0103 sim\u021bi\u021bi cel mai bine.<\/p>","protected":false},"excerpt":{"rendered":"<table style=\"height: 488px;\" width=\"438\">\n<tbody>\n<tr>\n<td width=\"146\"><strong><b>Produs<\/b><\/strong>\u00a0<strong><b>Nume:<\/b><\/strong><\/td>\n<td width=\"601\"><strong>Topuri cu m\u00e2nec\u0103 lung\u0103 roz pentru femei<\/strong><\/td>\n<\/tr>\n<tr>\n<td width=\"146\"><strong><b>Materlal:<\/b><\/strong><\/td>\n<td width=\"601\">Tricotat<\/td>\n<\/tr>\n<tr>\n<td width=\"146\"><strong><b>Tehnic\u0103:<\/b><\/strong><\/td>\n<td width=\"601\">Brodat<\/td>\n<\/tr>\n<tr>\n<td width=\"146\"><strong><b>Stil:<\/b><\/strong><\/td>\n<td width=\"601\">Casual<\/td>\n<\/tr>\n<tr>\n<td width=\"146\"><strong><b>Culoare<\/b><\/strong><strong><b>:<\/b><\/strong><\/td>\n<td width=\"601\">\u00a0Culori personalizate<\/td>\n<\/tr>\n<tr>\n<td width=\"146\"><strong><b>Dimensiune:<\/b><\/strong><\/td>\n<td width=\"601\">S \/M \/L \/XL \/2XL<\/td>\n<\/tr>\n<tr>\n<td width=\"146\"><strong><b>OEM\/ODM:<\/b><\/strong><\/td>\n<td width=\"601\">Acceptabil<\/td>\n<\/tr>\n<tr>\n<td width=\"146\"><strong><b>Calitate:<\/b><\/strong><\/td>\n<td width=\"601\">100% De \u00eenalt\u0103 calitate<\/td>\n<\/tr>\n<tr>\n<td width=\"146\"><strong><b>M<\/b><\/strong><strong><b>OQ:<\/b><\/strong><\/td>\n<td width=\"601\">200 buc<\/td>\n<\/tr>\n<\/tbody>\n<\/table>","protected":false},"featured_media":1922,"template":"","meta":[],"product_brand":[],"product_cat":[39],"product_tag":[],"class_list":{"0":"post-1919","1":"product","2":"type-product","3":"status-publish","4":"has-post-thumbnail","6":"product_cat-womens-clothing","8":"first","9":"instock","10":"shipping-taxable","11":"product-type-simple"},"_links":{"self":[{"href":"https:\/\/mj-clothing.com\/ro\/wp-json\/wp\/v2\/product\/1919","targetHints":{"allow":["GET"]}}],"collection":[{"href":"https:\/\/mj-clothing.com\/ro\/wp-json\/wp\/v2\/product"}],"about":[{"href":"https:\/\/mj-clothing.com\/ro\/wp-json\/wp\/v2\/types\/product"}],"wp:featuredmedia":[{"embeddable":true,"href":"https:\/\/mj-clothing.com\/ro\/wp-json\/wp\/v2\/media\/1922"}],"wp:attachment":[{"href":"https:\/\/mj-clothing.com\/ro\/wp-json\/wp\/v2\/media?parent=1919"}],"wp:term":[{"taxonomy":"product_brand","embeddable":true,"href":"https:\/\/mj-clothing.com\/ro\/wp-json\/wp\/v2\/product_brand?post=1919"},{"taxonomy":"product_cat","embeddable":true,"href":"https:\/\/mj-clothing.com\/ro\/wp-json\/wp\/v2\/product_cat?post=1919"},{"taxonomy":"product_tag","embeddable":true,"href":"https:\/\/mj-clothing.com\/ro\/wp-json\/wp\/v2\/product_tag?post=1919"}],"curies":[{"name":"wp","href":"https:\/\/api.w.org\/{rel}","templated":true}]}}