{"id":1937,"date":"2024-12-16T08:58:11","date_gmt":"2024-12-16T08:58:11","guid":{"rendered":"https:\/\/mj-clothing.com\/?post_type=product&#038;p=1937"},"modified":"2024-12-18T06:12:05","modified_gmt":"2024-12-18T06:12:05","slug":"womens-flowy-tops","status":"publish","type":"product","link":"https:\/\/mj-clothing.com\/ro\/manufacturer\/womens-flowy-tops\/","title":{"rendered":"Topuri Flowy pentru femei"},"content":{"rendered":"<div id=\"model-response-message-contentr_088ece0303c648c2\" class=\"markdown markdown-main-panel response-optimization\" dir=\"ltr\">\n<p data-sourcepos=\"1:1-1:232\">Womens Flowy Tops sunt o alegere popular\u0103 pentru femei datorit\u0103 confortului \u0219i versatilit\u0103\u021bii lor. <span class=\"citation-0 recitation citation-end-0\">Acestea sunt disponibile \u00een diferite stiluri, culori \u0219i \u021bes\u0103turi, ceea ce le face potrivite pentru diferite ocazii.<\/span> Iat\u0103 c\u00e2teva stiluri populare de topuri vaporoase:<span class=\"button-container hide-from-message-actions ng-star-inserted\">\u00a0<\/span><\/p>\n<h3 data-sourcepos=\"3:1-3:21\"><strong>1. Womens Flowy Tops Bluze:<\/strong><\/h3>\n<ul data-sourcepos=\"5:1-11:0\">\n<li data-sourcepos=\"5:1-6:31\"><strong><span class=\"citation-1 recitation\">Bluze cu m\u00e2neci bufante:<\/span><\/strong><span class=\"citation-1 recitation citation-end-1\"> Aceste bluze adaug\u0103 o not\u0103 de feminitate \u0219i romantism oric\u0103rei \u021binute.<\/span><\/li>\n<li data-sourcepos=\"5:1-6:31\"><span class=\"button-container hide-from-message-actions ng-star-inserted\"><strong style=\"font-size: 14.4px;\"><span class=\"citation-2 recitation\">Bluze f\u0103r\u0103 umeri:<\/span><\/strong><span class=\"citation-2 recitation citation-end-2\" style=\"font-size: 14.4px;\"> Aceste bluze sunt perfecte pentru a-\u021bi scoate \u00een eviden\u021b\u0103 umerii \u0219i pentru a crea un look cochet.<\/span><\/span><\/li>\n<li data-sourcepos=\"5:1-6:31\"><strong><span class=\"citation-3 recitation\">Bluze Tie-Front:<\/span><\/strong><span class=\"citation-3 recitation citation-end-3\"> Aceste bluze ofer\u0103 o potrivire flatant\u0103 \u0219i reglabil\u0103.<\/span>\n<div class=\"container ng-tns-c2946245707-355 hide\">\n<div class=\"carousel-container ng-tns-c2946245707-355\"><\/div>\n<\/div>\n<div class=\"attachment-container search-images\">\n<div class=\"image-container hide-from-message-actions ng-star-inserted\">\n<div class=\"caption ellipsis gmat-caption ng-star-inserted\" aria-hidden=\"true\"><\/div>\n<\/div>\n<\/div>\n<\/li>\n<\/ul>\n<h3 data-sourcepos=\"12:1-12:20\"><strong>2. Womens Flowy Tops Tunici:<\/strong><\/h3>\n<ul data-sourcepos=\"14:1-20:0\">\n<li data-sourcepos=\"14:1-15:24\"><strong><span class=\"citation-4 recitation\">Tunici imprimate:<\/span><\/strong><span class=\"citation-4 recitation citation-end-4\"> Aceste tunici sunt perfecte pentru a ad\u0103uga un plus de culoare \u0219i model garderobei tale.<\/span><\/li>\n<li data-sourcepos=\"14:1-15:24\"><strong style=\"font-size: 14.4px;\">Tunici de culoare solid\u0103:<\/strong><span style=\"font-size: 14.4px;\"> Aceste tunici sunt versatile \u0219i pot fi \u00eembr\u0103cate \u00een sus sau \u00een jos.<\/span><\/li>\n<li data-sourcepos=\"14:1-15:24\"><strong style=\"font-size: 14.4px;\">Tunici brodate:<\/strong><span style=\"font-size: 14.4px;\"> Aceste tunici adaug\u0103 o not\u0103 de elegan\u021b\u0103 \u0219i sofisticare.<\/span>\n<div class=\"attachment-container search-images\">\n<div class=\"image-container hide-from-message-actions ng-star-inserted\">\n<div class=\"caption ellipsis gmat-caption ng-star-inserted\" aria-hidden=\"true\"><\/div>\n<\/div>\n<\/div>\n<\/li>\n<\/ul>\n<h3 data-sourcepos=\"21:1-21:23\"><strong>3.Womens Flowy Tops Tank Tops:<\/strong><\/h3>\n<ul data-sourcepos=\"23:1-29:0\">\n<li data-sourcepos=\"23:1-24:24\"><strong>Tank Tops dantel\u0103:<\/strong> Aceste maiouri sunt perfecte pentru a ad\u0103uga o not\u0103 de feminitate \u0219i romantism oric\u0103rei \u021binute.<\/li>\n<li data-sourcepos=\"23:1-24:24\"><strong style=\"font-size: 14.4px;\">Tank Tops cu bretele:<\/strong><span style=\"font-size: 14.4px;\"> Aceste maiouri sunt perfecte pentru stratificare sau purtate singure.<\/span><\/li>\n<li data-sourcepos=\"23:1-24:24\"><span class=\"button-container hide-from-message-actions ng-star-inserted\"><strong style=\"font-size: 14.4px;\"><span class=\"citation-5 recitation\">Tank Tops cu volane:<\/span><\/strong><span class=\"citation-5 recitation citation-end-5\" style=\"font-size: 14.4px;\"> Aceste tricouri f\u0103r\u0103 bretele adaug\u0103 o not\u0103 juc\u0103u\u0219\u0103 \u0219i cochet\u0103 oric\u0103rei \u021binute.<\/span><span class=\"button-container hide-from-message-actions ng-star-inserted\" style=\"font-size: 14.4px;\"> \u00a0<\/span><\/span>\n<div class=\"container ng-tns-c2946245707-357 hide\">\n<div class=\"carousel-container ng-tns-c2946245707-357\"><\/div>\n<\/div>\n<div class=\"attachment-container search-images\"><\/div>\n<\/li>\n<\/ul>\n<h4 data-sourcepos=\"30:1-30:22\"><strong>4. Pulovere vaporoase:<\/strong><\/h4>\n<ul data-sourcepos=\"32:1-38:0\">\n<li data-sourcepos=\"32:1-33:28\"><strong><span class=\"citation-6 recitation\">Pulovere supradimensionate:<\/span><\/strong><span class=\"citation-6 recitation citation-end-6\"> Aceste pulovere sunt perfecte pentru a v\u0103 sim\u021bi confortabil \u00eentr-o zi r\u0103coroas\u0103.<\/span><span class=\"button-container hide-from-message-actions ng-star-inserted\">\u00a0 \u00a0<\/span>\n<div class=\"container ng-tns-c2946245707-358 hide\">\n<div class=\"carousel-container ng-tns-c2946245707-358\"><\/div>\n<\/div>\n<div class=\"attachment-container search-images\"><\/div>\n<\/li>\n<li data-sourcepos=\"34:1-35:29\"><strong><span class=\"citation-7 recitation\">Pulovere tricotate cu cablu:<\/span><\/strong><span class=\"citation-7 recitation citation-end-7\"> Aceste pulovere sunt o alegere clasic\u0103 \u0219i atemporal\u0103.<\/span><span class=\"button-container hide-from-message-actions ng-star-inserted\"> \u00a0<\/span><\/li>\n<li data-sourcepos=\"34:1-35:29\"><span class=\"button-container hide-from-message-actions ng-star-inserted\"><strong style=\"font-size: 14.4px;\"><span class=\"citation-8 recitation\">Cardigan Pulovere:<\/span><\/strong><span class=\"citation-8 recitation citation-end-8\" style=\"font-size: 14.4px;\"> Aceste pulovere sunt perfecte pentru stratificare \u0219i pot fi \u00eembr\u0103cate \u00een sus sau \u00een jos.<\/span><span class=\"button-container hide-from-message-actions ng-star-inserted\" style=\"font-size: 14.4px;\"> \u00a0<\/span><\/span>\n<div class=\"container ng-tns-c2946245707-360 hide\">\n<div class=\"carousel-container ng-tns-c2946245707-360\"><\/div>\n<\/div>\n<div class=\"attachment-container search-images\">\n<div class=\"image-container hide-from-message-actions ng-star-inserted\">\n<div class=\"caption ellipsis gmat-caption ng-star-inserted\" aria-hidden=\"true\"><\/div>\n<\/div>\n<\/div>\n<\/li>\n<\/ul>\n<h3 data-sourcepos=\"39:1-39:53\">Atunci c\u00e2nd aranjezi topuri vaporoase, ia \u00een considerare urm\u0103toarele sfaturi:<\/h3>\n<ul data-sourcepos=\"41:1-45:0\">\n<li data-sourcepos=\"41:1-41:94\"><strong>Accesoriza\u021bi:<\/strong> Adaug\u0103 accesorii precum coliere, cercei \u0219i e\u0219arfe pentru a-\u021bi \u00eembun\u0103t\u0103\u021bi look-ul.<\/li>\n<li data-sourcepos=\"42:1-42:121\"><strong>Joac\u0103-te cu texturile:<\/strong> Amesteca\u021bi \u0219i combina\u021bi texturi diferite, cum ar fi dantela, catifeaua sau tricoul, pentru a crea \u021binute interesante.<\/li>\n<li data-sourcepos=\"43:1-43:112\"><strong>Experimenta\u021bi cu culorile:<\/strong> \u00cemperecheaz\u0103-\u021bi bluza vaporoas\u0103 cu alte culori pentru a crea o \u021binut\u0103 elegant\u0103 \u0219i atr\u0103g\u0103toare.<\/li>\n<li data-sourcepos=\"44:1-45:0\"><strong>P\u0103stra\u021bi simplitatea:<\/strong> Dac\u0103 por\u021bi un top vaporos \u00eendr\u0103zne\u021b \u0219i colorat, p\u0103streaz\u0103 restul \u021binutei simple.<\/li>\n<\/ul>\n<\/div>","protected":false},"excerpt":{"rendered":"<table style=\"height: 541px;\" width=\"431\">\n<tbody>\n<tr>\n<td width=\"146\"><strong><b>Produs<\/b><\/strong>\u00a0<strong><b>Nume:<\/b><\/strong><\/td>\n<td width=\"601\"><strong>Topuri Flowy pentru femei<\/strong><\/td>\n<\/tr>\n<tr>\n<td width=\"146\"><strong><b>Materlal:<\/b><\/strong><\/td>\n<td width=\"601\">Tricotat<\/td>\n<\/tr>\n<tr>\n<td width=\"146\"><strong><b>Tehnic\u0103:<\/b><\/strong><\/td>\n<td width=\"601\">Brodat<\/td>\n<\/tr>\n<tr>\n<td width=\"146\"><strong><b>Stil:<\/b><\/strong><\/td>\n<td width=\"601\">Casual<\/td>\n<\/tr>\n<tr>\n<td width=\"146\"><strong><b>Culoare<\/b><\/strong><strong><b>:<\/b><\/strong><\/td>\n<td width=\"601\">\u00a0Culori personalizate<\/td>\n<\/tr>\n<tr>\n<td width=\"146\"><strong><b>Dimensiune:<\/b><\/strong><\/td>\n<td width=\"601\">S \/M \/L \/XL \/2XL<\/td>\n<\/tr>\n<tr>\n<td width=\"146\"><strong><b>OEM\/ODM:<\/b><\/strong><\/td>\n<td width=\"601\">Acceptabil<\/td>\n<\/tr>\n<tr>\n<td width=\"146\"><strong><b>Calitate:<\/b><\/strong><\/td>\n<td width=\"601\">100% De \u00eenalt\u0103 calitate<\/td>\n<\/tr>\n<tr>\n<td width=\"146\"><strong><b>M<\/b><\/strong><strong><b>OQ:<\/b><\/strong><\/td>\n<td width=\"601\">200 buc<\/td>\n<\/tr>\n<\/tbody>\n<\/table>","protected":false},"featured_media":1938,"template":"","meta":[],"product_brand":[],"product_cat":[39],"product_tag":[],"class_list":{"0":"post-1937","1":"product","2":"type-product","3":"status-publish","4":"has-post-thumbnail","6":"product_cat-womens-clothing","8":"first","9":"instock","10":"shipping-taxable","11":"product-type-simple"},"_links":{"self":[{"href":"https:\/\/mj-clothing.com\/ro\/wp-json\/wp\/v2\/product\/1937","targetHints":{"allow":["GET"]}}],"collection":[{"href":"https:\/\/mj-clothing.com\/ro\/wp-json\/wp\/v2\/product"}],"about":[{"href":"https:\/\/mj-clothing.com\/ro\/wp-json\/wp\/v2\/types\/product"}],"wp:featuredmedia":[{"embeddable":true,"href":"https:\/\/mj-clothing.com\/ro\/wp-json\/wp\/v2\/media\/1938"}],"wp:attachment":[{"href":"https:\/\/mj-clothing.com\/ro\/wp-json\/wp\/v2\/media?parent=1937"}],"wp:term":[{"taxonomy":"product_brand","embeddable":true,"href":"https:\/\/mj-clothing.com\/ro\/wp-json\/wp\/v2\/product_brand?post=1937"},{"taxonomy":"product_cat","embeddable":true,"href":"https:\/\/mj-clothing.com\/ro\/wp-json\/wp\/v2\/product_cat?post=1937"},{"taxonomy":"product_tag","embeddable":true,"href":"https:\/\/mj-clothing.com\/ro\/wp-json\/wp\/v2\/product_tag?post=1937"}],"curies":[{"name":"wp","href":"https:\/\/api.w.org\/{rel}","templated":true}]}}