{"id":1946,"date":"2024-12-17T02:48:08","date_gmt":"2024-12-17T02:48:08","guid":{"rendered":"https:\/\/mj-clothing.com\/?post_type=product&#038;p=1946"},"modified":"2024-12-17T03:42:21","modified_gmt":"2024-12-17T03:42:21","slug":"easy-to-sew-womens-tops","status":"publish","type":"product","link":"https:\/\/mj-clothing.com\/ro\/manufacturer\/easy-to-sew-womens-tops\/","title":{"rendered":"Topuri pentru femei u\u0219or de cusut"},"content":{"rendered":"<div class=\"experimental-mode-disclaimer-container ng-star-inserted\">\n<div class=\"disclaimer\">\n<div class=\"disclaimer-text ng-star-inserted\"><\/div>\n<\/div>\n<\/div>\n<div id=\"model-response-message-contentr_97504a3a3735aa12\" class=\"markdown markdown-main-panel response-optimization\" dir=\"ltr\">\n<p data-sourcepos=\"1:1-1:139\">Se pare c\u0103 sunte\u021bi \u00een c\u0103utarea pentru Topuri pentru femei u\u0219or de cusut! Iat\u0103 o defalcare a ideilor \u0219i resurselor pentru a \u00eencepe:<\/p>\n<h3 data-sourcepos=\"3:1-3:33\"><strong>Elemente cheie pentru topuri pentru femei u\u0219or de cusut:<\/strong><\/h3>\n<ul data-sourcepos=\"5:1-9:0\">\n<li data-sourcepos=\"5:1-5:153\"><strong>Forme simple:<\/strong> C\u0103uta\u021bi modele cu forme de baz\u0103 precum dreptunghiuri, p\u0103trate sau curbe minime. Acestea necesit\u0103 t\u0103ieri \u0219i asambl\u0103ri mai pu\u021bin complicate.<\/li>\n<li data-sourcepos=\"6:1-6:172\"><strong><span class=\"citation-0 recitation\">\u021aes\u0103turi tricotate:<\/span><\/strong><span class=\"citation-0 recitation citation-end-0\"> Aceste \u021bes\u0103turi au elasticitate, ceea ce le face mai permisive pentru \u00eencep\u0103tori.<\/span> De asemenea, adesea nu necesit\u0103 finisarea marginilor, economisind astfel timp.<span class=\"button-container hide-from-message-actions ng-star-inserted\">\u00a0 \u00a0<\/span>\n<div class=\"container ng-tns-c2960411664-24 hide\">\n<div class=\"carousel-container ng-tns-c2960411664-24\"><\/div>\n<\/div>\n<\/li>\n<li data-sourcepos=\"7:1-7:95\"><strong>Cus\u0103turi minime:<\/strong> Cu c\u00e2t un model are mai pu\u021bine cus\u0103turi, cu at\u00e2t va fi mai rapid \u0219i mai u\u0219or de cusut.<\/li>\n<li data-sourcepos=\"8:1-9:0\"><strong>F\u0103r\u0103 \u00eenchideri complicate:<\/strong> Evita\u021bi modelele cu fermoare, butoniere sau \u00eenchideri complicate la \u00eenceput.<\/li>\n<\/ul>\n<h3 data-sourcepos=\"10:1-10:32\"><strong>Topuri pentru femei u\u0219or de cusut de luat \u00een considerare:<\/strong><\/h3>\n<ul data-sourcepos=\"12:1-17:0\">\n<li data-sourcepos=\"12:1-12:133\"><strong>Tricouri:<\/strong> Un clasic pentru un motiv! <span class=\"citation-1 recitation citation-end-1\">Modelele de baz\u0103 pentru tricouri sunt u\u0219or disponibile \u0219i ofer\u0103 un punct de plecare excelent.<\/span><span class=\"button-container hide-from-message-actions ng-star-inserted\"> \u00a0<\/span>\n<div class=\"container ng-tns-c2960411664-25 hide\">\n<div class=\"carousel-container ng-tns-c2960411664-25\"><\/div>\n<\/div>\n<\/li>\n<li data-sourcepos=\"13:1-13:96\"><strong>Tank Tops:<\/strong> Tricourile simple cu bretele largi sau formele de baz\u0103 sunt foarte u\u0219or de construit.<\/li>\n<li data-sourcepos=\"14:1-14:110\"><strong>Kimono Tops:<\/strong> Acestea implic\u0103 adesea coaserea unor linii drepte \u0219i pot fi confec\u021bionate din \u021bes\u0103turi cu drapaje frumoase.<\/li>\n<li data-sourcepos=\"15:1-15:97\"><strong>Tunici simple:<\/strong> Tunicile lejere, cu forme minime, sunt confortabile \u0219i u\u0219or de cusut.<\/li>\n<li data-sourcepos=\"16:1-17:0\"><strong>Topuri \u00eencre\u021bite:<\/strong> Topurile cu decolteuri elastice sau sec\u021biuni \u00eencre\u021bite pot fi surprinz\u0103tor de simplu de realizat.<\/li>\n<\/ul>\n<h3 data-sourcepos=\"18:1-18:43\"><strong>Unde s\u0103 g\u0103si\u021bi modele \u0219i inspira\u021bie pentru a coase u\u0219or topuri pentru femei:<\/strong><\/h3>\n<ul data-sourcepos=\"20:1-24:0\">\n<li data-sourcepos=\"20:1-20:97\"><strong>Sew Essential:<\/strong> Acest site ofer\u0103 o varietate de modele \u0219i resurse pentru \u00eencep\u0103tori.<\/li>\n<li data-sourcepos=\"21:1-21:99\"><strong>Coasere simpl\u0103:<\/strong> <span class=\"citation-2 recitation citation-end-2\">Acestea se concentreaz\u0103 pe modele simple \u0219i elegante, cu instruc\u021biuni clare.<\/span><span class=\"button-container hide-from-message-actions ng-star-inserted\">\u00a0<\/span>\n<div class=\"container ng-tns-c2960411664-26 hide\">\n<div class=\"carousel-container ng-tns-c2960411664-26\"><\/div>\n<\/div>\n<\/li>\n<li data-sourcepos=\"22:1-22:120\"><strong><span class=\"citation-3 recitation\">Pinterest:<\/span><\/strong><span class=\"citation-3 recitation citation-end-3\"> O comoar\u0103 de idei DIY, inclusiv multe tutoriale gratuite \u0219i modele pentru topuri u\u0219oare.<\/span><span class=\"button-container hide-from-message-actions ng-star-inserted\"> \u00a0<\/span>\n<div class=\"container ng-tns-c2960411664-27 hide\">\n<div class=\"carousel-container ng-tns-c2960411664-27\"><\/div>\n<\/div>\n<\/li>\n<li data-sourcepos=\"23:1-24:0\"><strong>Simplicity, McCall's, Butterick:<\/strong> Aceste companii de modele au o gam\u0103 larg\u0103 de modele, adesea clasificate \u00een func\u021bie de nivelul de calificare.<\/li>\n<\/ul>\n<h3 data-sourcepos=\"25:1-25:23\"><strong>Sfaturi pentru \u00eencep\u0103tori:<\/strong><\/h3>\n<ul data-sourcepos=\"27:1-31:0\">\n<li data-sourcepos=\"27:1-27:102\"><strong>\u00cencepe\u021bi cu un proiect simplu:<\/strong> Nu \u00eencerca\u021bi s\u0103 aborda\u021bi ceva prea complex pentru prima dvs. \u00eencercare.<\/li>\n<li data-sourcepos=\"28:1-28:99\"><strong>Alege\u021bi materialul potrivit:<\/strong> \u021aes\u0103turile tricotate sunt, \u00een general, mai u\u0219or de lucrat dec\u00e2t \u021bes\u0103turile.<\/li>\n<li data-sourcepos=\"29:1-29:93\"><strong>Citi\u021bi cu aten\u021bie instruc\u021biunile:<\/strong> Asigura\u021bi-v\u0103 c\u0103 \u00een\u021belege\u021bi pa\u0219ii \u00eenainte de a \u00eencepe.<\/li>\n<li data-sourcepos=\"30:1-31:0\"><strong>Nu v\u0103 fie team\u0103 s\u0103 cere\u021bi ajutor:<\/strong> Exist\u0103 multe comunit\u0103\u021bi online \u0219i resurse disponibile pentru a v\u0103 ajuta dac\u0103 v\u0103 bloca\u021bi.<\/li>\n<\/ul>\n<p data-sourcepos=\"32:1-32:128\">Sunt gata s\u0103 v\u0103 ajut \u00een continuare dac\u0103 ave\u021bi \u00eentreb\u0103ri specifice sau dac\u0103 dori\u021bi s\u0103 explora\u021bi un anumit stil de top. Doar s\u0103-mi spune\u021bi!<\/p>\n<\/div>\n<div class=\"skeleton-loader-container\"><\/div>","protected":false},"excerpt":{"rendered":"<table style=\"height: 518px;\" width=\"411\">\n<tbody>\n<tr>\n<td width=\"146\"><strong><b>Produs<\/b><\/strong>\u00a0<strong><b>Nume:<\/b><\/strong><\/td>\n<td width=\"601\"><strong>Topuri pentru femei u\u0219or de cusut<\/strong><\/td>\n<\/tr>\n<tr>\n<td width=\"146\"><strong><b>Materlal:<\/b><\/strong><\/td>\n<td width=\"601\">Tricotat<\/td>\n<\/tr>\n<tr>\n<td width=\"146\"><strong><b>Tehnic\u0103:<\/b><\/strong><\/td>\n<td width=\"601\">Brodat<\/td>\n<\/tr>\n<tr>\n<td width=\"146\"><strong><b>Stil:<\/b><\/strong><\/td>\n<td width=\"601\">Casual<\/td>\n<\/tr>\n<tr>\n<td width=\"146\"><strong><b>Culoare<\/b><\/strong><strong><b>:<\/b><\/strong><\/td>\n<td width=\"601\">\u00a0Culori personalizate<\/td>\n<\/tr>\n<tr>\n<td width=\"146\"><strong><b>Dimensiune:<\/b><\/strong><\/td>\n<td width=\"601\">S \/M \/L \/XL \/2XL<\/td>\n<\/tr>\n<tr>\n<td width=\"146\"><strong><b>OEM\/ODM:<\/b><\/strong><\/td>\n<td width=\"601\">Acceptabil<\/td>\n<\/tr>\n<tr>\n<td width=\"146\"><strong><b>Calitate:<\/b><\/strong><\/td>\n<td width=\"601\">100% De \u00eenalt\u0103 calitate<\/td>\n<\/tr>\n<tr>\n<td width=\"146\"><strong><b>M<\/b><\/strong><strong><b>OQ:<\/b><\/strong><\/td>\n<td width=\"601\">200 buc<\/td>\n<\/tr>\n<\/tbody>\n<\/table>","protected":false},"featured_media":1956,"template":"","meta":[],"product_brand":[],"product_cat":[39],"product_tag":[],"class_list":{"0":"post-1946","1":"product","2":"type-product","3":"status-publish","4":"has-post-thumbnail","6":"product_cat-womens-clothing","8":"first","9":"instock","10":"shipping-taxable","11":"product-type-simple"},"_links":{"self":[{"href":"https:\/\/mj-clothing.com\/ro\/wp-json\/wp\/v2\/product\/1946","targetHints":{"allow":["GET"]}}],"collection":[{"href":"https:\/\/mj-clothing.com\/ro\/wp-json\/wp\/v2\/product"}],"about":[{"href":"https:\/\/mj-clothing.com\/ro\/wp-json\/wp\/v2\/types\/product"}],"wp:featuredmedia":[{"embeddable":true,"href":"https:\/\/mj-clothing.com\/ro\/wp-json\/wp\/v2\/media\/1956"}],"wp:attachment":[{"href":"https:\/\/mj-clothing.com\/ro\/wp-json\/wp\/v2\/media?parent=1946"}],"wp:term":[{"taxonomy":"product_brand","embeddable":true,"href":"https:\/\/mj-clothing.com\/ro\/wp-json\/wp\/v2\/product_brand?post=1946"},{"taxonomy":"product_cat","embeddable":true,"href":"https:\/\/mj-clothing.com\/ro\/wp-json\/wp\/v2\/product_cat?post=1946"},{"taxonomy":"product_tag","embeddable":true,"href":"https:\/\/mj-clothing.com\/ro\/wp-json\/wp\/v2\/product_tag?post=1946"}],"curies":[{"name":"wp","href":"https:\/\/api.w.org\/{rel}","templated":true}]}}