{"id":1960,"date":"2024-12-17T03:10:50","date_gmt":"2024-12-17T03:10:50","guid":{"rendered":"https:\/\/mj-clothing.com\/?post_type=product&#038;p=1960"},"modified":"2024-12-17T03:10:50","modified_gmt":"2024-12-17T03:10:50","slug":"periwinkle-womens-tops","status":"publish","type":"product","link":"https:\/\/mj-clothing.com\/ro\/manufacturer\/periwinkle-womens-tops\/","title":{"rendered":"Periwinkle Topuri pentru femei"},"content":{"rendered":"<div id=\"model-response-message-contentr_7f973865284483ec\" class=\"markdown markdown-main-panel response-optimization\" dir=\"ltr\">\n<p data-sourcepos=\"1:1-1:279\">Periwinkle Womens Tops este o culoare frumoas\u0103, moale \u0219i versatil\u0103, care poate ad\u0103uga o not\u0103 de elegan\u021b\u0103 \u0219i feminitate oric\u0103rei \u021binute. <span class=\"citation-0 recitation citation-end-0\">Este un violet deschis cu o nuan\u021b\u0103 de albastru, adesea descris ca o lavand\u0103 palid\u0103 sau un violet deschis.<\/span> Iat\u0103 ce face topurile pentru femei periwinkle at\u00e2t de atr\u0103g\u0103toare:<span class=\"button-container hide-from-message-actions ng-star-inserted\">\u00a0 \u00a0<\/span><\/p>\n<h3 data-sourcepos=\"3:1-3:39\"><strong>De ce Periwinkle Womens Tops func\u021bioneaz\u0103 bine pentru topuri:<\/strong><\/h3>\n<ul data-sourcepos=\"5:1-9:0\">\n<li data-sourcepos=\"5:1-5:138\"><strong>Frumos pe multe tonuri de piele:<\/strong> Periwinkle are at\u00e2t subtonuri reci, c\u00e2t \u0219i calde, ceea ce \u00eel face flatant pentru o gam\u0103 larg\u0103 de tenuri.<\/li>\n<li data-sourcepos=\"6:1-6:105\"><strong>U\u0219oar\u0103 \u0219i lini\u0219titoare:<\/strong> <span class=\"citation-1 recitation citation-end-1\">Este o culoare bl\u00e2nd\u0103 care evoc\u0103 sentimente de lini\u0219te \u0219i pace.<\/span><span class=\"button-container hide-from-message-actions ng-star-inserted\"> \u00a0<\/span>\n<div class=\"container ng-tns-c2960411664-45 hide\">\n<div class=\"carousel-container ng-tns-c2960411664-45\"><\/div>\n<\/div>\n<\/li>\n<li data-sourcepos=\"7:1-7:111\"><strong><span class=\"citation-2 recitation\">Versatil:<\/span><\/strong><span class=\"citation-2 recitation citation-end-2\"> Periwinkle poate fi \u00eembr\u0103cat \u00een sus sau \u00een jos, ceea ce \u00eel face potrivit pentru diferite ocazii.<\/span><span class=\"button-container hide-from-message-actions ng-star-inserted\"> \u00a0<\/span>\n<div class=\"container ng-tns-c2960411664-46 hide\">\n<div class=\"carousel-container ng-tns-c2960411664-46\"><\/div>\n<\/div>\n<\/li>\n<li data-sourcepos=\"8:1-9:0\"><strong>Se asorteaz\u0103 bine cu alte culori:<\/strong> Completeaz\u0103 culorile neutre precum alb, gri \u0219i bej, precum \u0219i alte culori precum roz, verde \u0219i chiar galben.<\/li>\n<\/ul>\n<h3 data-sourcepos=\"10:1-10:44\"><strong>Tipuri de topuri Periwinkle Womens pe care le pute\u021bi g\u0103si:<\/strong><\/h3>\n<ul data-sourcepos=\"12:1-16:0\">\n<li data-sourcepos=\"12:1-12:164\"><strong>Tricouri \u0219i bluze casual:<\/strong> Un tricou periwinkle sau un top casual este perfect pentru uzura de zi cu zi. Asocia\u021bi-l cu blugi, pantaloni scur\u021bi sau o fust\u0103 casual pentru un look relaxat.<\/li>\n<li data-sourcepos=\"13:1-13:198\"><strong><span class=\"citation-3 recitation\">Bluze \u0219i topuri mai elegante:<\/span><\/strong><span class=\"citation-3 recitation citation-end-3\"> O bluz\u0103 periwinkle din m\u0103tase, satin sau \u0219ifon poate fi \u00eembr\u0103cat\u0103 pentru ocazii mai formale.<\/span> \u00cemperecheaz-o cu pantaloni, o fust\u0103 sau chiar sub un blazer.<span class=\"button-container hide-from-message-actions ng-star-inserted\"> \u00a0<\/span>\n<div class=\"container ng-tns-c2960411664-47 hide\">\n<div class=\"carousel-container ng-tns-c2960411664-47\"><\/div>\n<\/div>\n<\/li>\n<li data-sourcepos=\"14:1-14:110\"><strong>Pulovere \u0219i cardigane:<\/strong> Un pulover sau un cardigan periwinkle este o pies\u0103 grozav\u0103 de stratificat pentru vremea rece.<\/li>\n<li data-sourcepos=\"15:1-16:0\"><strong><span class=\"citation-4 recitation\">Tank Tops \u0219i Camisole:<\/span><\/strong><span class=\"citation-4 recitation citation-end-4\"> Un maiou sau o c\u0103ma\u0219\u0103 de corp periwinkle poate fi purtat singur pe vreme cald\u0103 sau suprapus sub alte maiouri.<\/span><span class=\"button-container hide-from-message-actions ng-star-inserted\">\u00a0<\/span>\n<div class=\"container ng-tns-c2960411664-48 hide\">\n<div class=\"carousel-container ng-tns-c2960411664-48\">\n<div class=\"carousel-content ng-tns-c2960411664-48\">\n<div class=\"sources-carousel-source ng-tns-c2960411664-48 hide ng-star-inserted\" data-test-id=\"sources-carousel-source\"><\/div>\n<\/div>\n<\/div>\n<\/div>\n<\/li>\n<\/ul>\n<h3 data-sourcepos=\"17:1-17:33\"><strong>Cum s\u0103 aranjezi topurile Periwinkle:<\/strong><\/h3>\n<ul data-sourcepos=\"19:1-23:0\">\n<li data-sourcepos=\"19:1-19:100\"><strong>Casual:<\/strong> Asocia\u021bi un tricou periwinkle cu blugi albi \u0219i adida\u0219i pentru un look proasp\u0103t \u0219i casual.<\/li>\n<li data-sourcepos=\"20:1-20:117\"><strong>Business Casual:<\/strong> Poart\u0103 o bluz\u0103 periwinkle cu pantaloni gri \u0219i tocuri pentru o \u021binut\u0103 profesional\u0103, dar elegant\u0103.<\/li>\n<li data-sourcepos=\"21:1-21:104\"><strong>Elegant:<\/strong> Combina\u021bi un top din satin periwinkle cu o fust\u0103 neagr\u0103 \u0219i tocuri pentru un look elegant de sear\u0103.<\/li>\n<li data-sourcepos=\"22:1-23:0\"><strong>Boem\u0103:<\/strong> Asorteaz\u0103 un top vaporos periwinkle cu o fust\u0103 lung\u0103 \u0219i sandale pentru o atmosfer\u0103 boem\u0103.<\/li>\n<\/ul>\n<p data-sourcepos=\"32:1-32:113\">\n<\/div>","protected":false},"excerpt":{"rendered":"<table style=\"height: 501px;\" width=\"369\">\n<tbody>\n<tr>\n<td width=\"146\"><strong><b>Produs<\/b><\/strong>\u00a0<strong><b>Nume:<\/b><\/strong><\/td>\n<td width=\"601\"><strong>Periwinkle Topuri pentru femei<\/strong><\/td>\n<\/tr>\n<tr>\n<td width=\"146\"><strong><b>Materlal:<\/b><\/strong><\/td>\n<td width=\"601\">Tricotat<\/td>\n<\/tr>\n<tr>\n<td width=\"146\"><strong><b>Tehnic\u0103: <\/b><\/strong><\/td>\n<td width=\"601\">Brodat<\/td>\n<\/tr>\n<tr>\n<td width=\"146\"><strong><b>Stil: <\/b><\/strong><\/td>\n<td width=\"601\">Casual<\/td>\n<\/tr>\n<tr>\n<td width=\"146\"><strong><b>Culoare<\/b><\/strong><strong><b>:<\/b><\/strong><\/td>\n<td width=\"601\">\u00a0Culori personalizate<\/td>\n<\/tr>\n<tr>\n<td width=\"146\"><strong><b>Dimensiune:<\/b><\/strong><\/td>\n<td width=\"601\">S \/M \/L \/XL \/2XL<\/td>\n<\/tr>\n<tr>\n<td width=\"146\"><strong><b>OEM\/ODM:<\/b><\/strong><\/td>\n<td width=\"601\">Acceptabil<\/td>\n<\/tr>\n<tr>\n<td width=\"146\"><strong><b>Calitate:<\/b><\/strong><\/td>\n<td width=\"601\">100% De \u00eenalt\u0103 calitate<\/td>\n<\/tr>\n<tr>\n<td width=\"146\"><strong><b>M<\/b><\/strong><strong><b>OQ:<\/b><\/strong><\/td>\n<td width=\"601\">200 buc<\/td>\n<\/tr>\n<\/tbody>\n<\/table>","protected":false},"featured_media":1961,"template":"","meta":[],"product_brand":[],"product_cat":[39],"product_tag":[],"class_list":{"0":"post-1960","1":"product","2":"type-product","3":"status-publish","4":"has-post-thumbnail","6":"product_cat-womens-clothing","8":"first","9":"instock","10":"shipping-taxable","11":"product-type-simple"},"_links":{"self":[{"href":"https:\/\/mj-clothing.com\/ro\/wp-json\/wp\/v2\/product\/1960","targetHints":{"allow":["GET"]}}],"collection":[{"href":"https:\/\/mj-clothing.com\/ro\/wp-json\/wp\/v2\/product"}],"about":[{"href":"https:\/\/mj-clothing.com\/ro\/wp-json\/wp\/v2\/types\/product"}],"wp:featuredmedia":[{"embeddable":true,"href":"https:\/\/mj-clothing.com\/ro\/wp-json\/wp\/v2\/media\/1961"}],"wp:attachment":[{"href":"https:\/\/mj-clothing.com\/ro\/wp-json\/wp\/v2\/media?parent=1960"}],"wp:term":[{"taxonomy":"product_brand","embeddable":true,"href":"https:\/\/mj-clothing.com\/ro\/wp-json\/wp\/v2\/product_brand?post=1960"},{"taxonomy":"product_cat","embeddable":true,"href":"https:\/\/mj-clothing.com\/ro\/wp-json\/wp\/v2\/product_cat?post=1960"},{"taxonomy":"product_tag","embeddable":true,"href":"https:\/\/mj-clothing.com\/ro\/wp-json\/wp\/v2\/product_tag?post=1960"}],"curies":[{"name":"wp","href":"https:\/\/api.w.org\/{rel}","templated":true}]}}