{"id":1999,"date":"2024-12-17T07:46:21","date_gmt":"2024-12-17T07:46:21","guid":{"rendered":"https:\/\/mj-clothing.com\/?post_type=product&#038;p=1999"},"modified":"2024-12-17T08:30:43","modified_gmt":"2024-12-17T08:30:43","slug":"womens-shell-tops","status":"publish","type":"product","link":"https:\/\/mj-clothing.com\/ro\/manufacturer\/womens-shell-tops\/","title":{"rendered":"Topuri Shell pentru femei"},"content":{"rendered":"<p data-sourcepos=\"1:1-1:189\">Se pare c\u0103 e\u0219ti interesat\u0103 de bluzele de protec\u021bie pentru femei! Acestea sunt un element de baz\u0103 clasic \u0219i versatil al garderobei. Iat\u0103 o analiz\u0103 a ceea ce sunt, caracteristicile lor cheie \u0219i de ce sunt at\u00e2t de populare:<\/p>\n<h3 data-sourcepos=\"3:1-3:24\"><strong>Ce este o femeie Shell Tops?<\/strong><\/h3>\n<p data-sourcepos=\"5:1-5:161\"><span class=\"citation-0 recitation citation-end-0\">Un top \u00een carapace este un top simplu, f\u0103r\u0103 m\u00e2neci, cu un decolteu simplu.<\/span> G\u00e2nde\u0219te-te la ea ca la o p\u00e2nz\u0103 alb\u0103 pentru \u021binuta ta. Iat\u0103 care sunt caracteristicile definitorii:<span class=\"button-container hide-from-message-actions ng-star-inserted\"> \u00a0<\/span><\/p>\n<ul data-sourcepos=\"7:1-12:0\">\n<li data-sourcepos=\"7:1-7:148\"><strong>F\u0103r\u0103 m\u00e2neci:<\/strong> Aceasta este cea mai important\u0103 caracteristic\u0103. Topurile Shell sunt \u00eentotdeauna f\u0103r\u0103 m\u00e2neci, ceea ce le face ideale pentru stratificare sau purtare pe vreme cald\u0103.<\/li>\n<li data-sourcepos=\"8:1-8:137\"><strong>Decolteu simplu:<\/strong> <span class=\"citation-1 recitation citation-end-1\">Decolteurile comune includ g\u00e2t scoop, g\u00e2t echipaj, g\u00e2t \u00een V sau chiar un decolteu mai \u00eenalt, cum ar fi un g\u00e2t fals.<\/span><span class=\"button-container hide-from-message-actions ng-star-inserted\"> \u00a0<\/span>\n<div class=\"container ng-tns-c2960411664-59 hide\">\n<div class=\"carousel-container ng-tns-c2960411664-59\"><\/div>\n<\/div>\n<\/li>\n<li data-sourcepos=\"9:1-9:165\"><strong>Design curat:<\/strong> Topurile shell sunt de obicei lipsite de ornamente excesive precum volane, dantel\u0103 sau imprimeuri mari. Aceast\u0103 simplitate le face incredibil de versatile.<\/li>\n<li data-sourcepos=\"10:1-10:226\"><strong><span class=\"citation-2 recitation\">Diverse \u021bes\u0103turi:<\/span><\/strong><span class=\"citation-2 recitation citation-end-2\"> Acestea pot fi fabricate dintr-o gam\u0103 larg\u0103 de \u021bes\u0103turi, inclusiv bumbac, m\u0103tase, in, rayon, poliester sau amestecuri.<\/span> <span class=\"citation-3 recitation citation-end-3\">Alegerea \u021bes\u0103turii afecteaz\u0103 drapajul, senza\u021bia \u0219i formalitatea topului.<\/span><span class=\"button-container hide-from-message-actions ng-star-inserted\"> \u00a0<\/span>\n<div class=\"container ng-tns-c2960411664-60 hide\">\n<div class=\"carousel-container ng-tns-c2960411664-60\"><\/div>\n<\/div>\n<\/li>\n<li data-sourcepos=\"11:1-12:0\"><strong>Ajustat sau semi-ajustat:<\/strong> \u00cen general, au o croial\u0103 aproape de corp, dar nu \u00eentotdeauna str\u00e2mt\u0103. <span class=\"citation-4 recitation citation-end-4\">Unele bluze shell au o croial\u0103 u\u0219or mai larg\u0103, mai relaxat\u0103.<\/span><span class=\"button-container hide-from-message-actions ng-star-inserted\"> \u00a0<\/span>\n<div class=\"container ng-tns-c2960411664-61 hide\">\n<div class=\"carousel-container ng-tns-c2960411664-61\"><\/div>\n<\/div>\n<\/li>\n<\/ul>\n<h3 data-sourcepos=\"13:1-13:34\"><strong>De ce sunt at\u00e2t de populare topurile Shell pentru femei?<\/strong><\/h3>\n<ul data-sourcepos=\"15:1-19:0\">\n<li data-sourcepos=\"15:1-15:143\"><strong>Versatilitate:<\/strong> Acesta este cel mai mare punct forte al lor. <span class=\"citation-5 recitation citation-end-5\">Acestea pot fi \u00eembr\u0103cate \u00een sus sau \u00een jos, ceea ce le face potrivite pentru aproape orice ocazie.<\/span><span class=\"button-container hide-from-message-actions ng-star-inserted\">\u00a0 \u00a0<\/span>\n<div class=\"container ng-tns-c2960411664-62 hide\">\n<div class=\"carousel-container ng-tns-c2960411664-62\"><\/div>\n<\/div>\n<\/li>\n<li data-sourcepos=\"16:1-16:168\"><strong>Stratificare:<\/strong> Sunt perfecte pentru straturi sub cardigane, blazere, jachete \u0219i chiar topuri transparente. Ele ofer\u0103 un strat de baz\u0103 neted, f\u0103r\u0103 a ad\u0103uga volum bra\u021belor.<\/li>\n<li data-sourcepos=\"17:1-17:127\"><strong>Confort:<\/strong> Designul f\u0103r\u0103 m\u00e2neci \u0219i \u021bes\u0103turile adesea u\u0219oare le fac confortabile la purtare, \u00een special pe vreme cald\u0103.<\/li>\n<li data-sourcepos=\"18:1-19:0\"><strong>Stil atemporal:<\/strong> Topurile \u00een carapace sunt un element de baz\u0103 clasic al garderobei care nu se demodeaz\u0103 niciodat\u0103.<\/li>\n<\/ul>\n<h3 data-sourcepos=\"20:1-20:28\"><strong>Cum s\u0103 purta\u021bi un top pentru femei:<\/strong><\/h3>\n<ul data-sourcepos=\"22:1-26:0\">\n<li data-sourcepos=\"22:1-22:90\"><strong>Casual:<\/strong> Asocia\u021bi-l cu blugi, pantaloni scur\u021bi sau o fust\u0103 casual pentru un look relaxat de zi cu zi.<\/li>\n<li data-sourcepos=\"23:1-23:122\"><strong>Business Casual:<\/strong> Purta\u021bi-l sub un blazer cu pantaloni sau o fust\u0103 creion pentru o \u021binut\u0103 profesional\u0103, dar confortabil\u0103.<\/li>\n<li data-sourcepos=\"24:1-24:138\"><strong>Elegant:<\/strong> Alege un top cu carapace dintr-o \u021bes\u0103tur\u0103 luxoas\u0103 precum m\u0103tasea sau satinul \u0219i asorteaz\u0103-l cu o fust\u0103 sau pantaloni elegan\u021bi pentru un eveniment de sear\u0103.<\/li>\n<li data-sourcepos=\"25:1-26:0\"><strong>Stratificare:<\/strong> Pune\u021bi-l sub un cardigan, un sacou sau chiar o rochie pentru un plus de c\u0103ldur\u0103 \u0219i stil.<\/li>\n<\/ul>\n<h3 data-sourcepos=\"27:1-27:28\"><strong>Femei Shell Tops Exemple \u0219i varia\u021bii:<\/strong><\/h3>\n<ul data-sourcepos=\"29:1-33:0\">\n<li data-sourcepos=\"29:1-29:89\"><strong>M\u0103tase Shell Top:<\/strong> Ideal pentru ocazii mai elegante, oferind un aspect neted \u0219i elegant.<\/li>\n<li data-sourcepos=\"30:1-30:87\"><strong>Bumbac Shell Top:<\/strong> Perfect pentru uzura casual, oferind confort \u0219i respirabilitate.<\/li>\n<li data-sourcepos=\"31:1-31:89\"><strong><span class=\"citation-6 recitation\">Tricou cu nervuri Shell Top:<\/span><\/strong><span class=\"citation-6 recitation citation-end-6\"> Ofer\u0103 un aspect mai texturat \u0219i o potrivire mai str\u00e2ns\u0103.<\/span><span class=\"button-container hide-from-message-actions ng-star-inserted\"> \u00a0<\/span>\n<div class=\"container ng-tns-c2960411664-63 hide\">\n<div class=\"carousel-container ng-tns-c2960411664-63\"><\/div>\n<\/div>\n<\/li>\n<li data-sourcepos=\"32:1-33:0\"><strong>Lace Shell Top:<\/strong> Adaug\u0103 o not\u0103 de feminitate \u0219i poate fi \u00eembr\u0103cat\u0103 \u00een sus sau \u00een jos.<\/li>\n<\/ul>","protected":false},"excerpt":{"rendered":"<table style=\"height: 542px;\" width=\"437\">\n<tbody>\n<tr>\n<td width=\"146\"><strong><b>Produs<\/b><\/strong>\u00a0<strong><b>Nume:<\/b><\/strong><\/td>\n<td width=\"601\">Topuri Shell pentru femei<\/td>\n<\/tr>\n<tr>\n<td width=\"146\"><strong><b>Materlal:<\/b><\/strong><\/td>\n<td width=\"601\">Tricotat<\/td>\n<\/tr>\n<tr>\n<td width=\"146\"><strong><b>Tehnic\u0103:<\/b><\/strong><\/td>\n<td width=\"601\">Brodat<\/td>\n<\/tr>\n<tr>\n<td width=\"146\"><strong><b>Stil:<\/b><\/strong><\/td>\n<td width=\"601\">Casual<\/td>\n<\/tr>\n<tr>\n<td width=\"146\"><strong><b>Culoare<\/b><\/strong><strong><b>:<\/b><\/strong><\/td>\n<td width=\"601\">\u00a0Culori personalizate<\/td>\n<\/tr>\n<tr>\n<td width=\"146\"><strong><b>Dimensiune:<\/b><\/strong><\/td>\n<td width=\"601\">S \/M \/L \/XL \/2XL<\/td>\n<\/tr>\n<tr>\n<td width=\"146\"><strong><b>OEM\/ODM:<\/b><\/strong><\/td>\n<td width=\"601\">Acceptabil<\/td>\n<\/tr>\n<tr>\n<td width=\"146\"><strong><b>Calitate:<\/b><\/strong><\/td>\n<td width=\"601\">100% De \u00eenalt\u0103 calitate<\/td>\n<\/tr>\n<tr>\n<td width=\"146\"><strong><b>M<\/b><\/strong><strong><b>OQ:<\/b><\/strong><\/td>\n<td width=\"601\">200 buc<\/td>\n<\/tr>\n<\/tbody>\n<\/table>","protected":false},"featured_media":2007,"template":"","meta":[],"product_brand":[],"product_cat":[39],"product_tag":[],"class_list":{"0":"post-1999","1":"product","2":"type-product","3":"status-publish","4":"has-post-thumbnail","6":"product_cat-womens-clothing","8":"first","9":"instock","10":"shipping-taxable","11":"product-type-simple"},"_links":{"self":[{"href":"https:\/\/mj-clothing.com\/ro\/wp-json\/wp\/v2\/product\/1999","targetHints":{"allow":["GET"]}}],"collection":[{"href":"https:\/\/mj-clothing.com\/ro\/wp-json\/wp\/v2\/product"}],"about":[{"href":"https:\/\/mj-clothing.com\/ro\/wp-json\/wp\/v2\/types\/product"}],"wp:featuredmedia":[{"embeddable":true,"href":"https:\/\/mj-clothing.com\/ro\/wp-json\/wp\/v2\/media\/2007"}],"wp:attachment":[{"href":"https:\/\/mj-clothing.com\/ro\/wp-json\/wp\/v2\/media?parent=1999"}],"wp:term":[{"taxonomy":"product_brand","embeddable":true,"href":"https:\/\/mj-clothing.com\/ro\/wp-json\/wp\/v2\/product_brand?post=1999"},{"taxonomy":"product_cat","embeddable":true,"href":"https:\/\/mj-clothing.com\/ro\/wp-json\/wp\/v2\/product_cat?post=1999"},{"taxonomy":"product_tag","embeddable":true,"href":"https:\/\/mj-clothing.com\/ro\/wp-json\/wp\/v2\/product_tag?post=1999"}],"curies":[{"name":"wp","href":"https:\/\/api.w.org\/{rel}","templated":true}]}}