{"id":2008,"date":"2024-12-17T08:49:20","date_gmt":"2024-12-17T08:49:20","guid":{"rendered":"https:\/\/mj-clothing.com\/?post_type=product&#038;p=2008"},"modified":"2024-12-17T08:56:51","modified_gmt":"2024-12-17T08:56:51","slug":"womens-cashmere-long-coat","status":"publish","type":"product","link":"https:\/\/mj-clothing.com\/ro\/manufacturer\/womens-cashmere-long-coat\/","title":{"rendered":"Palton lung din ca\u0219mir pentru femei"},"content":{"rendered":"<div id=\"model-response-message-contentr_21586b4a0aa106d5\" class=\"markdown markdown-main-panel response-optimization\" dir=\"ltr\">\n<p data-sourcepos=\"1:1-1:191\">O hain\u0103 lung\u0103 din ca\u0219mir pentru femei este \u00eentruchiparea luxului, c\u0103ldurii \u0219i stilului atemporal. Este o investi\u021bie important\u0103 care poate ridica orice garderob\u0103 de iarn\u0103. Iat\u0103 ce le face at\u00e2t de speciale:<\/p>\n<h3 data-sourcepos=\"3:1-3:17\"><strong>De ce haina lung\u0103 din ca\u0219mir pentru femei?<\/strong><\/h3>\n<ul data-sourcepos=\"5:1-9:0\">\n<li data-sourcepos=\"5:1-5:146\"><strong><span class=\"citation-0 recitation\">Softness de neegalat:<\/span><\/strong><span class=\"citation-0 recitation citation-end-0\"> Fibrele de ca\u0219mir sunt incredibil de fine, rezult\u00e2nd o senza\u021bie de lux moale \u0219i neted\u0103 pe piele.<\/span><span class=\"button-container hide-from-message-actions ng-star-inserted\"> \u00a0<\/span>\n<div class=\"container ng-tns-c2960411664-95 hide\">\n<div class=\"carousel-container ng-tns-c2960411664-95\"><\/div>\n<\/div>\n<\/li>\n<li data-sourcepos=\"6:1-6:147\"><strong><span class=\"citation-1 recitation\">C\u0103ldur\u0103 excep\u021bional\u0103:<\/span><\/strong><span class=\"citation-1 recitation citation-end-1\"> \u00cen ciuda faptului c\u0103 este u\u0219or, ca\u0219mirul asigur\u0103 o izolare excelent\u0103, men\u021bin\u00e2ndu-v\u0103 cald f\u0103r\u0103 a v\u0103 sim\u021bi volumino\u0219i.<\/span><span class=\"button-container hide-from-message-actions ng-star-inserted\">\u00a0<\/span>\n<div class=\"container ng-tns-c2960411664-96 hide\">\n<div class=\"carousel-container ng-tns-c2960411664-96\"><\/div>\n<\/div>\n<\/li>\n<li data-sourcepos=\"7:1-7:152\"><strong>U\u0219oare \u0219i confortabile:<\/strong> <span class=\"citation-2 recitation citation-end-2\">Articolele de \u00eembr\u0103c\u0103minte din ca\u0219mir sunt cunoscute pentru lejeritatea lor, ceea ce le face confortabile pentru a fi purtate pe perioade lungi.<\/span><span class=\"button-container hide-from-message-actions ng-star-inserted\">\u00a0 \u00a0<\/span>\n<div class=\"container ng-tns-c2960411664-97 hide\">\n<div class=\"carousel-container ng-tns-c2960411664-97\"><\/div>\n<\/div>\n<\/li>\n<li data-sourcepos=\"8:1-9:0\"><strong><span class=\"citation-3 recitation\">Durabilitate:<\/span><\/strong><span class=\"citation-3 recitation citation-end-3\"> Cu o \u00eengrijire corespunz\u0103toare, o hain\u0103 din ca\u0219mir de calitate superioar\u0103 poate dura mul\u021bi ani, ceea ce o face o investi\u021bie valoroas\u0103.<\/span><span class=\"button-container hide-from-message-actions ng-star-inserted\">\u00a0 \u00a0<\/span>\n<div class=\"container ng-tns-c2960411664-98 hide\">\n<div class=\"carousel-container ng-tns-c2960411664-98\"><\/div>\n<\/div>\n<\/li>\n<\/ul>\n<h3 data-sourcepos=\"10:1-10:41\"><strong>Caracteristici cheie ale unei haine lungi din ca\u0219mir pentru femei:<\/strong><\/h3>\n<ul data-sourcepos=\"12:1-22:0\">\n<li data-sourcepos=\"12:1-12:85\"><strong>Lungime:<\/strong> Cade de obicei sub genunchi, oferind acoperire \u0219i c\u0103ldur\u0103 maxime.<\/li>\n<li data-sourcepos=\"13:1-16:93\"><strong>Stiluri clasice:<\/strong> Prezint\u0103 adesea siluete atemporale precum:\n<ul data-sourcepos=\"14:5-16:93\">\n<li data-sourcepos=\"14:5-14:88\"><strong>Single-breasted:<\/strong> Un stil clasic \u0219i versatil, cu un singur r\u00e2nd de nasturi.<\/li>\n<li data-sourcepos=\"15:5-15:87\"><strong>Double-breasted:<\/strong> <span class=\"citation-4 recitation citation-end-4\">Un stil mai formal, cu dou\u0103 r\u00e2nduri de nasturi.<\/span><span class=\"button-container hide-from-message-actions ng-star-inserted\">\u00a0 \u00a0<\/span>\n<div class=\"container ng-tns-c2960411664-99 hide\">\n<div class=\"carousel-container ng-tns-c2960411664-99\"><\/div>\n<\/div>\n<\/li>\n<li data-sourcepos=\"16:5-16:93\"><strong><span class=\"citation-5 recitation\">Palton \u00eenvelit:<\/span><\/strong><span class=\"citation-5 recitation citation-end-5\"> Un stil relaxat \u0219i elegant care poate fi legat cu o curea.<\/span><span class=\"button-container hide-from-message-actions ng-star-inserted\"> \u00a0<\/span>\n<div class=\"container ng-tns-c2960411664-100 hide\">\n<div class=\"carousel-container ng-tns-c2960411664-100\">\n<div class=\"carousel-content ng-tns-c2960411664-100\">\n<div class=\"sources-carousel-source ng-tns-c2960411664-100 hide ng-star-inserted\" data-test-id=\"sources-carousel-source\"><\/div>\n<\/div>\n<\/div>\n<\/div>\n<\/li>\n<\/ul>\n<\/li>\n<li data-sourcepos=\"17:1-20:67\"><strong>Op\u021biuni pentru guler:<\/strong> Poate avea diferite stiluri de guler, cum ar fi:\n<ul data-sourcepos=\"18:5-20:67\">\n<li data-sourcepos=\"18:5-18:69\"><strong><span class=\"citation-6 recitation\">Revers crestat:<\/span><\/strong><span class=\"citation-6 recitation citation-end-6\"> Un guler clasic \u0219i versatil.<\/span><span class=\"button-container hide-from-message-actions ng-star-inserted\">\u00a0<\/span>\n<div class=\"container ng-tns-c2960411664-101 hide\">\n<div class=\"carousel-container ng-tns-c2960411664-101\"><\/div>\n<\/div>\n<\/li>\n<li data-sourcepos=\"19:5-19:57\"><strong>Guler \u0219al:<\/strong> Un guler mai relaxat \u0219i mai confortabil.<\/li>\n<li data-sourcepos=\"20:5-20:67\"><strong>Guler stand-up:<\/strong> Ofer\u0103 c\u0103ldur\u0103 suplimentar\u0103 \u00een jurul g\u00e2tului.<\/li>\n<\/ul>\n<\/li>\n<li data-sourcepos=\"21:1-22:0\"><strong>Detaliu minim:<\/strong> Are adesea linii curate \u0219i detalii minime pentru a pune \u00een valoare materialul luxos.<\/li>\n<\/ul>\n<h3 data-sourcepos=\"23:1-23:56\"><strong>Lucruri de luat \u00een considerare atunci c\u00e2nd cump\u0103ra\u021bi o hain\u0103 lung\u0103 din ca\u0219mir pentru femei:<\/strong><\/h3>\n<ul data-sourcepos=\"25:1-30:0\">\n<li data-sourcepos=\"25:1-25:129\"><strong>Ca\u0219mir Calitate:<\/strong> C\u0103uta\u021bi paltoane realizate din ca\u0219mir 100% sau un procent ridicat de ca\u0219mir amestecat cu alte fibre fine.<\/li>\n<li data-sourcepos=\"26:1-26:134\"><strong>Greutate:<\/strong> Greutatea ca\u0219mirului influen\u021beaz\u0103 c\u0103ldura \u0219i drapajul acestuia. Ca\u0219mirul mai greu este \u00een general mai cald, dar poate fi \u0219i mai voluminos.<\/li>\n<li data-sourcepos=\"27:1-27:89\"><strong>Construc\u021bie:<\/strong> Verifica\u021bi calitatea cus\u0103turilor \u0219i a c\u0103ptu\u0219elii pentru a asigura durabilitatea.<\/li>\n<li data-sourcepos=\"28:1-28:99\"><strong>Se potrive\u0219te:<\/strong> Alege\u021bi o hain\u0103 care se potrive\u0219te bine pe umeri \u0219i care permite o suprapunere confortabil\u0103.<\/li>\n<li data-sourcepos=\"29:1-30:0\"><strong>Pre\u021b:<\/strong> <span class=\"citation-7 recitation citation-end-7\">Paltoanele din ca\u0219mir sunt o investi\u021bie, a\u0219a c\u0103 fi\u021bi preg\u0103ti\u021bi s\u0103 cheltui\u021bi o sum\u0103 semnificativ\u0103.<\/span> Cu toate acestea, cu o \u00eengrijire corespunz\u0103toare, va dura mul\u021bi ani.<span class=\"button-container hide-from-message-actions ng-star-inserted\">\u00a0<\/span>\n<div class=\"container ng-tns-c2960411664-102 hide\">\n<div class=\"carousel-container ng-tns-c2960411664-102\"><\/div>\n<\/div>\n<\/li>\n<\/ul>\n<h3 data-sourcepos=\"31:1-31:46\"><strong>Unde s\u0103 g\u0103si\u021bi paltoane lungi din ca\u0219mir pentru femei:<\/strong><\/h3>\n<ul data-sourcepos=\"33:1-37:0\">\n<li data-sourcepos=\"33:1-33:80\"><strong>Magazine de lux:<\/strong> Nordstrom, Saks Fifth Avenue, Bloomingdale's<\/li>\n<li data-sourcepos=\"34:1-34:52\"><strong>M\u0103rci de lux:<\/strong> Max Mara, Loro Piana, The Row<\/li>\n<li data-sourcepos=\"35:1-35:80\"><strong>Retaileri specializa\u021bi \u00een ca\u0219mir:<\/strong> <span class=\"citation-8 recitation citation-end-8\">GOBI Ca\u0219mir, Sofia Ca\u0219mir<\/span><span class=\"button-container hide-from-message-actions ng-star-inserted\">\u00a0 \u00a0<\/span>\n<div class=\"container ng-tns-c2960411664-103 hide\">\n<div class=\"carousel-container ng-tns-c2960411664-103\"><\/div>\n<\/div>\n<\/li>\n<li data-sourcepos=\"36:1-37:0\"><strong>Retaileri online:<\/strong> Farfetch, Net-a-Porter, Mytheresa<\/li>\n<\/ul>\n<p data-sourcepos=\"38:1-38:122\">O hain\u0103 lung\u0103 din ca\u0219mir pentru femei este o investi\u021bie luxoas\u0103 \u0219i atemporal\u0103, care v\u0103 va \u021bine de cald \u0219i va fi elegant\u0103 mul\u021bi ani de acum \u00eenainte.<\/p>\n<\/div>\n<div class=\"response-footer gap complete\">\n<div class=\"container ng-tns-c2960411664-94\">\n<div class=\"carousel-container ng-tns-c2960411664-94\">\n<div class=\"carousel-content ng-tns-c2960411664-94\">\n<div class=\"sources-carousel-source ng-tns-c2960411664-94 ng-star-inserted\" data-test-id=\"sources-carousel-source\">\n<div class=\"source-card-container\">\n<div class=\"source-card-content\">\n<div class=\"source-card-body\">\n<div class=\"source-card-header\">\n<div class=\"source-card-title\"><\/div>\n<\/div>\n<\/div>\n<\/div>\n<\/div>\n<\/div>\n<\/div>\n<\/div>\n<\/div>\n<\/div>","protected":false},"excerpt":{"rendered":"<table style=\"height: 596px;\" width=\"487\">\n<tbody>\n<tr>\n<td width=\"146\"><strong><b>Produs<\/b><\/strong>\u00a0<strong><b>Nume:<\/b><\/strong><\/td>\n<td width=\"601\"><strong>Palton lung din ca\u0219mir pentru femei<\/strong><\/td>\n<\/tr>\n<tr>\n<td width=\"146\"><strong><b>Materlal:<\/b><\/strong><\/td>\n<td width=\"601\">Tricotat<\/td>\n<\/tr>\n<tr>\n<td width=\"146\"><strong><b>Tehnic\u0103:<\/b><\/strong><\/td>\n<td width=\"601\">Brodat<\/td>\n<\/tr>\n<tr>\n<td width=\"146\"><strong><b>Stil:<\/b><\/strong><\/td>\n<td width=\"601\">Casual<\/td>\n<\/tr>\n<tr>\n<td width=\"146\"><strong><b>Culoare<\/b><\/strong><strong><b>:<\/b><\/strong><\/td>\n<td width=\"601\">\u00a0Culori personalizate<\/td>\n<\/tr>\n<tr>\n<td width=\"146\"><strong><b>Dimensiune:<\/b><\/strong><\/td>\n<td width=\"601\">S \/M \/L \/XL \/2XL<\/td>\n<\/tr>\n<tr>\n<td width=\"146\"><strong><b>OEM\/ODM:<\/b><\/strong><\/td>\n<td width=\"601\">Acceptabil<\/td>\n<\/tr>\n<tr>\n<td width=\"146\"><strong><b>Calitate:<\/b><\/strong><\/td>\n<td width=\"601\">100% De \u00eenalt\u0103 calitate<\/td>\n<\/tr>\n<tr>\n<td width=\"146\"><strong><b>M<\/b><\/strong><strong><b>OQ:<\/b><\/strong><\/td>\n<td width=\"601\">200 buc<\/td>\n<\/tr>\n<\/tbody>\n<\/table>","protected":false},"featured_media":2009,"template":"","meta":[],"product_brand":[],"product_cat":[39],"product_tag":[],"class_list":{"0":"post-2008","1":"product","2":"type-product","3":"status-publish","4":"has-post-thumbnail","6":"product_cat-womens-clothing","8":"first","9":"instock","10":"shipping-taxable","11":"product-type-simple"},"_links":{"self":[{"href":"https:\/\/mj-clothing.com\/ro\/wp-json\/wp\/v2\/product\/2008","targetHints":{"allow":["GET"]}}],"collection":[{"href":"https:\/\/mj-clothing.com\/ro\/wp-json\/wp\/v2\/product"}],"about":[{"href":"https:\/\/mj-clothing.com\/ro\/wp-json\/wp\/v2\/types\/product"}],"wp:featuredmedia":[{"embeddable":true,"href":"https:\/\/mj-clothing.com\/ro\/wp-json\/wp\/v2\/media\/2009"}],"wp:attachment":[{"href":"https:\/\/mj-clothing.com\/ro\/wp-json\/wp\/v2\/media?parent=2008"}],"wp:term":[{"taxonomy":"product_brand","embeddable":true,"href":"https:\/\/mj-clothing.com\/ro\/wp-json\/wp\/v2\/product_brand?post=2008"},{"taxonomy":"product_cat","embeddable":true,"href":"https:\/\/mj-clothing.com\/ro\/wp-json\/wp\/v2\/product_cat?post=2008"},{"taxonomy":"product_tag","embeddable":true,"href":"https:\/\/mj-clothing.com\/ro\/wp-json\/wp\/v2\/product_tag?post=2008"}],"curies":[{"name":"wp","href":"https:\/\/api.w.org\/{rel}","templated":true}]}}