{"id":2010,"date":"2024-12-17T08:55:56","date_gmt":"2024-12-17T08:55:56","guid":{"rendered":"https:\/\/mj-clothing.com\/?post_type=product&#038;p=2010"},"modified":"2024-12-17T08:55:56","modified_gmt":"2024-12-17T08:55:56","slug":"black-long-wool-coat-womens","status":"publish","type":"product","link":"https:\/\/mj-clothing.com\/ro\/manufacturer\/black-long-wool-coat-womens\/","title":{"rendered":"Palton negru lung din l\u00e2n\u0103 pentru femei"},"content":{"rendered":"<p data-sourcepos=\"1:1-1:191\">Paltonul negru lung din l\u00e2n\u0103 pentru femei este un adev\u0103rat element esen\u021bial al garderobei oric\u0103rei femei. Este o pies\u0103 clasic\u0103 care combin\u0103 caracterul practic, c\u0103ldura \u0219i stilul atemporal. Iat\u0103 o defalcare a ceea ce le face at\u00e2t de grozave:<\/p>\n<h3 data-sourcepos=\"3:1-3:13\"><strong>De ce Black Long Wool Coat Women's Wool?<\/strong><\/h3>\n<ul data-sourcepos=\"5:1-9:0\">\n<li data-sourcepos=\"5:1-5:116\"><strong><span class=\"citation-0 recitation\">C\u0103ldura:<\/span><\/strong><span class=\"citation-0 recitation citation-end-0\"> L\u00e2na este un izolator natural, oferind o c\u0103ldur\u0103 excelent\u0103 chiar \u0219i la temperaturi foarte sc\u0103zute.<\/span><span class=\"button-container hide-from-message-actions ng-star-inserted\"> \u00a0<\/span>\n<div class=\"container ng-tns-c2960411664-110 hide\">\n<div class=\"carousel-container ng-tns-c2960411664-110\"><\/div>\n<\/div>\n<\/li>\n<li data-sourcepos=\"6:1-6:114\"><strong><span class=\"citation-1 recitation\">Durabilitate:<\/span><\/strong><span class=\"citation-1 recitation citation-end-1\"> Fibrele de l\u00e2n\u0103 sunt puternice \u0219i rezistente, ceea ce face ca paltoanele din l\u00e2n\u0103 s\u0103 fie durabile \u0219i de lung\u0103 durat\u0103.<\/span><span class=\"button-container hide-from-message-actions ng-star-inserted\"> \u00a0<\/span>\n<div class=\"container ng-tns-c2960411664-111 hide\">\n<div class=\"carousel-container ng-tns-c2960411664-111\"><\/div>\n<\/div>\n<\/li>\n<li data-sourcepos=\"7:1-7:130\"><strong><span class=\"citation-2 recitation\">Rezisten\u021b\u0103 la ap\u0103:<\/span><\/strong><span class=\"citation-2 recitation citation-end-2\"> L\u00e2na are propriet\u0103\u021bi naturale de hidrofugare, ajut\u00e2ndu-v\u0103 s\u0103 v\u0103 men\u021bine\u021bi uscat \u00een condi\u021bii de ploaie u\u0219oar\u0103 sau z\u0103pad\u0103.<\/span><span class=\"button-container hide-from-message-actions ng-star-inserted\"> \u00a0<\/span>\n<div class=\"container ng-tns-c2960411664-112 hide\">\n<div class=\"carousel-container ng-tns-c2960411664-112\"><\/div>\n<\/div>\n<\/li>\n<li data-sourcepos=\"8:1-9:0\"><strong><span class=\"citation-3 recitation\">Respirabilitate:<\/span><\/strong><span class=\"citation-3 recitation citation-end-3\"> L\u00e2na este respirabil\u0103, ceea ce ajut\u0103 la reglarea temperaturii corpului \u0219i la prevenirea supra\u00eenc\u0103lzirii.<\/span><span class=\"button-container hide-from-message-actions ng-star-inserted\">\u00a0 \u00a0<\/span>\n<div class=\"container ng-tns-c2960411664-113 hide\">\n<div class=\"carousel-container ng-tns-c2960411664-113\"><\/div>\n<\/div>\n<\/li>\n<\/ul>\n<h3 data-sourcepos=\"10:1-10:43\"><strong>Caracteristicile principale ale unuiBlack Long Wool Coat Women's:<\/strong><\/h3>\n<ul data-sourcepos=\"12:1-23:0\">\n<li data-sourcepos=\"12:1-12:137\"><strong>Lungime:<\/strong> Cade de obicei sub genunchi, oferind acoperire maxim\u0103 \u0219i c\u0103ldur\u0103. Aceast\u0103 lungime este, de asemenea, foarte m\u0103gulitoare \u0219i alungitoare.<\/li>\n<li data-sourcepos=\"13:1-13:125\"><strong>Culoare:<\/strong> Negrul este incredibil de versatil \u0219i merge cu orice. Este o alegere clasic\u0103 care nu se va demoda niciodat\u0103.<\/li>\n<li data-sourcepos=\"14:1-18:62\"><strong>Stiluri clasice:<\/strong> Stilurile comune includ:\n<ul data-sourcepos=\"15:5-18:62\">\n<li data-sourcepos=\"15:5-15:89\"><strong>Single-breasted:<\/strong> Un stil atemporal \u0219i versatil cu un singur r\u00e2nd de nasturi.<\/li>\n<li data-sourcepos=\"16:5-16:102\"><strong>Double-breasted:<\/strong> <span class=\"citation-4 recitation citation-end-4\">Un stil mai formal \u0219i structurat, cu dou\u0103 r\u00e2nduri de nasturi.<\/span><span class=\"button-container hide-from-message-actions ng-star-inserted\">\u00a0<\/span>\n<div class=\"container ng-tns-c2960411664-114 hide\">\n<div class=\"carousel-container ng-tns-c2960411664-114\"><\/div>\n<\/div>\n<\/li>\n<li data-sourcepos=\"17:5-17:93\"><strong><span class=\"citation-5 recitation\">Palton \u00eenvelit:<\/span><\/strong><span class=\"citation-5 recitation citation-end-5\"> Un stil relaxat \u0219i elegant care poate fi legat cu o curea.<\/span><span class=\"button-container hide-from-message-actions ng-star-inserted\"> \u00a0<\/span>\n<div class=\"container ng-tns-c2960411664-115 hide\">\n<div class=\"carousel-container ng-tns-c2960411664-115\"><\/div>\n<\/div>\n<\/li>\n<li data-sourcepos=\"18:5-18:62\"><strong>Chesterfield:<\/strong> Un stil formal cu guler din catifea.<\/li>\n<\/ul>\n<\/li>\n<li data-sourcepos=\"19:1-23:0\"><strong>Op\u021biuni pentru guler:<\/strong>\n<ul data-sourcepos=\"20:5-23:0\">\n<li data-sourcepos=\"20:5-20:69\"><strong><span class=\"citation-6 recitation\">Revers crestat:<\/span><\/strong><span class=\"citation-6 recitation citation-end-6\"> Un guler clasic \u0219i versatil.<\/span><span class=\"button-container hide-from-message-actions ng-star-inserted\"> \u00a0<\/span>\n<div class=\"container ng-tns-c2960411664-116 hide\">\n<div class=\"carousel-container ng-tns-c2960411664-116\"><\/div>\n<\/div>\n<\/li>\n<li data-sourcepos=\"21:5-21:71\"><strong><span class=\"citation-7 recitation\">Revers cu v\u00e2rf:<\/span><\/strong><span class=\"citation-7 recitation citation-end-7\"> Un guler mai formal \u0219i mai dramatic.<\/span><span class=\"button-container hide-from-message-actions ng-star-inserted\"> \u00a0<\/span>\n<div class=\"container ng-tns-c2960411664-117 hide\">\n<div class=\"carousel-container ng-tns-c2960411664-117\"><\/div>\n<\/div>\n<\/li>\n<li data-sourcepos=\"22:5-23:0\"><strong>Guler stand-up:<\/strong> Ofer\u0103 c\u0103ldur\u0103 suplimentar\u0103 \u00een jurul g\u00e2tului.<\/li>\n<\/ul>\n<\/li>\n<\/ul>\n<h3 data-sourcepos=\"24:1-24:58\"><strong>Lucruri de luat \u00een considerare atunci c\u00e2nd cump\u0103ra\u021bi o hain\u0103 lung\u0103 din l\u00e2n\u0103 neagr\u0103 pentru femei:<\/strong><\/h3>\n<ul data-sourcepos=\"26:1-31:0\">\n<li data-sourcepos=\"26:1-26:101\"><strong>Calitatea l\u00e2nii:<\/strong> C\u0103uta\u021bi paltoane fabricate din l\u00e2n\u0103 de calitate superioar\u0103, cum ar fi l\u00e2n\u0103 merinos sau l\u00e2n\u0103 virgin\u0103.<\/li>\n<li data-sourcepos=\"27:1-27:75\"><strong>C\u0103ptu\u0219eal\u0103:<\/strong> O c\u0103ptu\u0219eal\u0103 bun\u0103 va spori c\u0103ldura \u0219i durabilitatea hainei.<\/li>\n<li data-sourcepos=\"28:1-28:99\"><strong>Se potrive\u0219te:<\/strong> Asigura\u021bi-v\u0103 c\u0103 haina se potrive\u0219te bine pe umeri \u0219i permite o suprapunere confortabil\u0103.<\/li>\n<li data-sourcepos=\"29:1-29:72\"><strong>Detalii:<\/strong> Lua\u021bi \u00een considerare detalii precum buzunarele, nasturii \u0219i buclele centurii.<\/li>\n<li data-sourcepos=\"30:1-31:0\"><strong><span class=\"citation-8 recitation\">Pre\u021b:<\/span><\/strong><span class=\"citation-8 recitation citation-end-8\"> O hain\u0103 de l\u00e2n\u0103 de bun\u0103 calitate este o investi\u021bie, dar va dura mul\u021bi ani.<\/span><span class=\"button-container hide-from-message-actions ng-star-inserted\">\u00a0 \u00a0<\/span>\n<div class=\"container ng-tns-c2960411664-118 hide\">\n<div class=\"carousel-container ng-tns-c2960411664-118\"><\/div>\n<\/div>\n<\/li>\n<\/ul>\n<h3 data-sourcepos=\"32:1-32:40\"><strong>Cum s\u0103 aranjezi o hain\u0103 lung\u0103 neagr\u0103 din l\u00e2n\u0103 pentru femei:<\/strong><\/h3>\n<ul data-sourcepos=\"34:1-37:0\">\n<li data-sourcepos=\"34:1-34:85\"><strong>Casual:<\/strong> Asocia\u021bi-l cu blugi, pulover \u0219i cizme pentru un look clasic de zi cu zi.<\/li>\n<li data-sourcepos=\"35:1-35:95\"><strong>Business Casual:<\/strong> Poart-o peste o bluz\u0103 \u0219i pantaloni sau o fust\u0103 pentru un look profesional.<\/li>\n<li data-sourcepos=\"36:1-37:0\"><strong>Elegant:<\/strong> Pune-l peste o rochie sau o \u021binut\u0103 de sear\u0103 pentru un look sofisticat.<\/li>\n<\/ul>\n<p data-sourcepos=\"38:1-38:217\"><span class=\"citation-9 recitation citation-end-9\">Un palton negru lung din l\u00e2n\u0103 este o pies\u0103 versatil\u0103 \u0219i esen\u021bial\u0103, care v\u0103 va \u021bine de cald \u0219i elegant pe tot parcursul sezonului de iarn\u0103.<\/span> Este o investi\u021bie valoroas\u0103 pe care o ve\u021bi putea purta mul\u021bi ani de acum \u00eenainte.<span class=\"button-container hide-from-message-actions ng-star-inserted\"> \u00a0 <\/span><\/p>","protected":false},"excerpt":{"rendered":"<table style=\"height: 647px;\" width=\"508\">\n<tbody>\n<tr>\n<td width=\"146\"><strong><b>Produs<\/b><\/strong>\u00a0<strong><b>Nume:<\/b><\/strong><\/td>\n<td width=\"601\"><strong>Palton negru lung din l\u00e2n\u0103 pentru femei<\/strong><\/td>\n<\/tr>\n<tr>\n<td width=\"146\"><strong><b>Materlal:<\/b><\/strong><\/td>\n<td width=\"601\">Tricotat<\/td>\n<\/tr>\n<tr>\n<td width=\"146\"><strong><b>Tehnic\u0103:<\/b><\/strong><\/td>\n<td width=\"601\">Brodat<\/td>\n<\/tr>\n<tr>\n<td width=\"146\"><strong><b>Stil:<\/b><\/strong><\/td>\n<td width=\"601\">Casual<\/td>\n<\/tr>\n<tr>\n<td width=\"146\"><strong><b>Culoare<\/b><\/strong><strong><b>:<\/b><\/strong><\/td>\n<td width=\"601\">\u00a0Culori personalizate<\/td>\n<\/tr>\n<tr>\n<td width=\"146\"><strong><b>Dimensiune:<\/b><\/strong><\/td>\n<td width=\"601\">S \/M \/L \/XL \/2XL<\/td>\n<\/tr>\n<tr>\n<td width=\"146\"><strong><b>OEM\/ODM:<\/b><\/strong><\/td>\n<td width=\"601\">Acceptabil<\/td>\n<\/tr>\n<tr>\n<td width=\"146\"><strong><b>Calitate:<\/b><\/strong><\/td>\n<td width=\"601\">100% De \u00eenalt\u0103 calitate<\/td>\n<\/tr>\n<tr>\n<td width=\"146\"><strong><b>M<\/b><\/strong><strong><b>OQ:<\/b><\/strong><\/td>\n<td width=\"601\">200 buc<\/td>\n<\/tr>\n<\/tbody>\n<\/table>","protected":false},"featured_media":2011,"template":"","meta":[],"product_brand":[],"product_cat":[39],"product_tag":[],"class_list":{"0":"post-2010","1":"product","2":"type-product","3":"status-publish","4":"has-post-thumbnail","6":"product_cat-womens-clothing","8":"first","9":"instock","10":"shipping-taxable","11":"product-type-simple"},"_links":{"self":[{"href":"https:\/\/mj-clothing.com\/ro\/wp-json\/wp\/v2\/product\/2010","targetHints":{"allow":["GET"]}}],"collection":[{"href":"https:\/\/mj-clothing.com\/ro\/wp-json\/wp\/v2\/product"}],"about":[{"href":"https:\/\/mj-clothing.com\/ro\/wp-json\/wp\/v2\/types\/product"}],"wp:featuredmedia":[{"embeddable":true,"href":"https:\/\/mj-clothing.com\/ro\/wp-json\/wp\/v2\/media\/2011"}],"wp:attachment":[{"href":"https:\/\/mj-clothing.com\/ro\/wp-json\/wp\/v2\/media?parent=2010"}],"wp:term":[{"taxonomy":"product_brand","embeddable":true,"href":"https:\/\/mj-clothing.com\/ro\/wp-json\/wp\/v2\/product_brand?post=2010"},{"taxonomy":"product_cat","embeddable":true,"href":"https:\/\/mj-clothing.com\/ro\/wp-json\/wp\/v2\/product_cat?post=2010"},{"taxonomy":"product_tag","embeddable":true,"href":"https:\/\/mj-clothing.com\/ro\/wp-json\/wp\/v2\/product_tag?post=2010"}],"curies":[{"name":"wp","href":"https:\/\/api.w.org\/{rel}","templated":true}]}}