{"id":2037,"date":"2024-12-18T02:59:21","date_gmt":"2024-12-18T02:59:21","guid":{"rendered":"https:\/\/mj-clothing.com\/?post_type=product&#038;p=2037"},"modified":"2024-12-18T03:22:38","modified_gmt":"2024-12-18T03:22:38","slug":"womens-heated-long-coat","status":"publish","type":"product","link":"https:\/\/mj-clothing.com\/ro\/manufacturer\/womens-heated-long-coat\/","title":{"rendered":"Hain\u0103 lung\u0103 \u00eenc\u0103lzit\u0103 pentru femei"},"content":{"rendered":"<p data-sourcepos=\"1:1-1:216\">O hain\u0103 lung\u0103 \u00eenc\u0103lzit\u0103 pentru femei este un tip de \u00eembr\u0103c\u0103minte exterioar\u0103 conceput\u0103 pentru a oferi o c\u0103ldur\u0103 excep\u021bional\u0103 pe vreme rece. Acesta \u00eencorporeaz\u0103 elemente de \u00eenc\u0103lzire integrate alimentate de un pachet de baterii, plasat de obicei \u00eentr-un buzunar discret.<\/p>\n<h3 data-sourcepos=\"3:1-3:35\"><strong>Iat\u0103 ce le face speciale:<\/strong><\/h3>\n<ul data-sourcepos=\"5:1-8:0\">\n<li data-sourcepos=\"5:1-5:222\"><strong>C\u0103ldura superioar\u0103:<\/strong> Elementele de \u00eenc\u0103lzire \u00eencorporate genereaz\u0103 c\u0103ldur\u0103, cresc\u00e2nd semnificativ propriet\u0103\u021bile izolatoare ale hainei. Acest lucru le face ideale pentru climatele extrem de reci sau pentru activit\u0103\u021bile \u00een aer liber la temperaturi friguroase.<\/li>\n<li data-sourcepos=\"6:1-6:159\"><strong>Confort:<\/strong> Multe modele ofer\u0103 set\u0103ri de c\u0103ldur\u0103 reglabile, permi\u021b\u00e2ndu-v\u0103 s\u0103 personaliza\u021bi nivelul de c\u0103ldur\u0103 \u00een func\u021bie de preferin\u021bele dvs. \u0219i de severitatea frigului.<\/li>\n<li data-sourcepos=\"7:1-8:0\"><strong>Versatilitate:<\/strong> Acestea pot fi purtate \u00een diferite ocazii, de la ie\u0219iri casual la evenimente mai formale, \u00een func\u021bie de designul \u0219i materialele hainei.<\/li>\n<\/ul>\n<h3 data-sourcepos=\"9:1-9:56\"><strong>Lucruri de luat \u00een considerare atunci c\u00e2nd alege\u021bi o hain\u0103 lung\u0103 \u00eenc\u0103lzit\u0103 pentru femei:<\/strong><\/h3>\n<ul data-sourcepos=\"11:1-15:0\">\n<li data-sourcepos=\"11:1-11:198\"><strong>Tehnologie de \u00eenc\u0103lzire:<\/strong> M\u0103rcile diferite utilizeaz\u0103 tehnologii de \u00eenc\u0103lzire diferite. Cerceta\u021bi tehnologia specific\u0103 utilizat\u0103 \u00een haina care v\u0103 intereseaz\u0103 pentru a \u00een\u021belege caracteristicile sale de performan\u021b\u0103 \u0219i siguran\u021b\u0103.<\/li>\n<li data-sourcepos=\"12:1-12:182\"><strong>Durata de via\u021b\u0103 a bateriei:<\/strong> Durata de via\u021b\u0103 a bateriei este crucial\u0103. Lua\u021bi \u00een considerare c\u00e2t timp va dura bateria la diferite set\u0103ri de c\u0103ldur\u0103 pentru a v\u0103 asigura c\u0103 v\u0103 satisface nevoile pe durata activit\u0103\u021bilor dvs.<\/li>\n<li data-sourcepos=\"13:1-13:174\"><strong>Confort \u0219i potrivire:<\/strong> Alege\u021bi o hain\u0103 care se potrive\u0219te bine \u0219i este confortabil\u0103 la purtare. C\u0103uta\u021bi caracteristici precum man\u0219ete reglabile, glugi \u0219i \u0219ireturi pentru a \u00eembun\u0103t\u0103\u021bi potrivirea \u0219i c\u0103ldura.<\/li>\n<li data-sourcepos=\"14:1-15:0\"><strong>Stil \u0219i design:<\/strong> Alege\u021bi o hain\u0103 care s\u0103 v\u0103 completeze stilul personal \u0219i ocaziile pentru care o ve\u021bi purta.<\/li>\n<\/ul>\n<p data-sourcepos=\"16:1-16:186\">Dac\u0103 locui\u021bi \u00eentr-un climat foarte rece sau v\u0103 angaja\u021bi frecvent \u00een activit\u0103\u021bi \u00een aer liber \u00een timpul iernii, o hain\u0103 lung\u0103 \u00eenc\u0103lzit\u0103 pentru femei poate fi o investi\u021bie valoroas\u0103 pentru a v\u0103 men\u021bine cald\u0103 \u0219i confortabil\u0103.<\/p>","protected":false},"excerpt":{"rendered":"<table style=\"height: 602px;\" width=\"581\">\n<tbody>\n<tr>\n<td width=\"146\"><strong><b>Produs<\/b><\/strong>\u00a0<strong><b>Nume:<\/b><\/strong><\/td>\n<td width=\"601\"><strong>Hain\u0103 lung\u0103 \u00eenc\u0103lzit\u0103 pentru femei<\/strong><\/td>\n<\/tr>\n<tr>\n<td width=\"146\"><strong><b>Materlal:<\/b><\/strong><\/td>\n<td width=\"601\">Tricotat<\/td>\n<\/tr>\n<tr>\n<td width=\"146\"><strong><b>Tehnic\u0103:<\/b><\/strong><\/td>\n<td width=\"601\">Brodat<\/td>\n<\/tr>\n<tr>\n<td width=\"146\"><strong><b>Stil:<\/b><\/strong><\/td>\n<td width=\"601\">Casual<\/td>\n<\/tr>\n<tr>\n<td width=\"146\"><strong><b>Culoare<\/b><\/strong><strong><b>:<\/b><\/strong><\/td>\n<td width=\"601\">\u00a0Culori personalizate<\/td>\n<\/tr>\n<tr>\n<td width=\"146\"><strong><b>Dimensiune:<\/b><\/strong><\/td>\n<td width=\"601\">S \/M \/L \/XL \/2XL<\/td>\n<\/tr>\n<tr>\n<td width=\"146\"><strong><b>OEM\/ODM:<\/b><\/strong><\/td>\n<td width=\"601\">Acceptabil<\/td>\n<\/tr>\n<tr>\n<td width=\"146\"><strong><b>Calitate:<\/b><\/strong><\/td>\n<td width=\"601\">100% De \u00eenalt\u0103 calitate<\/td>\n<\/tr>\n<tr>\n<td width=\"146\"><strong><b>M<\/b><\/strong><strong><b>OQ:<\/b><\/strong><\/td>\n<td width=\"601\">200 buc<\/td>\n<\/tr>\n<\/tbody>\n<\/table>","protected":false},"featured_media":2040,"template":"","meta":[],"product_brand":[],"product_cat":[39],"product_tag":[],"class_list":{"0":"post-2037","1":"product","2":"type-product","3":"status-publish","4":"has-post-thumbnail","6":"product_cat-womens-clothing","8":"first","9":"instock","10":"shipping-taxable","11":"product-type-simple"},"_links":{"self":[{"href":"https:\/\/mj-clothing.com\/ro\/wp-json\/wp\/v2\/product\/2037","targetHints":{"allow":["GET"]}}],"collection":[{"href":"https:\/\/mj-clothing.com\/ro\/wp-json\/wp\/v2\/product"}],"about":[{"href":"https:\/\/mj-clothing.com\/ro\/wp-json\/wp\/v2\/types\/product"}],"wp:featuredmedia":[{"embeddable":true,"href":"https:\/\/mj-clothing.com\/ro\/wp-json\/wp\/v2\/media\/2040"}],"wp:attachment":[{"href":"https:\/\/mj-clothing.com\/ro\/wp-json\/wp\/v2\/media?parent=2037"}],"wp:term":[{"taxonomy":"product_brand","embeddable":true,"href":"https:\/\/mj-clothing.com\/ro\/wp-json\/wp\/v2\/product_brand?post=2037"},{"taxonomy":"product_cat","embeddable":true,"href":"https:\/\/mj-clothing.com\/ro\/wp-json\/wp\/v2\/product_cat?post=2037"},{"taxonomy":"product_tag","embeddable":true,"href":"https:\/\/mj-clothing.com\/ro\/wp-json\/wp\/v2\/product_tag?post=2037"}],"curies":[{"name":"wp","href":"https:\/\/api.w.org\/{rel}","templated":true}]}}