{"id":2041,"date":"2024-12-18T03:08:39","date_gmt":"2024-12-18T03:08:39","guid":{"rendered":"https:\/\/mj-clothing.com\/?post_type=product&#038;p=2041"},"modified":"2024-12-18T03:23:38","modified_gmt":"2024-12-18T03:23:38","slug":"womens-long-wrap-coat","status":"publish","type":"product","link":"https:\/\/mj-clothing.com\/ro\/manufacturer\/womens-long-wrap-coat\/","title":{"rendered":"Palton lung \u00eenvelit pentru femei"},"content":{"rendered":"<p data-sourcepos=\"1:1-1:121\">Un palton lung pentru femei este o op\u021biune de \u00eembr\u0103c\u0103minte exterioar\u0103 elegant\u0103 \u0219i versatil\u0103, care ofer\u0103 o not\u0103 de elegan\u021b\u0103 \u0219i sofisticare.<\/p>\n<h3 data-sourcepos=\"3:1-3:17\"><strong>Palton lung pentru femei Caracteristici principale:<\/strong><\/h3>\n<ul data-sourcepos=\"5:1-9:0\">\n<li data-sourcepos=\"5:1-5:132\"><strong>Design de \u00eenf\u0103\u0219urare:<\/strong> Caracteristica definitorie este stilul \u00eenf\u0103\u0219urat, \u00een care haina se suprapune \u0219i, de obicei, se leag\u0103 sau se \u00eencheie la talie.<\/li>\n<li data-sourcepos=\"6:1-6:83\"><strong>Lungime:<\/strong> Se extinde sub \u0219olduri, ajung\u00e2nd adesea la genunchi sau chiar la jum\u0103tatea gambei.<\/li>\n<li data-sourcepos=\"7:1-7:126\"><strong>Varietate de materiale:<\/strong> Acestea pot fi confec\u021bionate din diverse materiale, inclusiv l\u00e2n\u0103, ca\u0219mir, amestecuri de bumbac \u0219i chiar blan\u0103 fals\u0103.<\/li>\n<li data-sourcepos=\"8:1-9:0\"><strong><span class=\"citation-0 interactive-span-selected-v2\">Versatilitate:<\/span><\/strong><span class=\"citation-0 citation-end-0 interactive-span-selected-v2\"> Ele pot fi \u00eembr\u0103cate cu haine elegante sau elegante, ceea ce le face potrivite pentru o gam\u0103 larg\u0103 de ocazii, de la ie\u0219iri casual la evenimente formale. <\/span>\n<div class=\"container ng-tns-c3353360079-34\">\n<div class=\"carousel-container ng-tns-c3353360079-34\">\n<div class=\"carousel-content ng-tns-c3353360079-34\">\n<div class=\"sources-carousel-source ng-tns-c3353360079-34 ng-star-inserted\" data-test-id=\"sources-carousel-source\">\n<div class=\"source-card-container\">\n<div class=\"source-card-content\">\n<div class=\"source-card-body\">\n<div class=\"source-card-header\"><\/div>\n<\/div>\n<div class=\"source-card-footer\">\n<div class=\"source-card-attribution\"><\/div>\n<\/div>\n<\/div>\n<\/div>\n<\/div>\n<\/div>\n<\/div>\n<\/div>\n<\/li>\n<\/ul>\n<h3 data-sourcepos=\"10:1-10:24\"><strong>De ce le iubesc femeile:<\/strong><\/h3>\n<ul data-sourcepos=\"12:1-15:0\">\n<li data-sourcepos=\"12:1-12:108\"><strong>Siluet\u0103 m\u0103gulitoare:<\/strong> Modelul \u00eenf\u0103\u0219urat accentueaz\u0103 talia \u0219i creeaz\u0103 o form\u0103 m\u0103gulitoare de clepsidr\u0103.<\/li>\n<li data-sourcepos=\"13:1-13:64\"><strong>Confort:<\/strong> Acestea ofer\u0103 adesea o potrivire confortabil\u0103 \u0219i relaxat\u0103.<\/li>\n<li data-sourcepos=\"14:1-15:0\"><strong>Stil:<\/strong> Ele adaug\u0103 o not\u0103 de feminitate \u0219i elegan\u021b\u0103 oric\u0103rei \u021binute.<\/li>\n<\/ul>\n<h3 data-sourcepos=\"16:1-16:17\"><strong>Sfaturi de styling:<\/strong><\/h3>\n<ul data-sourcepos=\"18:1-20:0\">\n<li data-sourcepos=\"18:1-18:101\"><strong>\u00cemperecheaz\u0103 cu:<\/strong> Blugi \u0219i cizme pentru un look casual, sau o rochie \u0219i tocuri pentru un ansamblu mai elegant.<\/li>\n<li data-sourcepos=\"19:1-20:0\"><strong>Accesoriza\u021bi:<\/strong> Adaug\u0103 o e\u0219arf\u0103, m\u0103nu\u0219i \u0219i o p\u0103l\u0103rie elegant\u0103 pentru a completa look-ul.<\/li>\n<\/ul>\n<p data-sourcepos=\"21:1-21:140\">Dac\u0103 sunte\u021bi \u00een c\u0103utarea unei haine elegante \u0219i versatile pe care s\u0103 o ad\u0103uga\u021bi la garderoba dvs. de iarn\u0103, o hain\u0103 lung\u0103 pentru femei merit\u0103 cu siguran\u021b\u0103 luat\u0103 \u00een considerare.<\/p>","protected":false},"excerpt":{"rendered":"<table style=\"height: 617px;\" width=\"599\">\n<tbody>\n<tr>\n<td width=\"146\"><strong><b>Produs<\/b><\/strong>\u00a0<strong><b>Nume:<\/b><\/strong><\/td>\n<td width=\"601\"><strong>Palton lung \u00eenvelit pentru femei<\/strong><\/td>\n<\/tr>\n<tr>\n<td width=\"146\"><strong><b>Materlal:<\/b><\/strong><\/td>\n<td width=\"601\">Tricotat<\/td>\n<\/tr>\n<tr>\n<td width=\"146\"><strong><b>Tehnic\u0103:<\/b><\/strong><\/td>\n<td width=\"601\">Brodat<\/td>\n<\/tr>\n<tr>\n<td width=\"146\"><strong><b>Stil:<\/b><\/strong><\/td>\n<td width=\"601\">Casual<\/td>\n<\/tr>\n<tr>\n<td width=\"146\"><strong><b>Culoare<\/b><\/strong><strong><b>:<\/b><\/strong><\/td>\n<td width=\"601\">\u00a0Culori personalizate<\/td>\n<\/tr>\n<tr>\n<td width=\"146\"><strong><b>Dimensiune:<\/b><\/strong><\/td>\n<td width=\"601\">S \/M \/L \/XL \/2XL<\/td>\n<\/tr>\n<tr>\n<td width=\"146\"><strong><b>OEM\/ODM:<\/b><\/strong><\/td>\n<td width=\"601\">Acceptabil<\/td>\n<\/tr>\n<tr>\n<td width=\"146\"><strong><b>Calitate:<\/b><\/strong><\/td>\n<td width=\"601\">100% De \u00eenalt\u0103 calitate<\/td>\n<\/tr>\n<tr>\n<td width=\"146\"><strong><b>M<\/b><\/strong><strong><b>OQ:<\/b><\/strong><\/td>\n<td width=\"601\">200 buc<\/td>\n<\/tr>\n<\/tbody>\n<\/table>","protected":false},"featured_media":2042,"template":"","meta":[],"product_brand":[],"product_cat":[39],"product_tag":[],"class_list":{"0":"post-2041","1":"product","2":"type-product","3":"status-publish","4":"has-post-thumbnail","6":"product_cat-womens-clothing","8":"first","9":"instock","10":"shipping-taxable","11":"product-type-simple"},"_links":{"self":[{"href":"https:\/\/mj-clothing.com\/ro\/wp-json\/wp\/v2\/product\/2041","targetHints":{"allow":["GET"]}}],"collection":[{"href":"https:\/\/mj-clothing.com\/ro\/wp-json\/wp\/v2\/product"}],"about":[{"href":"https:\/\/mj-clothing.com\/ro\/wp-json\/wp\/v2\/types\/product"}],"wp:featuredmedia":[{"embeddable":true,"href":"https:\/\/mj-clothing.com\/ro\/wp-json\/wp\/v2\/media\/2042"}],"wp:attachment":[{"href":"https:\/\/mj-clothing.com\/ro\/wp-json\/wp\/v2\/media?parent=2041"}],"wp:term":[{"taxonomy":"product_brand","embeddable":true,"href":"https:\/\/mj-clothing.com\/ro\/wp-json\/wp\/v2\/product_brand?post=2041"},{"taxonomy":"product_cat","embeddable":true,"href":"https:\/\/mj-clothing.com\/ro\/wp-json\/wp\/v2\/product_cat?post=2041"},{"taxonomy":"product_tag","embeddable":true,"href":"https:\/\/mj-clothing.com\/ro\/wp-json\/wp\/v2\/product_tag?post=2041"}],"curies":[{"name":"wp","href":"https:\/\/api.w.org\/{rel}","templated":true}]}}