{"id":2066,"date":"2024-12-19T03:05:05","date_gmt":"2024-12-19T03:05:05","guid":{"rendered":"https:\/\/mj-clothing.com\/?post_type=product&#038;p=2066"},"modified":"2024-12-19T03:05:05","modified_gmt":"2024-12-19T03:05:05","slug":"spring-coats-for-ladies","status":"publish","type":"product","link":"https:\/\/mj-clothing.com\/ro\/manufacturer\/spring-coats-for-ladies\/","title":{"rendered":"Paltoane de prim\u0103var\u0103 pentru doamne"},"content":{"rendered":"<p data-sourcepos=\"1:1-1:154\">Paltoane de prim\u0103var\u0103 pentru doamne este un sezon frumos, \u0219i este momentul perfect pentru a v\u0103 actualiza garderoba cu ni\u0219te paltoane de prim\u0103var\u0103 elegante. Iat\u0103 c\u00e2teva op\u021biuni populare pentru doamne:<\/p>\n<h3 data-sourcepos=\"3:1-3:19\"><strong>1. Paltoane de prim\u0103var\u0103 pentru doamne:<\/strong><\/h3>\n<ul data-sourcepos=\"5:1-8:0\">\n<li style=\"list-style-type: none;\">\n<ul data-sourcepos=\"5:1-8:0\">\n<li data-sourcepos=\"5:1-5:94\"><strong>Clasic \u0219i atemporal:<\/strong> Un trench este o pies\u0103 de baz\u0103 a garderobei, care poate fi \u00eembr\u0103cat\u0103 \u00een sus sau \u00een jos.<\/li>\n<li data-sourcepos=\"6:1-6:60\"><strong>Versatil:<\/strong> Este perfect at\u00e2t pentru zilele ploioase, c\u00e2t \u0219i pentru cele \u00eensorite.<\/li>\n<li data-sourcepos=\"7:1-8:0\"><strong>Elegant:<\/strong> Alege\u021bi dintr-o varietate de culori \u0219i stiluri pentru a v\u0103 potrivi gustului personal.<\/li>\n<\/ul>\n<\/li>\n<\/ul>\n<div class=\"attachment-container search-images\">\n<div class=\"image-container hide-from-message-actions ng-star-inserted\"><strong style=\"color: #555555; font-size: 14.4px;\">2. Jachet\u0103 din denim:<\/strong><\/div>\n<\/div>\n<ul data-sourcepos=\"13:1-16:0\">\n<li style=\"list-style-type: none;\">\n<ul data-sourcepos=\"13:1-16:0\">\n<li data-sourcepos=\"13:1-13:91\"><strong>Casual \u0219i cool:<\/strong> O jachet\u0103 din denim este o modalitate excelent\u0103 de a ad\u0103uga o not\u0103 de elegan\u021b\u0103 \u021binutei tale.<\/li>\n<li data-sourcepos=\"14:1-14:65\"><strong>Versatil:<\/strong> Poate fi asortat\u0103 cu blugi, rochii sau fuste.<\/li>\n<li data-sourcepos=\"15:1-16:0\"><strong>Confortabil:<\/strong> Denimul este o \u021bes\u0103tur\u0103 durabil\u0103 \u0219i confortabil\u0103.<\/li>\n<\/ul>\n<\/li>\n<\/ul>\n<div class=\"attachment-container search-images\">\n<div class=\"image-container hide-from-message-actions ng-star-inserted\">\n<div class=\"caption ellipsis gds-label-m-alt ng-star-inserted\" aria-hidden=\"true\"><strong style=\"color: #555555; font-size: 14.4px;\">3.Spring Coats For Ladies Blazer:<\/strong><\/div>\n<\/div>\n<\/div>\n<ul data-sourcepos=\"21:1-24:0\">\n<li style=\"list-style-type: none;\">\n<ul data-sourcepos=\"21:1-24:0\">\n<li data-sourcepos=\"21:1-21:75\"><strong>\u0218ic \u0219i sofisticat:<\/strong> Un blazer este o modalitate excelent\u0103 de a-\u021bi \u00eembun\u0103t\u0103\u021bi look-ul.<\/li>\n<li data-sourcepos=\"22:1-22:80\"><strong>Versatil:<\/strong> Poate fi purtat\u0103 la serviciu, la cin\u0103 sau \u00eentr-un weekend casual.<\/li>\n<li data-sourcepos=\"23:1-24:0\"><strong>Elegant:<\/strong> Alege\u021bi dintr-o varietate de culori, modele \u0219i stiluri.<\/li>\n<\/ul>\n<\/li>\n<\/ul>\n<div class=\"attachment-container search-images\">\n<div class=\"image-container hide-from-message-actions ng-star-inserted\">\n<div class=\"caption ellipsis gds-label-m-alt ng-star-inserted\" aria-hidden=\"true\"><strong style=\"color: #555555; font-size: 14.4px;\">4. Paltoane de prim\u0103var\u0103 pentru doamne Jachet\u0103 din piele:<\/strong><\/div>\n<\/div>\n<\/div>\n<ul data-sourcepos=\"29:1-32:0\">\n<li style=\"list-style-type: none;\">\n<ul data-sourcepos=\"29:1-32:0\">\n<li data-sourcepos=\"29:1-29:89\"><strong>Edgy \u0219i cool:<\/strong> O jachet\u0103 de piele este o modalitate excelent\u0103 de a ad\u0103uga atitudine \u021binutei tale.<\/li>\n<li data-sourcepos=\"30:1-30:46\"><strong>Versatil:<\/strong> Acesta poate fi \u00eembr\u0103cat \u00een sus sau \u00een jos.<\/li>\n<li data-sourcepos=\"31:1-32:0\"><strong>Elegant:<\/strong> Alege\u021bi dintr-o varietate de culori \u0219i stiluri.<\/li>\n<\/ul>\n<\/li>\n<\/ul>\n<div class=\"attachment-container search-images\">\n<div class=\"image-container hide-from-message-actions ng-star-inserted\">\n<div class=\"caption ellipsis gds-label-m-alt ng-star-inserted\" aria-hidden=\"true\"><strong style=\"color: #555555; font-size: 14.4px;\">5. Jacheta Puffer:<\/strong><\/div>\n<\/div>\n<\/div>\n<ul data-sourcepos=\"37:1-40:0\">\n<li style=\"list-style-type: none;\">\n<ul data-sourcepos=\"37:1-40:0\">\n<li data-sourcepos=\"37:1-37:87\"><strong>Cald \u0219i confortabil:<\/strong> O jachet\u0103 pufoas\u0103 este o modalitate excelent\u0103 de a v\u0103 \u021bine de cald \u00een zilele r\u0103coroase de prim\u0103var\u0103.<\/li>\n<li data-sourcepos=\"38:1-38:66\"><strong>Versatil:<\/strong> Poate fi asortat\u0103 cu blugi, jambiere sau fuste.<\/li>\n<li data-sourcepos=\"39:1-40:0\"><strong>Elegant:<\/strong> Alege\u021bi dintr-o varietate de culori \u0219i stiluri.<\/li>\n<\/ul>\n<\/li>\n<\/ul>\n<div class=\"attachment-container search-images\"><\/div>\n<p data-sourcepos=\"43:1-43:46\"><strong>Sfaturi pentru alegerea hainei perfecte de prim\u0103var\u0103:<\/strong><\/p>\n<ul data-sourcepos=\"45:1-49:0\">\n<li data-sourcepos=\"45:1-45:184\"><strong>Lua\u021bi \u00een considerare climatul:<\/strong> Dac\u0103 locui\u021bi \u00eentr-un climat cald, este posibil s\u0103 alege\u021bi o hain\u0103 mai u\u0219oar\u0103. Dac\u0103 locui\u021bi \u00eentr-un climat mai rece, poate dori\u021bi s\u0103 alege\u021bi o hain\u0103 mai grea.<\/li>\n<li data-sourcepos=\"46:1-46:188\"><strong>G\u00e2ndi\u021bi-v\u0103 la stilul dumneavoastr\u0103 de via\u021b\u0103:<\/strong> Dac\u0103 sunte\u021bi activ, poate dori\u021bi s\u0103 alege\u021bi o hain\u0103 \u00een care s\u0103 v\u0103 mi\u0219ca\u021bi u\u0219or. Dac\u0103 lucra\u021bi \u00eentr-un cadru profesional, este posibil s\u0103 dori\u021bi s\u0103 alege\u021bi o hain\u0103 mai formal\u0103.<\/li>\n<li data-sourcepos=\"47:1-47:87\"><strong>Alege\u021bi o culoare care v\u0103 place:<\/strong> Va fi mai probabil s\u0103 purta\u021bi o hain\u0103 care v\u0103 place.<\/li>\n<li data-sourcepos=\"48:1-49:0\"><strong>Lua\u021bi \u00een considerare potrivirea:<\/strong> O hain\u0103 bine asortat\u0103 va ar\u0103ta \u0219i se va sim\u021bi minunat.<\/li>\n<\/ul>\n<p data-sourcepos=\"50:1-50:202\">Indiferent de stilul t\u0103u, exist\u0103 o hain\u0103 de prim\u0103var\u0103 perfect\u0103 pentru tine. Cu at\u00e2t de multe op\u021biuni din care pute\u021bi alege, cu siguran\u021b\u0103 ve\u021bi g\u0103si haina perfect\u0103 care s\u0103 v\u0103 \u021bin\u0103 de cald \u0219i s\u0103 v\u0103 dea stil pe tot parcursul sezonului.<\/p>","protected":false},"excerpt":{"rendered":"<table style=\"height: 611px;\" width=\"429\">\n<tbody>\n<tr>\n<td width=\"146\"><strong><b>Produs<\/b><\/strong>\u00a0<strong><b>Nume:<\/b><\/strong><\/td>\n<td width=\"601\"><strong>Paltoane de prim\u0103var\u0103 pentru doamne<\/strong><\/td>\n<\/tr>\n<tr>\n<td width=\"146\"><strong><b>Materlal:<\/b><\/strong><\/td>\n<td width=\"601\">Tricotat<\/td>\n<\/tr>\n<tr>\n<td width=\"146\"><strong><b>Tehnic\u0103:<\/b><\/strong><\/td>\n<td width=\"601\">Brodat<\/td>\n<\/tr>\n<tr>\n<td width=\"146\"><strong><b>Stil:<\/b><\/strong><\/td>\n<td width=\"601\">Casual<\/td>\n<\/tr>\n<tr>\n<td width=\"146\"><strong><b>Culoare<\/b><\/strong><strong><b>:<\/b><\/strong><\/td>\n<td width=\"601\">\u00a0Culori personalizate<\/td>\n<\/tr>\n<tr>\n<td width=\"146\"><strong><b>Dimensiune:<\/b><\/strong><\/td>\n<td width=\"601\">S \/M \/L \/XL \/2XL<\/td>\n<\/tr>\n<tr>\n<td width=\"146\"><strong><b>OEM\/ODM:<\/b><\/strong><\/td>\n<td width=\"601\">Acceptabil<\/td>\n<\/tr>\n<tr>\n<td width=\"146\"><strong><b>Calitate:<\/b><\/strong><\/td>\n<td width=\"601\">100% De \u00eenalt\u0103 calitate<\/td>\n<\/tr>\n<tr>\n<td width=\"146\"><strong><b>M<\/b><\/strong><strong><b>OQ:<\/b><\/strong><\/td>\n<td width=\"601\">200 buc<\/td>\n<\/tr>\n<\/tbody>\n<\/table>","protected":false},"featured_media":2075,"template":"","meta":[],"product_brand":[],"product_cat":[39],"product_tag":[],"class_list":{"0":"post-2066","1":"product","2":"type-product","3":"status-publish","4":"has-post-thumbnail","6":"product_cat-womens-clothing","8":"first","9":"instock","10":"shipping-taxable","11":"product-type-simple"},"_links":{"self":[{"href":"https:\/\/mj-clothing.com\/ro\/wp-json\/wp\/v2\/product\/2066","targetHints":{"allow":["GET"]}}],"collection":[{"href":"https:\/\/mj-clothing.com\/ro\/wp-json\/wp\/v2\/product"}],"about":[{"href":"https:\/\/mj-clothing.com\/ro\/wp-json\/wp\/v2\/types\/product"}],"wp:featuredmedia":[{"embeddable":true,"href":"https:\/\/mj-clothing.com\/ro\/wp-json\/wp\/v2\/media\/2075"}],"wp:attachment":[{"href":"https:\/\/mj-clothing.com\/ro\/wp-json\/wp\/v2\/media?parent=2066"}],"wp:term":[{"taxonomy":"product_brand","embeddable":true,"href":"https:\/\/mj-clothing.com\/ro\/wp-json\/wp\/v2\/product_brand?post=2066"},{"taxonomy":"product_cat","embeddable":true,"href":"https:\/\/mj-clothing.com\/ro\/wp-json\/wp\/v2\/product_cat?post=2066"},{"taxonomy":"product_tag","embeddable":true,"href":"https:\/\/mj-clothing.com\/ro\/wp-json\/wp\/v2\/product_tag?post=2066"}],"curies":[{"name":"wp","href":"https:\/\/api.w.org\/{rel}","templated":true}]}}