{"id":1630,"date":"2024-12-12T01:46:18","date_gmt":"2024-12-12T01:46:18","guid":{"rendered":"https:\/\/mj-clothing.com\/?post_type=product&#038;p=1630"},"modified":"2024-12-17T07:22:20","modified_gmt":"2024-12-17T07:22:20","slug":"mens-long-sleeve-shirt","status":"publish","type":"product","link":"https:\/\/mj-clothing.com\/sk\/manufacturer\/mens-long-sleeve-shirt\/","title":{"rendered":"P\u00e1nske tri\u010dko s dlh\u00fdm ruk\u00e1vom"},"content":{"rendered":"<p><span class=\"citation-0 recitation citation-end-0\">P\u00e1nska ko\u0161e\u013ea s dlh\u00fdm ruk\u00e1vom je v\u0161estrann\u00fd kus oble\u010denia, ktor\u00fd sa d\u00e1 obliec\u0165 hore alebo dole, v z\u00e1vislosti od pr\u00edle\u017eitosti a l\u00e1tky.<\/span> Je to z\u00e1klad \u0161atn\u00edka, ktor\u00fd by mal ma\u0165 ka\u017ed\u00fd mu\u017e.<\/p>\n<h3 data-sourcepos=\"5:1-5:38\"><strong>Typy p\u00e1nskych ko\u0161ie\u013e s dlh\u00fdm ruk\u00e1vom:<\/strong><\/h3>\n<ul data-sourcepos=\"7:1-15:0\">\n<li data-sourcepos=\"7:1-8:30\"><strong><span class=\"citation-1 recitation\">Flanel:<\/span><\/strong><span class=\"citation-1 recitation citation-end-1\"> Flanelov\u00e9 ko\u0161ele s\u00fa klasickou vo\u013ebou na jese\u0148 a zimu a s\u00fa vyroben\u00e9 z m\u00e4kkej a hrejivej tkaniny, ktor\u00e1 je ide\u00e1lna na vrstvenie.<\/span>\n<div class=\"container\"><\/div>\n<p><span class=\"citation-2 recitation citation-end-2\">S\u00fa dostupn\u00e9 v r\u00f4znych vzoroch, od k\u00e1rovan\u00fdch a\u017e po jednofarebn\u00e9.<\/span><\/li>\n<li data-sourcepos=\"7:1-8:30\"><strong>Oxford:<\/strong> \u0160atov\u00e1 ko\u0161e\u013ea vyroben\u00e1 z husto tkanej bavlnenej l\u00e1tky. <span class=\"citation-3 recitation citation-end-3\">Ko\u0161ele Oxford sa \u010dasto nosia v obchodnom prostred\u00ed, ale daj\u00fa sa obliec\u0165 aj na be\u017en\u00e9 nosenie.<\/span>\n<div class=\"container\"><\/div>\n<\/li>\n<li data-sourcepos=\"7:1-8:30\"><strong>\u0160ambr\u00e1na:<\/strong> <span class=\"citation-4 recitation citation-end-4\">\u013dahk\u00e1, le\u017e\u00e9rna ko\u0161e\u013ea z bavlnenej tkaniny, ktor\u00e1 je podobn\u00e1 d\u017e\u00ednsovine.<\/span> \u0160ambray ko\u0161ele s\u00fa ide\u00e1lne na jar a leto.<\/li>\n<li data-sourcepos=\"7:1-8:30\"><strong><span class=\"citation-5 recitation\">Tri\u010dko:<\/span><\/strong><span class=\"citation-5 recitation citation-end-5\"> Z\u00e1kladn\u00e1, univerz\u00e1lna ko\u0161e\u013ea, ktor\u00fa m\u00f4\u017eete nosi\u0165 samostatne alebo ju vrstvi\u0165 pod in\u00e9 oble\u010denie.<\/span>\n<div class=\"container\"><span style=\"font-size: 14.4px;\">Tri\u010dk\u00e1 s dlh\u00fdm ruk\u00e1vom s\u00fa skvel\u00e9 do chladnej\u0161ieho po\u010dasia.<\/span><\/div>\n<\/li>\n<li data-sourcepos=\"7:1-8:30\">\n<p data-sourcepos=\"16:1-16:43\"><strong>Ako si obliec\u0165 p\u00e1nsku ko\u0161e\u013eu s dlh\u00fdm ruk\u00e1vom:<\/strong><\/p>\n<ul data-sourcepos=\"18:1-21:0\">\n<li data-sourcepos=\"18:1-18:110\"><strong><span class=\"citation-6 recitation\">Oble\u010dte si ho:<\/span><\/strong><span class=\"citation-6 recitation citation-end-6\"> Ko\u0161e\u013eu oxford s dlh\u00fdm ruk\u00e1vom skombinujte s kravatou a spolo\u010densk\u00fdmi nohavicami, aby ste dosiahli form\u00e1lny vzh\u013ead.<\/span><\/li>\n<li data-sourcepos=\"18:1-18:110\"><strong style=\"font-size: 14.4px;\"><span class=\"citation-7 recitation\">Oble\u010dte si ho:<\/span><\/strong><span class=\"citation-7 recitation citation-end-7\" style=\"font-size: 14.4px;\"> Flanelov\u00fa ko\u0161e\u013eu si oble\u010dte k d\u017e\u00ednsom a top\u00e1nkam, aby ste p\u00f4sobili le\u017e\u00e9rne a drsne.<\/span><\/li>\n<li data-sourcepos=\"18:1-18:110\"><strong>Navrstvite ho:<\/strong> Pod flanelov\u00fa ko\u0161e\u013eu alebo sveter navrstvite tri\u010dko s dlh\u00fdm ruk\u00e1vom, aby ste sa zahriali.<\/li>\n<li data-sourcepos=\"18:1-18:110\">\n<p data-sourcepos=\"22:1-22:46\"><strong>Tipy na n\u00e1kup p\u00e1nskej ko\u0161ele s dlh\u00fdm ruk\u00e1vom:<\/strong><\/p>\n<ul data-sourcepos=\"24:1-27:0\">\n<li data-sourcepos=\"24:1-24:95\"><strong>Zv\u00e1\u017ete tkaninu:<\/strong> Vyberte si l\u00e1tku vhodn\u00fa pre dan\u00e9 ro\u010dn\u00e9 obdobie a pr\u00edle\u017eitos\u0165.<\/li>\n<li data-sourcepos=\"25:1-25:126\"><strong>Venujte pozornos\u0165 prisp\u00f4sobeniu:<\/strong> Ko\u0161e\u013ea by mala dobre sedie\u0165 na ramen\u00e1ch a na hrudi a mala by by\u0165 dostato\u010dne dlh\u00e1, aby sa dala zastr\u010di\u0165.<\/li>\n<li data-sourcepos=\"26:1-27:0\"><strong>Skontrolujte golier:<\/strong> Obojok by mal le\u017ea\u0165 rovno na krku a nemal by by\u0165 pr\u00edli\u0161 tesn\u00fd ani pr\u00edli\u0161 vo\u013en\u00fd.<\/li>\n<\/ul>\n<\/li>\n<\/ul>\n<\/li>\n<\/ul>","protected":false},"excerpt":{"rendered":"<table style=\"height: 593px;\" width=\"513\">\n<tbody>\n<tr>\n<td width=\"146\"><strong><b>Produkt<\/b><\/strong>\u00a0<strong><b>N\u00e1zov:<\/b><\/strong><\/td>\n<td width=\"601\"><strong>P\u00e1nske tri\u010dko s dlh\u00fdm ruk\u00e1vom<\/strong><\/td>\n<\/tr>\n<tr>\n<td width=\"146\"><strong><b>Materstvo:<\/b><\/strong><\/td>\n<td width=\"601\">Polyester\/bavlna<\/td>\n<\/tr>\n<tr>\n<td width=\"146\"><strong><b>Technika:<\/b><\/strong><\/td>\n<td width=\"601\">Tla\u010d a farbenie<\/td>\n<\/tr>\n<tr>\n<td width=\"146\"><strong><b>\u0160t\u00fdl:<\/b><\/strong><\/td>\n<td width=\"601\">Pr\u00edle\u017eitostn\u00e9<\/td>\n<\/tr>\n<tr>\n<td width=\"146\"><strong><b>Farba<\/b><\/strong><strong><b>:<\/b><\/strong><\/td>\n<td width=\"601\">\u00a0Vlastn\u00e9 farby<\/td>\n<\/tr>\n<tr>\n<td width=\"146\"><strong><b>Ve\u013ekos\u0165:<\/b><\/strong><\/td>\n<td width=\"601\">S \/M \/L \/XL \/2XL<\/td>\n<\/tr>\n<tr>\n<td width=\"146\"><strong><b>OEM\/ODM:<\/b><\/strong><\/td>\n<td width=\"601\">Prijate\u013en\u00e9<\/td>\n<\/tr>\n<tr>\n<td width=\"146\"><strong><b>Kvalita:<\/b><\/strong><\/td>\n<td width=\"601\">100% Vysok\u00e1 kvalita<\/td>\n<\/tr>\n<tr>\n<td width=\"146\"><strong><b>M<\/b><\/strong><strong><b>OQ:<\/b><\/strong><\/td>\n<td width=\"601\">200 ks<\/td>\n<\/tr>\n<\/tbody>\n<\/table>","protected":false},"featured_media":1746,"template":"","meta":[],"product_brand":[],"product_cat":[38],"product_tag":[],"class_list":{"0":"post-1630","1":"product","2":"type-product","3":"status-publish","4":"has-post-thumbnail","6":"product_cat-mens-clothing","8":"first","9":"instock","10":"shipping-taxable","11":"product-type-simple"},"_links":{"self":[{"href":"https:\/\/mj-clothing.com\/sk\/wp-json\/wp\/v2\/product\/1630","targetHints":{"allow":["GET"]}}],"collection":[{"href":"https:\/\/mj-clothing.com\/sk\/wp-json\/wp\/v2\/product"}],"about":[{"href":"https:\/\/mj-clothing.com\/sk\/wp-json\/wp\/v2\/types\/product"}],"wp:featuredmedia":[{"embeddable":true,"href":"https:\/\/mj-clothing.com\/sk\/wp-json\/wp\/v2\/media\/1746"}],"wp:attachment":[{"href":"https:\/\/mj-clothing.com\/sk\/wp-json\/wp\/v2\/media?parent=1630"}],"wp:term":[{"taxonomy":"product_brand","embeddable":true,"href":"https:\/\/mj-clothing.com\/sk\/wp-json\/wp\/v2\/product_brand?post=1630"},{"taxonomy":"product_cat","embeddable":true,"href":"https:\/\/mj-clothing.com\/sk\/wp-json\/wp\/v2\/product_cat?post=1630"},{"taxonomy":"product_tag","embeddable":true,"href":"https:\/\/mj-clothing.com\/sk\/wp-json\/wp\/v2\/product_tag?post=1630"}],"curies":[{"name":"wp","href":"https:\/\/api.w.org\/{rel}","templated":true}]}}