{"id":1639,"date":"2024-12-12T03:09:51","date_gmt":"2024-12-12T03:09:51","guid":{"rendered":"https:\/\/mj-clothing.com\/?post_type=product&#038;p=1639"},"modified":"2024-12-17T07:21:12","modified_gmt":"2024-12-17T07:21:12","slug":"luxury-mens-white-shirt","status":"publish","type":"product","link":"https:\/\/mj-clothing.com\/sk\/manufacturer\/luxury-mens-white-shirt\/","title":{"rendered":"Luxusn\u00e9 p\u00e1nske biele tri\u010dko"},"content":{"rendered":"<h2>Luxusn\u00e9 p\u00e1nske biele tri\u010dko<\/h2>\n<p><span class=\"citation-0 recitation citation-end-0\">Luxusn\u00e1 p\u00e1nska biela ko\u0161e\u013ea je nad\u010dasov\u00e1 klasika, ktor\u00e1 dok\u00e1\u017ee pozdvihn\u00fa\u0165 ka\u017ed\u00fd \u0161atn\u00edk.<\/span>Tu je nieko\u013eko k\u013e\u00fa\u010dov\u00fdch faktorov, ktor\u00e9 treba zv\u00e1\u017ei\u0165 pri v\u00fdbere luxusnej bielej ko\u0161ele:<\/p>\n<div id=\"model-response-message-contentr_5dd7d1f0a90fdd28\" class=\"markdown markdown-main-panel response-optimization\" dir=\"ltr\">\n<p data-sourcepos=\"3:1-3:11\"><strong>Tkanina:<\/strong><\/p>\n<ul data-sourcepos=\"5:1-12:0\">\n<li data-sourcepos=\"5:1-7:29\"><strong><span class=\"citation-1 recitation\">Jemn\u00e1 bavlna:<\/span><\/strong><span class=\"citation-1 recitation citation-end-1\"> Vysokokvalitn\u00e1 bavlna, napr\u00edklad egyptsk\u00e1 alebo pima bavlna, pon\u00faka v\u00fdnimo\u010dn\u00fa m\u00e4kkos\u0165, priedu\u0161nos\u0165 a odolnos\u0165.<\/span><\/li>\n<li data-sourcepos=\"5:1-7:29\"><strong><span class=\"citation-2 recitation\">Bavlna z morsk\u00e9ho ostrova:<\/span><\/strong><span class=\"citation-2 recitation citation-end-2\"> Bavlna Sea Island, zn\u00e1ma svojimi mimoriadne dlh\u00fdmi vl\u00e1knami, je jednou z najluxusnej\u0161\u00edch dostupn\u00fdch tkan\u00edn.<\/span> Je neuverite\u013ene jemn\u00e1, hladk\u00e1 a leskl\u00e1.<span class=\"button-container hide-from-message-actions ng-star-inserted\">\u00a0<\/span>\n<div class=\"container ng-tns-c3661983433-95 hide\">\n<div class=\"carousel-container ng-tns-c3661983433-95\"><\/div>\n<\/div>\n<div class=\"attachment-container search-images\"><\/div>\n<\/li>\n<li data-sourcepos=\"5:1-7:29\"><strong><span class=\"citation-3 recitation\">Poste\u013en\u00e1 bielize\u0148:<\/span><\/strong><span class=\"citation-3 recitation citation-end-3\"> Pr\u00edrodn\u00e1, priedu\u0161n\u00e1 tkanina, ktor\u00e1 je ide\u00e1lna do teplej\u0161ieho po\u010dasia.<\/span>\u010casto m\u00e1 mierne \u0161trukt\u00farovan\u00fd vzh\u013ead a p\u00f4sob\u00ed uvo\u013enene a elegantne.<span class=\"button-container hide-from-message-actions ng-star-inserted\" style=\"font-size: 14.4px;\">\u00a0\u00a0<\/span>\n<div class=\"container ng-tns-c3661983433-95 hide\">\n<div class=\"carousel-container ng-tns-c3661983433-95\"><\/div>\n<\/div>\n<div class=\"attachment-container search-images\"><\/div>\n<\/li>\n<\/ul>\n<p data-sourcepos=\"13:1-13:17\"><strong>Kon\u0161trukcia:<\/strong><\/p>\n<ul data-sourcepos=\"15:1-18:0\">\n<li data-sourcepos=\"15:1-15:160\"><strong>\u0160itie na mieru:<\/strong> Ko\u0161e\u013ea by mala by\u0165 dobre u\u0161it\u00e1, s prec\u00edznym \u0161it\u00edm a \u010dist\u00fdm zakon\u010den\u00edm. Venujte pozornos\u0165 detailom, ako s\u00fa golier, man\u017eety a gomb\u00edkov\u00e9 dierky.<\/li>\n<li data-sourcepos=\"16:1-16:110\"><strong>Vhodn\u00e1:<\/strong> Pre luxusn\u00fd vzh\u013ead je rozhoduj\u00faci strih. Dobre padn\u00faca ko\u0161e\u013ea by sa mala hladko a pohodlne oblieka\u0165.<\/li>\n<li data-sourcepos=\"17:1-18:0\"><strong>\u0160t\u00fdl goliera:<\/strong> Vyberte si \u0161t\u00fdl goliera, ktor\u00fd vyhovuje v\u00e1\u0161mu tvaru tv\u00e1re a osobn\u00fdm preferenci\u00e1m. <span class=\"citation-4 recitation citation-end-4\">Medzi ob\u013e\u00faben\u00e9 mo\u017enosti patr\u00ed klasick\u00fd bodov\u00fd golier, golier so zap\u00ednan\u00edm na gomb\u00edky a golier s v\u00fdrezom.<\/span><span class=\"button-container hide-from-message-actions ng-star-inserted\"> \u00a0<\/span>\n<div class=\"container ng-tns-c3661983433-96 hide\">\n<div class=\"carousel-container ng-tns-c3661983433-96\">\n<div class=\"carousel-content ng-tns-c3661983433-96\">\n<div class=\"sources-carousel-source ng-tns-c3661983433-96 hide ng-star-inserted\" data-test-id=\"sources-carousel-source\"><\/div>\n<\/div>\n<\/div>\n<\/div>\n<\/li>\n<\/ul>\n<p data-sourcepos=\"19:1-19:11\"><strong>Dizajn:<\/strong><\/p>\n<ul data-sourcepos=\"21:1-23:0\">\n<li data-sourcepos=\"21:1-21:168\"><strong>Minimalistick\u00e1 elegancia:<\/strong> Jednoduch\u00fd a \u010dist\u00fd dizajn \u010dasto vy\u017earuje najv\u00e4\u010d\u0161\u00ed luxus. Vyberte si ko\u0161e\u013eu s jemn\u00fdmi detailmi, ako s\u00fa perle\u0165ov\u00e9 gomb\u00edky alebo jemn\u00fd monogram.<\/li>\n<li data-sourcepos=\"22:1-23:0\"><strong>Jemn\u00e9 vzory:<\/strong> Ak d\u00e1vate prednos\u0165 vzoru, zv\u00e1\u017ete jemn\u00fd pr\u00fa\u017eok alebo mal\u00fa kockovan\u00fa \u0161kvrnu.<\/li>\n<\/ul>\n<p data-sourcepos=\"24:1-24:11\"><strong>Zna\u010dky:<\/strong><\/p>\n<\/div>\n<div class=\"skeleton-loader-container\">\n<p data-sourcepos=\"26:1-26:70\">Viacer\u00e9 luxusn\u00e9 zna\u010dky s\u00fa zn\u00e1me svojimi luxusn\u00fdmi p\u00e1nskymi bielymi ko\u0161e\u013eami:<\/p>\n<ul data-sourcepos=\"28:1-36:0\">\n<li data-sourcepos=\"28:1-29:43\"><strong>Turnbull &amp; Asser:<\/strong> <span class=\"citation-5 recitation citation-end-5\">Zn\u00e1me svoj\u00edm \u0161it\u00edm na mieru a luxusn\u00fdmi l\u00e1tkami.<\/span><\/li>\n<li data-sourcepos=\"28:1-29:43\"><strong><span class=\"citation-6 recitation\">Charvet:<\/span><\/strong><span class=\"citation-6 recitation citation-end-6\"> Historick\u00fd franc\u00fazsky v\u00fdrobca ko\u0161ie\u013e, ktor\u00fd pon\u00faka vynikaj\u00face remeseln\u00e9 spracovanie a elegantn\u00e9 vzory.<\/span><\/li>\n<li data-sourcepos=\"28:1-29:43\"><strong><span class=\"citation-7 recitation\">Brioni:<\/span><\/strong><span class=\"citation-7 recitation citation-end-7\"> Talianska luxusn\u00e1 zna\u010dka so zameran\u00edm na jemn\u00e9 \u0161itie a dokonal\u00fa kvalitu.<\/span><\/li>\n<li data-sourcepos=\"28:1-29:43\">\n<div class=\"container\"><strong><span class=\"citation-8 recitation\">Kiton:<\/span><\/strong><span class=\"citation-8 recitation citation-end-8\"> \u010eal\u0161ia talianska luxusn\u00e1 zna\u010dka, ktor\u00e1 vyr\u00e1ba jedny z najlep\u0161\u00edch ko\u0161ie\u013e na svete.<\/span><\/div>\n<p><span class=\"button-container hide-from-message-actions ng-star-inserted\"> \u00a0 <\/span><\/li>\n<\/ul>\n<\/div>\n<div class=\"response-footer gap complete\">\n<div class=\"container ng-tns-c3661983433-86\">\n<div class=\"carousel-container ng-tns-c3661983433-86\">\n<div class=\"carousel-content ng-tns-c3661983433-86\">\n<div class=\"sources-carousel-source ng-tns-c3661983433-86 ng-star-inserted\" data-test-id=\"sources-carousel-source\">\n<div class=\"source-card-container\">\n<div class=\"source-card-content\">\n<div class=\"source-card-body\">\n<div class=\"source-card-header\">\n<div class=\"source-card-title\"><\/div>\n<\/div>\n<\/div>\n<\/div>\n<\/div>\n<\/div>\n<\/div>\n<\/div>\n<\/div>\n<\/div>","protected":false},"excerpt":{"rendered":"<table style=\"height: 485px;\" width=\"491\">\n<tbody>\n<tr>\n<td width=\"146\"><strong><b>Produkt<\/b><\/strong>\u00a0<strong><b>N\u00e1zov:<\/b><\/strong><\/td>\n<td width=\"601\"><strong>Luxusn\u00e9 p\u00e1nske biele tri\u010dko<\/strong><\/td>\n<\/tr>\n<tr>\n<td width=\"146\"><strong><b>Materstvo:<\/b><\/strong><\/td>\n<td width=\"601\">Polyester\/bavlna<\/td>\n<\/tr>\n<tr>\n<td width=\"146\"><strong><b>Technika:<\/b><\/strong><\/td>\n<td width=\"601\">Tla\u010d a farbenie<\/td>\n<\/tr>\n<tr>\n<td width=\"146\"><strong><b>\u0160t\u00fdl:<\/b><\/strong><\/td>\n<td width=\"601\">Pr\u00edle\u017eitostn\u00e9<\/td>\n<\/tr>\n<tr>\n<td width=\"146\"><strong><b>Farba<\/b><\/strong><strong><b>:<\/b><\/strong><\/td>\n<td width=\"601\">\u00a0Vlastn\u00e9 farby<\/td>\n<\/tr>\n<tr>\n<td width=\"146\"><strong><b>Ve\u013ekos\u0165:<\/b><\/strong><\/td>\n<td width=\"601\">S \/M \/L \/XL \/2XL<\/td>\n<\/tr>\n<tr>\n<td width=\"146\"><strong><b>OEM\/ODM:<\/b><\/strong><\/td>\n<td width=\"601\">Prijate\u013en\u00e9<\/td>\n<\/tr>\n<tr>\n<td width=\"146\"><strong><b>Kvalita:<\/b><\/strong><\/td>\n<td width=\"601\">100% Vysok\u00e1 kvalita<\/td>\n<\/tr>\n<tr>\n<td width=\"146\"><strong><b>M<\/b><\/strong><strong><b>OQ:<\/b><\/strong><\/td>\n<td width=\"601\">200 ks<\/td>\n<\/tr>\n<\/tbody>\n<\/table>","protected":false},"featured_media":1748,"template":"","meta":[],"product_brand":[],"product_cat":[38],"product_tag":[],"class_list":{"0":"post-1639","1":"product","2":"type-product","3":"status-publish","4":"has-post-thumbnail","6":"product_cat-mens-clothing","8":"first","9":"instock","10":"shipping-taxable","11":"product-type-simple"},"_links":{"self":[{"href":"https:\/\/mj-clothing.com\/sk\/wp-json\/wp\/v2\/product\/1639","targetHints":{"allow":["GET"]}}],"collection":[{"href":"https:\/\/mj-clothing.com\/sk\/wp-json\/wp\/v2\/product"}],"about":[{"href":"https:\/\/mj-clothing.com\/sk\/wp-json\/wp\/v2\/types\/product"}],"wp:featuredmedia":[{"embeddable":true,"href":"https:\/\/mj-clothing.com\/sk\/wp-json\/wp\/v2\/media\/1748"}],"wp:attachment":[{"href":"https:\/\/mj-clothing.com\/sk\/wp-json\/wp\/v2\/media?parent=1639"}],"wp:term":[{"taxonomy":"product_brand","embeddable":true,"href":"https:\/\/mj-clothing.com\/sk\/wp-json\/wp\/v2\/product_brand?post=1639"},{"taxonomy":"product_cat","embeddable":true,"href":"https:\/\/mj-clothing.com\/sk\/wp-json\/wp\/v2\/product_cat?post=1639"},{"taxonomy":"product_tag","embeddable":true,"href":"https:\/\/mj-clothing.com\/sk\/wp-json\/wp\/v2\/product_tag?post=1639"}],"curies":[{"name":"wp","href":"https:\/\/api.w.org\/{rel}","templated":true}]}}