{"id":1662,"date":"2024-12-12T03:40:11","date_gmt":"2024-12-12T03:40:11","guid":{"rendered":"https:\/\/mj-clothing.com\/?post_type=product&#038;p=1662"},"modified":"2024-12-17T07:20:07","modified_gmt":"2024-12-17T07:20:07","slug":"mens-lounge-shirts","status":"publish","type":"product","link":"https:\/\/mj-clothing.com\/sk\/manufacturer\/mens-lounge-shirts\/","title":{"rendered":"P\u00e1nske ko\u0161ele do sal\u00f3nika"},"content":{"rendered":"<div class=\"user-query-container ng-star-inserted\">\n<div id=\"user-query-content-5\" class=\"query-content\">\n<div class=\"query-text ng-star-inserted\" dir=\"ltr\" role=\"heading\" aria-level=\"2\">\n<h2 class=\"query-text-line ng-star-inserted\">P\u00e1nske ko\u0161ele do sal\u00f3nika<\/h2>\n<\/div>\n<\/div>\n<div class=\"button-gutter\"><span class=\"citation-0 recitation citation-end-0\" style=\"font-size: 14.4px; color: #555555;\">P\u00e1nske ko\u0161ele do ob\u00fdva\u010dky s\u00fa pohodln\u00e9 a \u0161t\u00fdlov\u00e9 oble\u010denie ur\u010den\u00e9 na relax\u00e1ciu a vo\u013en\u00fd \u010das.<\/span><span style=\"font-size: 14.4px; color: #555555;\"> Je ide\u00e1lna na le\u0148o\u0161enie po dome, vybavovanie z\u00e1le\u017eitost\u00ed alebo jednoducho na be\u017en\u00fd de\u0148 vonku.<\/span><\/div>\n<div>\n<p data-sourcepos=\"3:1-3:61\">Tu s\u00fa niektor\u00e9 k\u013e\u00fa\u010dov\u00e9 vlastnosti a \u0161t\u00fdly p\u00e1nskych spolo\u010densk\u00fdch ko\u0161ie\u013e:<\/p>\n<p data-sourcepos=\"5:1-5:17\"><strong>K\u013e\u00fa\u010dov\u00e9 vlastnosti:<\/strong><\/p>\n<ul data-sourcepos=\"7:1-10:0\">\n<li data-sourcepos=\"7:1-7:123\"><strong><span class=\"citation-1 recitation\">Pohodlie:<\/span><\/strong><span class=\"citation-1 recitation citation-end-1\"> Spolo\u010densk\u00e9 ko\u0161ele s\u00fa zvy\u010dajne vyroben\u00e9 z m\u00e4kk\u00fdch, priedu\u0161n\u00fdch tkan\u00edn, ako je bavlna, flanel alebo d\u017eersej.<\/span><\/li>\n<li data-sourcepos=\"7:1-7:123\"><strong>Uvo\u013enen\u00fd strih:<\/strong> \u010casto maj\u00fa uvo\u013enen\u00fd alebo nadmern\u00fd strih pre maxim\u00e1lne pohodlie.<\/li>\n<li data-sourcepos=\"7:1-7:123\"><strong>Le\u017e\u00e9rny \u0161t\u00fdl:<\/strong> Ko\u0161ele do ob\u00fdva\u010dky sa vyr\u00e1baj\u00fa v r\u00f4znych le\u017e\u00e9rnych \u0161t\u00fdloch vr\u00e1tane jednofarebn\u00fdch, pruhovan\u00fdch a vzorovan\u00fdch.\n<p data-sourcepos=\"11:1-11:19\"><strong>Ob\u013e\u00faben\u00e9 \u0161t\u00fdly:<\/strong><\/p>\n<\/li>\n<li data-sourcepos=\"7:1-7:123\">\n<p data-sourcepos=\"11:1-11:19\"><strong style=\"color: #333333; font-size: 14.4px;\">Flanelov\u00e1 ko\u0161e\u013ea:<\/strong><span style=\"color: #333333; font-size: 14.4px;\"> Flanelov\u00e9 ko\u0161ele s\u00fa klasickou vo\u013ebou do chladnej\u0161ieho po\u010dasia a s\u00fa ide\u00e1lne na pr\u00edjemn\u00e9 posedenie na gau\u010di.<\/span><\/p>\n<\/li>\n<li data-sourcepos=\"7:1-7:123\"><strong><span class=\"citation-2 recitation\">Ko\u0161e\u013ea Oxford:<\/span><\/strong><span class=\"citation-2 recitation citation-end-2\"> Ko\u0161ele typu oxford s\u00fa elegantnej\u0161ou vo\u013ebou, mo\u017eno ich obliec\u0165 nahor alebo nadol.<\/span><\/li>\n<li data-sourcepos=\"7:1-7:123\"><strong><span class=\"citation-3 recitation\">Tri\u010dko:<\/span><\/strong><span class=\"citation-3 recitation citation-end-3\"> M\u00e4kk\u00e9 a elastick\u00e9 tri\u010dk\u00e1 z d\u017eerseja s\u00fa ide\u00e1lne na le\u0148o\u0161enie po dome.<sup class=\"superscript visible\" data-turn-source-index=\"4\">\u00a0<\/sup><\/span><\/li>\n<li data-sourcepos=\"7:1-7:123\"><strong><span class=\"citation-4 recitation\">Ko\u0161e\u013ea Henley:<\/span><\/strong><span class=\"citation-4 recitation citation-end-4\"> Le\u017e\u00e9rne a pohodln\u00e9 tri\u010dk\u00e1 Henley s\u00fa ide\u00e1lne na uvo\u013enen\u00fd vzh\u013ead.<\/span>\n<div class=\"container\">\n<p data-sourcepos=\"22:1-22:38\"><strong>Ako \u0161t\u00fdlova\u0165 p\u00e1nske ko\u0161ele do sal\u00f3na:<\/strong><\/p>\n<ul data-sourcepos=\"24:1-27:0\">\n<li data-sourcepos=\"24:1-24:88\"><strong>Pr\u00edle\u017eitostn\u00fd vzh\u013ead:<\/strong> Flanelov\u00fa alebo d\u017eersejov\u00fa ko\u0161e\u013eu skombinujte s d\u017e\u00ednsami alebo tepl\u00e1kmi a teniskami.<\/li>\n<li data-sourcepos=\"25:1-25:85\"><strong>Zv\u00fd\u0161en\u00fd vzh\u013ead:<\/strong> Oble\u010dte si oxfordsk\u00fa ko\u0161e\u013eu s chinos nohavicami alebo spolo\u010densk\u00fdmi nohavicami a mokas\u00ednami.<\/li>\n<li data-sourcepos=\"26:1-27:0\"><strong>Vrstven\u00fd vzh\u013ead:<\/strong> Flanelov\u00fa ko\u0161e\u013eu navrstvite na tri\u010dko, aby ste z\u00edskali pr\u00edjemn\u00fd a \u0161t\u00fdlov\u00fd vzh\u013ead.<\/li>\n<\/ul>\n<\/div>\n<\/li>\n<\/ul>\n<\/div>\n<\/div>","protected":false},"excerpt":{"rendered":"<table style=\"height: 527px;\" width=\"492\">\n<tbody>\n<tr>\n<td width=\"146\"><strong><b>Produkt<\/b><\/strong>\u00a0<strong><b>N\u00e1zov:<\/b><\/strong><\/td>\n<td width=\"601\"><strong>P\u00e1nske ko\u0161ele do sal\u00f3nika<\/strong><\/td>\n<\/tr>\n<tr>\n<td width=\"146\"><strong><b>Materstvo:<\/b><\/strong><\/td>\n<td width=\"601\">Polyester\/bavlna<\/td>\n<\/tr>\n<tr>\n<td width=\"146\"><strong><b>Technika:<\/b><\/strong><\/td>\n<td width=\"601\">Tla\u010d a farbenie<\/td>\n<\/tr>\n<tr>\n<td width=\"146\"><strong><b>\u0160t\u00fdl:<\/b><\/strong><\/td>\n<td width=\"601\">Pr\u00edle\u017eitostn\u00e9<\/td>\n<\/tr>\n<tr>\n<td width=\"146\"><strong><b>Farba<\/b><\/strong><strong><b>:<\/b><\/strong><\/td>\n<td width=\"601\">\u00a0Vlastn\u00e9 farby<\/td>\n<\/tr>\n<tr>\n<td width=\"146\"><strong><b>Ve\u013ekos\u0165:<\/b><\/strong><\/td>\n<td width=\"601\">S \/M \/L \/XL \/2XL<\/td>\n<\/tr>\n<tr>\n<td width=\"146\"><strong><b>OEM\/ODM:<\/b><\/strong><\/td>\n<td width=\"601\">Prijate\u013en\u00e9<\/td>\n<\/tr>\n<tr>\n<td width=\"146\"><strong><b>Kvalita:<\/b><\/strong><\/td>\n<td width=\"601\">100% Vysok\u00e1 kvalita<\/td>\n<\/tr>\n<tr>\n<td width=\"146\"><strong><b>M<\/b><\/strong><strong><b>OQ:<\/b><\/strong><\/td>\n<td width=\"601\">200 ks<\/td>\n<\/tr>\n<\/tbody>\n<\/table>","protected":false},"featured_media":1747,"template":"","meta":[],"product_brand":[],"product_cat":[38],"product_tag":[],"class_list":{"0":"post-1662","1":"product","2":"type-product","3":"status-publish","4":"has-post-thumbnail","6":"product_cat-mens-clothing","8":"first","9":"instock","10":"shipping-taxable","11":"product-type-simple"},"_links":{"self":[{"href":"https:\/\/mj-clothing.com\/sk\/wp-json\/wp\/v2\/product\/1662","targetHints":{"allow":["GET"]}}],"collection":[{"href":"https:\/\/mj-clothing.com\/sk\/wp-json\/wp\/v2\/product"}],"about":[{"href":"https:\/\/mj-clothing.com\/sk\/wp-json\/wp\/v2\/types\/product"}],"wp:featuredmedia":[{"embeddable":true,"href":"https:\/\/mj-clothing.com\/sk\/wp-json\/wp\/v2\/media\/1747"}],"wp:attachment":[{"href":"https:\/\/mj-clothing.com\/sk\/wp-json\/wp\/v2\/media?parent=1662"}],"wp:term":[{"taxonomy":"product_brand","embeddable":true,"href":"https:\/\/mj-clothing.com\/sk\/wp-json\/wp\/v2\/product_brand?post=1662"},{"taxonomy":"product_cat","embeddable":true,"href":"https:\/\/mj-clothing.com\/sk\/wp-json\/wp\/v2\/product_cat?post=1662"},{"taxonomy":"product_tag","embeddable":true,"href":"https:\/\/mj-clothing.com\/sk\/wp-json\/wp\/v2\/product_tag?post=1662"}],"curies":[{"name":"wp","href":"https:\/\/api.w.org\/{rel}","templated":true}]}}