{"id":1759,"date":"2024-12-14T02:59:47","date_gmt":"2024-12-14T02:59:47","guid":{"rendered":"https:\/\/mj-clothing.com\/?post_type=product&#038;p=1759"},"modified":"2024-12-17T07:16:49","modified_gmt":"2024-12-17T07:16:49","slug":"black-denim-jacket","status":"publish","type":"product","link":"https:\/\/mj-clothing.com\/sk\/manufacturer\/black-denim-jacket\/","title":{"rendered":"\u010cierna d\u017e\u00ednsov\u00e1 bunda"},"content":{"rendered":"<h2 data-sourcepos=\"1:1-1:173\">\u010cierna d\u017e\u00ednsov\u00e1 bunda<\/h2>\n<p data-sourcepos=\"1:1-1:173\">\u010cierna d\u017e\u00ednsov\u00e1 bunda je univerz\u00e1lny k\u00fasok, ktor\u00fd dok\u00e1\u017ee pozdvihn\u00fa\u0165 ka\u017ed\u00fd outfit. Je to klasick\u00fd, nad\u010dasov\u00fd k\u00fasok, ktor\u00fd sa d\u00e1 obliec\u0165 hore aj dole, tak\u017ee je nevyhnutnou s\u00fa\u010das\u0165ou ka\u017ed\u00e9ho \u0161atn\u00edka.<\/p>\n<p data-sourcepos=\"3:1-3:54\"><strong>Tu je d\u00f4vod, pre\u010do je \u010dierna d\u017e\u00ednsov\u00e1 bunda skvelou vo\u013ebou:<\/strong><\/p>\n<ul data-sourcepos=\"5:1-9:0\">\n<li data-sourcepos=\"5:1-5:94\"><strong>V\u0161estrannos\u0165:<\/strong> D\u00e1 sa kombinova\u0165 s d\u017e\u00ednsami, chinos nohavicami alebo aj s oblekom pre form\u00e1lnej\u0161\u00ed vzh\u013ead.<\/li>\n<li data-sourcepos=\"6:1-6:70\"><strong>Nad\u010dasov\u00e9:<\/strong> \u010cierny denim je klasika, ktor\u00e1 nikdy nevyjde z m\u00f3dy.<\/li>\n<li data-sourcepos=\"7:1-7:76\"><strong>Odolnos\u0165:<\/strong> D\u017e\u00ednsovina je pevn\u00e1 tkanina, ktor\u00e1 odol\u00e1 opotrebovaniu.<\/li>\n<li data-sourcepos=\"8:1-9:0\"><strong>Edgy:<\/strong> \u010cierna d\u017e\u00ednsovina dod\u00e1 ka\u017ed\u00e9mu outfitu \u0161mrnc.<\/li>\n<\/ul>\n<p data-sourcepos=\"10:1-10:38\"><strong>Ako si obliec\u0165 \u010diernu d\u017e\u00ednsov\u00fa bundu:<\/strong><\/p>\n<ul data-sourcepos=\"12:1-16:0\">\n<li data-sourcepos=\"12:1-12:84\"><strong>Pr\u00edle\u017eitostn\u00fd vzh\u013ead:<\/strong> Kombinujte ju s d\u017e\u00ednsami, tri\u010dkom a teniskami, aby ste vyzerali uvo\u013enene.<\/li>\n<li data-sourcepos=\"13:1-13:99\"><strong>Smart Casual:<\/strong> Oble\u010dte si ho s nohavicami chinos, ko\u0161e\u013eou na gomb\u00edky a mokas\u00ednami pre elegantnej\u0161\u00ed vzh\u013ead.<\/li>\n<li data-sourcepos=\"14:1-14:95\"><strong>Hranat\u00fd vzh\u013ead:<\/strong> Skombinujte ho s ko\u017een\u00fdmi nohavicami, grafick\u00fdm tri\u010dkom a \u010di\u017emami, aby ste dosiahli rock-and-rollov\u00fa atmosf\u00e9ru.<\/li>\n<li data-sourcepos=\"15:1-16:0\"><strong>Form\u00e1lny vzh\u013ead:<\/strong> Navrstvite ho na sako a vytvorte tak jedine\u010dn\u00fa kombin\u00e1ciu form\u00e1lneho oble\u010denia.<\/li>\n<\/ul>\n<p data-sourcepos=\"17:1-17:43\"><strong>Tipy na v\u00fdber \u010diernej d\u017e\u00ednsovej bundy:<\/strong><\/p>\n<ul data-sourcepos=\"19:1-22:0\">\n<li data-sourcepos=\"19:1-19:71\"><strong>Vhodn\u00e1:<\/strong> Vyberte si bundu, ktor\u00e1 v\u00e1m dobre padne a lichot\u00ed va\u0161ej postave.<\/li>\n<li data-sourcepos=\"20:1-20:78\"><strong>Materi\u00e1l:<\/strong> H\u013eadajte vysokokvalitn\u00fa d\u017e\u00ednsovinu, ktor\u00e1 je odoln\u00e1 a pohodln\u00e1.<\/li>\n<li data-sourcepos=\"21:1-22:0\"><strong>\u0160t\u00fdl:<\/strong> Zv\u00e1\u017ete svoj osobn\u00fd \u0161t\u00fdl a vyberte si bundu, ktor\u00e1 odr\u00e1\u017ea v\u00e1\u0161 vkus.<\/li>\n<\/ul>","protected":false},"excerpt":{"rendered":"<table style=\"height: 491px;\" width=\"498\">\n<tbody>\n<tr>\n<td width=\"146\"><strong><b>Produkt<\/b><\/strong>\u00a0<strong><b>N\u00e1zov:<\/b><\/strong><\/td>\n<td width=\"601\"><strong>\u010cierna d\u017e\u00ednsov\u00e1 bunda<\/strong><\/td>\n<\/tr>\n<tr>\n<td width=\"146\"><strong><b>Materstvo:<\/b><\/strong><\/td>\n<td width=\"601\">Polyester\/bavlna<\/td>\n<\/tr>\n<tr>\n<td width=\"146\"><strong><b>Technika:<\/b><\/strong><\/td>\n<td width=\"601\">Tla\u010d a farbenie<\/td>\n<\/tr>\n<tr>\n<td width=\"146\"><strong><b>\u0160t\u00fdl:<\/b><\/strong><\/td>\n<td width=\"601\">Pr\u00edle\u017eitostn\u00e9<\/td>\n<\/tr>\n<tr>\n<td width=\"146\"><strong><b>Farba<\/b><\/strong><strong><b>:<\/b><\/strong><\/td>\n<td width=\"601\">\u00a0Vlastn\u00e9 farby<\/td>\n<\/tr>\n<tr>\n<td width=\"146\"><strong><b>Ve\u013ekos\u0165:<\/b><\/strong><\/td>\n<td width=\"601\">S \/M \/L \/XL \/2XL<\/td>\n<\/tr>\n<tr>\n<td width=\"146\"><strong><b>OEM\/ODM:<\/b><\/strong><\/td>\n<td width=\"601\">Prijate\u013en\u00e9<\/td>\n<\/tr>\n<tr>\n<td width=\"146\"><strong><b>Kvalita:<\/b><\/strong><\/td>\n<td width=\"601\">100% Vysok\u00e1 kvalita<\/td>\n<\/tr>\n<tr>\n<td width=\"146\"><strong><b>M<\/b><\/strong><strong><b>OQ:<\/b><\/strong><\/td>\n<td width=\"601\">200 ks<\/td>\n<\/tr>\n<\/tbody>\n<\/table>","protected":false},"featured_media":1760,"template":"","meta":[],"product_brand":[],"product_cat":[38],"product_tag":[],"class_list":{"0":"post-1759","1":"product","2":"type-product","3":"status-publish","4":"has-post-thumbnail","6":"product_cat-mens-clothing","8":"first","9":"instock","10":"shipping-taxable","11":"product-type-simple"},"_links":{"self":[{"href":"https:\/\/mj-clothing.com\/sk\/wp-json\/wp\/v2\/product\/1759","targetHints":{"allow":["GET"]}}],"collection":[{"href":"https:\/\/mj-clothing.com\/sk\/wp-json\/wp\/v2\/product"}],"about":[{"href":"https:\/\/mj-clothing.com\/sk\/wp-json\/wp\/v2\/types\/product"}],"wp:featuredmedia":[{"embeddable":true,"href":"https:\/\/mj-clothing.com\/sk\/wp-json\/wp\/v2\/media\/1760"}],"wp:attachment":[{"href":"https:\/\/mj-clothing.com\/sk\/wp-json\/wp\/v2\/media?parent=1759"}],"wp:term":[{"taxonomy":"product_brand","embeddable":true,"href":"https:\/\/mj-clothing.com\/sk\/wp-json\/wp\/v2\/product_brand?post=1759"},{"taxonomy":"product_cat","embeddable":true,"href":"https:\/\/mj-clothing.com\/sk\/wp-json\/wp\/v2\/product_cat?post=1759"},{"taxonomy":"product_tag","embeddable":true,"href":"https:\/\/mj-clothing.com\/sk\/wp-json\/wp\/v2\/product_tag?post=1759"}],"curies":[{"name":"wp","href":"https:\/\/api.w.org\/{rel}","templated":true}]}}