{"id":1761,"date":"2024-12-14T03:02:38","date_gmt":"2024-12-14T03:02:38","guid":{"rendered":"https:\/\/mj-clothing.com\/?post_type=product&#038;p=1761"},"modified":"2024-12-17T07:15:13","modified_gmt":"2024-12-17T07:15:13","slug":"floral-quilted-jacket","status":"publish","type":"product","link":"https:\/\/mj-clothing.com\/sk\/manufacturer\/floral-quilted-jacket\/","title":{"rendered":"Kvetinov\u00e1 pre\u0161\u00edvan\u00e1 bunda"},"content":{"rendered":"<h2 data-sourcepos=\"1:1-1:143\">Kvetinov\u00e1 pre\u0161\u00edvan\u00e1 bunda<\/h2>\n<p data-sourcepos=\"1:1-1:143\">Kvetinov\u00e1 pre\u0161\u00edvan\u00e1 bunda je \u0161t\u00fdlov\u00fd a \u00fatuln\u00fd k\u00fasok, ktor\u00fd dod\u00e1 ka\u017ed\u00e9mu oble\u010deniu n\u00e1dych \u017eenskosti a tepla. Tu je d\u00f4vod, pre\u010do by ste si ju mohli zamilova\u0165:<\/p>\n<p data-sourcepos=\"3:1-3:39\"><strong>Pre\u010do si vybra\u0165 kvetinov\u00fa pre\u0161\u00edvan\u00fa bundu?<\/strong><\/p>\n<ul data-sourcepos=\"5:1-9:0\">\n<li data-sourcepos=\"5:1-5:159\"><strong>\u0160t\u00fdlov\u00e9 a v\u0161estrann\u00e9:<\/strong> Je to dokonal\u00e1 kombin\u00e1cia pohodlia a m\u00f3dy. M\u00f4\u017eete si ho obliec\u0165 so suk\u0148ou a \u010di\u017emami alebo ho ponecha\u0165 le\u017e\u00e9rny s d\u017e\u00ednsami a teniskami.<\/li>\n<li data-sourcepos=\"6:1-6:100\"><strong>Tepl\u00e9 a \u00fatuln\u00e9:<\/strong> V\u010faka pre\u0161\u00edvan\u00e9mu dizajnu a \u010dasto zateplenej pod\u0161\u00edvke je ide\u00e1lna do chladnej\u0161ieho po\u010dasia.<\/li>\n<li data-sourcepos=\"7:1-7:86\"><strong>\u017densk\u00fd a romantick\u00fd:<\/strong> Kvetinov\u00fd vzor dod\u00e1va jemnos\u0165 a eleganciu.<\/li>\n<li data-sourcepos=\"8:1-9:0\"><strong>M\u00f3dne:<\/strong> Kvetinov\u00e9 vzory s\u00fa v\u017edy v kurze, najm\u00e4 po\u010das jarn\u00e9ho a jesenn\u00e9ho obdobia.<\/li>\n<\/ul>\n<p data-sourcepos=\"10:1-10:41\"><strong>Ako si obliec\u0165 kvetinov\u00fa pre\u0161\u00edvan\u00fa bundu:<\/strong><\/p>\n<ul data-sourcepos=\"12:1-15:0\">\n<li data-sourcepos=\"12:1-12:82\"><strong>Le\u017e\u00e9rny \u0161ik:<\/strong> Pre uvo\u013enen\u00fd vzh\u013ead ho skombinujte s d\u017e\u00ednsami, tri\u010dkom a teniskami.<\/li>\n<li data-sourcepos=\"13:1-13:85\"><strong>Boho Chic:<\/strong> Navrstvite ho na spl\u00fdvav\u00e9 \u0161aty a pridajte \u010dlenkov\u00e9 top\u00e1nky, aby ste p\u00f4sobili boh\u00e9msky.<\/li>\n<li data-sourcepos=\"14:1-15:0\"><strong>Smart Casual:<\/strong> Oble\u010dte si ho so svetrom, nohavicami a mokas\u00ednami, aby ste dosiahli elegantn\u00fd vzh\u013ead.<\/li>\n<\/ul>\n<p data-sourcepos=\"16:1-16:46\"><strong>Tipy na v\u00fdber kvetinovej pre\u0161\u00edvanej bundy:<\/strong><\/p>\n<ul data-sourcepos=\"18:1-22:0\">\n<li data-sourcepos=\"18:1-18:93\"><strong>Zvo\u013ete si spr\u00e1vnu ve\u013ekos\u0165:<\/strong> Uistite sa, \u017ee v\u00e1m bunda dobre sed\u00ed a nezakr\u00fdva va\u0161u postavu.<\/li>\n<li data-sourcepos=\"19:1-19:80\"><strong>Zv\u00e1\u017ete t\u00fato pr\u00edle\u017eitos\u0165:<\/strong> Vyberte si vzor a farbu, ktor\u00e9 sa hodia na dan\u00fa pr\u00edle\u017eitos\u0165.<\/li>\n<li data-sourcepos=\"20:1-20:105\"><strong>Venujte pozornos\u0165 tkanine:<\/strong> Vyberte si odoln\u00fa a pohodln\u00fa tkaninu, napr\u00edklad bavlnu alebo polyester.<\/li>\n<li data-sourcepos=\"21:1-22:0\"><strong>Doplnky:<\/strong> Dopl\u0148te svoj vzh\u013ead \u0161atkou, klob\u00fakom alebo ta\u0161kou.<\/li>\n<\/ul>","protected":false},"excerpt":{"rendered":"<table style=\"height: 542px;\" width=\"483\">\n<tbody>\n<tr>\n<td width=\"146\"><strong><b>Produkt<\/b><\/strong>\u00a0<strong><b>N\u00e1zov:<\/b><\/strong><\/td>\n<td width=\"601\"><strong>Kvetinov\u00e1 pre\u0161\u00edvan\u00e1 bunda<\/strong><\/td>\n<\/tr>\n<tr>\n<td width=\"146\"><strong><b>Materstvo:<\/b><\/strong><\/td>\n<td width=\"601\">Polyester\/bavlna<\/td>\n<\/tr>\n<tr>\n<td width=\"146\"><strong><b>Technika:<\/b><\/strong><\/td>\n<td width=\"601\">Tla\u010d a farbenie<\/td>\n<\/tr>\n<tr>\n<td width=\"146\"><strong><b>\u0160t\u00fdl:<\/b><\/strong><\/td>\n<td width=\"601\">Pr\u00edle\u017eitostn\u00e9<\/td>\n<\/tr>\n<tr>\n<td width=\"146\"><strong><b>Farba<\/b><\/strong><strong><b>:<\/b><\/strong><\/td>\n<td width=\"601\">\u00a0Vlastn\u00e9 farby<\/td>\n<\/tr>\n<tr>\n<td width=\"146\"><strong><b>Ve\u013ekos\u0165:<\/b><\/strong><\/td>\n<td width=\"601\">S \/M \/L \/XL \/2XL<\/td>\n<\/tr>\n<tr>\n<td width=\"146\"><strong><b>OEM\/ODM:<\/b><\/strong><\/td>\n<td width=\"601\">Prijate\u013en\u00e9<\/td>\n<\/tr>\n<tr>\n<td width=\"146\"><strong><b>Kvalita:<\/b><\/strong><\/td>\n<td width=\"601\">100% Vysok\u00e1 kvalita<\/td>\n<\/tr>\n<tr>\n<td width=\"146\"><strong><b>M<\/b><\/strong><strong><b>OQ:<\/b><\/strong><\/td>\n<td width=\"601\">200 ks<\/td>\n<\/tr>\n<\/tbody>\n<\/table>","protected":false},"featured_media":1762,"template":"","meta":[],"product_brand":[],"product_cat":[38],"product_tag":[],"class_list":{"0":"post-1761","1":"product","2":"type-product","3":"status-publish","4":"has-post-thumbnail","6":"product_cat-mens-clothing","8":"first","9":"instock","10":"shipping-taxable","11":"product-type-simple"},"_links":{"self":[{"href":"https:\/\/mj-clothing.com\/sk\/wp-json\/wp\/v2\/product\/1761","targetHints":{"allow":["GET"]}}],"collection":[{"href":"https:\/\/mj-clothing.com\/sk\/wp-json\/wp\/v2\/product"}],"about":[{"href":"https:\/\/mj-clothing.com\/sk\/wp-json\/wp\/v2\/types\/product"}],"wp:featuredmedia":[{"embeddable":true,"href":"https:\/\/mj-clothing.com\/sk\/wp-json\/wp\/v2\/media\/1762"}],"wp:attachment":[{"href":"https:\/\/mj-clothing.com\/sk\/wp-json\/wp\/v2\/media?parent=1761"}],"wp:term":[{"taxonomy":"product_brand","embeddable":true,"href":"https:\/\/mj-clothing.com\/sk\/wp-json\/wp\/v2\/product_brand?post=1761"},{"taxonomy":"product_cat","embeddable":true,"href":"https:\/\/mj-clothing.com\/sk\/wp-json\/wp\/v2\/product_cat?post=1761"},{"taxonomy":"product_tag","embeddable":true,"href":"https:\/\/mj-clothing.com\/sk\/wp-json\/wp\/v2\/product_tag?post=1761"}],"curies":[{"name":"wp","href":"https:\/\/api.w.org\/{rel}","templated":true}]}}