{"id":1765,"date":"2024-12-14T03:13:20","date_gmt":"2024-12-14T03:13:20","guid":{"rendered":"https:\/\/mj-clothing.com\/?post_type=product&#038;p=1765"},"modified":"2024-12-17T07:10:04","modified_gmt":"2024-12-17T07:10:04","slug":"vintage-jacket","status":"publish","type":"product","link":"https:\/\/mj-clothing.com\/sk\/manufacturer\/vintage-jacket\/","title":{"rendered":"Ro\u010dn\u00edkov\u00e1 bunda"},"content":{"rendered":"<p data-sourcepos=\"1:1-1:110\">Vintage sako je nad\u010dasov\u00fd k\u00fasok, ktor\u00fd m\u00f4\u017ee doda\u0165 jedine\u010dn\u00fd n\u00e1dych ka\u017ed\u00e9mu outfitu. Tu je d\u00f4vod, pre\u010do by ste si ho mohli zamilova\u0165:<\/p>\n<h3 data-sourcepos=\"3:1-3:32\"><strong>Pre\u010do si vybra\u0165 retro bundu?<\/strong><\/h3>\n<ul data-sourcepos=\"5:1-9:0\">\n<li data-sourcepos=\"5:1-5:118\"><strong>Jedine\u010dn\u00fd \u0161t\u00fdl:<\/strong>\u00a0 Bundy maj\u00fa \u010dasto v\u00fdrazn\u00e9 vzory a detaily, ktor\u00e9 v modernom oble\u010den\u00ed nen\u00e1jdete.<\/li>\n<li data-sourcepos=\"6:1-6:111\"><strong>Vysok\u00e1 kvalita:<\/strong> Mnoh\u00e9 bundy s\u00fa vyroben\u00e9 z kvalitn\u00fdch materi\u00e1lov, ktor\u00e9 odolali sk\u00fa\u0161ke \u010dasu.<\/li>\n<li data-sourcepos=\"7:1-7:125\"><strong>Udr\u017eate\u013en\u00e1 m\u00f3da:<\/strong> V\u00fdberom vintage zni\u017eujete svoj vplyv na \u017eivotn\u00e9 prostredie a d\u00e1vate odevu druh\u00fd \u017eivot.<\/li>\n<li data-sourcepos=\"8:1-9:0\"><strong>Charakter a hist\u00f3ria:<\/strong> Bundy m\u00f4\u017eu rozpr\u00e1va\u0165 pr\u00edbeh a doda\u0165 v\u00e1\u0161mu \u0161atn\u00edku n\u00e1dych nostalgie a osobnosti.<\/li>\n<\/ul>\n<h3 data-sourcepos=\"10:1-10:34\"><strong>Ako si obliec\u0165 vintage bundu:<\/strong><\/h3>\n<ul data-sourcepos=\"12:1-16:0\">\n<li data-sourcepos=\"12:1-12:79\"><strong>Pr\u00edle\u017eitostn\u00e9:<\/strong> Kombinujte ju s d\u017e\u00ednsami, tri\u010dkom a teniskami, aby ste vyzerali uvo\u013enene.<\/li>\n<li data-sourcepos=\"13:1-13:98\"><strong>Smart Casual:<\/strong> Oble\u010dte si ho s nohavicami chinos, ko\u0161e\u013eou na gomb\u00edky a mokas\u00ednami a vytvorte elegantn\u00fd komplet.<\/li>\n<li data-sourcepos=\"14:1-14:93\"><strong>Edgy:<\/strong> Skombinujte ho s ko\u017een\u00fdmi nohavicami, grafick\u00fdm tri\u010dkom a \u010di\u017emami, aby ste dosiahli rock-and-rollov\u00fa atmosf\u00e9ru.<\/li>\n<li data-sourcepos=\"15:1-16:0\"><strong>Form\u00e1lne:<\/strong> Navrstvite ho na sako a vytvorte tak jedine\u010dn\u00fa kombin\u00e1ciu form\u00e1lneho oble\u010denia.<\/li>\n<\/ul>\n<h3 data-sourcepos=\"17:1-17:39\"><strong>Tipy na v\u00fdber historickej bundy:<\/strong><\/h3>\n<ul data-sourcepos=\"19:1-23:0\">\n<li data-sourcepos=\"19:1-19:82\"><strong>Vhodn\u00e1:<\/strong> Uistite sa, \u017ee bunda dobre sed\u00ed, a zoh\u013eadnite pr\u00edpadn\u00e9 \u00fapravy.<\/li>\n<li data-sourcepos=\"20:1-20:64\"><strong>Stav:<\/strong> Skontrolujte, \u010di nie s\u00fa po\u0161koden\u00e9, za\u0161pinen\u00e9 alebo opotrebovan\u00e9.<\/li>\n<li data-sourcepos=\"21:1-21:93\"><strong>\u0160t\u00fdl:<\/strong> Zv\u00e1\u017ete svoj osobn\u00fd \u0161t\u00fdl a vyberte si bundu, ktor\u00e1 dopln\u00ed v\u00e1\u0161 \u0161atn\u00edk.<\/li>\n<li data-sourcepos=\"22:1-23:0\"><strong>Materi\u00e1l:<\/strong> H\u013eadajte vysokokvalitn\u00e9 materi\u00e1ly, ako je ko\u017ea, vlna alebo d\u017e\u00ednsovina.<\/li>\n<\/ul>\n<h3 data-sourcepos=\"24:1-24:34\"><strong>Kde n\u00e1js\u0165 Vintage bunda:<\/strong><\/h3>\n<ul data-sourcepos=\"26:1-30:0\">\n<li data-sourcepos=\"26:1-26:76\"><strong>\u00dasporn\u00e9 obchody:<\/strong> Skvel\u00e9 miesto, kde n\u00e1jdete skryt\u00e9 skvosty za prijate\u013en\u00e9 ceny.<\/li>\n<li data-sourcepos=\"27:1-27:89\"><strong>Z\u00e1sielkov\u00e9 obchody:<\/strong> V t\u00fdchto obchodoch sa \u010dasto nach\u00e1dzaj\u00fa kur\u00e1torsk\u00e9 kolekcie vintage oble\u010denia.<\/li>\n<li data-sourcepos=\"28:1-28:97\"><strong>Online trhovisk\u00e1:<\/strong> Webov\u00e9 str\u00e1nky ako eBay a Etsy pon\u00fakaj\u00fa \u0161irok\u00fd v\u00fdber b\u00fand.<\/li>\n<li data-sourcepos=\"29:1-30:0\"><strong>Obchody s historick\u00fdm oble\u010den\u00edm:<\/strong> \u0160pecializovan\u00e9 obchody, ktor\u00e9 sa \u0161pecializuj\u00fa na vintage m\u00f3du.<\/li>\n<\/ul>\n<div class=\"attachment-container search-images\">\n<div class=\"image-container hide-from-message-actions ng-star-inserted\">\n<div class=\"overlay-container ng-star-inserted\"><\/div>\n<\/div>\n<\/div>","protected":false},"excerpt":{"rendered":"<table style=\"height: 442px;\" width=\"514\">\n<tbody>\n<tr>\n<td width=\"146\"><strong><b>Produkt<\/b><\/strong>\u00a0<strong><b>N\u00e1zov:<\/b><\/strong><\/td>\n<td width=\"601\"><strong>Ro\u010dn\u00edkov\u00e1 bunda<\/strong><\/td>\n<\/tr>\n<tr>\n<td width=\"146\"><strong><b>Materstvo:<\/b><\/strong><\/td>\n<td width=\"601\">Polyester\/bavlna<\/td>\n<\/tr>\n<tr>\n<td width=\"146\"><strong><b>Technika:<\/b><\/strong><\/td>\n<td width=\"601\">Tla\u010d a farbenie<\/td>\n<\/tr>\n<tr>\n<td width=\"146\"><strong><b>\u0160t\u00fdl:<\/b><\/strong><\/td>\n<td width=\"601\">Pr\u00edle\u017eitostn\u00e9<\/td>\n<\/tr>\n<tr>\n<td width=\"146\"><strong><b>Farba<\/b><\/strong><strong><b>:<\/b><\/strong><\/td>\n<td width=\"601\">\u00a0Vlastn\u00e9 farby<\/td>\n<\/tr>\n<tr>\n<td width=\"146\"><strong><b>Ve\u013ekos\u0165:<\/b><\/strong><\/td>\n<td width=\"601\">S \/M \/L \/XL \/2XL<\/td>\n<\/tr>\n<tr>\n<td width=\"146\"><strong><b>OEM\/ODM:<\/b><\/strong><\/td>\n<td width=\"601\">Prijate\u013en\u00e9<\/td>\n<\/tr>\n<tr>\n<td width=\"146\"><strong><b>Kvalita:<\/b><\/strong><\/td>\n<td width=\"601\">100% Vysok\u00e1 kvalita<\/td>\n<\/tr>\n<tr>\n<td width=\"146\"><strong><b>M<\/b><\/strong><strong><b>OQ:<\/b><\/strong><\/td>\n<td width=\"601\">200 ks<\/td>\n<\/tr>\n<\/tbody>\n<\/table>","protected":false},"featured_media":1769,"template":"","meta":[],"product_brand":[],"product_cat":[38],"product_tag":[],"class_list":{"0":"post-1765","1":"product","2":"type-product","3":"status-publish","4":"has-post-thumbnail","6":"product_cat-mens-clothing","8":"first","9":"instock","10":"shipping-taxable","11":"product-type-simple"},"_links":{"self":[{"href":"https:\/\/mj-clothing.com\/sk\/wp-json\/wp\/v2\/product\/1765","targetHints":{"allow":["GET"]}}],"collection":[{"href":"https:\/\/mj-clothing.com\/sk\/wp-json\/wp\/v2\/product"}],"about":[{"href":"https:\/\/mj-clothing.com\/sk\/wp-json\/wp\/v2\/types\/product"}],"wp:featuredmedia":[{"embeddable":true,"href":"https:\/\/mj-clothing.com\/sk\/wp-json\/wp\/v2\/media\/1769"}],"wp:attachment":[{"href":"https:\/\/mj-clothing.com\/sk\/wp-json\/wp\/v2\/media?parent=1765"}],"wp:term":[{"taxonomy":"product_brand","embeddable":true,"href":"https:\/\/mj-clothing.com\/sk\/wp-json\/wp\/v2\/product_brand?post=1765"},{"taxonomy":"product_cat","embeddable":true,"href":"https:\/\/mj-clothing.com\/sk\/wp-json\/wp\/v2\/product_cat?post=1765"},{"taxonomy":"product_tag","embeddable":true,"href":"https:\/\/mj-clothing.com\/sk\/wp-json\/wp\/v2\/product_tag?post=1765"}],"curies":[{"name":"wp","href":"https:\/\/api.w.org\/{rel}","templated":true}]}}