{"id":1777,"date":"2024-12-14T03:30:07","date_gmt":"2024-12-14T03:30:07","guid":{"rendered":"https:\/\/mj-clothing.com\/?post_type=product&#038;p=1777"},"modified":"2024-12-17T07:04:15","modified_gmt":"2024-12-17T07:04:15","slug":"cropped-leather-jacket","status":"publish","type":"product","link":"https:\/\/mj-clothing.com\/sk\/manufacturer\/cropped-leather-jacket\/","title":{"rendered":"Orezan\u00e1 ko\u017een\u00e1 bunda"},"content":{"rendered":"<p data-sourcepos=\"1:1-1:117\">Skr\u00e1ten\u00e1 ko\u017een\u00e1 bunda je \u0161t\u00fdlov\u00fd a v\u0161estrann\u00fd k\u00fasok, ktor\u00fd dok\u00e1\u017ee pozdvihn\u00fa\u0165 ka\u017ed\u00fd outfit. Tu je d\u00f4vod, pre\u010do by ste si ju mohli zamilova\u0165:<\/p>\n<h3 data-sourcepos=\"3:1-3:40\"><strong>Pre\u010do si vybra\u0165 orezan\u00fa ko\u017een\u00fa bundu?<\/strong><\/h3>\n<ul data-sourcepos=\"5:1-9:0\">\n<li data-sourcepos=\"5:1-5:120\"><strong><span class=\"citation-0 recitation\">Trendov\u00e9 a modern\u00e9:<\/span><\/strong><span class=\"citation-0 recitation citation-end-0\"> Orezan\u00e9 bundy s\u00fa ob\u013e\u00faben\u00fdm trendom, ktor\u00fd m\u00f4\u017ee v\u00e1\u0161mu vzh\u013eadu doda\u0165 modern\u00fd \u0161mrnc.<\/span><\/li>\n<li data-sourcepos=\"5:1-5:120\"><strong style=\"font-size: 14.4px;\">V\u0161estrann\u00fd \u0161t\u00fdl:<\/strong><span style=\"font-size: 14.4px;\"> D\u00e1 sa obliec\u0165 hore alebo dole, tak\u017ee je ide\u00e1lny na r\u00f4zne pr\u00edle\u017eitosti.<\/span><\/li>\n<li data-sourcepos=\"7:1-7:113\"><strong><span class=\"citation-1 recitation\">Lichotiv\u00fd strih:<\/span><\/strong><span class=\"citation-1 recitation citation-end-1\"> Skr\u00e1ten\u00e9 sako m\u00f4\u017ee zv\u00fdrazni\u0165 v\u00e1\u0161 p\u00e1s a vytvori\u0165 lichotiv\u00fa siluetu.<\/span><\/li>\n<li data-sourcepos=\"7:1-7:113\"><strong style=\"font-size: 14.4px;\">Edgy and Chic:<\/strong><span style=\"font-size: 14.4px;\"> Ko\u017ea im dod\u00e1va n\u00e1dych tvrdosti a sofistikovanosti.<\/span><\/li>\n<\/ul>\n<h3 data-sourcepos=\"10:1-10:42\"><strong>Ako si obliec\u0165 orezan\u00fa ko\u017een\u00fa bundu:<\/strong><\/h3>\n<ul data-sourcepos=\"12:1-15:0\">\n<li data-sourcepos=\"12:1-12:82\"><strong>Le\u017e\u00e9rny \u0161ik:<\/strong> Pre uvo\u013enen\u00fd vzh\u013ead ho skombinujte s d\u017e\u00ednsami, tri\u010dkom a teniskami.<\/li>\n<li data-sourcepos=\"13:1-13:102\"><strong>Smart Casual:<\/strong> Oble\u010dte si ho so suk\u0148ou, bl\u00fazkou a \u010dlenkov\u00fdmi \u010di\u017emami a vytvorte si \u017eensk\u00fd a \u0161t\u00fdlov\u00fd outfit.<\/li>\n<li data-sourcepos=\"14:1-15:0\"><strong>Hranat\u00fd vzh\u013ead:<\/strong> Skombinujte ho s ko\u017een\u00fdmi nohavicami, grafick\u00fdm tri\u010dkom a \u010di\u017emami, aby ste dosiahli rock-and-rollov\u00fa atmosf\u00e9ru.<\/li>\n<\/ul>\n<h3 data-sourcepos=\"16:1-16:47\"><strong>Tipy na v\u00fdber orezanej ko\u017eenej bundy:<\/strong><\/h3>\n<ul data-sourcepos=\"18:1-22:0\">\n<li data-sourcepos=\"18:1-18:71\"><strong>Vhodn\u00e1:<\/strong> Vyberte si bundu, ktor\u00e1 v\u00e1m dobre padne a lichot\u00ed va\u0161ej postave.<\/li>\n<li data-sourcepos=\"19:1-19:60\"><strong>Materi\u00e1l:<\/strong> Vyberte si vysokokvalitn\u00fa ko\u017eu, ktor\u00e1 vydr\u017e\u00ed.<\/li>\n<li data-sourcepos=\"20:1-20:87\"><strong>\u0160t\u00fdl:<\/strong> Zv\u00e1\u017ete svoj osobn\u00fd \u0161t\u00fdl a vyberte si bundu, ktor\u00e1 odr\u00e1\u017ea v\u00e1\u0161 vkus.<\/li>\n<li data-sourcepos=\"21:1-22:0\"><strong>Farba:<\/strong> Klasickou vo\u013ebou je \u010dierna, ale m\u00f4\u017eete zv\u00e1\u017ei\u0165 aj in\u00e9 farby, napr\u00edklad hned\u00fa alebo bordov\u00fa.<\/li>\n<\/ul>","protected":false},"excerpt":{"rendered":"<table style=\"height: 523px;\" width=\"508\">\n<tbody>\n<tr>\n<td width=\"146\"><strong><b>Produkt<\/b><\/strong>\u00a0<strong><b>N\u00e1zov:<\/b><\/strong><\/td>\n<td width=\"601\"><strong>Orezan\u00e1 ko\u017een\u00e1 bunda<\/strong><\/td>\n<\/tr>\n<tr>\n<td width=\"146\"><strong><b>Materstvo:<\/b><\/strong><\/td>\n<td width=\"601\">Polyester\/bavlna<\/td>\n<\/tr>\n<tr>\n<td width=\"146\"><strong><b>Technika:<\/b><\/strong><\/td>\n<td width=\"601\">Ko\u017ea<\/td>\n<\/tr>\n<tr>\n<td width=\"146\"><strong><b>\u0160t\u00fdl:<\/b><\/strong><\/td>\n<td width=\"601\">Pr\u00edle\u017eitostn\u00e9<\/td>\n<\/tr>\n<tr>\n<td width=\"146\"><strong><b>Farba<\/b><\/strong><strong><b>:<\/b><\/strong><\/td>\n<td width=\"601\">\u00a0Vlastn\u00e9 farby<\/td>\n<\/tr>\n<tr>\n<td width=\"146\"><strong><b>Ve\u013ekos\u0165:<\/b><\/strong><\/td>\n<td width=\"601\">S \/M \/L \/XL \/2XL<\/td>\n<\/tr>\n<tr>\n<td width=\"146\"><strong><b>OEM\/ODM:<\/b><\/strong><\/td>\n<td width=\"601\">Prijate\u013en\u00e9<\/td>\n<\/tr>\n<tr>\n<td width=\"146\"><strong><b>Kvalita:<\/b><\/strong><\/td>\n<td width=\"601\">100% Vysok\u00e1 kvalita<\/td>\n<\/tr>\n<tr>\n<td width=\"146\"><strong><b>M<\/b><\/strong><strong><b>OQ:<\/b><\/strong><\/td>\n<td width=\"601\">200 ks<\/td>\n<\/tr>\n<\/tbody>\n<\/table>","protected":false},"featured_media":1781,"template":"","meta":[],"product_brand":[],"product_cat":[38],"product_tag":[],"class_list":{"0":"post-1777","1":"product","2":"type-product","3":"status-publish","4":"has-post-thumbnail","6":"product_cat-mens-clothing","8":"first","9":"instock","10":"shipping-taxable","11":"product-type-simple"},"_links":{"self":[{"href":"https:\/\/mj-clothing.com\/sk\/wp-json\/wp\/v2\/product\/1777","targetHints":{"allow":["GET"]}}],"collection":[{"href":"https:\/\/mj-clothing.com\/sk\/wp-json\/wp\/v2\/product"}],"about":[{"href":"https:\/\/mj-clothing.com\/sk\/wp-json\/wp\/v2\/types\/product"}],"wp:featuredmedia":[{"embeddable":true,"href":"https:\/\/mj-clothing.com\/sk\/wp-json\/wp\/v2\/media\/1781"}],"wp:attachment":[{"href":"https:\/\/mj-clothing.com\/sk\/wp-json\/wp\/v2\/media?parent=1777"}],"wp:term":[{"taxonomy":"product_brand","embeddable":true,"href":"https:\/\/mj-clothing.com\/sk\/wp-json\/wp\/v2\/product_brand?post=1777"},{"taxonomy":"product_cat","embeddable":true,"href":"https:\/\/mj-clothing.com\/sk\/wp-json\/wp\/v2\/product_cat?post=1777"},{"taxonomy":"product_tag","embeddable":true,"href":"https:\/\/mj-clothing.com\/sk\/wp-json\/wp\/v2\/product_tag?post=1777"}],"curies":[{"name":"wp","href":"https:\/\/api.w.org\/{rel}","templated":true}]}}