{"id":1785,"date":"2024-12-14T03:42:50","date_gmt":"2024-12-14T03:42:50","guid":{"rendered":"https:\/\/mj-clothing.com\/?post_type=product&#038;p=1785"},"modified":"2024-12-17T07:02:12","modified_gmt":"2024-12-17T07:02:12","slug":"mens-full-zip-sweater","status":"publish","type":"product","link":"https:\/\/mj-clothing.com\/sk\/manufacturer\/mens-full-zip-sweater\/","title":{"rendered":"P\u00e1nsky sveter na cel\u00fd zips"},"content":{"rendered":"<p data-sourcepos=\"1:1-1:236\"><span class=\"citation-0 recitation citation-end-0\">P\u00e1nsky sveter na zips je univerz\u00e1lny kus oble\u010denia, ktor\u00fd sa d\u00e1 nosi\u0165 v r\u00f4znych poveternostn\u00fdch podmienkach a na r\u00f4zne pr\u00edle\u017eitosti.<\/span> Pon\u00faka pohodln\u00fa a \u0161t\u00fdlov\u00fa alternat\u00edvu k tradi\u010dn\u00e9mu svetru.<span class=\"button-container hide-from-message-actions ng-star-inserted\"> \u00a0<\/span><\/p>\n<h3><strong style=\"font-size: 14.4px;\">K\u013e\u00fa\u010dov\u00e9 vlastnosti p\u00e1nskeho svetra na cel\u00fd zips:<\/strong><\/h3>\n<ul data-sourcepos=\"5:1-9:0\">\n<li data-sourcepos=\"5:1-5:116\"><strong>Uzavretie na cel\u00fd zips:<\/strong> Celozap\u00ednacia kon\u0161trukcia umo\u017e\u0148uje jednoduch\u00e9 obliekanie a vyzliekanie a mo\u017eno ju nastavi\u0165 na regul\u00e1ciu teploty.<\/li>\n<li data-sourcepos=\"6:1-6:127\"><strong>Teplo a pohodlie:<\/strong> <span class=\"citation-1 recitation citation-end-1\">Svetre so zap\u00ednan\u00edm na cel\u00fd zips s\u00fa \u010dasto vyroben\u00e9 z tepl\u00fdch materi\u00e1lov, ako je vlna, fleece alebo vlnen\u00e1 zmes.<\/span><span class=\"button-container hide-from-message-actions ng-star-inserted\">\u00a0 \u00a0<\/span>\n<div class=\"container ng-tns-c2946245707-175 hide\">\n<div class=\"carousel-container ng-tns-c2946245707-175\"><\/div>\n<\/div>\n<\/li>\n<li data-sourcepos=\"7:1-7:134\"><strong>V\u0161estrann\u00fd \u0161t\u00fdl:<\/strong> <span class=\"citation-2 recitation citation-end-2\">V z\u00e1vislosti od po\u010dasia a po\u017eadovan\u00e9ho vzh\u013eadu sa daj\u00fa vrstvi\u0165 na ko\u0161ele alebo nosi\u0165 samostatne.<\/span><\/li>\n<li data-sourcepos=\"7:1-7:134\"><strong><span class=\"citation-3 recitation\">Funk\u010dn\u00e9 vreck\u00e1:<\/span><\/strong><span class=\"citation-3 recitation citation-end-3\"> Mnoh\u00e9 svetre s celoprep\u00ednac\u00edm zipsom s\u00fa vybaven\u00e9 vreckami, aby ste si mohli zahria\u0165 ruky alebo ulo\u017ei\u0165 drobn\u00e9 predmety.<\/span><span class=\"button-container hide-from-message-actions ng-star-inserted\">\u00a0<\/span>\n<div class=\"container ng-tns-c2946245707-177 hide\">\n<div class=\"carousel-container ng-tns-c2946245707-177\"><\/div>\n<\/div>\n<\/li>\n<\/ul>\n<h2 data-sourcepos=\"10:1-10:42\"><strong>Ako si obliec\u0165 p\u00e1nsky sveter na cel\u00fd zips:<\/strong><\/h2>\n<ul data-sourcepos=\"12:1-15:0\">\n<li data-sourcepos=\"12:1-12:77\"><strong>Pr\u00edle\u017eitostn\u00e9:<\/strong> Pre uvo\u013enen\u00fd vzh\u013ead ho skombinujte s d\u017e\u00ednsami, tri\u010dkom a teniskami.<\/li>\n<li data-sourcepos=\"13:1-13:96\"><strong>Smart Casual:<\/strong> Oble\u010dte si ho s nohavicami chinos, ko\u0161e\u013eou na gomb\u00edky a mokas\u00ednami, aby ste dosiahli elegantn\u00fd outfit.<\/li>\n<li data-sourcepos=\"14:1-15:0\"><strong>Outdoorov\u00e9 aktivity:<\/strong> Navrstvite ju na fleece alebo mikinu s kapuc\u0148ou, aby ste sa po\u010das dobrodru\u017estiev v pr\u00edrode zahriali.<\/li>\n<\/ul>\n<h3 data-sourcepos=\"16:1-16:47\"><strong>Ob\u013e\u00faben\u00e9 zna\u010dky pre p\u00e1nsky sveter s pln\u00fdm zipsom:<\/strong><\/h3>\n<ul data-sourcepos=\"18:1-21:0\">\n<li data-sourcepos=\"18:1-18:71\"><strong><span class=\"citation-4 recitation\">Vonkaj\u0161ie zna\u010dky:<\/span><\/strong><span class=\"citation-4 recitation citation-end-4\"> The North Face, Patagonia, Arc'teryx<\/span><span class=\"button-container hide-from-message-actions ng-star-inserted\"> \u00a0<\/span><\/li>\n<li data-sourcepos=\"18:1-18:71\"><strong style=\"font-size: 14.4px;\">Zna\u010dky \u017eivotn\u00e9ho \u0161t\u00fdlu:<\/strong><span style=\"font-size: 14.4px;\"> Ralph Lauren, Tommy Hilfiger, J.Crew<\/span><\/li>\n<li data-sourcepos=\"20:1-21:0\"><strong>Technick\u00e9 zna\u010dky:<\/strong> Under Armour, Nike, Adidas<\/li>\n<\/ul>\n<p data-sourcepos=\"22:1-22:111\"><strong>Nezabudnite, \u017ee k\u013e\u00fa\u010dom k v\u00fdberu svetra so zap\u00ednan\u00edm na cel\u00fd zips je zoh\u013eadni\u0165 materi\u00e1l, strih a v\u00e1\u0161 osobn\u00fd \u0161t\u00fdl.<\/strong><\/p>","protected":false},"excerpt":{"rendered":"<table style=\"height: 424px;\" width=\"509\">\n<tbody>\n<tr>\n<td width=\"146\"><strong><b>Produkt<\/b><\/strong>\u00a0<strong><b>N\u00e1zov:<\/b><\/strong><\/td>\n<td width=\"601\"><strong>P\u00e1nsky sveter na cel\u00fd zips<\/strong><\/td>\n<\/tr>\n<tr>\n<td width=\"146\"><strong><b>Materstvo:<\/b><\/strong><\/td>\n<td width=\"601\">Polyester\/bavlna<\/td>\n<\/tr>\n<tr>\n<td width=\"146\"><strong><b>Technika:<\/b><\/strong><\/td>\n<td width=\"601\">Tkanie<\/td>\n<\/tr>\n<tr>\n<td width=\"146\"><strong><b>\u0160t\u00fdl:<\/b><\/strong><\/td>\n<td width=\"601\">Pr\u00edle\u017eitostn\u00e9<\/td>\n<\/tr>\n<tr>\n<td width=\"146\"><strong><b>Farba<\/b><\/strong><strong><b>:<\/b><\/strong><\/td>\n<td width=\"601\">\u00a0Vlastn\u00e9 farby<\/td>\n<\/tr>\n<tr>\n<td width=\"146\"><strong><b>Ve\u013ekos\u0165:<\/b><\/strong><\/td>\n<td width=\"601\">S \/M \/L \/XL \/2XL<\/td>\n<\/tr>\n<tr>\n<td width=\"146\"><strong><b>OEM\/ODM:<\/b><\/strong><\/td>\n<td width=\"601\">Prijate\u013en\u00e9<\/td>\n<\/tr>\n<tr>\n<td width=\"146\"><strong><b>Kvalita:<\/b><\/strong><\/td>\n<td width=\"601\">100% Vysok\u00e1 kvalita<\/td>\n<\/tr>\n<tr>\n<td width=\"146\"><strong><b>M<\/b><\/strong><strong><b>OQ:<\/b><\/strong><\/td>\n<td width=\"601\">200 ks<\/td>\n<\/tr>\n<\/tbody>\n<\/table>","protected":false},"featured_media":1790,"template":"","meta":[],"product_brand":[],"product_cat":[38],"product_tag":[],"class_list":{"0":"post-1785","1":"product","2":"type-product","3":"status-publish","4":"has-post-thumbnail","6":"product_cat-mens-clothing","8":"first","9":"instock","10":"shipping-taxable","11":"product-type-simple"},"_links":{"self":[{"href":"https:\/\/mj-clothing.com\/sk\/wp-json\/wp\/v2\/product\/1785","targetHints":{"allow":["GET"]}}],"collection":[{"href":"https:\/\/mj-clothing.com\/sk\/wp-json\/wp\/v2\/product"}],"about":[{"href":"https:\/\/mj-clothing.com\/sk\/wp-json\/wp\/v2\/types\/product"}],"wp:featuredmedia":[{"embeddable":true,"href":"https:\/\/mj-clothing.com\/sk\/wp-json\/wp\/v2\/media\/1790"}],"wp:attachment":[{"href":"https:\/\/mj-clothing.com\/sk\/wp-json\/wp\/v2\/media?parent=1785"}],"wp:term":[{"taxonomy":"product_brand","embeddable":true,"href":"https:\/\/mj-clothing.com\/sk\/wp-json\/wp\/v2\/product_brand?post=1785"},{"taxonomy":"product_cat","embeddable":true,"href":"https:\/\/mj-clothing.com\/sk\/wp-json\/wp\/v2\/product_cat?post=1785"},{"taxonomy":"product_tag","embeddable":true,"href":"https:\/\/mj-clothing.com\/sk\/wp-json\/wp\/v2\/product_tag?post=1785"}],"curies":[{"name":"wp","href":"https:\/\/api.w.org\/{rel}","templated":true}]}}