{"id":1792,"date":"2024-12-14T03:52:01","date_gmt":"2024-12-14T03:52:01","guid":{"rendered":"https:\/\/mj-clothing.com\/?post_type=product&#038;p=1792"},"modified":"2024-12-17T07:00:56","modified_gmt":"2024-12-17T07:00:56","slug":"mens-alpaca-sweater","status":"publish","type":"product","link":"https:\/\/mj-clothing.com\/sk\/manufacturer\/mens-alpaca-sweater\/","title":{"rendered":"P\u00e1nsky sveter z alpaky"},"content":{"rendered":"<p data-sourcepos=\"1:1-1:198\"><span class=\"citation-0 recitation citation-end-0\">P\u00e1nsky sveter z alpaky je luxusn\u00fd a hrejiv\u00fd odev vyroben\u00fd z jemn\u00e9ho a m\u00e4kk\u00e9ho vl\u00e1kna alpaky, juhoamerick\u00e9ho ve\u013ebl\u00faza.<\/span> Vl\u00e1kno alpaky je zn\u00e1me svojimi v\u00fdnimo\u010dn\u00fdmi vlastnos\u0165ami vr\u00e1tane:<span class=\"button-container hide-from-message-actions ng-star-inserted\"> \u00a0<\/span><\/p>\n<ul data-sourcepos=\"3:1-7:0\">\n<li data-sourcepos=\"3:1-3:89\"><strong><span class=\"citation-1 recitation\">M\u00e4kkos\u0165:<\/span><\/strong><span class=\"citation-1 recitation citation-end-1\"> Vl\u00e1kno alpaky je neuverite\u013ene m\u00e4kk\u00e9, \u010dasto jemnej\u0161ie ako ka\u0161m\u00edr.<\/span><\/li>\n<li data-sourcepos=\"3:1-3:89\"><span class=\"button-container hide-from-message-actions ng-star-inserted\"><strong style=\"font-size: 14.4px;\">Teplo:<\/strong> <span class=\"citation-2 recitation citation-end-2\" style=\"font-size: 14.4px;\">Poskytuje vynikaj\u00facu izol\u00e1ciu a udr\u017e\u00ed v\u00e1s v teple v chladnom po\u010das\u00ed.<\/span><\/span>\n<div class=\"container ng-tns-c2946245707-269 hide\">\n<div class=\"carousel-container ng-tns-c2946245707-269\"><\/div>\n<\/div>\n<\/li>\n<li data-sourcepos=\"5:1-5:80\"><strong>Odolnos\u0165:<\/strong> <span class=\"citation-3 recitation citation-end-3\">Vl\u00e1kno alpaky je trvanliv\u00e9 a odoln\u00e9 vo\u010di \u017emolkovaniu.<\/span><\/li>\n<li data-sourcepos=\"5:1-5:80\"><span class=\"button-container hide-from-message-actions ng-star-inserted\">\u00a0<\/span><span class=\"button-container hide-from-message-actions ng-star-inserted\"><strong style=\"font-size: 14.4px;\">Hypoalerg\u00e9nne:<\/strong> <span class=\"citation-4 recitation citation-end-4\" style=\"font-size: 14.4px;\">Je prirodzene hypoalerg\u00e9nny, tak\u017ee je skvelou vo\u013ebou pre \u013eud\u00ed s citlivou poko\u017ekou.<\/span><span class=\"button-container hide-from-message-actions ng-star-inserted\" style=\"font-size: 14.4px;\"> \u00a0<\/span><\/span>\n<div class=\"container ng-tns-c2946245707-271 hide\">\n<div class=\"carousel-container ng-tns-c2946245707-271\"><\/div>\n<\/div>\n<\/li>\n<\/ul>\n<h3 data-sourcepos=\"8:1-8:33\"><strong>Pre\u010do si vybra\u0165 p\u00e1nsky sveter z alpaky?<\/strong><\/h3>\n<ul data-sourcepos=\"10:1-14:0\">\n<li data-sourcepos=\"10:1-10:93\"><strong>Luxusn\u00fd pocit:<\/strong> M\u00e4kk\u00e1, hodv\u00e1bna \u0161trukt\u00fara vl\u00e1kna alpaky je \u00fa\u017easn\u00e1 na dotyk s poko\u017ekou.<\/li>\n<li data-sourcepos=\"11:1-11:118\"><strong><span class=\"citation-5 recitation\">V\u00fdnimo\u010dn\u00e9 teplo:<\/span><\/strong><span class=\"citation-5 recitation citation-end-5\"> Svetre z alpaky s\u00fa ide\u00e1lne do chladn\u00e9ho po\u010dasia, udr\u017eia v\u00e1s v pohodl\u00ed a komforte.<\/span><\/li>\n<li data-sourcepos=\"11:1-11:118\"><strong style=\"font-size: 14.4px;\">\u0160t\u00fdl a elegancia:<\/strong><span style=\"font-size: 14.4px;\"> Svetre z alpaky m\u00f4\u017eu pozdvihn\u00fa\u0165 ka\u017ed\u00fd outfit a doda\u0165 mu n\u00e1dych sofistikovanosti.<\/span><\/li>\n<li data-sourcepos=\"13:1-14:0\"><strong><span class=\"citation-6 recitation\">Etick\u00e9 a udr\u017eate\u013en\u00e9:<\/span><\/strong><span class=\"citation-6 recitation citation-end-6\"> Chov alpak sa \u010dasto pova\u017euje za hum\u00e1nnej\u0161\u00ed a ekologickej\u0161\u00ed ako chov oviec.<\/span><span class=\"button-container hide-from-message-actions ng-star-inserted\">\u00a0 \u00a0<\/span>\n<div class=\"container ng-tns-c2946245707-273 hide\">\n<div class=\"carousel-container ng-tns-c2946245707-273\"><\/div>\n<\/div>\n<\/li>\n<\/ul>\n<h3 data-sourcepos=\"15:1-15:35\"><strong>Ako si obliec\u0165 p\u00e1nsky sveter z alpaky:<\/strong><\/h3>\n<ul data-sourcepos=\"17:1-20:0\">\n<li data-sourcepos=\"17:1-17:77\"><strong>Pr\u00edle\u017eitostn\u00e9:<\/strong> Pre uvo\u013enen\u00fd vzh\u013ead ho skombinujte s d\u017e\u00ednsami, tri\u010dkom a teniskami.<\/li>\n<li data-sourcepos=\"18:1-18:96\"><strong>Smart Casual:<\/strong> Oble\u010dte si ho s nohavicami chinos, ko\u0161e\u013eou na gomb\u00edky a mokas\u00ednami, aby ste dosiahli elegantn\u00fd outfit.<\/li>\n<li data-sourcepos=\"19:1-20:0\"><strong>Form\u00e1lne:<\/strong> Navrstvite ho na ko\u0161e\u013eu a kravatu, aby ste dosiahli sofistikovan\u00fd vzh\u013ead.<\/li>\n<\/ul>\n<p data-sourcepos=\"21:1-21:40\"><strong>Kde n\u00e1js\u0165 p\u00e1nske svetre z alpaky:<\/strong><\/p>\n<ul data-sourcepos=\"23:1-26:0\">\n<li data-sourcepos=\"23:1-23:116\"><strong><span class=\"citation-7 recitation\">Internetov\u00ed predajcovia:<\/span><\/strong><span class=\"citation-7 recitation citation-end-7\"> Amazon, Etsy a \u010fal\u0161\u00ed online predajcovia pon\u00fakaj\u00fa \u0161irok\u00fa \u0161k\u00e1lu alpakov\u00fdch svetrov.<\/span><\/li>\n<li data-sourcepos=\"23:1-23:116\"><strong style=\"font-size: 14.4px;\">Obchodn\u00e9 domy:<\/strong><span style=\"font-size: 14.4px;\"> V luxusn\u00fdch obchodn\u00fdch domoch sa \u010dasto pred\u00e1vaj\u00fa svetre z alpaky od luxusn\u00fdch zna\u010diek.<\/span><\/li>\n<li data-sourcepos=\"25:1-26:0\"><strong>\u0160pecializovan\u00e9 predajne:<\/strong> Vyh\u013eadajte obchody, ktor\u00e9 sa \u0161pecializuj\u00fa na luxusn\u00e9 vl\u00e1kna a udr\u017eate\u013en\u00fa m\u00f3du.<\/li>\n<\/ul>\n<p data-sourcepos=\"27:1-27:223\"><strong>Nezabudnite:<\/strong> Pri k\u00fape svetra z alpaky h\u013eadajte vysokokvalitn\u00e9 vl\u00e1kno z etick\u00fdch zdrojov. Zv\u00e1\u017ete aj hmotnos\u0165 a hr\u00fabku svetra, preto\u017ee to ovplyv\u0148uje jeho hrejivos\u0165 a vhodnos\u0165 do r\u00f4znych klimatick\u00fdch podmienok.<\/p>","protected":false},"excerpt":{"rendered":"<table style=\"height: 483px;\" width=\"499\">\n<tbody>\n<tr>\n<td width=\"146\"><strong><b>Produkt<\/b><\/strong>\u00a0<strong><b>N\u00e1zov:<\/b><\/strong><\/td>\n<td width=\"601\"><strong>P\u00e1nsky sveter z alpaky<\/strong><\/td>\n<\/tr>\n<tr>\n<td width=\"146\"><strong><b>Materstvo:<\/b><\/strong><\/td>\n<td width=\"601\">Polyester\/bavlna<\/td>\n<\/tr>\n<tr>\n<td width=\"146\"><strong><b>Technika:<\/b><\/strong><\/td>\n<td width=\"601\">Tkanie<\/td>\n<\/tr>\n<tr>\n<td width=\"146\"><strong><b>\u0160t\u00fdl:<\/b><\/strong><\/td>\n<td width=\"601\">Pr\u00edle\u017eitostn\u00e9<\/td>\n<\/tr>\n<tr>\n<td width=\"146\"><strong><b>Farba<\/b><\/strong><strong><b>:<\/b><\/strong><\/td>\n<td width=\"601\">\u00a0Vlastn\u00e9 farby<\/td>\n<\/tr>\n<tr>\n<td width=\"146\"><strong><b>Ve\u013ekos\u0165:<\/b><\/strong><\/td>\n<td width=\"601\">S \/M \/L \/XL \/2XL<\/td>\n<\/tr>\n<tr>\n<td width=\"146\"><strong><b>OEM\/ODM:<\/b><\/strong><\/td>\n<td width=\"601\">Prijate\u013en\u00e9<\/td>\n<\/tr>\n<tr>\n<td width=\"146\"><strong><b>Kvalita:<\/b><\/strong><\/td>\n<td width=\"601\">100% Vysok\u00e1 kvalita<\/td>\n<\/tr>\n<tr>\n<td width=\"146\"><strong><b>M<\/b><\/strong><strong><b>OQ:<\/b><\/strong><\/td>\n<td width=\"601\">200 ks<\/td>\n<\/tr>\n<\/tbody>\n<\/table>","protected":false},"featured_media":1793,"template":"","meta":[],"product_brand":[],"product_cat":[38],"product_tag":[],"class_list":{"0":"post-1792","1":"product","2":"type-product","3":"status-publish","4":"has-post-thumbnail","6":"product_cat-mens-clothing","8":"first","9":"instock","10":"shipping-taxable","11":"product-type-simple"},"_links":{"self":[{"href":"https:\/\/mj-clothing.com\/sk\/wp-json\/wp\/v2\/product\/1792","targetHints":{"allow":["GET"]}}],"collection":[{"href":"https:\/\/mj-clothing.com\/sk\/wp-json\/wp\/v2\/product"}],"about":[{"href":"https:\/\/mj-clothing.com\/sk\/wp-json\/wp\/v2\/types\/product"}],"wp:featuredmedia":[{"embeddable":true,"href":"https:\/\/mj-clothing.com\/sk\/wp-json\/wp\/v2\/media\/1793"}],"wp:attachment":[{"href":"https:\/\/mj-clothing.com\/sk\/wp-json\/wp\/v2\/media?parent=1792"}],"wp:term":[{"taxonomy":"product_brand","embeddable":true,"href":"https:\/\/mj-clothing.com\/sk\/wp-json\/wp\/v2\/product_brand?post=1792"},{"taxonomy":"product_cat","embeddable":true,"href":"https:\/\/mj-clothing.com\/sk\/wp-json\/wp\/v2\/product_cat?post=1792"},{"taxonomy":"product_tag","embeddable":true,"href":"https:\/\/mj-clothing.com\/sk\/wp-json\/wp\/v2\/product_tag?post=1792"}],"curies":[{"name":"wp","href":"https:\/\/api.w.org\/{rel}","templated":true}]}}