{"id":1802,"date":"2024-12-14T06:48:03","date_gmt":"2024-12-14T06:48:03","guid":{"rendered":"https:\/\/mj-clothing.com\/?post_type=product&#038;p=1802"},"modified":"2024-12-17T06:59:40","modified_gmt":"2024-12-17T06:59:40","slug":"mens-mohair-sweater","status":"publish","type":"product","link":"https:\/\/mj-clothing.com\/sk\/manufacturer\/mens-mohair-sweater\/","title":{"rendered":"P\u00e1nsky moh\u00e9rov\u00fd sveter"},"content":{"rendered":"<h2 data-sourcepos=\"1:1-1:44\">P\u00e1nske svetre z moh\u00e9ru: Luxusn\u00e1 vo\u013eba<\/h2>\n<p data-sourcepos=\"3:1-3:167\"><span class=\"citation-0 recitation citation-end-0\">P\u00e1nsky moh\u00e9rov\u00fd sveter je luxusn\u00fd odev vyroben\u00fd z jemn\u00e9ho a m\u00e4kk\u00e9ho vl\u00e1kna angorskej kozy.<\/span> Moh\u00e9r je zn\u00e1my svojimi v\u00fdnimo\u010dn\u00fdmi vlastnos\u0165ami vr\u00e1tane:<span class=\"button-container hide-from-message-actions ng-star-inserted\">\u00a0<\/span><\/p>\n<div class=\"container ng-tns-c2946245707-308 hide\">\n<div class=\"carousel-container ng-tns-c2946245707-308\">\n<div class=\"carousel-content ng-tns-c2946245707-308\">\n<div class=\"sources-carousel-source ng-tns-c2946245707-308 hide ng-star-inserted\" data-test-id=\"sources-carousel-source\"><\/div>\n<\/div>\n<\/div>\n<\/div>\n<ul data-sourcepos=\"5:1-9:0\">\n<li data-sourcepos=\"5:1-5:70\"><strong>M\u00e4kkos\u0165:<\/strong> Moh\u00e9r je neuverite\u013ene m\u00e4kk\u00fd, \u010dasto jemnej\u0161\u00ed ako ka\u0161m\u00edr.<\/li>\n<li data-sourcepos=\"6:1-6:94\"><strong>Teplo:<\/strong> <span class=\"citation-1 recitation citation-end-1\">Poskytuje vynikaj\u00facu izol\u00e1ciu a udr\u017e\u00ed v\u00e1s v teple v chladnom po\u010das\u00ed.<\/span><span class=\"button-container hide-from-message-actions ng-star-inserted\"> \u00a0<\/span><\/li>\n<li data-sourcepos=\"6:1-6:94\"><span class=\"button-container hide-from-message-actions ng-star-inserted\"><strong style=\"font-size: 14.4px;\"><span class=\"citation-2 recitation\">Odolnos\u0165:<\/span><\/strong><span class=\"citation-2 recitation citation-end-2\" style=\"font-size: 14.4px;\"> Moh\u00e9r je trvanliv\u00fd a odoln\u00fd vo\u010di \u017emolkovaniu.<\/span><\/span>\n<div class=\"container ng-tns-c2946245707-310 hide\">\n<div class=\"carousel-container ng-tns-c2946245707-310\"><\/div>\n<\/div>\n<\/li>\n<li data-sourcepos=\"8:1-9:0\"><strong><span class=\"citation-3 recitation\">Lesk:<\/span><\/strong><span class=\"citation-3 recitation citation-end-3\"> Moh\u00e9r m\u00e1 prirodzen\u00fd lesk, ktor\u00fd mu dod\u00e1va jedine\u010dn\u00fd lesk.<\/span>\n<div class=\"container ng-tns-c2946245707-311 hide\">\n<div class=\"carousel-container ng-tns-c2946245707-311\"><\/div>\n<\/div>\n<\/li>\n<\/ul>\n<h3 data-sourcepos=\"10:1-10:32\"><strong>Pre\u010do si vybra\u0165 p\u00e1nsky moh\u00e9rov\u00fd sveter?<\/strong><\/h3>\n<ul data-sourcepos=\"12:1-16:0\">\n<li data-sourcepos=\"12:1-12:93\"><strong>Luxusn\u00fd pocit:<\/strong> M\u00e4kk\u00e1, hodv\u00e1bna \u0161trukt\u00fara moh\u00e9rov\u00e9ho vl\u00e1kna je \u00fa\u017easn\u00e1 na dotyk s poko\u017ekou.<\/li>\n<li data-sourcepos=\"13:1-13:118\"><strong><span class=\"citation-4 recitation\">V\u00fdnimo\u010dn\u00e9 teplo:<\/span><\/strong><span class=\"citation-4 recitation citation-end-4\"> Moh\u00e9rov\u00e9 svetre s\u00fa ide\u00e1lne do chladn\u00e9ho po\u010dasia, udr\u017eia v\u00e1s v pohodl\u00ed a komforte.<\/span><span class=\"button-container hide-from-message-actions ng-star-inserted\">\u00a0<\/span>\n<div class=\"container ng-tns-c2946245707-312 hide\">\n<div class=\"carousel-container ng-tns-c2946245707-312\"><\/div>\n<\/div>\n<\/li>\n<li data-sourcepos=\"14:1-14:99\"><strong>\u0160t\u00fdl a elegancia:<\/strong> Moh\u00e9rov\u00e9 svetre m\u00f4\u017eu pozdvihn\u00fa\u0165 ka\u017ed\u00fd outfit a doda\u0165 mu n\u00e1dych sofistikovanosti.<\/li>\n<li data-sourcepos=\"15:1-16:0\"><strong>Jedine\u010dn\u00e1 text\u00fara:<\/strong> Jedine\u010dn\u00e1 \u0161trukt\u00fara moh\u00e9ru dod\u00e1 v\u00e1\u0161mu \u0161atn\u00edku vizu\u00e1lnu zauj\u00edmavos\u0165.<\/li>\n<\/ul>\n<h3 data-sourcepos=\"17:1-17:34\"><strong>Ako si obliec\u0165 moh\u00e9rov\u00fd sveter:<\/strong><\/h3>\n<ul data-sourcepos=\"19:1-22:0\">\n<li data-sourcepos=\"19:1-19:77\"><strong>Pr\u00edle\u017eitostn\u00e9:<\/strong> Pre uvo\u013enen\u00fd vzh\u013ead ho skombinujte s d\u017e\u00ednsami, tri\u010dkom a teniskami.<\/li>\n<li data-sourcepos=\"20:1-20:96\"><strong>Smart Casual:<\/strong> Oble\u010dte si ho s nohavicami chinos, ko\u0161e\u013eou na gomb\u00edky a mokas\u00ednami, aby ste dosiahli elegantn\u00fd outfit.<\/li>\n<li data-sourcepos=\"21:1-22:0\"><strong>Form\u00e1lne:<\/strong> Navrstvite ho na ko\u0161e\u013eu a kravatu, aby ste dosiahli sofistikovan\u00fd vzh\u013ead.<\/li>\n<\/ul>\n<h3 data-sourcepos=\"23:1-23:40\"><strong>Kde n\u00e1js\u0165 p\u00e1nske svetre z moh\u00e9ru:<\/strong><\/h3>\n<ul data-sourcepos=\"25:1-28:0\">\n<li data-sourcepos=\"25:1-25:90\"><strong>\u0160pi\u010dkov\u00e9 obchodn\u00e9 domy:<\/strong> H\u013eadajte luxusn\u00e9 zna\u010dky, ktor\u00e9 sa \u0161pecializuj\u00fa na jemn\u00e9 pleten\u00e9 oble\u010denie.<\/li>\n<li data-sourcepos=\"26:1-26:130\"><strong><span class=\"citation-5 recitation\">Internetov\u00ed predajcovia:<\/span><\/strong><span class=\"citation-5 recitation citation-end-5\"> Webov\u00e9 str\u00e1nky ako Amazon, Etsy a \u010fal\u0161\u00ed online predajcovia pon\u00fakaj\u00fa \u0161irok\u00fa \u0161k\u00e1lu moh\u00e9rov\u00fdch svetrov.<\/span>\n<div class=\"container ng-tns-c2946245707-313 hide\">\n<div class=\"carousel-container ng-tns-c2946245707-313\"><\/div>\n<\/div>\n<\/li>\n<li data-sourcepos=\"27:1-28:0\"><strong>\u0160pecializovan\u00e9 predajne:<\/strong> V obchodoch, ktor\u00e9 sa \u0161pecializuj\u00fa na luxusn\u00e9 vl\u00e1kna a udr\u017eate\u013en\u00fa m\u00f3du, m\u00f4\u017eete n\u00e1js\u0165 moh\u00e9rov\u00e9 svetre.<\/li>\n<\/ul>\n<p data-sourcepos=\"29:1-29:222\"><strong>Nezabudnite:<\/strong> Pri k\u00fape moh\u00e9rov\u00e9ho svetra h\u013eadajte vysokokvalitn\u00e9 vl\u00e1kno z etick\u00fdch zdrojov. Zv\u00e1\u017ete aj hmotnos\u0165 a hr\u00fabku svetra, preto\u017ee to ovplyv\u0148uje jeho hrejivos\u0165 a vhodnos\u0165 do r\u00f4znych klimatick\u00fdch podmienok.<\/p>","protected":false},"excerpt":{"rendered":"<table style=\"height: 484px;\" width=\"506\">\n<tbody>\n<tr>\n<td width=\"146\"><strong><b>Produkt<\/b><\/strong>\u00a0<strong><b>N\u00e1zov:<\/b><\/strong><\/td>\n<td width=\"601\"><strong>P\u00e1nsky moh\u00e9rov\u00fd sveter<\/strong><\/td>\n<\/tr>\n<tr>\n<td width=\"146\"><strong><b>Materstvo:<\/b><\/strong><\/td>\n<td width=\"601\">Polyester\/bavlna<\/td>\n<\/tr>\n<tr>\n<td width=\"146\"><strong><b>Technika:<\/b><\/strong><\/td>\n<td width=\"601\">Tkanie<\/td>\n<\/tr>\n<tr>\n<td width=\"146\"><strong><b>\u0160t\u00fdl:<\/b><\/strong><\/td>\n<td width=\"601\">Pr\u00edle\u017eitostn\u00e9<\/td>\n<\/tr>\n<tr>\n<td width=\"146\"><strong><b>Farba<\/b><\/strong><strong><b>:<\/b><\/strong><\/td>\n<td width=\"601\">\u00a0Vlastn\u00e9 farby<\/td>\n<\/tr>\n<tr>\n<td width=\"146\"><strong><b>Ve\u013ekos\u0165:<\/b><\/strong><\/td>\n<td width=\"601\">S \/M \/L \/XL \/2XL<\/td>\n<\/tr>\n<tr>\n<td width=\"146\"><strong><b>OEM\/ODM:<\/b><\/strong><\/td>\n<td width=\"601\">Prijate\u013en\u00e9<\/td>\n<\/tr>\n<tr>\n<td width=\"146\"><strong><b>Kvalita:<\/b><\/strong><\/td>\n<td width=\"601\">100% Vysok\u00e1 kvalita<\/td>\n<\/tr>\n<tr>\n<td width=\"146\"><strong><b>M<\/b><\/strong><strong><b>OQ:<\/b><\/strong><\/td>\n<td width=\"601\">200 ks<\/td>\n<\/tr>\n<\/tbody>\n<\/table>","protected":false},"featured_media":1803,"template":"","meta":[],"product_brand":[],"product_cat":[38],"product_tag":[],"class_list":{"0":"post-1802","1":"product","2":"type-product","3":"status-publish","4":"has-post-thumbnail","6":"product_cat-mens-clothing","8":"first","9":"instock","10":"shipping-taxable","11":"product-type-simple"},"_links":{"self":[{"href":"https:\/\/mj-clothing.com\/sk\/wp-json\/wp\/v2\/product\/1802","targetHints":{"allow":["GET"]}}],"collection":[{"href":"https:\/\/mj-clothing.com\/sk\/wp-json\/wp\/v2\/product"}],"about":[{"href":"https:\/\/mj-clothing.com\/sk\/wp-json\/wp\/v2\/types\/product"}],"wp:featuredmedia":[{"embeddable":true,"href":"https:\/\/mj-clothing.com\/sk\/wp-json\/wp\/v2\/media\/1803"}],"wp:attachment":[{"href":"https:\/\/mj-clothing.com\/sk\/wp-json\/wp\/v2\/media?parent=1802"}],"wp:term":[{"taxonomy":"product_brand","embeddable":true,"href":"https:\/\/mj-clothing.com\/sk\/wp-json\/wp\/v2\/product_brand?post=1802"},{"taxonomy":"product_cat","embeddable":true,"href":"https:\/\/mj-clothing.com\/sk\/wp-json\/wp\/v2\/product_cat?post=1802"},{"taxonomy":"product_tag","embeddable":true,"href":"https:\/\/mj-clothing.com\/sk\/wp-json\/wp\/v2\/product_tag?post=1802"}],"curies":[{"name":"wp","href":"https:\/\/api.w.org\/{rel}","templated":true}]}}