{"id":1804,"date":"2024-12-14T06:55:24","date_gmt":"2024-12-14T06:55:24","guid":{"rendered":"https:\/\/mj-clothing.com\/?post_type=product&#038;p=1804"},"modified":"2024-12-17T06:56:31","modified_gmt":"2024-12-17T06:56:31","slug":"mens-cashmere-sweater","status":"publish","type":"product","link":"https:\/\/mj-clothing.com\/sk\/manufacturer\/mens-cashmere-sweater\/","title":{"rendered":"P\u00e1nsky ka\u0161m\u00edrov\u00fd sveter"},"content":{"rendered":"<p data-sourcepos=\"1:1-1:177\"><span class=\"citation-0 recitation citation-end-0\">P\u00e1nsky ka\u0161m\u00edrov\u00fd sveter je luxusn\u00fd a nad\u010dasov\u00fd k\u00fasok oble\u010denia, ktor\u00fd poskytuje jedine\u010dn\u00e9 pohodlie a teplo.<\/span> Tu je d\u00f4vod, pre\u010do by ste mali zv\u00e1\u017ei\u0165 invest\u00edciu do jedn\u00e9ho z nich:<span class=\"button-container hide-from-message-actions ng-star-inserted\"> \u00a0<\/span><\/p>\n<div class=\"container ng-tns-c2946245707-329 hide\">\n<div class=\"carousel-container ng-tns-c2946245707-329\">\n<div class=\"carousel-content ng-tns-c2946245707-329\">\n<div class=\"sources-carousel-source ng-tns-c2946245707-329 hide ng-star-inserted\" data-test-id=\"sources-carousel-source\"><\/div>\n<\/div>\n<\/div>\n<\/div>\n<h3 data-sourcepos=\"3:1-3:34\"><strong>Pre\u010do si vybra\u0165 p\u00e1nsky ka\u0161m\u00edrov\u00fd sveter?<\/strong><\/h3>\n<ul data-sourcepos=\"5:1-9:0\">\n<li data-sourcepos=\"5:1-5:124\"><strong><span class=\"citation-1 recitation\">V\u00fdnimo\u010dn\u00e1 m\u00e4kkos\u0165:<\/span><\/strong><span class=\"citation-1 recitation citation-end-1\"> Ka\u0161m\u00edr je zn\u00e1my svojou neuverite\u013ene jemnou \u0161trukt\u00farou, v\u010faka ktorej sa pr\u00edjemne nos\u00ed.<\/span><\/li>\n<li data-sourcepos=\"5:1-5:124\"><span class=\"button-container hide-from-message-actions ng-star-inserted\"><strong style=\"font-size: 14.4px;\"><span class=\"citation-2 recitation\">Vynikaj\u00face teplo:<\/span><\/strong><span class=\"citation-2 recitation citation-end-2\" style=\"font-size: 14.4px;\"> Napriek svojej \u013eahkosti ka\u0161m\u00edr v\u00fdborne izoluje a udr\u017euje teplo v chladnom po\u010das\u00ed.<\/span><\/span>\n<div class=\"container ng-tns-c2946245707-331 hide\">\n<div class=\"carousel-container ng-tns-c2946245707-331\"><\/div>\n<\/div>\n<\/li>\n<li data-sourcepos=\"7:1-7:122\"><strong>Odolnos\u0165:<\/strong> <span class=\"citation-3 recitation citation-end-3\">Vysokokvalitn\u00fd ka\u0161m\u00edr je prekvapivo odoln\u00fd a pri spr\u00e1vnej starostlivosti m\u00f4\u017ee vydr\u017ea\u0165 mnoho rokov.<\/span><span class=\"button-container hide-from-message-actions ng-star-inserted\">\u00a0<\/span>\n<div class=\"container ng-tns-c2946245707-332 hide\">\n<div class=\"carousel-container ng-tns-c2946245707-332\"><\/div>\n<\/div>\n<\/li>\n<li data-sourcepos=\"8:1-9:0\"><strong><span class=\"citation-4 recitation\">Hypoalerg\u00e9nne:<\/span><\/strong><span class=\"citation-4 recitation citation-end-4\"> Ka\u0161m\u00edr je hypoalerg\u00e9nny, tak\u017ee je vhodn\u00fd aj pre osoby s citlivou poko\u017ekou.<\/span><span class=\"button-container hide-from-message-actions ng-star-inserted\">\u00a0<\/span>\n<div class=\"container ng-tns-c2946245707-333 hide\">\n<div class=\"carousel-container ng-tns-c2946245707-333\">\n<div class=\"carousel-content ng-tns-c2946245707-333\">\n<div class=\"sources-carousel-source ng-tns-c2946245707-333 hide ng-star-inserted\" data-test-id=\"sources-carousel-source\"><\/div>\n<\/div>\n<\/div>\n<\/div>\n<\/li>\n<\/ul>\n<h3 data-sourcepos=\"10:1-10:36\"><strong>Ako si obliec\u0165 p\u00e1nsky ka\u0161m\u00edrov\u00fd sveter:<\/strong><\/h3>\n<ul data-sourcepos=\"12:1-15:0\">\n<li data-sourcepos=\"12:1-12:77\">\n<h3><strong>Pr\u00edle\u017eitostn\u00e9:<\/strong> Pre uvo\u013enen\u00fd vzh\u013ead ho skombinujte s d\u017e\u00ednsami, tri\u010dkom a teniskami.<\/h3>\n<\/li>\n<li data-sourcepos=\"13:1-13:96\"><strong>Smart Casual:<\/strong> Oble\u010dte si ho s nohavicami chinos, ko\u0161e\u013eou na gomb\u00edky a mokas\u00ednami, aby ste dosiahli elegantn\u00fd outfit.<\/li>\n<li data-sourcepos=\"14:1-15:0\"><strong>Form\u00e1lne:<\/strong> Navrstvite ho na ko\u0161e\u013eu a kravatu, aby ste dosiahli sofistikovan\u00fd vzh\u013ead.<\/li>\n<\/ul>\n<h3 data-sourcepos=\"16:1-16:42\"><strong>Kde n\u00e1js\u0165 p\u00e1nske ka\u0161m\u00edrov\u00e9 svetre:<\/strong><\/h3>\n<ul data-sourcepos=\"18:1-21:0\">\n<li data-sourcepos=\"18:1-18:90\"><strong>\u0160pi\u010dkov\u00e9 obchodn\u00e9 domy:<\/strong> H\u013eadajte luxusn\u00e9 zna\u010dky, ktor\u00e9 sa \u0161pecializuj\u00fa na jemn\u00e9 pleten\u00e9 oble\u010denie.<\/li>\n<li data-sourcepos=\"19:1-19:132\"><strong><span class=\"citation-5 recitation\">Internetov\u00ed predajcovia:<\/span><\/strong><span class=\"citation-5 recitation citation-end-5\"> Webov\u00e9 str\u00e1nky ako Amazon, Etsy a \u010fal\u0161\u00ed online predajcovia pon\u00fakaj\u00fa \u0161irok\u00fa \u0161k\u00e1lu ka\u0161m\u00edrov\u00fdch svetrov.<\/span><\/li>\n<li data-sourcepos=\"19:1-19:132\"><strong style=\"font-size: 14.4px;\">\u0160pecializovan\u00e9 predajne:<\/strong><span style=\"font-size: 14.4px;\"> V obchodoch, ktor\u00e9 sa \u0161pecializuj\u00fa na luxusn\u00e9 vl\u00e1kna a udr\u017eate\u013en\u00fa m\u00f3du, m\u00f4\u017eu by\u0165 ka\u0161m\u00edrov\u00e9 svetre.<\/span><\/li>\n<\/ul>\n<h3 data-sourcepos=\"22:1-22:41\"><strong>Tipy na v\u00fdber p\u00e1nskeho ka\u0161m\u00edrov\u00e9ho svetra:<\/strong><\/h3>\n<ul data-sourcepos=\"24:1-28:0\">\n<li data-sourcepos=\"24:1-24:94\"><strong>Kvalita:<\/strong> H\u013eadajte vysokokvalitn\u00fd ka\u0161m\u00edr, ktor\u00fd je m\u00e4kk\u00fd, hladk\u00fd a bez nedokonalost\u00ed.<\/li>\n<li data-sourcepos=\"25:1-25:95\"><strong>Hmotnos\u0165:<\/strong> Zv\u00e1\u017ete hmotnos\u0165 svetra, preto\u017ee \u0165a\u017e\u0161ie svetre poskytuj\u00fa viac tepla.<\/li>\n<li data-sourcepos=\"26:1-26:72\"><strong>Vhodn\u00e1:<\/strong> Vyberte si sveter, ktor\u00fd dobre sed\u00ed a lichot\u00ed va\u0161ej postave.<\/li>\n<li data-sourcepos=\"27:1-28:0\"><strong>\u0160t\u00fdl:<\/strong> Vyberte si \u0161t\u00fdl, ktor\u00fd vyhovuje v\u00e1\u0161mu osobn\u00e9mu vkusu, \u010di u\u017e ide o v\u00fdstrih do V, rol\u00e1k alebo v\u00e9\u010dko.<\/li>\n<\/ul>\n<h4 data-sourcepos=\"29:1-29:37\"><strong>Starostlivos\u0165 o ka\u0161m\u00edrov\u00fd sveter:<\/strong><\/h4>\n<ul data-sourcepos=\"31:1-34:0\">\n<li data-sourcepos=\"31:1-31:50\">Perte ru\u010dne v studenej vode s jemn\u00fdm prac\u00edm prostriedkom.<\/li>\n<li data-sourcepos=\"32:1-32:31\">Su\u0161te na plocho, aby ste zabr\u00e1nili roztiahnutiu.<\/li>\n<li data-sourcepos=\"33:1-34:0\">Skladujte na chladnom a suchom mieste, mimo dosahu priameho slne\u010dn\u00e9ho svetla.<\/li>\n<\/ul>\n<p data-sourcepos=\"35:1-35:144\">Invest\u00edciou do kvalitn\u00e9ho ka\u0161m\u00edrov\u00e9ho svetra z\u00edskate nielen \u0161t\u00fdlov\u00fd a pohodln\u00fd odev, ale aj k\u00fasok nad\u010dasov\u00e9ho luxusu.<\/p>\n<div class=\"attachment-container search-images\">\n<div class=\"image-container hide-from-message-actions ng-star-inserted\">\n<div class=\"overlay-container ng-star-inserted\"><\/div>\n<\/div>\n<\/div>","protected":false},"excerpt":{"rendered":"<table style=\"height: 529px;\" width=\"500\">\n<tbody>\n<tr>\n<td width=\"146\"><strong><b>Produkt<\/b><\/strong>\u00a0<strong><b>N\u00e1zov:<\/b><\/strong><\/td>\n<td width=\"601\"><strong>P\u00e1nsky ka\u0161m\u00edrov\u00fd sveter<\/strong><\/td>\n<\/tr>\n<tr>\n<td width=\"146\"><strong><b>Materstvo:<\/b><\/strong><\/td>\n<td width=\"601\">Polyester\/bavlna<\/td>\n<\/tr>\n<tr>\n<td width=\"146\"><strong><b>Technika:<\/b><\/strong><\/td>\n<td width=\"601\">Tkanie<\/td>\n<\/tr>\n<tr>\n<td width=\"146\"><strong><b>\u0160t\u00fdl:<\/b><\/strong><\/td>\n<td width=\"601\">Pr\u00edle\u017eitostn\u00e9<\/td>\n<\/tr>\n<tr>\n<td width=\"146\"><strong><b>Farba<\/b><\/strong><strong><b>:<\/b><\/strong><\/td>\n<td width=\"601\">\u00a0Vlastn\u00e9 farby<\/td>\n<\/tr>\n<tr>\n<td width=\"146\"><strong><b>Ve\u013ekos\u0165:<\/b><\/strong><\/td>\n<td width=\"601\">S \/M \/L \/XL \/2XL<\/td>\n<\/tr>\n<tr>\n<td width=\"146\"><strong><b>OEM\/ODM:<\/b><\/strong><\/td>\n<td width=\"601\">Prijate\u013en\u00e9<\/td>\n<\/tr>\n<tr>\n<td width=\"146\"><strong><b>Kvalita:<\/b><\/strong><\/td>\n<td width=\"601\">100% Vysok\u00e1 kvalita<\/td>\n<\/tr>\n<tr>\n<td width=\"146\"><strong><b>M<\/b><\/strong><strong><b>OQ:<\/b><\/strong><\/td>\n<td width=\"601\">200 ks<\/td>\n<\/tr>\n<\/tbody>\n<\/table>","protected":false},"featured_media":1805,"template":"","meta":[],"product_brand":[],"product_cat":[38],"product_tag":[],"class_list":{"0":"post-1804","1":"product","2":"type-product","3":"status-publish","4":"has-post-thumbnail","6":"product_cat-mens-clothing","8":"first","9":"instock","10":"shipping-taxable","11":"product-type-simple"},"_links":{"self":[{"href":"https:\/\/mj-clothing.com\/sk\/wp-json\/wp\/v2\/product\/1804","targetHints":{"allow":["GET"]}}],"collection":[{"href":"https:\/\/mj-clothing.com\/sk\/wp-json\/wp\/v2\/product"}],"about":[{"href":"https:\/\/mj-clothing.com\/sk\/wp-json\/wp\/v2\/types\/product"}],"wp:featuredmedia":[{"embeddable":true,"href":"https:\/\/mj-clothing.com\/sk\/wp-json\/wp\/v2\/media\/1805"}],"wp:attachment":[{"href":"https:\/\/mj-clothing.com\/sk\/wp-json\/wp\/v2\/media?parent=1804"}],"wp:term":[{"taxonomy":"product_brand","embeddable":true,"href":"https:\/\/mj-clothing.com\/sk\/wp-json\/wp\/v2\/product_brand?post=1804"},{"taxonomy":"product_cat","embeddable":true,"href":"https:\/\/mj-clothing.com\/sk\/wp-json\/wp\/v2\/product_cat?post=1804"},{"taxonomy":"product_tag","embeddable":true,"href":"https:\/\/mj-clothing.com\/sk\/wp-json\/wp\/v2\/product_tag?post=1804"}],"curies":[{"name":"wp","href":"https:\/\/api.w.org\/{rel}","templated":true}]}}