{"id":1806,"date":"2024-12-14T06:59:55","date_gmt":"2024-12-14T06:59:55","guid":{"rendered":"https:\/\/mj-clothing.com\/?post_type=product&#038;p=1806"},"modified":"2024-12-17T06:54:59","modified_gmt":"2024-12-17T06:54:59","slug":"mens-slim-fit-sweater","status":"publish","type":"product","link":"https:\/\/mj-clothing.com\/sk\/manufacturer\/mens-slim-fit-sweater\/","title":{"rendered":"P\u00e1nsky sveter Slim Fit"},"content":{"rendered":"<p data-sourcepos=\"1:1-1:224\"><span class=\"citation-0 recitation citation-end-0\">P\u00e1nsky sveter slim fit je univerz\u00e1lny k\u00fasok oble\u010denia, ktor\u00fd pon\u00faka elegantn\u00fd a modern\u00fd vzh\u013ead.<\/span> <span class=\"citation-1 recitation citation-end-1\">Je navrhnut\u00e1 tak, aby priliehala k telu, zv\u00fdraz\u0148ovala va\u0161u postavu a z\u00e1rove\u0148 poskytovala pohodlie a teplo.<\/span><\/p>\n<h3 data-sourcepos=\"1:1-1:224\"><strong>\u00a0 \u00a0 Pre\u010do si vybra\u0165 p\u00e1nsky sveter Slim Fit?<\/strong><\/h3>\n<ul data-sourcepos=\"5:1-9:0\">\n<li data-sourcepos=\"5:1-5:95\"><strong><span class=\"citation-2 recitation\">Elegantn\u00e9 a modern\u00e9:<\/span><\/strong><span class=\"citation-2 recitation citation-end-2\"> Sveter \u00fazkeho strihu pon\u00faka modern\u00fd a \u0161t\u00fdlov\u00fd vzh\u013ead.<\/span>\n<div class=\"container ng-tns-c2946245707-350 hide\">\n<div class=\"carousel-container ng-tns-c2946245707-350\"><\/div>\n<\/div>\n<\/li>\n<li data-sourcepos=\"6:1-6:103\"><strong>Lichotiv\u00fd strih:<\/strong> Pom\u00f4\u017ee v\u00e1m zv\u00fdrazni\u0165 postavu a vytvori\u0165 uhladenej\u0161iu siluetu.<\/li>\n<li data-sourcepos=\"7:1-7:89\"><strong>V\u0161estrannos\u0165:<\/strong> D\u00e1 sa obliec\u0165 hore alebo dole, tak\u017ee je ide\u00e1lny na r\u00f4zne pr\u00edle\u017eitosti.<\/li>\n<li data-sourcepos=\"8:1-9:0\"><strong>Pohodlie:<\/strong> Napriek vypasovan\u00e9mu \u0161t\u00fdlu m\u00f4\u017ee by\u0165 dobre u\u0161it\u00fd sveter slim fit neuverite\u013ene pohodln\u00fd.<\/li>\n<\/ul>\n<h3 data-sourcepos=\"10:1-10:36\"><strong>Ako si obliec\u0165 p\u00e1nsky sveter Slim Fit:<\/strong><\/h3>\n<ul data-sourcepos=\"12:1-15:0\">\n<li data-sourcepos=\"12:1-12:77\"><strong>Pr\u00edle\u017eitostn\u00e9:<\/strong> Pre uvo\u013enen\u00fd vzh\u013ead ho skombinujte s d\u017e\u00ednsami, tri\u010dkom a teniskami.<\/li>\n<li data-sourcepos=\"13:1-13:96\"><strong>Smart Casual:<\/strong> Oble\u010dte si ho s nohavicami chinos, ko\u0161e\u013eou na gomb\u00edky a mokas\u00ednami, aby ste dosiahli elegantn\u00fd outfit.<\/li>\n<li data-sourcepos=\"14:1-15:0\"><strong>Form\u00e1lne:<\/strong> Navrstvite ho na ko\u0161e\u013eu a kravatu, aby ste dosiahli sofistikovan\u00fd vzh\u013ead.<\/li>\n<\/ul>\n<h3 data-sourcepos=\"16:1-16:41\"><strong>Tipy na v\u00fdber p\u00e1nskeho svetra Slim Fit:<\/strong><\/h3>\n<ul data-sourcepos=\"18:1-22:0\">\n<li data-sourcepos=\"18:1-18:164\"><strong>Materi\u00e1l:<\/strong> Zv\u00e1\u017ete materi\u00e1l, preto\u017ee ovplyv\u0148uje hrejivos\u0165, pohodlie a odolnos\u0165 svetra. <span class=\"citation-3 recitation citation-end-3\">Ob\u013e\u00faben\u00e9 s\u00fa vlna, ka\u0161m\u00edr a bavlna.<\/span><\/li>\n<li data-sourcepos=\"18:1-18:164\"><strong style=\"font-size: 14.4px;\">Vhodn\u00e1:<\/strong><span style=\"font-size: 14.4px;\"> Uistite sa, \u017ee sveter dobre sed\u00ed a nie je pr\u00edli\u0161 tesn\u00fd ani pr\u00edli\u0161 vo\u013en\u00fd.<\/span><\/li>\n<li data-sourcepos=\"20:1-20:103\"><strong>\u0160t\u00fdl:<\/strong> Vyberte si \u0161t\u00fdl, ktor\u00fd vyhovuje v\u00e1\u0161mu osobn\u00e9mu vkusu, napr\u00edklad v\u00fdstrih do V, rol\u00e1k alebo v\u00fdstrih do V.<\/li>\n<li data-sourcepos=\"21:1-22:0\"><strong>Farba:<\/strong> Zv\u00e1\u017ete farbu a vzor svetra, aby doplnil v\u00e1\u0161 \u0161atn\u00edk.<\/li>\n<\/ul>\n<p data-sourcepos=\"23:1-23:96\"><strong>Nezabudnite:<\/strong> Dobre padn\u00faci svetr\u00edk slim fit m\u00f4\u017ee pozdvihn\u00fa\u0165 v\u00e1\u0161 \u0161t\u00fdl a doda\u0165 v\u00e1m ten najlep\u0161\u00ed vzh\u013ead.<\/p>","protected":false},"excerpt":{"rendered":"<table style=\"height: 520px;\" width=\"518\">\n<tbody>\n<tr>\n<td width=\"146\"><strong><b>Produkt<\/b><\/strong>\u00a0<strong><b>N\u00e1zov:<\/b><\/strong><\/td>\n<td width=\"601\"><strong>P\u00e1nsky sveter Slim Fit<\/strong><\/td>\n<\/tr>\n<tr>\n<td width=\"146\"><strong><b>Materstvo:<\/b><\/strong><\/td>\n<td width=\"601\">Polyester\/bavlna<\/td>\n<\/tr>\n<tr>\n<td width=\"146\"><strong><b>Technika:<\/b><\/strong><\/td>\n<td width=\"601\">Tkanie<\/td>\n<\/tr>\n<tr>\n<td width=\"146\"><strong><b>\u0160t\u00fdl:<\/b><\/strong><\/td>\n<td width=\"601\">Pr\u00edle\u017eitostn\u00e9<\/td>\n<\/tr>\n<tr>\n<td width=\"146\"><strong><b>Farba<\/b><\/strong><strong><b>:<\/b><\/strong><\/td>\n<td width=\"601\">\u00a0Vlastn\u00e9 farby<\/td>\n<\/tr>\n<tr>\n<td width=\"146\"><strong><b>Ve\u013ekos\u0165:<\/b><\/strong><\/td>\n<td width=\"601\">S \/M \/L \/XL \/2XL<\/td>\n<\/tr>\n<tr>\n<td width=\"146\"><strong><b>OEM\/ODM:<\/b><\/strong><\/td>\n<td width=\"601\">Prijate\u013en\u00e9<\/td>\n<\/tr>\n<tr>\n<td width=\"146\"><strong><b>Kvalita:<\/b><\/strong><\/td>\n<td width=\"601\">100% Vysok\u00e1 kvalita<\/td>\n<\/tr>\n<tr>\n<td width=\"146\"><strong><b>M<\/b><\/strong><strong><b>OQ:<\/b><\/strong><\/td>\n<td width=\"601\">200 ks<\/td>\n<\/tr>\n<\/tbody>\n<\/table>","protected":false},"featured_media":1807,"template":"","meta":[],"product_brand":[],"product_cat":[38],"product_tag":[],"class_list":{"0":"post-1806","1":"product","2":"type-product","3":"status-publish","4":"has-post-thumbnail","6":"product_cat-mens-clothing","8":"first","9":"instock","10":"shipping-taxable","11":"product-type-simple"},"_links":{"self":[{"href":"https:\/\/mj-clothing.com\/sk\/wp-json\/wp\/v2\/product\/1806","targetHints":{"allow":["GET"]}}],"collection":[{"href":"https:\/\/mj-clothing.com\/sk\/wp-json\/wp\/v2\/product"}],"about":[{"href":"https:\/\/mj-clothing.com\/sk\/wp-json\/wp\/v2\/types\/product"}],"wp:featuredmedia":[{"embeddable":true,"href":"https:\/\/mj-clothing.com\/sk\/wp-json\/wp\/v2\/media\/1807"}],"wp:attachment":[{"href":"https:\/\/mj-clothing.com\/sk\/wp-json\/wp\/v2\/media?parent=1806"}],"wp:term":[{"taxonomy":"product_brand","embeddable":true,"href":"https:\/\/mj-clothing.com\/sk\/wp-json\/wp\/v2\/product_brand?post=1806"},{"taxonomy":"product_cat","embeddable":true,"href":"https:\/\/mj-clothing.com\/sk\/wp-json\/wp\/v2\/product_cat?post=1806"},{"taxonomy":"product_tag","embeddable":true,"href":"https:\/\/mj-clothing.com\/sk\/wp-json\/wp\/v2\/product_tag?post=1806"}],"curies":[{"name":"wp","href":"https:\/\/api.w.org\/{rel}","templated":true}]}}