{"id":1809,"date":"2024-12-14T07:05:10","date_gmt":"2024-12-14T07:05:10","guid":{"rendered":"https:\/\/mj-clothing.com\/?post_type=product&#038;p=1809"},"modified":"2024-12-17T06:53:15","modified_gmt":"2024-12-17T06:53:15","slug":"mens-quilted-sweater","status":"publish","type":"product","link":"https:\/\/mj-clothing.com\/sk\/manufacturer\/mens-quilted-sweater\/","title":{"rendered":"P\u00e1nsky pre\u0161\u00edvan\u00fd sveter"},"content":{"rendered":"<p data-sourcepos=\"1:1-1:189\"><span class=\"citation-0 recitation citation-end-0\">P\u00e1nsky pre\u0161\u00edvan\u00fd sveter je \u0161t\u00fdlov\u00fd a funk\u010dn\u00fd kus oble\u010denia, ktor\u00fd poskytuje teplo aj jedine\u010dn\u00fa estetiku.<\/span> Tu je d\u00f4vod, pre\u010do by ste mali zv\u00e1\u017ei\u0165, \u010di si ho prida\u0165 do \u0161atn\u00edka:<span class=\"button-container hide-from-message-actions ng-star-inserted\"> \u00a0<\/span><\/p>\n<h3 data-sourcepos=\"3:1-3:33\"><strong>\u00a0 Pre\u010do si vybra\u0165 p\u00e1nsky pre\u0161\u00edvan\u00fd sveter?<\/strong><\/h3>\n<ul data-sourcepos=\"5:1-9:0\">\n<li data-sourcepos=\"5:1-5:139\"><strong>Teplo a pohodlie:<\/strong> <span class=\"citation-1 recitation citation-end-1\">Pre\u0161\u00edvan\u00e1 kon\u0161trukcia zachyt\u00e1va vzduch, poskytuje vynikaj\u00facu izol\u00e1ciu a udr\u017eiava teplo v chladnej\u0161om po\u010das\u00ed.<\/span><span class=\"button-container hide-from-message-actions ng-star-inserted\"> \u00a0<\/span>\n<div class=\"container ng-tns-c2946245707-367 hide\">\n<div class=\"carousel-container ng-tns-c2946245707-367\"><\/div>\n<\/div>\n<\/li>\n<li data-sourcepos=\"6:1-6:129\"><strong>\u0160t\u00fdl a v\u0161estrannos\u0165:<\/strong> <span class=\"citation-2 recitation citation-end-2\">Pre\u0161\u00edvan\u00e9 svetre sa daj\u00fa obliec\u0165 hore alebo dole, tak\u017ee s\u00fa vhodn\u00e9 na r\u00f4zne pr\u00edle\u017eitosti.<\/span><\/li>\n<li data-sourcepos=\"6:1-6:129\"><strong style=\"font-size: 14.4px;\">Jedine\u010dn\u00e1 estetika:<\/strong><span style=\"font-size: 14.4px;\"> Pre\u0161\u00edvan\u00fd vzor dod\u00e1 v\u00e1\u0161mu oble\u010deniu vizu\u00e1lnu zauj\u00edmavos\u0165 a text\u00faru.<\/span><\/li>\n<li data-sourcepos=\"8:1-9:0\"><strong>Odolnos\u0165:<\/strong> <span class=\"citation-3 recitation citation-end-3\">Pre\u0161\u00edvan\u00e9 svetre sa \u010dasto vyr\u00e1baj\u00fa z odoln\u00fdch materi\u00e1lov, v\u010faka \u010domu vydr\u017eia pravideln\u00e9 opotrebovanie.<\/span><span class=\"button-container hide-from-message-actions ng-star-inserted\">\u00a0<\/span>\n<div class=\"container ng-tns-c2946245707-369 hide\">\n<div class=\"carousel-container ng-tns-c2946245707-369\">\n<div class=\"carousel-content ng-tns-c2946245707-369\">\n<div class=\"sources-carousel-source ng-tns-c2946245707-369 hide ng-star-inserted\" data-test-id=\"sources-carousel-source\"><\/div>\n<\/div>\n<\/div>\n<\/div>\n<\/li>\n<\/ul>\n<h3 data-sourcepos=\"10:1-10:35\"><strong>Ako si obliec\u0165 p\u00e1nsky pre\u0161\u00edvan\u00fd sveter:<\/strong><\/h3>\n<ul data-sourcepos=\"12:1-15:0\">\n<li data-sourcepos=\"12:1-12:77\"><strong>Pr\u00edle\u017eitostn\u00e9:<\/strong> Pre uvo\u013enen\u00fd vzh\u013ead ho skombinujte s d\u017e\u00ednsami, tri\u010dkom a teniskami.<\/li>\n<li data-sourcepos=\"13:1-13:96\"><strong>Smart Casual:<\/strong> Oble\u010dte si ho s nohavicami chinos, ko\u0161e\u013eou na gomb\u00edky a mokas\u00ednami, aby ste dosiahli elegantn\u00fd outfit.<\/li>\n<li data-sourcepos=\"14:1-15:0\"><strong>Outdoorov\u00e9 aktivity:<\/strong> Navrstvite ju na fleece alebo mikinu s kapuc\u0148ou, aby ste sa po\u010das dobrodru\u017estiev v pr\u00edrode zahriali.<\/li>\n<\/ul>\n<h3 data-sourcepos=\"16:1-16:41\"><strong>Kde n\u00e1js\u0165 p\u00e1nske pre\u0161\u00edvan\u00e9 svetre:<\/strong><\/h3>\n<ul data-sourcepos=\"18:1-21:0\">\n<li data-sourcepos=\"18:1-18:86\"><strong>Obchodn\u00e9 domy:<\/strong> H\u013eadajte zna\u010dky, ktor\u00e9 pon\u00fakaj\u00fa r\u00f4zne \u0161t\u00fdly a materi\u00e1ly.<\/li>\n<li data-sourcepos=\"19:1-19:131\"><strong><span class=\"citation-4 recitation\">Internetov\u00ed predajcovia:<\/span><\/strong><span class=\"citation-4 recitation citation-end-4\"> Webov\u00e9 str\u00e1nky ako Amazon, eBay a \u010fal\u0161\u00ed online predajcovia pon\u00fakaj\u00fa \u0161irok\u00fa \u0161k\u00e1lu pre\u0161\u00edvan\u00fdch svetrov.<\/span><span class=\"button-container hide-from-message-actions ng-star-inserted\">\u00a0<\/span>\n<div class=\"container ng-tns-c2946245707-370 hide\">\n<div class=\"carousel-container ng-tns-c2946245707-370\">\n<div class=\"carousel-content ng-tns-c2946245707-370\">\n<div class=\"sources-carousel-source ng-tns-c2946245707-370 hide ng-star-inserted\" data-test-id=\"sources-carousel-source\"><\/div>\n<\/div>\n<\/div>\n<\/div>\n<\/li>\n<li data-sourcepos=\"20:1-21:0\"><strong>Obchody s outdoorov\u00fdm oble\u010den\u00edm:<\/strong> V obchodoch \u0161pecializuj\u00facich sa na outdoorov\u00e9 vybavenie sa \u010dasto pred\u00e1vaj\u00fa pre\u0161\u00edvan\u00e9 svetre ur\u010den\u00e9 na konkr\u00e9tne aktivity.<\/li>\n<\/ul>\n<h3 data-sourcepos=\"22:1-22:40\"><strong>Tipy na v\u00fdber pre\u0161\u00edvan\u00e9ho svetra:<\/strong><\/h3>\n<ul data-sourcepos=\"24:1-28:0\">\n<li data-sourcepos=\"24:1-24:169\"><strong>Materi\u00e1l:<\/strong> Zv\u00e1\u017ete materi\u00e1l prikr\u00fdvky, preto\u017ee ovplyv\u0148uje hrejivos\u0165 a trvanlivos\u0165 svetra. Be\u017enou vo\u013ebou s\u00fa vlna, r\u00fano a syntetick\u00e9 materi\u00e1ly.<\/li>\n<li data-sourcepos=\"25:1-25:70\"><strong>Vhodn\u00e1:<\/strong> Vyberte si sveter, ktor\u00fd dobre sed\u00ed a pohodlne sa nos\u00ed.<\/li>\n<li data-sourcepos=\"26:1-26:102\"><strong>\u0160t\u00fdl:<\/strong> Vyberte si \u0161t\u00fdl, ktor\u00fd vyhovuje v\u00e1\u0161mu osobn\u00e9mu vkusu, napr\u00edklad celozap\u00ednac\u00ed, polozap\u00ednac\u00ed alebo pul\u00f3ver.<\/li>\n<li data-sourcepos=\"27:1-28:0\"><strong>Farba a vzor:<\/strong> Zv\u00e1\u017ete farbu a vzor prikr\u00fdvky, aby doplnila v\u00e1\u0161 \u0161atn\u00edk.<\/li>\n<\/ul>\n<p data-sourcepos=\"29:1-29:193\">Invest\u00edciou do kvalitn\u00e9ho pre\u0161\u00edvan\u00e9ho svetra z\u00edskate nielen \u0161t\u00fdlov\u00fd a funk\u010dn\u00fd odev, ale aj kus oble\u010denia, ktor\u00fd v\u00e1s bude hria\u0165 a udr\u017e\u00ed v pohodl\u00ed dlh\u00e9 roky.<\/p>","protected":false},"excerpt":{"rendered":"<table style=\"height: 486px;\" width=\"466\">\n<tbody>\n<tr>\n<td width=\"146\"><strong><b>Produkt<\/b><\/strong>\u00a0<strong><b>N\u00e1zov:<\/b><\/strong><\/td>\n<td width=\"601\"><strong>P\u00e1nsky pre\u0161\u00edvan\u00fd sveter<\/strong><\/td>\n<\/tr>\n<tr>\n<td width=\"146\"><strong><b>Materstvo:<\/b><\/strong><\/td>\n<td width=\"601\">Polyester\/bavlna<\/td>\n<\/tr>\n<tr>\n<td width=\"146\"><strong><b>Technika:<\/b><\/strong><\/td>\n<td width=\"601\">Tkanie<\/td>\n<\/tr>\n<tr>\n<td width=\"146\"><strong><b>\u0160t\u00fdl:<\/b><\/strong><\/td>\n<td width=\"601\">Pr\u00edle\u017eitostn\u00e9<\/td>\n<\/tr>\n<tr>\n<td width=\"146\"><strong><b>Farba<\/b><\/strong><strong><b>:<\/b><\/strong><\/td>\n<td width=\"601\">\u00a0Vlastn\u00e9 farby<\/td>\n<\/tr>\n<tr>\n<td width=\"146\"><strong><b>Ve\u013ekos\u0165:<\/b><\/strong><\/td>\n<td width=\"601\">S \/M \/L \/XL \/2XL<\/td>\n<\/tr>\n<tr>\n<td width=\"146\"><strong><b>OEM\/ODM:<\/b><\/strong><\/td>\n<td width=\"601\">Prijate\u013en\u00e9<\/td>\n<\/tr>\n<tr>\n<td width=\"146\"><strong><b>Kvalita:<\/b><\/strong><\/td>\n<td width=\"601\">100% Vysok\u00e1 kvalita<\/td>\n<\/tr>\n<tr>\n<td width=\"146\"><strong><b>M<\/b><\/strong><strong><b>OQ:<\/b><\/strong><\/td>\n<td width=\"601\">200 ks<\/td>\n<\/tr>\n<\/tbody>\n<\/table>","protected":false},"featured_media":1810,"template":"","meta":[],"product_brand":[],"product_cat":[38],"product_tag":[],"class_list":{"0":"post-1809","1":"product","2":"type-product","3":"status-publish","4":"has-post-thumbnail","6":"product_cat-mens-clothing","8":"first","9":"instock","10":"shipping-taxable","11":"product-type-simple"},"_links":{"self":[{"href":"https:\/\/mj-clothing.com\/sk\/wp-json\/wp\/v2\/product\/1809","targetHints":{"allow":["GET"]}}],"collection":[{"href":"https:\/\/mj-clothing.com\/sk\/wp-json\/wp\/v2\/product"}],"about":[{"href":"https:\/\/mj-clothing.com\/sk\/wp-json\/wp\/v2\/types\/product"}],"wp:featuredmedia":[{"embeddable":true,"href":"https:\/\/mj-clothing.com\/sk\/wp-json\/wp\/v2\/media\/1810"}],"wp:attachment":[{"href":"https:\/\/mj-clothing.com\/sk\/wp-json\/wp\/v2\/media?parent=1809"}],"wp:term":[{"taxonomy":"product_brand","embeddable":true,"href":"https:\/\/mj-clothing.com\/sk\/wp-json\/wp\/v2\/product_brand?post=1809"},{"taxonomy":"product_cat","embeddable":true,"href":"https:\/\/mj-clothing.com\/sk\/wp-json\/wp\/v2\/product_cat?post=1809"},{"taxonomy":"product_tag","embeddable":true,"href":"https:\/\/mj-clothing.com\/sk\/wp-json\/wp\/v2\/product_tag?post=1809"}],"curies":[{"name":"wp","href":"https:\/\/api.w.org\/{rel}","templated":true}]}}