{"id":1811,"date":"2024-12-14T07:29:45","date_gmt":"2024-12-14T07:29:45","guid":{"rendered":"https:\/\/mj-clothing.com\/?post_type=product&#038;p=1811"},"modified":"2024-12-17T06:51:19","modified_gmt":"2024-12-17T06:51:19","slug":"mens-hooded-cotton-jacket","status":"publish","type":"product","link":"https:\/\/mj-clothing.com\/sk\/manufacturer\/mens-hooded-cotton-jacket\/","title":{"rendered":"P\u00e1nska bavlnen\u00e1 bunda s kapuc\u0148ou"},"content":{"rendered":"<p data-sourcepos=\"1:1-1:194\"><span class=\"citation-0 recitation citation-end-0\">P\u00e1nska bavlnen\u00e1 bunda s kapuc\u0148ou je univerz\u00e1lny a \u0161t\u00fdlov\u00fd kus vrchn\u00e9ho oble\u010denia, ktor\u00fd sa d\u00e1 nosi\u0165 v r\u00f4znych poveternostn\u00fdch podmienkach.<\/span> Tu je d\u00f4vod, pre\u010do by ste mali zv\u00e1\u017ei\u0165, \u010di si ho prida\u0165 do \u0161atn\u00edka:<span class=\"button-container hide-from-message-actions ng-star-inserted\">\u00a0<\/span><\/p>\n<div class=\"container ng-tns-c2946245707-384 hide\">\n<div class=\"carousel-container ng-tns-c2946245707-384\">\n<div class=\"carousel-content ng-tns-c2946245707-384\">\n<div class=\"sources-carousel-source ng-tns-c2946245707-384 hide ng-star-inserted\" data-test-id=\"sources-carousel-source\"><\/div>\n<\/div>\n<\/div>\n<\/div>\n<h3 data-sourcepos=\"3:1-3:38\"><strong>Pre\u010do si vybra\u0165 p\u00e1nsku bavlnen\u00fa bundu s kapuc\u0148ou?<\/strong><\/h3>\n<ul data-sourcepos=\"5:1-9:0\">\n<li data-sourcepos=\"5:1-5:128\"><strong><span class=\"citation-1 recitation\">Pohodlie a teplo:<\/span><\/strong><span class=\"citation-1 recitation citation-end-1\"> Bavlna je priedu\u0161n\u00fd a pohodln\u00fd materi\u00e1l, ktor\u00fd v\u00e1s v chladnej\u0161om po\u010das\u00ed udr\u017e\u00ed v teple.<\/span><\/li>\n<li data-sourcepos=\"5:1-5:128\"><strong style=\"font-size: 14.4px;\">V\u0161estrannos\u0165:<\/strong><span style=\"font-size: 14.4px;\"> Bavlnen\u00fa bundu s kapuc\u0148ou m\u00f4\u017eete obliec\u0165 hore aj dole, tak\u017ee je ide\u00e1lna na be\u017en\u00e9 aj poloform\u00e1lne pr\u00edle\u017eitosti.<\/span><\/li>\n<li data-sourcepos=\"7:1-7:97\"><strong>Ochrana pred pr\u00edrodn\u00fdmi \u017eivlami:<\/strong> Kapuc\u0148a poskytuje dodato\u010dn\u00fa ochranu pred da\u017e\u010fom, vetrom a chladom.<\/li>\n<li data-sourcepos=\"8:1-9:0\"><strong>\u0160t\u00fdl:<\/strong> Bundy s kapuc\u0148ou m\u00f4\u017eu doda\u0165 ka\u017ed\u00e9mu oble\u010deniu \u0161t\u00fdl.<\/li>\n<\/ul>\n<h3 data-sourcepos=\"10:1-10:40\"><strong>Ako si obliec\u0165 p\u00e1nsku bavlnen\u00fa bundu s kapuc\u0148ou:<\/strong><\/h3>\n<ul data-sourcepos=\"12:1-15:0\">\n<li data-sourcepos=\"12:1-12:77\"><strong>Pr\u00edle\u017eitostn\u00e9:<\/strong> Pre uvo\u013enen\u00fd vzh\u013ead ho skombinujte s d\u017e\u00ednsami, tri\u010dkom a teniskami.<\/li>\n<li data-sourcepos=\"13:1-13:96\"><strong>Smart Casual:<\/strong> Oble\u010dte si ho s nohavicami chinos, ko\u0161e\u013eou na gomb\u00edky a mokas\u00ednami, aby ste dosiahli elegantn\u00fd outfit.<\/li>\n<li data-sourcepos=\"14:1-15:0\"><strong>Outdoorov\u00e9 aktivity:<\/strong> Navrstvite ju na fleece alebo mikinu s kapuc\u0148ou, aby ste sa po\u010das dobrodru\u017estiev v pr\u00edrode zahriali.<\/li>\n<\/ul>\n<h3 data-sourcepos=\"16:1-16:46\"><strong>Kde n\u00e1js\u0165 p\u00e1nske bavlnen\u00e9 bundy s kapuc\u0148ou:<\/strong><\/h3>\n<ul data-sourcepos=\"18:1-21:0\">\n<li data-sourcepos=\"18:1-18:86\"><strong>Obchodn\u00e9 domy:<\/strong> H\u013eadajte zna\u010dky, ktor\u00e9 pon\u00fakaj\u00fa r\u00f4zne \u0161t\u00fdly a materi\u00e1ly.<\/li>\n<li data-sourcepos=\"19:1-19:136\"><strong><span class=\"citation-2 recitation\">Internetov\u00ed predajcovia:<\/span><\/strong><span class=\"citation-2 recitation citation-end-2\"> Webov\u00e9 str\u00e1nky ako Amazon, eBay a \u010fal\u0161\u00ed online predajcovia pon\u00fakaj\u00fa \u0161irok\u00fa \u0161k\u00e1lu bavlnen\u00fdch b\u00fand s kapuc\u0148ou.<\/span><span class=\"button-container hide-from-message-actions ng-star-inserted\"> \u00a0<\/span>\n<div class=\"container ng-tns-c2946245707-386 hide\">\n<div class=\"carousel-container ng-tns-c2946245707-386\"><\/div>\n<\/div>\n<\/li>\n<li data-sourcepos=\"20:1-21:0\"><strong>Obchody s outdoorov\u00fdm oble\u010den\u00edm:<\/strong> V obchodoch \u0161pecializovan\u00fdch na outdoorov\u00fd v\u00fdstroj sa \u010dasto pred\u00e1vaj\u00fa bavlnen\u00e9 bundy s kapuc\u0148ou ur\u010den\u00e9 na konkr\u00e9tne aktivity.<\/li>\n<\/ul>\n<h3 data-sourcepos=\"22:1-22:45\"><strong>Tipy na v\u00fdber p\u00e1nskej bavlnenej bundy s kapuc\u0148ou:<\/strong><\/h3>\n<ul data-sourcepos=\"24:1-28:0\">\n<li data-sourcepos=\"24:1-24:123\"><strong>Materi\u00e1l:<\/strong> Zv\u00e1\u017ete hmotnos\u0165 a hr\u00fabku bavlny, preto\u017ee ovplyv\u0148uje hrejivos\u0165 a odolnos\u0165 bundy.<\/li>\n<li data-sourcepos=\"25:1-25:69\"><strong>Vhodn\u00e1:<\/strong> Vyberte si bundu, ktor\u00e1 dobre sed\u00ed a pohodlne sa nos\u00ed.<\/li>\n<li data-sourcepos=\"26:1-26:108\"><strong>\u0160t\u00fdl:<\/strong> Vyberte si \u0161t\u00fdl, ktor\u00fd vyhovuje v\u00e1\u0161mu osobn\u00e9mu vkusu, napr\u00edklad bundu typu bomber, po\u013en\u00fa bundu alebo parku.<\/li>\n<li data-sourcepos=\"27:1-28:0\"><strong>Vlastnosti:<\/strong> Zv\u00e1\u017ete \u010fal\u0161ie funkcie, ako s\u00fa vreck\u00e1, kapuc\u0148a so s\u0165ahovacou \u0161n\u00farkou a rebrovan\u00e9 man\u017eety a spodn\u00fd okraj.<\/li>\n<\/ul>\n<p data-sourcepos=\"29:1-29:198\">Invest\u00edciou do kvalitnej bavlnenej bundy s kapuc\u0148ou z\u00edskate nielen \u0161t\u00fdlov\u00fd a funk\u010dn\u00fd odev, ale aj kus oble\u010denia, ktor\u00fd v\u00e1s udr\u017e\u00ed v teple a pohodl\u00ed dlh\u00e9 roky.<\/p>\n<div class=\"attachment-container search-images\">\n<div class=\"image-container hide-from-message-actions ng-star-inserted\">\n<div class=\"overlay-container ng-star-inserted\"><\/div>\n<\/div>\n<\/div>","protected":false},"excerpt":{"rendered":"<table style=\"height: 509px;\" width=\"553\">\n<tbody>\n<tr>\n<td width=\"146\"><strong><b>Produkt<\/b><\/strong>\u00a0<strong><b>N\u00e1zov:<\/b><\/strong><\/td>\n<td width=\"601\"><strong>P\u00e1nska bavlnen\u00e1 bunda s kapuc\u0148ou<\/strong><\/td>\n<\/tr>\n<tr>\n<td width=\"146\"><strong><b>Materstvo:<\/b><\/strong><\/td>\n<td width=\"601\">Polyester\/bavlna<\/td>\n<\/tr>\n<tr>\n<td width=\"146\"><strong><b>Technika:<\/b><\/strong><\/td>\n<td width=\"601\">Oby\u010dajn\u00e1 bavlna<\/td>\n<\/tr>\n<tr>\n<td width=\"146\"><strong><b>\u0160t\u00fdl:<\/b><\/strong><\/td>\n<td width=\"601\">Pr\u00edle\u017eitostn\u00e9<\/td>\n<\/tr>\n<tr>\n<td width=\"146\"><strong><b>Farba<\/b><\/strong><strong><b>:<\/b><\/strong><\/td>\n<td width=\"601\">\u00a0Vlastn\u00e9 farby<\/td>\n<\/tr>\n<tr>\n<td width=\"146\"><strong><b>Ve\u013ekos\u0165:<\/b><\/strong><\/td>\n<td width=\"601\">S \/M \/L \/XL \/2XL<\/td>\n<\/tr>\n<tr>\n<td width=\"146\"><strong><b>OEM\/ODM:<\/b><\/strong><\/td>\n<td width=\"601\">Prijate\u013en\u00e9<\/td>\n<\/tr>\n<tr>\n<td width=\"146\"><strong><b>Kvalita:<\/b><\/strong><\/td>\n<td width=\"601\">100% Vysok\u00e1 kvalita<\/td>\n<\/tr>\n<tr>\n<td width=\"146\"><strong><b>M<\/b><\/strong><strong><b>OQ:<\/b><\/strong><\/td>\n<td width=\"601\">200 ks<\/td>\n<\/tr>\n<\/tbody>\n<\/table>","protected":false},"featured_media":1812,"template":"","meta":[],"product_brand":[],"product_cat":[38],"product_tag":[],"class_list":{"0":"post-1811","1":"product","2":"type-product","3":"status-publish","4":"has-post-thumbnail","6":"product_cat-mens-clothing","8":"first","9":"instock","10":"shipping-taxable","11":"product-type-simple"},"_links":{"self":[{"href":"https:\/\/mj-clothing.com\/sk\/wp-json\/wp\/v2\/product\/1811","targetHints":{"allow":["GET"]}}],"collection":[{"href":"https:\/\/mj-clothing.com\/sk\/wp-json\/wp\/v2\/product"}],"about":[{"href":"https:\/\/mj-clothing.com\/sk\/wp-json\/wp\/v2\/types\/product"}],"wp:featuredmedia":[{"embeddable":true,"href":"https:\/\/mj-clothing.com\/sk\/wp-json\/wp\/v2\/media\/1812"}],"wp:attachment":[{"href":"https:\/\/mj-clothing.com\/sk\/wp-json\/wp\/v2\/media?parent=1811"}],"wp:term":[{"taxonomy":"product_brand","embeddable":true,"href":"https:\/\/mj-clothing.com\/sk\/wp-json\/wp\/v2\/product_brand?post=1811"},{"taxonomy":"product_cat","embeddable":true,"href":"https:\/\/mj-clothing.com\/sk\/wp-json\/wp\/v2\/product_cat?post=1811"},{"taxonomy":"product_tag","embeddable":true,"href":"https:\/\/mj-clothing.com\/sk\/wp-json\/wp\/v2\/product_tag?post=1811"}],"curies":[{"name":"wp","href":"https:\/\/api.w.org\/{rel}","templated":true}]}}