{"id":1819,"date":"2024-12-14T07:53:41","date_gmt":"2024-12-14T07:53:41","guid":{"rendered":"https:\/\/mj-clothing.com\/?post_type=product&#038;p=1819"},"modified":"2024-12-17T06:39:12","modified_gmt":"2024-12-17T06:39:12","slug":"royal-blue-jacket","status":"publish","type":"product","link":"https:\/\/mj-clothing.com\/sk\/manufacturer\/royal-blue-jacket\/","title":{"rendered":"Kr\u00e1\u013eovsk\u00e1 modr\u00e1 bunda"},"content":{"rendered":"<p data-sourcepos=\"1:1-1:164\">Kr\u00e1\u013eovsky modr\u00e9 sako je univerz\u00e1lny k\u00fasok, ktor\u00fd dok\u00e1\u017ee pozdvihn\u00fa\u0165 ka\u017ed\u00fd outfit. Je to s\u00fdta, \u017eiv\u00e1 farba, ktor\u00e1 m\u00f4\u017ee v\u00e1\u0161mu \u0161atn\u00edku doda\u0165 n\u00e1dych sofistikovanosti a \u0161t\u00fdlu.<\/p>\n<h3 data-sourcepos=\"3:1-3:35\"><strong>Pre\u010do si vybra\u0165 kr\u00e1\u013eovsk\u00fa modr\u00fa bundu?<\/strong><\/h3>\n<ul data-sourcepos=\"5:1-8:0\">\n<li data-sourcepos=\"5:1-5:106\"><strong>V\u0161estrannos\u0165:<\/strong> Kr\u00e1\u013eovsk\u00e9 modr\u00e9 sako sa d\u00e1 obliec\u0165 hore aj dole, tak\u017ee je ide\u00e1lne na r\u00f4zne pr\u00edle\u017eitosti.<\/li>\n<li data-sourcepos=\"6:1-6:72\"><strong>Sofistikovanos\u0165:<\/strong> S\u00fdta farba dod\u00e1va eleganciu a triedu.<\/li>\n<li data-sourcepos=\"7:1-8:0\"><strong>Jedine\u010dn\u00fd \u0161t\u00fdl:<\/strong> Vy\u010dnieva z davu a p\u00f4sob\u00ed odv\u00e1\u017ene.<\/li>\n<\/ul>\n<h3 data-sourcepos=\"9:1-9:37\"><strong>Ako si obliec\u0165 kr\u00e1\u013eovsk\u00fa modr\u00fa bundu:<\/strong><\/h3>\n<ul data-sourcepos=\"11:1-14:0\">\n<li data-sourcepos=\"11:1-11:77\"><strong>Pr\u00edle\u017eitostn\u00e9:<\/strong> Pre uvo\u013enen\u00fd vzh\u013ead ho skombinujte s d\u017e\u00ednsami, tri\u010dkom a teniskami.<\/li>\n<li data-sourcepos=\"12:1-12:96\"><strong>Smart Casual:<\/strong> Oble\u010dte si ho s nohavicami chinos, ko\u0161e\u013eou na gomb\u00edky a mokas\u00ednami, aby ste dosiahli elegantn\u00fd outfit.<\/li>\n<li data-sourcepos=\"13:1-14:0\"><strong>Form\u00e1lne:<\/strong> Navrstvite ho na sako a vytvorte tak jedine\u010dn\u00fa kombin\u00e1ciu form\u00e1lneho oble\u010denia.<\/li>\n<\/ul>\n<h3 data-sourcepos=\"15:1-15:42\"><strong>Tipy na v\u00fdber kr\u00e1\u013eovskej modrej bundy:<\/strong><\/h3>\n<ul data-sourcepos=\"17:1-20:0\">\n<li data-sourcepos=\"17:1-17:154\"><strong>Materi\u00e1l:<\/strong> Zv\u00e1\u017ete materi\u00e1l, preto\u017ee ovplyv\u0148uje hrejivos\u0165, odolnos\u0165 a celkov\u00fd vzh\u013ead bundy. Vlna, bavlna a ko\u017ea s\u00fa ob\u013e\u00faben\u00e9 vo\u013eby.<\/li>\n<li data-sourcepos=\"18:1-18:71\"><strong>Vhodn\u00e1:<\/strong> Vyberte si bundu, ktor\u00e1 v\u00e1m dobre padne a lichot\u00ed va\u0161ej postave.<\/li>\n<li data-sourcepos=\"19:1-20:0\"><strong>\u0160t\u00fdl:<\/strong> Vyberte si \u0161t\u00fdl, ktor\u00fd vyhovuje v\u00e1\u0161mu osobn\u00e9mu vkusu, napr\u00edklad bomber, po\u013en\u00fa bundu alebo sako.<\/li>\n<\/ul>","protected":false},"excerpt":{"rendered":"<table style=\"height: 563px;\" width=\"468\">\n<tbody>\n<tr>\n<td width=\"146\"><strong><b>Produkt<\/b><\/strong>\u00a0<strong><b>N\u00e1zov:<\/b><\/strong><\/td>\n<td width=\"601\"><strong>Kr\u00e1\u013eovsk\u00e1 modr\u00e1 bunda<\/strong><\/td>\n<\/tr>\n<tr>\n<td width=\"146\"><strong><b>Materstvo:<\/b><\/strong><\/td>\n<td width=\"601\">Polyester\/bavlna<\/td>\n<\/tr>\n<tr>\n<td width=\"146\"><strong><b>Technika:<\/b><\/strong><\/td>\n<td width=\"601\">Oby\u010dajn\u00e1 bavlna<\/td>\n<\/tr>\n<tr>\n<td width=\"146\"><strong><b>\u0160t\u00fdl:<\/b><\/strong><\/td>\n<td width=\"601\">Pr\u00edle\u017eitostn\u00e9<\/td>\n<\/tr>\n<tr>\n<td width=\"146\"><strong><b>Farba<\/b><\/strong><strong><b>:<\/b><\/strong><\/td>\n<td width=\"601\">\u00a0Vlastn\u00e9 farby<\/td>\n<\/tr>\n<tr>\n<td width=\"146\"><strong><b>Ve\u013ekos\u0165:<\/b><\/strong><\/td>\n<td width=\"601\">S \/M \/L \/XL \/2XL<\/td>\n<\/tr>\n<tr>\n<td width=\"146\"><strong><b>OEM\/ODM:<\/b><\/strong><\/td>\n<td width=\"601\">Prijate\u013en\u00e9<\/td>\n<\/tr>\n<tr>\n<td width=\"146\"><strong><b>Kvalita:<\/b><\/strong><\/td>\n<td width=\"601\">100% Vysok\u00e1 kvalita<\/td>\n<\/tr>\n<tr>\n<td width=\"146\"><strong><b>M<\/b><\/strong><strong><b>OQ:<\/b><\/strong><\/td>\n<td width=\"601\">200 ks<\/td>\n<\/tr>\n<\/tbody>\n<\/table>","protected":false},"featured_media":1820,"template":"","meta":[],"product_brand":[],"product_cat":[38],"product_tag":[],"class_list":{"0":"post-1819","1":"product","2":"type-product","3":"status-publish","4":"has-post-thumbnail","6":"product_cat-mens-clothing","8":"first","9":"instock","10":"shipping-taxable","11":"product-type-simple"},"_links":{"self":[{"href":"https:\/\/mj-clothing.com\/sk\/wp-json\/wp\/v2\/product\/1819","targetHints":{"allow":["GET"]}}],"collection":[{"href":"https:\/\/mj-clothing.com\/sk\/wp-json\/wp\/v2\/product"}],"about":[{"href":"https:\/\/mj-clothing.com\/sk\/wp-json\/wp\/v2\/types\/product"}],"wp:featuredmedia":[{"embeddable":true,"href":"https:\/\/mj-clothing.com\/sk\/wp-json\/wp\/v2\/media\/1820"}],"wp:attachment":[{"href":"https:\/\/mj-clothing.com\/sk\/wp-json\/wp\/v2\/media?parent=1819"}],"wp:term":[{"taxonomy":"product_brand","embeddable":true,"href":"https:\/\/mj-clothing.com\/sk\/wp-json\/wp\/v2\/product_brand?post=1819"},{"taxonomy":"product_cat","embeddable":true,"href":"https:\/\/mj-clothing.com\/sk\/wp-json\/wp\/v2\/product_cat?post=1819"},{"taxonomy":"product_tag","embeddable":true,"href":"https:\/\/mj-clothing.com\/sk\/wp-json\/wp\/v2\/product_tag?post=1819"}],"curies":[{"name":"wp","href":"https:\/\/api.w.org\/{rel}","templated":true}]}}